{"id":54201,"date":"2025-10-09T14:22:57","date_gmt":"2025-10-09T18:22:57","guid":{"rendered":"https:\/\/medicspa-gatineau.ca\/exosomes-in-gatineau-qc\/"},"modified":"2026-01-20T15:49:17","modified_gmt":"2026-01-20T20:49:17","slug":"exosomes-in-gatineau-qc","status":"publish","type":"page","link":"https:\/\/medicspa-gatineau.ca\/fr\/exosomes-in-gatineau-qc\/","title":{"rendered":"Exosomes \u00e0 Gatineau, QC"},"content":{"rendered":"\n\n\t\n<h1>\n\t\t\tExosomes \u00e0 Gatineau, QC\t<\/h1>\n\t<p>Dans le monde en constante \u00e9volution et en constante am\u00e9lioration de la m\u00e9decine esth\u00e9tique, la prochaine grande innovation est d\u00e9j\u00e0 l\u00e0, et elle est microscopique. Les exosomes, de minuscules messagers naturellement pr\u00e9sents dans le corps, deviennent rapidement un puissant moyen de rajeunir la peau et les cheveux. Ces minuscules sacs sont remplis de facteurs de croissance vitaux, de peptides et d&rsquo;autres mol\u00e9cules r\u00e9g\u00e9n\u00e9ratrices qui signalent aux cellules de se r\u00e9parer et de se renouveler. Si vous cherchez \u00e0 rafra\u00eechir votre peau et \u00e0 favoriser une croissance capillaire saine sans chirurgie ni convalescence, la th\u00e9rapie par exosomes au MedicSPA Gatineau pourrait \u00eatre la solution que vous attendiez.<\/p>\n\t\t\t<a href=\"https:\/\/medicspa-gatineau.ca\/fr\/nous-contacter\/\" target=\"_self\">\n\t\t\t\t\t\t\tContactez-nous\n\t\t\t\t\t<\/a>\n<h2>\n\t\t\tQue sont les les Exosomes ?\t<\/h2>\n\t<p>La th\u00e9rapie aux exosomes est une th\u00e9rapie r\u00e9g\u00e9n\u00e9ratrice avanc\u00e9e issue de la technologie des cellules souches. Ces particules sont m\u00e9ticuleusement purifi\u00e9es et formul\u00e9es pour cibler les besoins sp\u00e9cifiques de rajeunissement de la peau et des cheveux. Qu&rsquo;il s&rsquo;agisse d&rsquo;une peau terne et vieillissante, de cheveux clairsem\u00e9s ou d&rsquo;une fonction cellulaire d\u00e9faillante, notre gamme de complexes d&rsquo;exosomes sp\u00e9cialis\u00e9s contribue \u00e0 restaurer une apparence plus jeune et \u00e9clatante.<\/p>\n<p>MedicSPA Gatineau propose trois options cibl\u00e9es :<\/p>\n<ul>\n<li aria-level=\"1\">Complexe \u00c9clat de la Peau<\/li>\n<li aria-level=\"1\">Complexe de cuir chevelu<\/li>\n<li aria-level=\"1\">Complexe Nutri<\/li>\n<\/ul>\n<p>Chaque formule est con\u00e7ue pour am\u00e9liorer le bien-\u00eatre de votre peau et\u00a0 de vos cheveux au niveau cellulaire.<\/p>\n<ul>\n    <li><a href=\"#general\">Informations G\u00e9n\u00e9rales<\/a><\/li>\n    <li>\u2022<\/li>\n    <li><a href=\"#candidate\">Candidate<\/a><\/li>\n    <li>\u2022<\/li>\n    <li><a href=\"#performed\">Effectu\u00e9<\/a><\/li>\n    <li>\u2022<\/li>\n    <li><a href=\"#recovery\">R\u00e9cup\u00e9ration<\/a><\/li>\n    <li>\u2022<\/li>\n    <li><a href=\"#results\">R\u00e9sultats<\/a><\/li>\n<\/ul>\n\t<p>Informations G\u00e9n\u00e9rales<\/p>\n\t<h2>Quels Sont Les Avantages Des Exosomes?<\/h2>\n\t<h3>Complexe \u00c9clat Peau<\/h3>\n<p>La formule du Complexe \u00c9clat Peau est con\u00e7ue pour am\u00e9liorer visiblement la texture et le teint de votre peau, et stimuler son hydratation. Elle stimule la production de collag\u00e8ne et d&rsquo;\u00e9lastine, et r\u00e9duit l&rsquo;inflammation pour affiner et apaiser la peau de l&rsquo;int\u00e9rieur. C&rsquo;est le choix id\u00e9al pour les personnes souffrant de signes de l&rsquo;\u00e2ge, comme les ridules, un teint irr\u00e9gulier ou un teint terne, pour une peau plus \u00e9clatante.<\/p>\n<h3>Complexe de cheveux et de cuir chevelu<\/h3>\n<p>Si vous souffrez de perte de cheveux ou d&rsquo;amincissement, la formule du Complexe Cheveux et Cuir Chevelu cible votre cuir chevelu et vos follicules pileux, contribuant \u00e0 r\u00e9activer les follicules dormants, \u00e0 renforcer chaque m\u00e8che et \u00e0 am\u00e9liorer la circulation sanguine. Il convient \u00e0 toutes les personnes ayant des probl\u00e8mes de pauvre densit\u00e9 capillaire.<\/p>\n<h3>Nutri Complex<\/h3>\n<p>Le Nutri Complex est un suppl\u00e9ment alimentaire qui agit en synergie avec les autres traitements \u00e0 base d&rsquo;exosomes pour am\u00e9liorer votre sant\u00e9 cellulaire de l&rsquo;int\u00e9rieur. Il contient de puissants antioxydants, des facteurs de croissance et des nutriments qui aident \u00e0 am\u00e9liorer votre m\u00e9tabolisme, \u00e0 favoriser la d\u00e9toxification et \u00e0 renforcer votre syst\u00e8me immunitaire.<\/p>\n\t<p><img loading=\"lazy\" decoding=\"async\" src=\"https:\/\/medicspa-gatineau.ca\/wp-content\/uploads\/2025\/10\/img-2-1024x1024.jpg\" alt=\"\" width=\"1024\" height=\"1024\" \/><\/p>\n<p>* Ces photos sont publi\u00e9es \u00e0 titre indicatif afin de fournir l&rsquo;information sur la nature de l&rsquo;intervention. Elles ne constituent aucunement une garantie de r\u00e9sultat.<\/p>\n\t<p>Candidates<\/p>\n\t<h2>Suis-je un(e) bon(ne) Candidat(e) Pour Les Exosomes ?<\/h2>\n\t<p>Les traitements par exosomes conviennent \u00e0 un large \u00e9ventail de personnes \u00e0 la recherche de solutions non invasives pour leurs probl\u00e8mes de peau, la sant\u00e9 capillaire et leur bien-\u00eatre g\u00e9n\u00e9ral. Un type de traitement par exosomes peut \u00eatre plus adapt\u00e9 \u00e0 votre situation que d&rsquo;autres, selon vos besoins individuels.<\/p>\n<p>Les bons candidats pour le <strong>Skin Glow Complex<\/strong> incluent les personnes qui ont :<\/p>\n<ul>\n<li aria-level=\"1\">Vieillissement de la peau<\/li>\n<li aria-level=\"1\">Texture cutan\u00e9e irr\u00e9guli\u00e8re<\/li>\n<li aria-level=\"1\">Dommages caus\u00e9s par le soleil<\/li>\n<li aria-level=\"1\">Hyperpigmentation<\/li>\n<\/ul>\n<p>Les bons candidats pour le <strong>Complexe Cheveux et Cuir Chevelu<\/strong> incluent les personnes qui souhaitent traiter :<\/p>\n<ul>\n<li aria-level=\"1\">Cheveux clairsem\u00e9s<\/li>\n<li aria-level=\"1\">Perte de cheveux localis\u00e9e<\/li>\n<li aria-level=\"1\">Sant\u00e9 g\u00e9n\u00e9rale des cheveux et du cuir chevelu<\/li>\n<\/ul>\n<p>Les bons candidats pour le <strong>Nutri Complex<\/strong> sont les personnes souffrant de :<\/p>\n<ul>\n<li aria-level=\"1\">Fatigue<\/li>\n<li aria-level=\"1\">Faible fonction immunitaire<\/li>\n<li aria-level=\"1\">M\u00e9tabolisme lent<\/li>\n<\/ul>\n<p>Ce complexe est \u00e9galement un excellent compl\u00e9ment \u00e0 certains soins de la peau et des cheveux pour am\u00e9liorer vos r\u00e9sultats globaux.<\/p>\n\t<p><img loading=\"lazy\" decoding=\"async\" src=\"https:\/\/medicspa-gatineau.ca\/wp-content\/uploads\/2025\/10\/img-1-983x1024.jpg\" alt=\"\" width=\"983\" height=\"1024\" \/><\/p>\n<p>* Ces photos sont publi\u00e9es \u00e0 titre indicatif afin de fournir l&rsquo;information sur la nature de l&rsquo;intervention. Elles ne constituent aucunement une garantie de r\u00e9sultat.<\/p>\n\t<p>Traitements<\/p>\n\t<h2>Comment se d\u00e9roulent les traitements par Exosomes?<\/h2>\n\t<p>Chez MedicSPA Gatineau, les exosomes sont administr\u00e9s par micro-aiguillage, une technique mini-invasive qui cr\u00e9e des micro-l\u00e9sions dans la peau ou au cuir chevelu. Votre corps reconna\u00eet la n\u00e9cessit\u00e9 de r\u00e9parer les blessures caus\u00e9es par le micro-aiguillage et active son processus naturel de gu\u00e9rison. Les minuscules canaux cr\u00e9\u00e9s par le micro-aiguillage permettent aux exosomes de p\u00e9n\u00e9trer profond\u00e9ment la surface de votre peau et du cuir chevelu, o\u00f9 ils stimulent efficacement les processus de r\u00e9g\u00e9n\u00e9ration de votre corps.<\/p>\n<p>Nos traitements aux exosomes sont g\u00e9n\u00e9ralement rapides, r\u00e9alis\u00e9s en moins d&rsquo;une heure, et la plupart des patients ressentent peu ou pas d&rsquo;inconfort.<\/p>\n\t<p>R\u00e9cup\u00e9ration<\/p>\n\t<h2>\u00c0 Quoi Ressemble le R\u00e9tablissement Apr\u00e8s une Th\u00e9rapie par Exosomes ?<\/h2>\n<p>La convalescence apr\u00e8s le traitement par exosomes est minimale. La plupart des patients ressentent une l\u00e9g\u00e8re rougeur ou sensibilit\u00e9 imm\u00e9diatement apr\u00e8s le microneedling, qui dispara\u00eet g\u00e9n\u00e9ralement en 24 \u00e0 48 heures. Vous pouvez reprendre vos soins habituels de la peau et des cheveux apr\u00e8s quelques jours. Cependant, selon le complexe d&rsquo;exosomes utilis\u00e9, il peut vous \u00eatre conseill\u00e9 d&rsquo;\u00e9viter le maquillage, l&rsquo;exposition au soleil et les exercices physiques intenses pendant les premi\u00e8res 24 heures.<\/p>\n\t<p>R\u00e9sultats<\/p>\n\t<h2>\u00c0 Quoi Puis-je M&rsquo;attendre comme R\u00e9sultats avec les Exosomes ?<\/h2>\n<p>Apr\u00e8s votre traitement <strong>Skin Glow Complex<\/strong>, vous verrez une peau plus \u00e9clatante et hydrat\u00e9e d\u00e8s la premi\u00e8re semaine. \u00c0 mesure que la production de collag\u00e8ne s&rsquo;acc\u00e9l\u00e8re, vous constaterez des am\u00e9liorations constantes pendant les 4 \u00e0 6 semaines suivantes.<\/p>\n<p>Les r\u00e9sultats de la restauration capillaire apr\u00e8s votre traitement <strong>Hair &amp; Scalp Complex<\/strong> sont g\u00e9n\u00e9ralement visibles en 8 \u00e0 12 semaines. Vous constaterez une densit\u00e9 accrue, des cheveux plus forts et un cuir chevelu plus sain gr\u00e2ce \u00e0 la r\u00e9activation des follicules pileux.<\/p>\n<p>Les patients ayant suivi des traitements r\u00e9guliers avec <strong>Nutri Complex<\/strong> ont constat\u00e9 une am\u00e9lioration de leur \u00e9nergie, de leur m\u00e9tabolisme cellulaire et de leur bien-\u00eatre g\u00e9n\u00e9ral en quelques semaines.<\/p>\n\t<p>Medicspa gatineau<\/p>\n\t<h2>Pourquoi Devrais-je Choisir MedicSPA Gatineau?<\/h2>\n\t<p>Chez MedicSPA Gatineau, votre plan de traitement est guid\u00e9 par l&rsquo;expertise de Dr Patricia Berbari, chirurgienne plasticienne certifi\u00e9e et jouissant d&rsquo;une r\u00e9putation exceptionnelle en m\u00e9decine esth\u00e9tique. Ancienne pr\u00e9sidente d\u00e9sign\u00e9e de la Soci\u00e9t\u00e9 canadienne des sp\u00e9cialistes en laser et esth\u00e9tique (C.L.A.S.S.),\u00a0 Dr Berbari est membre active de plusieurs organisations professionnelles prestigieuses, dont :<\/p>\n<ul>\n<li aria-level=\"1\">Coll\u00e8ge des m\u00e9decins du Qu\u00e9bec<\/li>\n<li aria-level=\"1\">Association des sp\u00e9cialistes en chirurgie plastique et esth\u00e9tique du Qu\u00e9bec<\/li>\n<li aria-level=\"1\">Coll\u00e8ge royal des m\u00e9decins et chirurgiens du Canada<\/li>\n<li aria-level=\"1\">Soci\u00e9t\u00e9 canadienne des sp\u00e9cialistes en laser et esth\u00e9tique LASS<\/li>\n<li aria-level=\"1\">Soci\u00e9t\u00e9 internationale de chirurgie plastique et esth\u00e9tique ISAPS<\/li>\n<li aria-level=\"1\">Soci\u00e9t\u00e9 Canadienne de Chirurgie Esth\u00e9tique CSAPS<\/li>\n<\/ul>\n\t<p>Dr Berbari rencontre chaque patient de MedicSPA Gatineau lors de la premi\u00e8re consultation afin de partager son expertise sur ses pr\u00e9occupations et ses objectifs esth\u00e9tiques, garantissant ainsi un plan de traitement personnalis\u00e9 et m\u00e9dicalement \u00e9clair\u00e9 d\u00e8s le d\u00e9part.<\/p>\n<p>Chez MedicSPA Gatineau, nous nous engageons \u00e0 offrir les technologies esth\u00e9tiques les plus avanc\u00e9es dans un environnement accueillant et supervis\u00e9 par un m\u00e9decin. Si vous \u00eates pr\u00eat \u00e0 d\u00e9couvrir le pouvoir r\u00e9g\u00e9n\u00e9rateur des exosomes, rejoignez-nous au MedicSPA Gatineau, o\u00f9 votre traitement de rajeunissement de la peau et des cheveux est soigneusement et soigneusement personnalis\u00e9 en pensant \u00e0 la beaut\u00e9 et au bien-\u00eatre.<\/p>\n<h2>\n\t\t\tEn Savoir Plus Sur Les Traitements par Exosomes \u00e0 Gatineau, QC\t<\/h2>\n\t<p>Que vous cherchiez \u00e0 traiter le vieillissement cutan\u00e9, \u00e0 r\u00e9duire la perte de cheveux ou simplement \u00e0 am\u00e9liorer votre bien-\u00eatre g\u00e9n\u00e9ral, les traitements par exosomes propos\u00e9s par MedicSPA Gatineau pourraient \u00eatre la solution id\u00e9ale. Appelez d\u00e8s aujourd&rsquo;hui au <a href=\"tel:8192437667\">(819) 243-7667<\/a> pour prendre rendez-vous et d\u00e9terminer le complexe d&rsquo;exosomes sp\u00e9cialis\u00e9 qui vous convient.<\/p>\n                <form method='post' enctype='multipart\/form-data' target='gform_ajax_frame_4' id='gform_4'  action='https:\/\/medicspa-gatineau.ca\/fr\/exosomes-in-gatineau-qc\/?fl_builder&#038;fl_builder_ui_iframe#gf_4' data-formid='4' novalidate>\n                        <label class='gfield_label gform-field-label' for='input_4_1'>Nom(N\u00e9cessaire)<\/label><input name='input_1' id='input_4_1' type='text' value='' class='large'   tabindex='100'  aria-required=\"true\" aria-invalid=\"false\"   \/><label class='gfield_label gform-field-label' for='input_4_2'>Adresse de courriel(N\u00e9cessaire)<\/label>\n                            <input name='input_2' id='input_4_2' type='email' value='' class='large' tabindex='101'   aria-required=\"true\" aria-invalid=\"false\"  \/>\n                        <label class='gfield_label gform-field-label' for='input_4_3'>T\u00e9l\u00e9phone(N\u00e9cessaire)<\/label><input name='input_3' id='input_4_3' type='tel' value='' class='large' tabindex='102'  aria-required=\"true\" aria-invalid=\"false\"   \/><label class='gfield_label gform-field-label' for='input_4_10'>Quel traitement vous int\u00e9resse ?<\/label><input name='input_10' id='input_4_10' type='text' value='' class='large'   tabindex='103'   aria-invalid=\"false\"   \/><label class='gfield_label gform-field-label' for='input_4_4'>Message<\/label><textarea name='input_4' id='input_4_4' class='textarea medium' tabindex='104'     aria-invalid=\"false\"   rows='10' cols='50'><\/textarea>\n         <input type='submit' id='gform_submit_button_4' class='gform_button button' onclick='gform.submission.handleButtonClick(this);' data-submission-type='submit' value='Soumettre' tabindex='105' \/> <input type='hidden' name='gform_ajax' value='form_id=4&amp;title=&amp;description=&amp;tabindex=100&amp;theme=gravity-theme&amp;styles=[]&amp;hash=4b03eabb47e0d66ebce81d98355a1853' \/>\n            <input type='hidden' class='gform_hidden' name='gform_submission_method' data-js='gform_submission_method_4' value='iframe' \/>\n            <input type='hidden' class='gform_hidden' name='gform_theme' data-js='gform_theme_4' id='gform_theme_4' value='gravity-theme' \/>\n            <input type='hidden' class='gform_hidden' name='gform_style_settings' data-js='gform_style_settings_4' id='gform_style_settings_4' value='[]' \/>\n            <input type='hidden' class='gform_hidden' name='is_submit_4' value='1' \/>\n            <input type='hidden' class='gform_hidden' name='gform_submit' value='4' \/>\n            <input type='hidden' class='gform_hidden' name='gform_unique_id' value='' \/>\n            <input type='hidden' class='gform_hidden' name='state_4' value='WyJbXSIsImRjYThkYWYzOTQ3NjAxOWQ4YzdhOWRkZWZjN2ZmYzA3Il0=' \/>\n            <input type='hidden' autocomplete='off' class='gform_hidden' name='gform_target_page_number_4' id='gform_target_page_number_4' value='0' \/>\n            <input type='hidden' autocomplete='off' class='gform_hidden' name='gform_source_page_number_4' id='gform_source_page_number_4' value='1' \/>\n            <input type='hidden' name='gform_field_values' value='' \/>\n                        <label>&#916;<textarea name=\"ak_hp_textarea\" cols=\"45\" rows=\"8\" maxlength=\"100\"><\/textarea><\/label><input type=\"hidden\" id=\"ak_js_1\" name=\"ak_js\" value=\"61\"\/><\/form>\n\t\t                <iframe style='display:none;width:0px;height:0px;' src='about:blank' name='gform_ajax_frame_4' id='gform_ajax_frame_4' title='Cette iframe contient la logique n\u00e9cessaire pour manipuler Gravity Forms avec Ajax.'><\/iframe>\n\n","protected":false},"excerpt":{"rendered":"<p>Exosomes \u00e0 Gatineau, QC Dans le monde en constante \u00e9volution et en constante am\u00e9lioration de la m\u00e9decine esth\u00e9tique, la prochaine grande innovation est d\u00e9j\u00e0 l\u00e0, et elle est microscopique. Les exosomes, de minuscules messagers naturellement pr\u00e9sents dans le corps, deviennent rapidement un puissant moyen de rajeunir la peau et les cheveux. Ces minuscules sacs sont&hellip;<\/p>\n","protected":false},"author":9,"featured_media":53465,"parent":0,"menu_order":0,"comment_status":"closed","ping_status":"closed","template":"","meta":{"_acf_changed":false,"_monsterinsights_skip_tracking":false,"_monsterinsights_sitenote_active":false,"_monsterinsights_sitenote_note":"","_monsterinsights_sitenote_category":0,"footnotes":""},"treatment_categories_pages":[30,31],"class_list":["post-54201","page","type-page","status-publish","has-post-thumbnail","hentry","treatment_categories_pages-pigmentation","treatment_categories_pages-skin-texture"],"acf":[],"yoast_head":"<!-- This site is optimized with the Yoast SEO plugin v27.2 - https:\/\/yoast.com\/product\/yoast-seo-wordpress\/ -->\n<title>Exosomes \u00e0 Gatineau, QC in Ottawa - MedicSPA Gatineau<\/title>\n<meta name=\"description\" content=\"Exfoliez, purifiez et nettoyez votre peau gr\u00e2ce au traitement BELA MD offert chez MedicSPA Gatineau. D\u00e9couvrez les bienfaits de ce traitement.\" \/>\n<meta name=\"robots\" content=\"index, follow, max-snippet:-1, max-image-preview:large, max-video-preview:-1\" \/>\n<link rel=\"canonical\" href=\"https:\/\/medicspa-gatineau.ca\/fr\/exosomes-in-gatineau-qc\/\" \/>\n<meta property=\"og:locale\" content=\"fr_FR\" \/>\n<meta property=\"og:type\" content=\"article\" \/>\n<meta property=\"og:title\" content=\"Exosomes \u00e0 Gatineau, QC in Ottawa - MedicSPA Gatineau\" \/>\n<meta property=\"og:description\" content=\"Exfoliez, purifiez et nettoyez votre peau gr\u00e2ce au traitement BELA MD offert chez MedicSPA Gatineau. D\u00e9couvrez les bienfaits de ce traitement.\" \/>\n<meta property=\"og:url\" content=\"https:\/\/medicspa-gatineau.ca\/fr\/exosomes-in-gatineau-qc\/\" \/>\n<meta property=\"og:site_name\" content=\"MedicSPA Gatineau\" \/>\n<meta property=\"article:modified_time\" content=\"2026-01-20T20:49:17+00:00\" \/>\n<meta property=\"og:image\" content=\"https:\/\/medicspa-gatineau.ca\/wp-content\/uploads\/2025\/02\/Copie-de-BELA-MD-scaled.jpg\" \/>\n\t<meta property=\"og:image:width\" content=\"2560\" \/>\n\t<meta property=\"og:image:height\" content=\"1709\" \/>\n\t<meta property=\"og:image:type\" content=\"image\/jpeg\" \/>\n<meta name=\"twitter:card\" content=\"summary_large_image\" \/>\n<meta name=\"twitter:label1\" content=\"Dur\u00e9e de lecture estim\u00e9e\" \/>\n\t<meta name=\"twitter:data1\" content=\"5 minutes\" \/>\n<script type=\"application\/ld+json\" class=\"yoast-schema-graph\">{\"@context\":\"https:\/\/schema.org\",\"@graph\":[{\"@type\":\"WebPage\",\"@id\":\"https:\/\/medicspa-gatineau.ca\/fr\/exosomes-in-gatineau-qc\/\",\"url\":\"https:\/\/medicspa-gatineau.ca\/fr\/exosomes-in-gatineau-qc\/\",\"name\":\"Exosomes \u00e0 Gatineau, QC in Ottawa - MedicSPA Gatineau\",\"isPartOf\":{\"@id\":\"https:\/\/medicspa-gatineau.ca\/fr\/#website\"},\"primaryImageOfPage\":{\"@id\":\"https:\/\/medicspa-gatineau.ca\/fr\/exosomes-in-gatineau-qc\/#primaryimage\"},\"image\":{\"@id\":\"https:\/\/medicspa-gatineau.ca\/fr\/exosomes-in-gatineau-qc\/#primaryimage\"},\"thumbnailUrl\":\"https:\/\/medicspa-gatineau.ca\/wp-content\/uploads\/2025\/02\/Copie-de-BELA-MD-scaled.jpg\",\"datePublished\":\"2025-10-09T18:22:57+00:00\",\"dateModified\":\"2026-01-20T20:49:17+00:00\",\"description\":\"Exfoliez, purifiez et nettoyez votre peau gr\u00e2ce au traitement BELA MD offert chez MedicSPA Gatineau. D\u00e9couvrez les bienfaits de ce traitement.\",\"breadcrumb\":{\"@id\":\"https:\/\/medicspa-gatineau.ca\/fr\/exosomes-in-gatineau-qc\/#breadcrumb\"},\"inLanguage\":\"fr-FR\",\"potentialAction\":[{\"@type\":\"ReadAction\",\"target\":[\"https:\/\/medicspa-gatineau.ca\/fr\/exosomes-in-gatineau-qc\/\"]}]},{\"@type\":\"ImageObject\",\"inLanguage\":\"fr-FR\",\"@id\":\"https:\/\/medicspa-gatineau.ca\/fr\/exosomes-in-gatineau-qc\/#primaryimage\",\"url\":\"https:\/\/medicspa-gatineau.ca\/wp-content\/uploads\/2025\/02\/Copie-de-BELA-MD-scaled.jpg\",\"contentUrl\":\"https:\/\/medicspa-gatineau.ca\/wp-content\/uploads\/2025\/02\/Copie-de-BELA-MD-scaled.jpg\",\"width\":2560,\"height\":1709,\"caption\":\"Femme dans un spa m\u00e9dical recevant un traitement.\"},{\"@type\":\"BreadcrumbList\",\"@id\":\"https:\/\/medicspa-gatineau.ca\/fr\/exosomes-in-gatineau-qc\/#breadcrumb\",\"itemListElement\":[{\"@type\":\"ListItem\",\"position\":1,\"name\":\"Home\",\"item\":\"https:\/\/medicspa-gatineau.ca\/fr\/\"},{\"@type\":\"ListItem\",\"position\":2,\"name\":\"Exosomes \u00e0 Gatineau, QC\"}]},{\"@type\":\"WebSite\",\"@id\":\"https:\/\/medicspa-gatineau.ca\/fr\/#website\",\"url\":\"https:\/\/medicspa-gatineau.ca\/fr\/\",\"name\":\"MedicSPA Gatineau\",\"description\":\"Dr Patricia Berbari\",\"publisher\":{\"@id\":\"https:\/\/medicspa-gatineau.ca\/fr\/#organization\"},\"potentialAction\":[{\"@type\":\"SearchAction\",\"target\":{\"@type\":\"EntryPoint\",\"urlTemplate\":\"https:\/\/medicspa-gatineau.ca\/fr\/?s={search_term_string}\"},\"query-input\":{\"@type\":\"PropertyValueSpecification\",\"valueRequired\":true,\"valueName\":\"search_term_string\"}}],\"inLanguage\":\"fr-FR\"},{\"@type\":\"Organization\",\"@id\":\"https:\/\/medicspa-gatineau.ca\/fr\/#organization\",\"name\":\"MedicSPA Gatineau\",\"url\":\"https:\/\/medicspa-gatineau.ca\/fr\/\",\"logo\":{\"@type\":\"ImageObject\",\"inLanguage\":\"fr-FR\",\"@id\":\"https:\/\/medicspa-gatineau.ca\/fr\/#\/schema\/logo\/image\/\",\"url\":\"https:\/\/medicspa-gatineau.ca\/wp-content\/uploads\/2021\/10\/Medicspa-logo_v2.png\",\"contentUrl\":\"https:\/\/medicspa-gatineau.ca\/wp-content\/uploads\/2021\/10\/Medicspa-logo_v2.png\",\"width\":500,\"height\":300,\"caption\":\"MedicSPA Gatineau\"},\"image\":{\"@id\":\"https:\/\/medicspa-gatineau.ca\/fr\/#\/schema\/logo\/image\/\"}}]}<\/script>\n<!-- \/ Yoast SEO plugin. -->","yoast_head_json":{"title":"Exosomes \u00e0 Gatineau, QC in Ottawa - MedicSPA Gatineau","description":"Exfoliez, purifiez et nettoyez votre peau gr\u00e2ce au traitement BELA MD offert chez MedicSPA Gatineau. D\u00e9couvrez les bienfaits de ce traitement.","robots":{"index":"index","follow":"follow","max-snippet":"max-snippet:-1","max-image-preview":"max-image-preview:large","max-video-preview":"max-video-preview:-1"},"canonical":"https:\/\/medicspa-gatineau.ca\/fr\/exosomes-in-gatineau-qc\/","og_locale":"fr_FR","og_type":"article","og_title":"Exosomes \u00e0 Gatineau, QC in Ottawa - MedicSPA Gatineau","og_description":"Exfoliez, purifiez et nettoyez votre peau gr\u00e2ce au traitement BELA MD offert chez MedicSPA Gatineau. D\u00e9couvrez les bienfaits de ce traitement.","og_url":"https:\/\/medicspa-gatineau.ca\/fr\/exosomes-in-gatineau-qc\/","og_site_name":"MedicSPA Gatineau","article_modified_time":"2026-01-20T20:49:17+00:00","og_image":[{"width":2560,"height":1709,"url":"https:\/\/medicspa-gatineau.ca\/wp-content\/uploads\/2025\/02\/Copie-de-BELA-MD-scaled.jpg","type":"image\/jpeg"}],"twitter_card":"summary_large_image","twitter_misc":{"Dur\u00e9e de lecture estim\u00e9e":"5 minutes"},"schema":{"@context":"https:\/\/schema.org","@graph":[{"@type":"WebPage","@id":"https:\/\/medicspa-gatineau.ca\/fr\/exosomes-in-gatineau-qc\/","url":"https:\/\/medicspa-gatineau.ca\/fr\/exosomes-in-gatineau-qc\/","name":"Exosomes \u00e0 Gatineau, QC in Ottawa - MedicSPA Gatineau","isPartOf":{"@id":"https:\/\/medicspa-gatineau.ca\/fr\/#website"},"primaryImageOfPage":{"@id":"https:\/\/medicspa-gatineau.ca\/fr\/exosomes-in-gatineau-qc\/#primaryimage"},"image":{"@id":"https:\/\/medicspa-gatineau.ca\/fr\/exosomes-in-gatineau-qc\/#primaryimage"},"thumbnailUrl":"https:\/\/medicspa-gatineau.ca\/wp-content\/uploads\/2025\/02\/Copie-de-BELA-MD-scaled.jpg","datePublished":"2025-10-09T18:22:57+00:00","dateModified":"2026-01-20T20:49:17+00:00","description":"Exfoliez, purifiez et nettoyez votre peau gr\u00e2ce au traitement BELA MD offert chez MedicSPA Gatineau. D\u00e9couvrez les bienfaits de ce traitement.","breadcrumb":{"@id":"https:\/\/medicspa-gatineau.ca\/fr\/exosomes-in-gatineau-qc\/#breadcrumb"},"inLanguage":"fr-FR","potentialAction":[{"@type":"ReadAction","target":["https:\/\/medicspa-gatineau.ca\/fr\/exosomes-in-gatineau-qc\/"]}]},{"@type":"ImageObject","inLanguage":"fr-FR","@id":"https:\/\/medicspa-gatineau.ca\/fr\/exosomes-in-gatineau-qc\/#primaryimage","url":"https:\/\/medicspa-gatineau.ca\/wp-content\/uploads\/2025\/02\/Copie-de-BELA-MD-scaled.jpg","contentUrl":"https:\/\/medicspa-gatineau.ca\/wp-content\/uploads\/2025\/02\/Copie-de-BELA-MD-scaled.jpg","width":2560,"height":1709,"caption":"Femme dans un spa m\u00e9dical recevant un traitement."},{"@type":"BreadcrumbList","@id":"https:\/\/medicspa-gatineau.ca\/fr\/exosomes-in-gatineau-qc\/#breadcrumb","itemListElement":[{"@type":"ListItem","position":1,"name":"Home","item":"https:\/\/medicspa-gatineau.ca\/fr\/"},{"@type":"ListItem","position":2,"name":"Exosomes \u00e0 Gatineau, QC"}]},{"@type":"WebSite","@id":"https:\/\/medicspa-gatineau.ca\/fr\/#website","url":"https:\/\/medicspa-gatineau.ca\/fr\/","name":"MedicSPA Gatineau","description":"Dr Patricia Berbari","publisher":{"@id":"https:\/\/medicspa-gatineau.ca\/fr\/#organization"},"potentialAction":[{"@type":"SearchAction","target":{"@type":"EntryPoint","urlTemplate":"https:\/\/medicspa-gatineau.ca\/fr\/?s={search_term_string}"},"query-input":{"@type":"PropertyValueSpecification","valueRequired":true,"valueName":"search_term_string"}}],"inLanguage":"fr-FR"},{"@type":"Organization","@id":"https:\/\/medicspa-gatineau.ca\/fr\/#organization","name":"MedicSPA Gatineau","url":"https:\/\/medicspa-gatineau.ca\/fr\/","logo":{"@type":"ImageObject","inLanguage":"fr-FR","@id":"https:\/\/medicspa-gatineau.ca\/fr\/#\/schema\/logo\/image\/","url":"https:\/\/medicspa-gatineau.ca\/wp-content\/uploads\/2021\/10\/Medicspa-logo_v2.png","contentUrl":"https:\/\/medicspa-gatineau.ca\/wp-content\/uploads\/2021\/10\/Medicspa-logo_v2.png","width":500,"height":300,"caption":"MedicSPA Gatineau"},"image":{"@id":"https:\/\/medicspa-gatineau.ca\/fr\/#\/schema\/logo\/image\/"}}]}},"_links":{"self":[{"href":"https:\/\/medicspa-gatineau.ca\/fr\/wp-json\/wp\/v2\/pages\/54201","targetHints":{"allow":["GET"]}}],"collection":[{"href":"https:\/\/medicspa-gatineau.ca\/fr\/wp-json\/wp\/v2\/pages"}],"about":[{"href":"https:\/\/medicspa-gatineau.ca\/fr\/wp-json\/wp\/v2\/types\/page"}],"author":[{"embeddable":true,"href":"https:\/\/medicspa-gatineau.ca\/fr\/wp-json\/wp\/v2\/users\/9"}],"replies":[{"embeddable":true,"href":"https:\/\/medicspa-gatineau.ca\/fr\/wp-json\/wp\/v2\/comments?post=54201"}],"version-history":[{"count":7,"href":"https:\/\/medicspa-gatineau.ca\/fr\/wp-json\/wp\/v2\/pages\/54201\/revisions"}],"predecessor-version":[{"id":54217,"href":"https:\/\/medicspa-gatineau.ca\/fr\/wp-json\/wp\/v2\/pages\/54201\/revisions\/54217"}],"wp:featuredmedia":[{"embeddable":true,"href":"https:\/\/medicspa-gatineau.ca\/fr\/wp-json\/wp\/v2\/media\/53465"}],"wp:attachment":[{"href":"https:\/\/medicspa-gatineau.ca\/fr\/wp-json\/wp\/v2\/media?parent=54201"}],"wp:term":[{"taxonomy":"treatment_categories_pages","embeddable":true,"href":"https:\/\/medicspa-gatineau.ca\/fr\/wp-json\/wp\/v2\/treatment_categories_pages?post=54201"}],"curies":[{"name":"wp","href":"https:\/\/api.w.org\/{rel}","templated":true}]}}