{"id":54055,"date":"2025-07-15T13:38:09","date_gmt":"2025-07-15T17:38:09","guid":{"rendered":"https:\/\/medicspa-gatineau.ca\/radiofrequency-body-contouring-skin-tightening\/"},"modified":"2026-01-20T17:06:14","modified_gmt":"2026-01-20T22:06:14","slug":"remodelage-corporel-et-raffermissement-cutane-par-radiofrequence","status":"publish","type":"page","link":"https:\/\/medicspa-gatineau.ca\/fr\/remodelage-corporel-et-raffermissement-cutane-par-radiofrequence\/","title":{"rendered":"Remodelage Corporel Et Raffermissement Cutan\u00e9 Par Radiofr\u00e9quence"},"content":{"rendered":"\n\n\t\n<h1>\n\t\t\tRemodelage Corporel Et Raffermissement Cutan\u00e9 Par Radiofr\u00e9quence \u00e0 Gatineau, QC\t<\/h1>\n<h3>\n\t\t\tNon-Invasive Body Contouring and Fat loss\t<\/h3>\n\t<p>Vous souffrez de poches de gras tenaces qui r\u00e9sistent aux r\u00e9gimes et \u00e0 l&rsquo;exercice ? La liposuccion n&rsquo;est pas une bonne option pour vous, car vous voulez une intervention non chirurgicale qui raffermit la peau ? MedicSPA Gatineau est fier d&rsquo;offrir un traitement avanc\u00e9 utilisant la radiofr\u00e9quence (RF) pour r\u00e9duire la graisse ind\u00e9sirable dans des zones cibl\u00e9es tout en raffermissant la peau. Il s&rsquo;agit d&rsquo;une intervention peu invasive de remodelage corporel et de lissage de la peau, avec une convalescence minimale, voire nulle.<\/p>\n<h2>\n\t\t\tQu&rsquo;est-ce que le remodelage corporel et le raffermissement de la peau par RF ?\t<\/h2>\n\t<p>Ce traitement esth\u00e9tique de pointe utilise la radiofr\u00e9quence pour am\u00e9liorer la qualit\u00e9 de votre peau et remodeler votre silhouette. Lors de l&rsquo;intervention, une fine sonde est ins\u00e9r\u00e9e par une petite incision cutan\u00e9e, permettant \u00e0 l&rsquo;\u00e9nergie RF de p\u00e9n\u00e9trer profond\u00e9ment sous la peau. Cette \u00e9nergie thermique stimule non seulement la production de collag\u00e8ne et d&rsquo;\u00e9lastine, mais contribue \u00e9galement \u00e0 la d\u00e9gradation des petits amas graisseux sous-cutan\u00e9s.<\/p>\n<p>Le r\u00e9sultat est un traitement qui raffermit et lisse la peau tout en sculptant et en resserrant les zones trait\u00e9es. Il peut \u00eatre utilis\u00e9 presque partout, du menton jusqu&rsquo;aux genoux, sur toutes les zones sujettes au rel\u00e2chement ou \u00e0 l&rsquo;accumulation de graisse.<\/p>\n\t\t\t\t<img decoding=\"async\" src=\"https:\/\/medicspa-gatineau.ca\/wp-content\/uploads\/2025\/07\/patient-3.jpg\" alt=\"patient\" itemprop=\"image\" height=\"1196\" width=\"1092\" title=\"patient-3\" onerror=\"this.style.display='none'\" loading='lazy' \/>\n\t<p>* Ces photos sont publi\u00e9es \u00e0 titre indicatif afin de fournir l&rsquo;information sur la nature de l&rsquo;intervention. Elles ne constituent aucunement une garantie de r\u00e9sultat.<\/p>\n<ul>\n    <li><a href=\"#general\">Informations G\u00e9n\u00e9rales<\/a><\/li>\n    <li>\u2022<\/li>\n    <li><a href=\"#what-to-expect\">\u00c0 quoi s&rsquo;attendre pendant le traitement<\/a><\/li>\n    <li>\u2022<\/li>\n    <li><a href=\"#results\">R\u00e9sultats<\/a><\/li>\n<\/ul>\n\t<p>Informations G\u00e9n\u00e9rales<\/p>\n\t<h2>Quels sont les avantages?<\/h2>\n\t<p>Le remodelage corporel par radiofr\u00e9quence offre de nombreux avantages esth\u00e9tiques, notamment :<\/p>\n<ul>\n<li aria-level=\"1\">Resserrement de la peau rel\u00e2ch\u00e9e ou affaiss\u00e9e<\/li>\n<li aria-level=\"1\">Am\u00e9lioration de la texture et du tonus cutan\u00e9s<\/li>\n<li aria-level=\"1\">R\u00e9duction graduelle de la graisse dans les zones cibl\u00e9es<\/li>\n<li aria-level=\"1\">Stimulation de la production de collag\u00e8ne et d&rsquo;\u00e9lastine<\/li>\n<li aria-level=\"1\">Non chirurgical et mini-invasif<\/li>\n<li aria-level=\"1\">R\u00e9cup\u00e9ration rapide avec peu ou pas de convalescence<\/li>\n<\/ul>\n<p>Ce traitement tout-en-un vous permet d&rsquo;obtenir une peau plus ferme et plus lisse, ainsi qu&rsquo;une silhouette plus sculpt\u00e9e, sans intervention chirurgicale.<\/p>\n\t\t\t<a href=\"https:\/\/medicspa-gatineau.ca\/contact\/\" target=\"_self\">\n\t\t\t\t\t\t\tContact Us\n\t\t\t\t\t<\/a>\n\t\t\t\t<img decoding=\"async\" src=\"https:\/\/medicspa-gatineau.ca\/wp-content\/uploads\/2025\/07\/patient-2.jpg\" alt=\"patient\" itemprop=\"image\" height=\"1196\" width=\"1092\" title=\"patient-2\" onerror=\"this.style.display='none'\" loading='lazy' \/>\n\t<p>* Ces photos sont publi\u00e9es \u00e0 titre indicatif afin de fournir l&rsquo;information sur la nature de l&rsquo;intervention. Elles ne constituent aucunement une garantie de r\u00e9sultat.<\/p>\n\t<p>\u00c0 quoi s&rsquo;attendre pendant le traitement<\/p>\n\t<h2>Suis-je un bon candidat pour le remodelage corporel RF ?<\/h2>\n\t<p>Ce traitement mini-invasif convient \u00e0 une vari\u00e9t\u00e9 de types et de teints de peau et peut \u00eatre utilis\u00e9 sur plusieurs zones du corps. Vous pourriez \u00eatre un bon candidat si :<\/p>\n<ul>\n<li aria-level=\"1\">Vous avez un rel\u00e2chement cutan\u00e9 l\u00e9ger \u00e0 mod\u00e9r\u00e9 ;<\/li>\n<li aria-level=\"1\">Vous avez de petites zones de gras tenace ou des bourrelets ;<\/li>\n<li aria-level=\"1\">Vous \u00eates en bonne sant\u00e9 et pr\u00e9f\u00e9rez les options mini-invasives.<\/li>\n<\/ul>\n<p>La meilleure fa\u00e7on de savoir si vous \u00eates un bon candidat est de prendre rendez-vous avec l&rsquo;un des experts de MedicSPA Gatineau. Ils \u00e9couteront vos pr\u00e9occupations, vous examineront et d\u00e9termineront si cette approche vous convient.<\/p>\n\t<h2>Comment se d\u00e9roule le remodelage corporel et le raffermissement de la peau par RF?<\/h2>\n\t<p>Votre traitement de remodelage corporel commence par une petite incision pratiqu\u00e9e dans la zone \u00e0 traiter. Une sonde mince est ins\u00e9r\u00e9e et l&rsquo;appareil sp\u00e9cialis\u00e9 livre une \u00e9nergie RF en profondeur dans les tissus, d\u00e9truisant ainsi les cellules graisseuses et d\u00e9clenchant le remodelage du collag\u00e8ne.<\/p>\n<p>La plupart des s\u00e9ances durent moins d&rsquo;une heure, selon la taille et le nombre de zones \u00e0 traiter.<\/p>\n\t\t\t\t<img decoding=\"async\" src=\"https:\/\/medicspa-gatineau.ca\/wp-content\/uploads\/2025\/07\/patient-4.jpg\" alt=\"patient\" itemprop=\"image\" height=\"1196\" width=\"1092\" title=\"patient-4\" onerror=\"this.style.display='none'\" loading='lazy' \/>\n\t<p>* Ces photos sont publi\u00e9es \u00e0 titre indicatif afin de fournir l&rsquo;information sur la nature de l&rsquo;intervention. Elles ne constituent aucunement une garantie de r\u00e9sultat.<\/p>\n\t<p>R\u00e9sultats<\/p>\n\t<h2>\u00c0 quoi ressemble le r\u00e9tablissement apr\u00e8s le traitement?<\/h2>\n\t<p>La gu\u00e9rison est g\u00e9n\u00e9ralement courte. Vous pouvez ressentir une rougeur, un gonflement ou une sensation de chaleur dans la zone trait\u00e9e, semblable \u00e0 un l\u00e9ger coup de soleil. Ces effets disparaissent g\u00e9n\u00e9ralement en un \u00e0 trois jours. La plupart des patients reprennent leurs activit\u00e9s normales dans les 24 heures.<\/p>\n\t<h2>\u00c0 quoi puis-je m&rsquo;attendre des r\u00e9sultats de mon traitement RF?<\/h2>\n\t<p>Les r\u00e9sultats de ce traitement sp\u00e9cialis\u00e9 se d\u00e9veloppent progressivement. Dans quelques jours, vous verrez une peau plus ferme et plus tonique. Au cours des quatre \u00e0 six semaines suivantes, la formation de collag\u00e8ne et d&rsquo;\u00e9lastine et la d\u00e9gradation des cellules adipeuses permettront \u00e0 la peau de retrouver une texture plus lisse et un galbe plus prononc\u00e9.<\/p>\n<p>Pour de meilleurs r\u00e9sultats, une s\u00e9rie de trois \u00e0 quatre s\u00e9ances espac\u00e9es de quelques semaines est souvent recommand\u00e9e. Avec de bonnes habitudes de soins et un entretien r\u00e9gulier, les r\u00e9sultats peuvent durer un an, voire plus.<\/p>\n\t\t\t\t<img decoding=\"async\" src=\"https:\/\/medicspa-gatineau.ca\/wp-content\/uploads\/2025\/07\/patient-1-1.jpg\" alt=\"patient\" itemprop=\"image\" height=\"1196\" width=\"1092\" title=\"patient-1\" onerror=\"this.style.display='none'\" loading='lazy' \/>\n\t<p>* Ces photos sont publi\u00e9es \u00e0 titre indicatif afin de fournir l&rsquo;information sur la nature de l&rsquo;intervention. Elles ne constituent aucunement une garantie de r\u00e9sultat.<\/p>\n\t<h2>Pourquoi devrais-je choisir MedicSPA Gatineau?<\/h2>\n\t<p>Dre Patricia Berbari est une chirurgienne plastique certifi\u00e9e et hautement respect\u00e9e, poss\u00e9dant une vaste expertise en traitements esth\u00e9tiques et de remodelage corporel. Ancienne pr\u00e9sidente d\u00e9sign\u00e9e de la Soci\u00e9t\u00e9 canadienne des sp\u00e9cialistes en laser et esth\u00e9tique (C.L.A.S.S.), elle est membre active de plusieurs organisations professionnelles prestigieuses, dont :<\/p>\n<ul>\n<li aria-level=\"1\">Coll\u00e8ge des m\u00e9decins du Qu\u00e9bec<\/li>\n<li aria-level=\"1\">Association des sp\u00e9cialistes en chirurgie plastique et esth\u00e9tique du Qu\u00e9bec<\/li>\n<li aria-level=\"1\">Coll\u00e8ge royal des m\u00e9decins et chirurgiens du Canada<\/li>\n<li aria-level=\"1\">Soci\u00e9t\u00e9 canadienne des sp\u00e9cialistes en laser et esth\u00e9tique<\/li>\n<li aria-level=\"1\">Soci\u00e9t\u00e9 internationale de chirurgie plastique et esth\u00e9tique<\/li>\n<\/ul>\n<p>Chez MedicSPA Gatineau, la Dre Berbari joue un r\u00f4le actif dans les soins prodigu\u00e9s aux patients d\u00e8s leur premi\u00e8re consultation. Elle rencontre chaque patient lors de sa premi\u00e8re consultation afin de lui fournir des conseils d&rsquo;expert et des recommandations adapt\u00e9es \u00e0 ses objectifs. Son exp\u00e9rience en chirurgie lui permet d&rsquo;\u00e9valuer les traitements non chirurgicaux ou de remodelage corporel qui produiront les r\u00e9sultats les plus efficaces et naturels.<\/p>\n<h2>\n\t\t\tEn savoir plus sur le remodelage corporel par radiofr\u00e9quence \u00e0 Gatineau\t<\/h2>\n\t<p>Que vous cherchiez \u00e0 lisser vos rides, \u00e0 affiner votre taille ou \u00e0 am\u00e9liorer l&rsquo;apparence de votre peau, la technologie de remodelage corporel par radiofr\u00e9quence offre une solution puissante et efficace pour retrouver une apparence plus jeune sans chirurgie invasive. Pour en savoir plus sur ce traitement r\u00e9volutionnaire, prenez rendez-vous d\u00e8s aujourd&rsquo;hui chez MedicaSPA Gatineau en composant le <strong><a href=\"tel:+18192437667\">(819) 243-7667<\/a><\/strong> ou en remplissant notre formulaire de contact en ligne.<\/p>\n<p><em>Nous sommes fiers d&rsquo;\u00eatre le premier centre au Qu\u00e9bec \u00e0 offrir prochainement cette technologie de pointe et prometteuse : un traitement r\u00e9volutionnaire de r\u00e9duction de la graisse offrant une perte de 25 % de graisse et un raffermissement visible de la peau en seulement 10 minutes, sans succion ni convalescence. Inscrivez-vous d\u00e8s aujourd&rsquo;hui sur notre liste d&rsquo;attente pour profiter de l&rsquo;offre de lancement exclusive!<\/em><\/p>\n                <form method='post' enctype='multipart\/form-data' target='gform_ajax_frame_4' id='gform_4'  action='https:\/\/medicspa-gatineau.ca\/fr\/remodelage-corporel-et-raffermissement-cutane-par-radiofrequence\/?fl_builder&#038;fl_builder_ui_iframe#gf_4' data-formid='4' novalidate>\n                        <label class='gfield_label gform-field-label' for='input_4_1'>Nom(N\u00e9cessaire)<\/label><input name='input_1' id='input_4_1' type='text' value='' class='large'   tabindex='100'  aria-required=\"true\" aria-invalid=\"false\"   \/><label class='gfield_label gform-field-label' for='input_4_2'>Adresse de courriel(N\u00e9cessaire)<\/label>\n                            <input name='input_2' id='input_4_2' type='email' value='' class='large' tabindex='101'   aria-required=\"true\" aria-invalid=\"false\"  \/>\n                        <label class='gfield_label gform-field-label' for='input_4_3'>T\u00e9l\u00e9phone(N\u00e9cessaire)<\/label><input name='input_3' id='input_4_3' type='tel' value='' class='large' tabindex='102'  aria-required=\"true\" aria-invalid=\"false\"   \/><label class='gfield_label gform-field-label' for='input_4_10'>Quel traitement vous int\u00e9resse ?<\/label><input name='input_10' id='input_4_10' type='text' value='' class='large'   tabindex='103'   aria-invalid=\"false\"   \/><label class='gfield_label gform-field-label' for='input_4_4'>Message<\/label><textarea name='input_4' id='input_4_4' class='textarea medium' tabindex='104'     aria-invalid=\"false\"   rows='10' cols='50'><\/textarea>\n         <input type='submit' id='gform_submit_button_4' class='gform_button button' onclick='gform.submission.handleButtonClick(this);' data-submission-type='submit' value='Soumettre' tabindex='105' \/> <input type='hidden' name='gform_ajax' value='form_id=4&amp;title=&amp;description=&amp;tabindex=100&amp;theme=gravity-theme&amp;styles=[]&amp;hash=4b03eabb47e0d66ebce81d98355a1853' \/>\n            <input type='hidden' class='gform_hidden' name='gform_submission_method' data-js='gform_submission_method_4' value='iframe' \/>\n            <input type='hidden' class='gform_hidden' name='gform_theme' data-js='gform_theme_4' id='gform_theme_4' value='gravity-theme' \/>\n            <input type='hidden' class='gform_hidden' name='gform_style_settings' data-js='gform_style_settings_4' id='gform_style_settings_4' value='[]' \/>\n            <input type='hidden' class='gform_hidden' name='is_submit_4' value='1' \/>\n            <input type='hidden' class='gform_hidden' name='gform_submit' value='4' \/>\n            <input type='hidden' class='gform_hidden' name='gform_unique_id' value='' \/>\n            <input type='hidden' class='gform_hidden' name='state_4' value='WyJbXSIsImRjYThkYWYzOTQ3NjAxOWQ4YzdhOWRkZWZjN2ZmYzA3Il0=' \/>\n            <input type='hidden' autocomplete='off' class='gform_hidden' name='gform_target_page_number_4' id='gform_target_page_number_4' value='0' \/>\n            <input type='hidden' autocomplete='off' class='gform_hidden' name='gform_source_page_number_4' id='gform_source_page_number_4' value='1' \/>\n            <input type='hidden' name='gform_field_values' value='' \/>\n                        <label>&#916;<textarea name=\"ak_hp_textarea\" cols=\"45\" rows=\"8\" maxlength=\"100\"><\/textarea><\/label><input type=\"hidden\" id=\"ak_js_1\" name=\"ak_js\" value=\"158\"\/><\/form>\n\t\t                <iframe style='display:none;width:0px;height:0px;' src='about:blank' name='gform_ajax_frame_4' id='gform_ajax_frame_4' title='Cette iframe contient la logique n\u00e9cessaire pour manipuler Gravity Forms avec Ajax.'><\/iframe>\n\n","protected":false},"excerpt":{"rendered":"<p>Remodelage Corporel Et Raffermissement Cutan\u00e9 Par Radiofr\u00e9quence \u00e0 Gatineau, QC Non-Invasive Body Contouring and Fat loss Vous souffrez de poches de gras tenaces qui r\u00e9sistent aux r\u00e9gimes et \u00e0 l&rsquo;exercice ? La liposuccion n&rsquo;est pas une bonne option pour vous, car vous voulez une intervention non chirurgicale qui raffermit la peau ? MedicSPA Gatineau est&hellip;<\/p>\n","protected":false},"author":9,"featured_media":54097,"parent":0,"menu_order":0,"comment_status":"closed","ping_status":"closed","template":"","meta":{"_acf_changed":false,"_monsterinsights_skip_tracking":false,"_monsterinsights_sitenote_active":false,"_monsterinsights_sitenote_note":"","_monsterinsights_sitenote_category":0,"footnotes":""},"treatment_categories_pages":[28],"class_list":["post-54055","page","type-page","status-publish","has-post-thumbnail","hentry","treatment_categories_pages-fat-loss"],"acf":[],"yoast_head":"<!-- This site is optimized with the Yoast SEO plugin v27.2 - https:\/\/yoast.com\/product\/yoast-seo-wordpress\/ -->\n<title>Remodelage Corporel Et Raffermissement Cutan\u00e9 Par Radiofr\u00e9quence in Ottawa - MedicSPA Gatineau<\/title>\n<meta name=\"description\" content=\"MedicSPA Gatineau est fier de proposer SculpSure\u00ae, un traitement de remodelage corporel non invasif qui utilise l&#039;\u00e9nergie laser pour r\u00e9duire la graisse.\" \/>\n<meta name=\"robots\" content=\"index, follow, max-snippet:-1, max-image-preview:large, max-video-preview:-1\" \/>\n<link rel=\"canonical\" href=\"https:\/\/medicspa-gatineau.ca\/fr\/remodelage-corporel-et-raffermissement-cutane-par-radiofrequence\/\" \/>\n<meta property=\"og:locale\" content=\"fr_FR\" \/>\n<meta property=\"og:type\" content=\"article\" \/>\n<meta property=\"og:title\" content=\"Remodelage Corporel Et Raffermissement Cutan\u00e9 Par Radiofr\u00e9quence in Ottawa - MedicSPA Gatineau\" \/>\n<meta property=\"og:description\" content=\"MedicSPA Gatineau est fier de proposer SculpSure\u00ae, un traitement de remodelage corporel non invasif qui utilise l&#039;\u00e9nergie laser pour r\u00e9duire la graisse.\" \/>\n<meta property=\"og:url\" content=\"https:\/\/medicspa-gatineau.ca\/fr\/remodelage-corporel-et-raffermissement-cutane-par-radiofrequence\/\" \/>\n<meta property=\"og:site_name\" content=\"MedicSPA Gatineau\" \/>\n<meta property=\"article:modified_time\" content=\"2026-01-20T22:06:14+00:00\" \/>\n<meta property=\"og:image\" content=\"https:\/\/medicspa-gatineau.ca\/wp-content\/uploads\/2025\/07\/img-hero-1.jpg\" \/>\n\t<meta property=\"og:image:width\" content=\"2500\" \/>\n\t<meta property=\"og:image:height\" content=\"1667\" \/>\n\t<meta property=\"og:image:type\" content=\"image\/jpeg\" \/>\n<meta name=\"twitter:card\" content=\"summary_large_image\" \/>\n<meta name=\"twitter:label1\" content=\"Dur\u00e9e de lecture estim\u00e9e\" \/>\n\t<meta name=\"twitter:data1\" content=\"4 minutes\" \/>\n<script type=\"application\/ld+json\" class=\"yoast-schema-graph\">{\"@context\":\"https:\/\/schema.org\",\"@graph\":[{\"@type\":\"WebPage\",\"@id\":\"https:\/\/medicspa-gatineau.ca\/fr\/remodelage-corporel-et-raffermissement-cutane-par-radiofrequence\/\",\"url\":\"https:\/\/medicspa-gatineau.ca\/fr\/remodelage-corporel-et-raffermissement-cutane-par-radiofrequence\/\",\"name\":\"Remodelage Corporel Et Raffermissement Cutan\u00e9 Par Radiofr\u00e9quence in Ottawa - MedicSPA Gatineau\",\"isPartOf\":{\"@id\":\"https:\/\/medicspa-gatineau.ca\/fr\/#website\"},\"primaryImageOfPage\":{\"@id\":\"https:\/\/medicspa-gatineau.ca\/fr\/remodelage-corporel-et-raffermissement-cutane-par-radiofrequence\/#primaryimage\"},\"image\":{\"@id\":\"https:\/\/medicspa-gatineau.ca\/fr\/remodelage-corporel-et-raffermissement-cutane-par-radiofrequence\/#primaryimage\"},\"thumbnailUrl\":\"https:\/\/medicspa-gatineau.ca\/wp-content\/uploads\/2025\/07\/img-hero-1.jpg\",\"datePublished\":\"2025-07-15T17:38:09+00:00\",\"dateModified\":\"2026-01-20T22:06:14+00:00\",\"description\":\"MedicSPA Gatineau est fier de proposer SculpSure\u00ae, un traitement de remodelage corporel non invasif qui utilise l'\u00e9nergie laser pour r\u00e9duire la graisse.\",\"breadcrumb\":{\"@id\":\"https:\/\/medicspa-gatineau.ca\/fr\/remodelage-corporel-et-raffermissement-cutane-par-radiofrequence\/#breadcrumb\"},\"inLanguage\":\"fr-FR\",\"potentialAction\":[{\"@type\":\"ReadAction\",\"target\":[\"https:\/\/medicspa-gatineau.ca\/fr\/remodelage-corporel-et-raffermissement-cutane-par-radiofrequence\/\"]}]},{\"@type\":\"ImageObject\",\"inLanguage\":\"fr-FR\",\"@id\":\"https:\/\/medicspa-gatineau.ca\/fr\/remodelage-corporel-et-raffermissement-cutane-par-radiofrequence\/#primaryimage\",\"url\":\"https:\/\/medicspa-gatineau.ca\/wp-content\/uploads\/2025\/07\/img-hero-1.jpg\",\"contentUrl\":\"https:\/\/medicspa-gatineau.ca\/wp-content\/uploads\/2025\/07\/img-hero-1.jpg\",\"width\":2500,\"height\":1667},{\"@type\":\"BreadcrumbList\",\"@id\":\"https:\/\/medicspa-gatineau.ca\/fr\/remodelage-corporel-et-raffermissement-cutane-par-radiofrequence\/#breadcrumb\",\"itemListElement\":[{\"@type\":\"ListItem\",\"position\":1,\"name\":\"Home\",\"item\":\"https:\/\/medicspa-gatineau.ca\/fr\/\"},{\"@type\":\"ListItem\",\"position\":2,\"name\":\"Remodelage Corporel Et Raffermissement Cutan\u00e9 Par Radiofr\u00e9quence\"}]},{\"@type\":\"WebSite\",\"@id\":\"https:\/\/medicspa-gatineau.ca\/fr\/#website\",\"url\":\"https:\/\/medicspa-gatineau.ca\/fr\/\",\"name\":\"MedicSPA Gatineau\",\"description\":\"Dr Patricia Berbari\",\"publisher\":{\"@id\":\"https:\/\/medicspa-gatineau.ca\/fr\/#organization\"},\"potentialAction\":[{\"@type\":\"SearchAction\",\"target\":{\"@type\":\"EntryPoint\",\"urlTemplate\":\"https:\/\/medicspa-gatineau.ca\/fr\/?s={search_term_string}\"},\"query-input\":{\"@type\":\"PropertyValueSpecification\",\"valueRequired\":true,\"valueName\":\"search_term_string\"}}],\"inLanguage\":\"fr-FR\"},{\"@type\":\"Organization\",\"@id\":\"https:\/\/medicspa-gatineau.ca\/fr\/#organization\",\"name\":\"MedicSPA Gatineau\",\"url\":\"https:\/\/medicspa-gatineau.ca\/fr\/\",\"logo\":{\"@type\":\"ImageObject\",\"inLanguage\":\"fr-FR\",\"@id\":\"https:\/\/medicspa-gatineau.ca\/fr\/#\/schema\/logo\/image\/\",\"url\":\"https:\/\/medicspa-gatineau.ca\/wp-content\/uploads\/2021\/10\/Medicspa-logo_v2.png\",\"contentUrl\":\"https:\/\/medicspa-gatineau.ca\/wp-content\/uploads\/2021\/10\/Medicspa-logo_v2.png\",\"width\":500,\"height\":300,\"caption\":\"MedicSPA Gatineau\"},\"image\":{\"@id\":\"https:\/\/medicspa-gatineau.ca\/fr\/#\/schema\/logo\/image\/\"}}]}<\/script>\n<!-- \/ Yoast SEO plugin. -->","yoast_head_json":{"title":"Remodelage Corporel Et Raffermissement Cutan\u00e9 Par Radiofr\u00e9quence in Ottawa - MedicSPA Gatineau","description":"MedicSPA Gatineau est fier de proposer SculpSure\u00ae, un traitement de remodelage corporel non invasif qui utilise l'\u00e9nergie laser pour r\u00e9duire la graisse.","robots":{"index":"index","follow":"follow","max-snippet":"max-snippet:-1","max-image-preview":"max-image-preview:large","max-video-preview":"max-video-preview:-1"},"canonical":"https:\/\/medicspa-gatineau.ca\/fr\/remodelage-corporel-et-raffermissement-cutane-par-radiofrequence\/","og_locale":"fr_FR","og_type":"article","og_title":"Remodelage Corporel Et Raffermissement Cutan\u00e9 Par Radiofr\u00e9quence in Ottawa - MedicSPA Gatineau","og_description":"MedicSPA Gatineau est fier de proposer SculpSure\u00ae, un traitement de remodelage corporel non invasif qui utilise l'\u00e9nergie laser pour r\u00e9duire la graisse.","og_url":"https:\/\/medicspa-gatineau.ca\/fr\/remodelage-corporel-et-raffermissement-cutane-par-radiofrequence\/","og_site_name":"MedicSPA Gatineau","article_modified_time":"2026-01-20T22:06:14+00:00","og_image":[{"width":2500,"height":1667,"url":"https:\/\/medicspa-gatineau.ca\/wp-content\/uploads\/2025\/07\/img-hero-1.jpg","type":"image\/jpeg"}],"twitter_card":"summary_large_image","twitter_misc":{"Dur\u00e9e de lecture estim\u00e9e":"4 minutes"},"schema":{"@context":"https:\/\/schema.org","@graph":[{"@type":"WebPage","@id":"https:\/\/medicspa-gatineau.ca\/fr\/remodelage-corporel-et-raffermissement-cutane-par-radiofrequence\/","url":"https:\/\/medicspa-gatineau.ca\/fr\/remodelage-corporel-et-raffermissement-cutane-par-radiofrequence\/","name":"Remodelage Corporel Et Raffermissement Cutan\u00e9 Par Radiofr\u00e9quence in Ottawa - MedicSPA Gatineau","isPartOf":{"@id":"https:\/\/medicspa-gatineau.ca\/fr\/#website"},"primaryImageOfPage":{"@id":"https:\/\/medicspa-gatineau.ca\/fr\/remodelage-corporel-et-raffermissement-cutane-par-radiofrequence\/#primaryimage"},"image":{"@id":"https:\/\/medicspa-gatineau.ca\/fr\/remodelage-corporel-et-raffermissement-cutane-par-radiofrequence\/#primaryimage"},"thumbnailUrl":"https:\/\/medicspa-gatineau.ca\/wp-content\/uploads\/2025\/07\/img-hero-1.jpg","datePublished":"2025-07-15T17:38:09+00:00","dateModified":"2026-01-20T22:06:14+00:00","description":"MedicSPA Gatineau est fier de proposer SculpSure\u00ae, un traitement de remodelage corporel non invasif qui utilise l'\u00e9nergie laser pour r\u00e9duire la graisse.","breadcrumb":{"@id":"https:\/\/medicspa-gatineau.ca\/fr\/remodelage-corporel-et-raffermissement-cutane-par-radiofrequence\/#breadcrumb"},"inLanguage":"fr-FR","potentialAction":[{"@type":"ReadAction","target":["https:\/\/medicspa-gatineau.ca\/fr\/remodelage-corporel-et-raffermissement-cutane-par-radiofrequence\/"]}]},{"@type":"ImageObject","inLanguage":"fr-FR","@id":"https:\/\/medicspa-gatineau.ca\/fr\/remodelage-corporel-et-raffermissement-cutane-par-radiofrequence\/#primaryimage","url":"https:\/\/medicspa-gatineau.ca\/wp-content\/uploads\/2025\/07\/img-hero-1.jpg","contentUrl":"https:\/\/medicspa-gatineau.ca\/wp-content\/uploads\/2025\/07\/img-hero-1.jpg","width":2500,"height":1667},{"@type":"BreadcrumbList","@id":"https:\/\/medicspa-gatineau.ca\/fr\/remodelage-corporel-et-raffermissement-cutane-par-radiofrequence\/#breadcrumb","itemListElement":[{"@type":"ListItem","position":1,"name":"Home","item":"https:\/\/medicspa-gatineau.ca\/fr\/"},{"@type":"ListItem","position":2,"name":"Remodelage Corporel Et Raffermissement Cutan\u00e9 Par Radiofr\u00e9quence"}]},{"@type":"WebSite","@id":"https:\/\/medicspa-gatineau.ca\/fr\/#website","url":"https:\/\/medicspa-gatineau.ca\/fr\/","name":"MedicSPA Gatineau","description":"Dr Patricia Berbari","publisher":{"@id":"https:\/\/medicspa-gatineau.ca\/fr\/#organization"},"potentialAction":[{"@type":"SearchAction","target":{"@type":"EntryPoint","urlTemplate":"https:\/\/medicspa-gatineau.ca\/fr\/?s={search_term_string}"},"query-input":{"@type":"PropertyValueSpecification","valueRequired":true,"valueName":"search_term_string"}}],"inLanguage":"fr-FR"},{"@type":"Organization","@id":"https:\/\/medicspa-gatineau.ca\/fr\/#organization","name":"MedicSPA Gatineau","url":"https:\/\/medicspa-gatineau.ca\/fr\/","logo":{"@type":"ImageObject","inLanguage":"fr-FR","@id":"https:\/\/medicspa-gatineau.ca\/fr\/#\/schema\/logo\/image\/","url":"https:\/\/medicspa-gatineau.ca\/wp-content\/uploads\/2021\/10\/Medicspa-logo_v2.png","contentUrl":"https:\/\/medicspa-gatineau.ca\/wp-content\/uploads\/2021\/10\/Medicspa-logo_v2.png","width":500,"height":300,"caption":"MedicSPA Gatineau"},"image":{"@id":"https:\/\/medicspa-gatineau.ca\/fr\/#\/schema\/logo\/image\/"}}]}},"_links":{"self":[{"href":"https:\/\/medicspa-gatineau.ca\/fr\/wp-json\/wp\/v2\/pages\/54055","targetHints":{"allow":["GET"]}}],"collection":[{"href":"https:\/\/medicspa-gatineau.ca\/fr\/wp-json\/wp\/v2\/pages"}],"about":[{"href":"https:\/\/medicspa-gatineau.ca\/fr\/wp-json\/wp\/v2\/types\/page"}],"author":[{"embeddable":true,"href":"https:\/\/medicspa-gatineau.ca\/fr\/wp-json\/wp\/v2\/users\/9"}],"replies":[{"embeddable":true,"href":"https:\/\/medicspa-gatineau.ca\/fr\/wp-json\/wp\/v2\/comments?post=54055"}],"version-history":[{"count":6,"href":"https:\/\/medicspa-gatineau.ca\/fr\/wp-json\/wp\/v2\/pages\/54055\/revisions"}],"predecessor-version":[{"id":54143,"href":"https:\/\/medicspa-gatineau.ca\/fr\/wp-json\/wp\/v2\/pages\/54055\/revisions\/54143"}],"wp:featuredmedia":[{"embeddable":true,"href":"https:\/\/medicspa-gatineau.ca\/fr\/wp-json\/wp\/v2\/media\/54097"}],"wp:attachment":[{"href":"https:\/\/medicspa-gatineau.ca\/fr\/wp-json\/wp\/v2\/media?parent=54055"}],"wp:term":[{"taxonomy":"treatment_categories_pages","embeddable":true,"href":"https:\/\/medicspa-gatineau.ca\/fr\/wp-json\/wp\/v2\/treatment_categories_pages?post=54055"}],"curies":[{"name":"wp","href":"https:\/\/api.w.org\/{rel}","templated":true}]}}