{"id":53412,"date":"2025-01-06T12:32:25","date_gmt":"2025-01-06T17:32:25","guid":{"rendered":"https:\/\/medicspa-gatineau.ca\/body-contouring-in-gatineau-qc\/"},"modified":"2025-08-26T19:31:43","modified_gmt":"2025-08-26T23:31:43","slug":"remodelage-corporel-a-gatineau-qc","status":"publish","type":"page","link":"https:\/\/medicspa-gatineau.ca\/fr\/remodelage-corporel-a-gatineau-qc\/","title":{"rendered":"Remodelage corporel \u00e0 Gatineau, QC"},"content":{"rendered":"\n\n\t\n<h1>\n\t\t\tRemodelage corporel \u00e0 Gatineau, QC\t<\/h1>\n\t<p>Dor\u00e9navant il sera plus facile d&rsquo;obtenir la silhouette id\u00e9ale en ayant recours aux proc\u00e9dures avanc\u00e9es de remodelage corporel que nous vous proposons. Que vous recherchiez un raffermissement de la peau, une tonification musculaire ou une r\u00e9duction de la graisse, nos traitements corporels non chirurgicaux offrent des solutions personnalis\u00e9es pour vous aider \u00e0 vous sentir en confiance avec votre corps. Les patients qui recherchent un remodelage corporel \u00e0 Ottawa, \u00e0 Gatineau et dans les environs peuvent b\u00e9n\u00e9ficier de ces technologies de pointe. D\u00e9couvrez comment ces options de remodelage corporel non chirurgicales peuvent transformer votre silhouette et renforcer votre estime de soi.<\/p>\n<h2>\n\t\t\tRadiofr\u00e9quence semi-invasive\t<\/h2>\n\t<p>Radiofr\u00e9quence semi-invasive est un traitement de remodelage corporel con\u00e7u pour raffermir la peau tout en participant \u00e0 faire fondre l&rsquo;exc\u00e8s de graisse. En utilisant l&rsquo;\u00e9nergie de radiofr\u00e9quence (RF), ce traitement r\u00e9chauffe la graisse dans la zone de traitement cibl\u00e9e, la liqu\u00e9fiant afin qu&rsquo;elle puisse \u00eatre aspir\u00e9e. En m\u00eame temps, la chaleur g\u00e9n\u00e9r\u00e9e active la production de collag\u00e8ne de votre corps tout en stimulant la contraction et le raffermissement cutan\u00e9. Le r\u00e9sultat est un contour corporel plus mince et d&rsquo;apparence plus jeune.<\/p>\n<p><a href=\"https:\/\/medicspa-gatineau.ca\/fr\/bodytite\/\">En savoir plus<\/a><\/p>\n\t\t\t\t<img decoding=\"async\" src=\"https:\/\/medicspa-gatineau.ca\/wp-content\/uploads\/2022\/05\/Bodytite-banner.jpg\" alt=\"Bodytite-banner\" itemprop=\"image\" height=\"1050\" width=\"2000\" title=\"Bodytite-banner\" onerror=\"this.style.display='none'\" loading='lazy' \/>\n\t\t\t\t<img decoding=\"async\" src=\"https:\/\/medicspa-gatineau.ca\/wp-content\/uploads\/2023\/09\/evolvex-hero-model.jpg\" alt=\"evolvex-hero-model\" itemprop=\"image\" height=\"1200\" width=\"2000\" title=\"evolvex-hero-model\" onerror=\"this.style.display='none'\" loading='lazy' \/>\n<h2>\n\t\t\tRemodelage corporel non invasif\t<\/h2>\n\t<p>MedicSPA Gatineau propose un remodelage corporel non invasif qui agit pour affiner et tonifier votre corps de trois fa\u00e7ons. Tout d&rsquo;abord, \u00abTite\u00bb utilise l&rsquo;\u00e9nergie RF bipolaire pour raffermir la peau et am\u00e9liorer son apparence. L&rsquo;\u00e9nergie RF bipolaire r\u00e9chauffe suffisamment les cellules graisseuses pour les d\u00e9truire. La chaleur encourage \u00e9galement la production naturelle de collag\u00e8ne de votre corps et raffermit votre peau. Ensuite, \u00abTone\u00bb utilise la stimulation musculaire \u00e9lectrique (EMS) qui cr\u00e9e les contractions musculaires involontaires, tonifiant vos muscles et br\u00fblant les graisses pour cr\u00e9er un contour corporel plus d\u00e9fini. Enfin, \u00abTransform\u00bb combine les deux technologies de remodelage corporel (\u00e9nergie RF bipolaire et EMS) pour offrir un traitement synergique qui produit des r\u00e9sultats v\u00e9ritablement transformateurs.<\/p>\n<p><a href=\"https:\/\/medicspa-gatineau.ca\/fr\/evolvex\/\">En savoir plus<\/a><\/p>\n<h2>\n\t\t\tLipolyse percutan\u00e9e non-invasif\t<\/h2>\n\t<p>Lipolyse percutan\u00e9e est un traitement de perte de graisse non invasif qui utilise l&rsquo;\u00e9nergie de la lumi\u00e8re laser pour chauffer et d\u00e9truire les cellules adipeuses ind\u00e9sirables de votre corps. Ce traitement envoie l&rsquo;\u00e9nergie laser en profondeur sans endommager la surface de votre peau. La chaleur tue les cellules adipeuses, qui sont ensuite \u00e9limin\u00e9es au fil du temps par les processus naturels de votre corps, vous laissant avec un contour corporel plus lisse et plus mince. La chaleur diffuse sans laisser de d\u00e9marcation contrairement \u00e0 la cryoth\u00e9rapie.<\/p>\n<p><a href=\"https:\/\/medicspa-gatineau.ca\/fr\/sculpsure\/\">En savoir plus<\/a><\/p>\n\t\t\t\t<img decoding=\"async\" src=\"https:\/\/medicspa-gatineau.ca\/wp-content\/uploads\/2021\/07\/Sculpsure-carousel-00.jpg\" alt=\"Male patient receiving sculpsure treatment\" itemprop=\"image\" height=\"1068\" width=\"1600\" title=\"Sculpsure-carousel-00\" onerror=\"this.style.display='none'\" loading='lazy' \/>\n<h2>\n\t\t\tAppelez-nous pour planifier une consultation. Nous avons h\u00e2te de vous rencontrer !\t<\/h2>\n\t<p>Nous sommes l\u00e0 pour vous aider \u00e0 obtenir la peau saine que vous souhaitez. Appelez MedicSPA Gatineau aujourd&rsquo;hui au <strong><a href=\"tel:+18192437667\">(819) 243-7667<\/a><\/strong> pour planifier une consultation. Nous desservons Gatineau et la grande communaut\u00e9 d&rsquo;Ottawa.<\/p>\n                <form method='post' enctype='multipart\/form-data' target='gform_ajax_frame_4' id='gform_4'  action='https:\/\/medicspa-gatineau.ca\/fr\/remodelage-corporel-a-gatineau-qc\/?fl_builder&#038;fl_builder_ui_iframe#gf_4' data-formid='4' novalidate>\n                        <label class='gfield_label gform-field-label' for='input_4_1'>Nom(N\u00e9cessaire)<\/label><input name='input_1' id='input_4_1' type='text' value='' class='large'   tabindex='100'  aria-required=\"true\" aria-invalid=\"false\"   \/><label class='gfield_label gform-field-label' for='input_4_2'>Adresse de courriel(N\u00e9cessaire)<\/label>\n                            <input name='input_2' id='input_4_2' type='email' value='' class='large' tabindex='101'   aria-required=\"true\" aria-invalid=\"false\"  \/>\n                        <label class='gfield_label gform-field-label' for='input_4_3'>T\u00e9l\u00e9phone(N\u00e9cessaire)<\/label><input name='input_3' id='input_4_3' type='tel' value='' class='large' tabindex='102'  aria-required=\"true\" aria-invalid=\"false\"   \/><label class='gfield_label gform-field-label' for='input_4_10'>Quel traitement vous int\u00e9resse ?<\/label><input name='input_10' id='input_4_10' type='text' value='' class='large'   tabindex='103'   aria-invalid=\"false\"   \/><label class='gfield_label gform-field-label' for='input_4_4'>Message<\/label><textarea name='input_4' id='input_4_4' class='textarea medium' tabindex='104'     aria-invalid=\"false\"   rows='10' cols='50'><\/textarea>\n         <input type='submit' id='gform_submit_button_4' class='gform_button button' onclick='gform.submission.handleButtonClick(this);' data-submission-type='submit' value='Soumettre' tabindex='105' \/> <input type='hidden' name='gform_ajax' value='form_id=4&amp;title=&amp;description=&amp;tabindex=100&amp;theme=gravity-theme&amp;styles=[]&amp;hash=4b03eabb47e0d66ebce81d98355a1853' \/>\n            <input type='hidden' class='gform_hidden' name='gform_submission_method' data-js='gform_submission_method_4' value='iframe' \/>\n            <input type='hidden' class='gform_hidden' name='gform_theme' data-js='gform_theme_4' id='gform_theme_4' value='gravity-theme' \/>\n            <input type='hidden' class='gform_hidden' name='gform_style_settings' data-js='gform_style_settings_4' id='gform_style_settings_4' value='[]' \/>\n            <input type='hidden' class='gform_hidden' name='is_submit_4' value='1' \/>\n            <input type='hidden' class='gform_hidden' name='gform_submit' value='4' \/>\n            <input type='hidden' class='gform_hidden' name='gform_unique_id' value='' \/>\n            <input type='hidden' class='gform_hidden' name='state_4' value='WyJbXSIsImRjYThkYWYzOTQ3NjAxOWQ4YzdhOWRkZWZjN2ZmYzA3Il0=' \/>\n            <input type='hidden' autocomplete='off' class='gform_hidden' name='gform_target_page_number_4' id='gform_target_page_number_4' value='0' \/>\n            <input type='hidden' autocomplete='off' class='gform_hidden' name='gform_source_page_number_4' id='gform_source_page_number_4' value='1' \/>\n            <input type='hidden' name='gform_field_values' value='' \/>\n                        <label>&#916;<textarea name=\"ak_hp_textarea\" cols=\"45\" rows=\"8\" maxlength=\"100\"><\/textarea><\/label><input type=\"hidden\" id=\"ak_js_1\" name=\"ak_js\" value=\"73\"\/><\/form>\n\t\t                <iframe style='display:none;width:0px;height:0px;' src='about:blank' name='gform_ajax_frame_4' id='gform_ajax_frame_4' title='Cette iframe contient la logique n\u00e9cessaire pour manipuler Gravity Forms avec Ajax.'><\/iframe>\n\n","protected":false},"excerpt":{"rendered":"<p>Remodelage corporel \u00e0 Gatineau, QC Dor\u00e9navant il sera plus facile d&rsquo;obtenir la silhouette id\u00e9ale en ayant recours aux proc\u00e9dures avanc\u00e9es de remodelage corporel que nous vous proposons. Que vous recherchiez un raffermissement de la peau, une tonification musculaire ou une r\u00e9duction de la graisse, nos traitements corporels non chirurgicaux offrent des solutions personnalis\u00e9es pour vous&hellip;<\/p>\n","protected":false},"author":9,"featured_media":0,"parent":0,"menu_order":0,"comment_status":"closed","ping_status":"closed","template":"","meta":{"_acf_changed":false,"_monsterinsights_skip_tracking":false,"_monsterinsights_sitenote_active":false,"_monsterinsights_sitenote_note":"","_monsterinsights_sitenote_category":0,"footnotes":""},"treatment_categories_pages":[],"class_list":["post-53412","page","type-page","status-publish","hentry"],"acf":[],"yoast_head":"<!-- This site is optimized with the Yoast SEO plugin v27.2 - https:\/\/yoast.com\/product\/yoast-seo-wordpress\/ -->\n<title>Remodelage corporel \u00e0 Gatineau, QC - MedicSPA Gatineau<\/title>\n<meta name=\"description\" content=\"MedicSPA Gatineau est fier d&#039;offrir nos traitements avanc\u00e9s de remodelage corporel pour r\u00e9duire la graisse, tonifier les muscles et raffermir la peau.\" \/>\n<meta name=\"robots\" content=\"index, follow, max-snippet:-1, max-image-preview:large, max-video-preview:-1\" \/>\n<link rel=\"canonical\" href=\"https:\/\/medicspa-gatineau.ca\/fr\/remodelage-corporel-a-gatineau-qc\/\" \/>\n<meta property=\"og:locale\" content=\"fr_FR\" \/>\n<meta property=\"og:type\" content=\"article\" \/>\n<meta property=\"og:title\" content=\"Remodelage corporel \u00e0 Gatineau, QC - MedicSPA Gatineau\" \/>\n<meta property=\"og:description\" content=\"MedicSPA Gatineau est fier d&#039;offrir nos traitements avanc\u00e9s de remodelage corporel pour r\u00e9duire la graisse, tonifier les muscles et raffermir la peau.\" \/>\n<meta property=\"og:url\" content=\"https:\/\/medicspa-gatineau.ca\/fr\/remodelage-corporel-a-gatineau-qc\/\" \/>\n<meta property=\"og:site_name\" content=\"MedicSPA Gatineau\" \/>\n<meta property=\"article:modified_time\" content=\"2025-08-26T23:31:43+00:00\" \/>\n<meta property=\"og:image\" content=\"https:\/\/medicspa-gatineau.ca\/wp-content\/uploads\/2022\/05\/Bodytite-banner.jpg\" \/>\n<meta name=\"twitter:card\" content=\"summary_large_image\" \/>\n<meta name=\"twitter:label1\" content=\"Dur\u00e9e de lecture estim\u00e9e\" \/>\n\t<meta name=\"twitter:data1\" content=\"2 minutes\" \/>\n<script type=\"application\/ld+json\" class=\"yoast-schema-graph\">{\"@context\":\"https:\/\/schema.org\",\"@graph\":[{\"@type\":\"WebPage\",\"@id\":\"https:\/\/medicspa-gatineau.ca\/fr\/remodelage-corporel-a-gatineau-qc\/\",\"url\":\"https:\/\/medicspa-gatineau.ca\/fr\/remodelage-corporel-a-gatineau-qc\/\",\"name\":\"Remodelage corporel \u00e0 Gatineau, QC - MedicSPA Gatineau\",\"isPartOf\":{\"@id\":\"https:\/\/medicspa-gatineau.ca\/fr\/#website\"},\"primaryImageOfPage\":{\"@id\":\"https:\/\/medicspa-gatineau.ca\/fr\/remodelage-corporel-a-gatineau-qc\/#primaryimage\"},\"image\":{\"@id\":\"https:\/\/medicspa-gatineau.ca\/fr\/remodelage-corporel-a-gatineau-qc\/#primaryimage\"},\"thumbnailUrl\":\"https:\/\/medicspa-gatineau.ca\/wp-content\/uploads\/2022\/05\/Bodytite-banner.jpg\",\"datePublished\":\"2025-01-06T17:32:25+00:00\",\"dateModified\":\"2025-08-26T23:31:43+00:00\",\"description\":\"MedicSPA Gatineau est fier d'offrir nos traitements avanc\u00e9s de remodelage corporel pour r\u00e9duire la graisse, tonifier les muscles et raffermir la peau.\",\"breadcrumb\":{\"@id\":\"https:\/\/medicspa-gatineau.ca\/fr\/remodelage-corporel-a-gatineau-qc\/#breadcrumb\"},\"inLanguage\":\"fr-FR\",\"potentialAction\":[{\"@type\":\"ReadAction\",\"target\":[\"https:\/\/medicspa-gatineau.ca\/fr\/remodelage-corporel-a-gatineau-qc\/\"]}]},{\"@type\":\"ImageObject\",\"inLanguage\":\"fr-FR\",\"@id\":\"https:\/\/medicspa-gatineau.ca\/fr\/remodelage-corporel-a-gatineau-qc\/#primaryimage\",\"url\":\"https:\/\/medicspa-gatineau.ca\/wp-content\/uploads\/2022\/05\/Bodytite-banner.jpg\",\"contentUrl\":\"https:\/\/medicspa-gatineau.ca\/wp-content\/uploads\/2022\/05\/Bodytite-banner.jpg\"},{\"@type\":\"BreadcrumbList\",\"@id\":\"https:\/\/medicspa-gatineau.ca\/fr\/remodelage-corporel-a-gatineau-qc\/#breadcrumb\",\"itemListElement\":[{\"@type\":\"ListItem\",\"position\":1,\"name\":\"Home\",\"item\":\"https:\/\/medicspa-gatineau.ca\/fr\/\"},{\"@type\":\"ListItem\",\"position\":2,\"name\":\"Remodelage corporel \u00e0 Gatineau, QC\"}]},{\"@type\":\"WebSite\",\"@id\":\"https:\/\/medicspa-gatineau.ca\/fr\/#website\",\"url\":\"https:\/\/medicspa-gatineau.ca\/fr\/\",\"name\":\"MedicSPA Gatineau\",\"description\":\"Dr Patricia Berbari\",\"publisher\":{\"@id\":\"https:\/\/medicspa-gatineau.ca\/fr\/#organization\"},\"potentialAction\":[{\"@type\":\"SearchAction\",\"target\":{\"@type\":\"EntryPoint\",\"urlTemplate\":\"https:\/\/medicspa-gatineau.ca\/fr\/?s={search_term_string}\"},\"query-input\":{\"@type\":\"PropertyValueSpecification\",\"valueRequired\":true,\"valueName\":\"search_term_string\"}}],\"inLanguage\":\"fr-FR\"},{\"@type\":\"Organization\",\"@id\":\"https:\/\/medicspa-gatineau.ca\/fr\/#organization\",\"name\":\"MedicSPA Gatineau\",\"url\":\"https:\/\/medicspa-gatineau.ca\/fr\/\",\"logo\":{\"@type\":\"ImageObject\",\"inLanguage\":\"fr-FR\",\"@id\":\"https:\/\/medicspa-gatineau.ca\/fr\/#\/schema\/logo\/image\/\",\"url\":\"https:\/\/medicspa-gatineau.ca\/wp-content\/uploads\/2021\/10\/Medicspa-logo_v2.png\",\"contentUrl\":\"https:\/\/medicspa-gatineau.ca\/wp-content\/uploads\/2021\/10\/Medicspa-logo_v2.png\",\"width\":500,\"height\":300,\"caption\":\"MedicSPA Gatineau\"},\"image\":{\"@id\":\"https:\/\/medicspa-gatineau.ca\/fr\/#\/schema\/logo\/image\/\"}}]}<\/script>\n<!-- \/ Yoast SEO plugin. -->","yoast_head_json":{"title":"Remodelage corporel \u00e0 Gatineau, QC - MedicSPA Gatineau","description":"MedicSPA Gatineau est fier d'offrir nos traitements avanc\u00e9s de remodelage corporel pour r\u00e9duire la graisse, tonifier les muscles et raffermir la peau.","robots":{"index":"index","follow":"follow","max-snippet":"max-snippet:-1","max-image-preview":"max-image-preview:large","max-video-preview":"max-video-preview:-1"},"canonical":"https:\/\/medicspa-gatineau.ca\/fr\/remodelage-corporel-a-gatineau-qc\/","og_locale":"fr_FR","og_type":"article","og_title":"Remodelage corporel \u00e0 Gatineau, QC - MedicSPA Gatineau","og_description":"MedicSPA Gatineau est fier d'offrir nos traitements avanc\u00e9s de remodelage corporel pour r\u00e9duire la graisse, tonifier les muscles et raffermir la peau.","og_url":"https:\/\/medicspa-gatineau.ca\/fr\/remodelage-corporel-a-gatineau-qc\/","og_site_name":"MedicSPA Gatineau","article_modified_time":"2025-08-26T23:31:43+00:00","og_image":[{"url":"https:\/\/medicspa-gatineau.ca\/wp-content\/uploads\/2022\/05\/Bodytite-banner.jpg","type":"","width":"","height":""}],"twitter_card":"summary_large_image","twitter_misc":{"Dur\u00e9e de lecture estim\u00e9e":"2 minutes"},"schema":{"@context":"https:\/\/schema.org","@graph":[{"@type":"WebPage","@id":"https:\/\/medicspa-gatineau.ca\/fr\/remodelage-corporel-a-gatineau-qc\/","url":"https:\/\/medicspa-gatineau.ca\/fr\/remodelage-corporel-a-gatineau-qc\/","name":"Remodelage corporel \u00e0 Gatineau, QC - MedicSPA Gatineau","isPartOf":{"@id":"https:\/\/medicspa-gatineau.ca\/fr\/#website"},"primaryImageOfPage":{"@id":"https:\/\/medicspa-gatineau.ca\/fr\/remodelage-corporel-a-gatineau-qc\/#primaryimage"},"image":{"@id":"https:\/\/medicspa-gatineau.ca\/fr\/remodelage-corporel-a-gatineau-qc\/#primaryimage"},"thumbnailUrl":"https:\/\/medicspa-gatineau.ca\/wp-content\/uploads\/2022\/05\/Bodytite-banner.jpg","datePublished":"2025-01-06T17:32:25+00:00","dateModified":"2025-08-26T23:31:43+00:00","description":"MedicSPA Gatineau est fier d'offrir nos traitements avanc\u00e9s de remodelage corporel pour r\u00e9duire la graisse, tonifier les muscles et raffermir la peau.","breadcrumb":{"@id":"https:\/\/medicspa-gatineau.ca\/fr\/remodelage-corporel-a-gatineau-qc\/#breadcrumb"},"inLanguage":"fr-FR","potentialAction":[{"@type":"ReadAction","target":["https:\/\/medicspa-gatineau.ca\/fr\/remodelage-corporel-a-gatineau-qc\/"]}]},{"@type":"ImageObject","inLanguage":"fr-FR","@id":"https:\/\/medicspa-gatineau.ca\/fr\/remodelage-corporel-a-gatineau-qc\/#primaryimage","url":"https:\/\/medicspa-gatineau.ca\/wp-content\/uploads\/2022\/05\/Bodytite-banner.jpg","contentUrl":"https:\/\/medicspa-gatineau.ca\/wp-content\/uploads\/2022\/05\/Bodytite-banner.jpg"},{"@type":"BreadcrumbList","@id":"https:\/\/medicspa-gatineau.ca\/fr\/remodelage-corporel-a-gatineau-qc\/#breadcrumb","itemListElement":[{"@type":"ListItem","position":1,"name":"Home","item":"https:\/\/medicspa-gatineau.ca\/fr\/"},{"@type":"ListItem","position":2,"name":"Remodelage corporel \u00e0 Gatineau, QC"}]},{"@type":"WebSite","@id":"https:\/\/medicspa-gatineau.ca\/fr\/#website","url":"https:\/\/medicspa-gatineau.ca\/fr\/","name":"MedicSPA Gatineau","description":"Dr Patricia Berbari","publisher":{"@id":"https:\/\/medicspa-gatineau.ca\/fr\/#organization"},"potentialAction":[{"@type":"SearchAction","target":{"@type":"EntryPoint","urlTemplate":"https:\/\/medicspa-gatineau.ca\/fr\/?s={search_term_string}"},"query-input":{"@type":"PropertyValueSpecification","valueRequired":true,"valueName":"search_term_string"}}],"inLanguage":"fr-FR"},{"@type":"Organization","@id":"https:\/\/medicspa-gatineau.ca\/fr\/#organization","name":"MedicSPA Gatineau","url":"https:\/\/medicspa-gatineau.ca\/fr\/","logo":{"@type":"ImageObject","inLanguage":"fr-FR","@id":"https:\/\/medicspa-gatineau.ca\/fr\/#\/schema\/logo\/image\/","url":"https:\/\/medicspa-gatineau.ca\/wp-content\/uploads\/2021\/10\/Medicspa-logo_v2.png","contentUrl":"https:\/\/medicspa-gatineau.ca\/wp-content\/uploads\/2021\/10\/Medicspa-logo_v2.png","width":500,"height":300,"caption":"MedicSPA Gatineau"},"image":{"@id":"https:\/\/medicspa-gatineau.ca\/fr\/#\/schema\/logo\/image\/"}}]}},"_links":{"self":[{"href":"https:\/\/medicspa-gatineau.ca\/fr\/wp-json\/wp\/v2\/pages\/53412","targetHints":{"allow":["GET"]}}],"collection":[{"href":"https:\/\/medicspa-gatineau.ca\/fr\/wp-json\/wp\/v2\/pages"}],"about":[{"href":"https:\/\/medicspa-gatineau.ca\/fr\/wp-json\/wp\/v2\/types\/page"}],"author":[{"embeddable":true,"href":"https:\/\/medicspa-gatineau.ca\/fr\/wp-json\/wp\/v2\/users\/9"}],"replies":[{"embeddable":true,"href":"https:\/\/medicspa-gatineau.ca\/fr\/wp-json\/wp\/v2\/comments?post=53412"}],"version-history":[{"count":6,"href":"https:\/\/medicspa-gatineau.ca\/fr\/wp-json\/wp\/v2\/pages\/53412\/revisions"}],"predecessor-version":[{"id":54142,"href":"https:\/\/medicspa-gatineau.ca\/fr\/wp-json\/wp\/v2\/pages\/53412\/revisions\/54142"}],"wp:attachment":[{"href":"https:\/\/medicspa-gatineau.ca\/fr\/wp-json\/wp\/v2\/media?parent=53412"}],"wp:term":[{"taxonomy":"treatment_categories_pages","embeddable":true,"href":"https:\/\/medicspa-gatineau.ca\/fr\/wp-json\/wp\/v2\/treatment_categories_pages?post=53412"}],"curies":[{"name":"wp","href":"https:\/\/api.w.org\/{rel}","templated":true}]}}