{"id":53352,"date":"2024-11-12T17:12:04","date_gmt":"2024-11-12T22:12:04","guid":{"rendered":"https:\/\/medicspa-gatineau.ca\/?page_id=53352"},"modified":"2025-08-13T18:19:43","modified_gmt":"2025-08-13T22:19:43","slug":"traitements-injectables-anti-age","status":"publish","type":"page","link":"https:\/\/medicspa-gatineau.ca\/fr\/traitements-injectables-anti-age\/","title":{"rendered":"Traitement Injectables Anti-Age"},"content":{"rendered":"\n\n\t\n<h1>\n\t\t\tTraitements injectables anti-\u00e2ge \u00e0 Gatineau, QC\t<\/h1>\n\t<p>Chez MedicSPA Gatineau, nous sommes ravis d&rsquo;ajouter les injectables anti-\u00e2ge \u00e0 notre liste de traitements de haute qualit\u00e9 que nous offrons.<\/p>\n<p>Pour savoir si vous \u00eates un bon candidat pour traitements injectables anti-\u00e2ge, contactez MedicSPA Gatineau au <strong><a href=\"tel:+18192437667\">(819) 243-7667<\/a><\/strong>.<\/p>\n\t\t\t<a href=\"https:\/\/medicspa-gatineau.ca\/contact\/\" target=\"_self\">\n\t\t\t\t\t\t\tContact Us\n\t\t\t\t\t<\/a>\n<h2>\n\t\t\tQu&rsquo;est-ce que les traitements injectables anti-\u00e2ge?\t<\/h2>\n\t<p>Contrairement \u00e0 d&rsquo;autres traitements cosm\u00e9tiques injectables, ce produit n&rsquo;est pas utilis\u00e9 pour restaurer la perte de volume ou remodeler le visage. Il est con\u00e7u pour hydrater et lisser la peau de l&rsquo;int\u00e9rieur. Rassurez-vous, ce traitement est \u00e0 la fois s\u00e9curitaire et efficace, offrant une hydratation pour votre visage, votre cou, vos mains et votre d\u00e9collet\u00e9.<\/p>\n\t\t\t\t<img decoding=\"async\" src=\"https:\/\/medicspa-gatineau.ca\/wp-content\/uploads\/2025\/03\/skinvive.jpg\" alt=\"Staff reading a skinvive brochure\" itemprop=\"image\" height=\"671\" width=\"900\" title=\"skinvive\" onerror=\"this.style.display='none'\" loading='lazy' \/>\n<ul>\n    <li><a href=\"#general\">Renseignements g\u00e9n\u00e9raux<\/a><\/li>\n    <li>\u2022<\/li>\n    <li><a href=\"#advantages\">Comment les injections sont-elles effectu\u00e9es?<\/a><\/li>\n    <li>\u2022<\/li>\n    <li><a href=\"#risks\">Risques et complications<\/a><\/li>\n    <li>\u2022<\/li>\n    <li><a href=\"#downtime\">temps d&rsquo;arr\u00eat<\/a><\/li>\n    <li>\u2022<\/li>\n    <li><a href=\"#results\">R\u00e9sultats<\/a><\/li>\n<\/ul>\n<p>Renseignements g\u00e9n\u00e9raux<\/p>\n\t<h2>Quels sont les avantages ? <\/h2>\n\t<p>L&rsquo;acide hyaluronique(HA),est une mol\u00e9cule pr\u00e9sente naturellement dans le corps humain. HA peut retenir pr\u00e8s de 1 000 fois son poids en eau et il est essentiel pour garder votre peau, vos yeux, vos articulations et les autres tissus hydrat\u00e9s et lubrifi\u00e9s.<\/p>\n<p>\u00c0 mesure que vous vieillissez, l&rsquo;acide hyaluronique diminue, ce qui rend votre peau plus s\u00e8che et elle para\u00eet terne, de texture in\u00e9gale et moins \u00e9lastique. Cet injectable peut changer tout cela, en reconstituant l&rsquo;hydratation et en offrant des avantages tels que :<\/p>\n<ul>\n<li aria-level=\"1\">Stimuler la production de collag\u00e8ne pour aider \u00e0 diminuer l&rsquo;apparence des rides et ridules<\/li>\n<li aria-level=\"1\">Minimiser les imperfections cutan\u00e9es telles que le teint irr\u00e9gulier et les zones rugueuses, pour une peau plus lisse et d&rsquo;apparence plus jeune<\/li>\n<li aria-level=\"1\">Augmenter l&rsquo;\u00e9lasticit\u00e9 de la peau et r\u00e9duire le rel\u00e2chement gr\u00e2ce \u00e0 une meilleure hydratation et \u00e0 une stimulation du collag\u00e8ne<\/li>\n<li aria-level=\"1\">Fournir une hydratation durable pour aider \u00e0 garder la peau souple et jeune.<\/li>\n<li aria-level=\"1\">Soutenir la fonction barri\u00e8re de la peau pour \u00e9viter les dommages environnementaux<\/li>\n<\/ul>\n<p>Cet injectable est \u00e9galement polyvalent, offrant une hydratation pour votre visage, votre cou, vos mains et votre d\u00e9collet\u00e9.<\/p>\n\t<style>\n    .service-specs > div {\n        display:flex;\n        align-items:center;\n        padding-bottom:10px;\n    }\n    .specs-icons {\n        width:50px;\n    }\n    .service-specs svg {\n        fill:#404040; max-width:60px; max-height:30px!important;  padding-right:20px;\n    }\n<\/style>\n            <p>Body area treated:<\/p>\n            <p>Face, neck, decollete, hands<\/p>\n            <p>Procedure length:<\/p>\n            <p>15 minutes<\/p>\n            <p>Recovery time:<\/p>\n            <p>Immediate<\/p>\n            <p>Visible results:<\/p>\n            <p>Immediate<\/p>\n    <!--\n         -->\n            <p>Number of sessions:<\/p>\n            <p>Every 6 months<\/p>\n    <!-- \n         -->\n            <p>Potential risks:<\/p>\n            <p>Bruising, Lumps, Swelling, Redness, Allergic Reaction<\/p>\n            <p>For more details discuss with the doctor, not all effects and complications are listed<\/p>\n\t<p>Comment se d\u00e9roulent les injections<\/p>\n\t<h2>Comment se d\u00e9roulent les injections?<\/h2>\n\t<p>Les injections utilisent une approche intradermique, c&rsquo;est-\u00e0-dire qu&rsquo;elles sont plac\u00e9es juste sous la surface de votre peau. Les microgouttelettes sont inject\u00e9es strat\u00e9giquement sous l&rsquo;\u00e9piderme dans une grille \u00e0 travers la zone de traitement, o\u00f9 elles se diffusent sous votre peau, attirant l&rsquo;eau et renfor\u00e7ant l&rsquo;hydratation.<\/p>\n<p>La proc\u00e9dure dure environ 15 minutes et, comme pour les autres traitements injectables, une cr\u00e8me anesth\u00e9siante topique est utilis\u00e9e au besoin pour assurer votre confort.<\/p>\n\t\t\t\t<img decoding=\"async\" src=\"https:\/\/medicspa-gatineau.ca\/wp-content\/uploads\/2024\/11\/SKINVIVE\u2122-by-JUVEDERM\u00ae-1-Before.png\" alt=\"* Ces photos sont publi\u00e9es \u00e0 titre indicatif afin de fournir l'information sur la nature de l'intervention. Elles ne constituent aucunement une garantie de r\u00e9sultat.\" itemprop=\"image\" height=\"1505\" width=\"2004\" title=\"SKINVIVE\u2122 by JUVE\u0301DERM\u00ae 1 Before\" onerror=\"this.style.display='none'\" loading='lazy' \/>\n\t\t* Ces photos sont publi\u00e9es \u00e0 titre indicatif afin de fournir l&rsquo;information sur la nature de l&rsquo;intervention. Elles ne constituent aucunement une garantie de r\u00e9sultat.\n\t\t\t\t<img decoding=\"async\" src=\"https:\/\/medicspa-gatineau.ca\/wp-content\/uploads\/2025\/06\/SKINVIVE\u2122-by-JUVEDERM\u00ae-1-After.png\" alt=\"* Ces photos sont publi\u00e9es \u00e0 titre indicatif afin de fournir l'information sur la nature de l'intervention. Elles ne constituent aucunement une garantie de r\u00e9sultat.\" itemprop=\"image\" height=\"652\" width=\"800\" onerror=\"this.style.display='none'\" loading='lazy' \/>\n\t\t* Ces photos sont publi\u00e9es \u00e0 titre indicatif afin de fournir l&rsquo;information sur la nature de l&rsquo;intervention. Elles ne constituent aucunement une garantie de r\u00e9sultat.\n\t<p>Risques et complications<\/p>\n\t<h2>Y a-t-il des risques ou des complications?<\/h2>\n\t<p>Comme pour tout traitement injectable, cet injectable comporte des risques et\u00a0 des complications, m\u00eame si celles-ci sont g\u00e9n\u00e9ralement mineures. Certains effets secondaires peuvent inclure :<\/p>\n<ul>\n<li aria-level=\"1\">Gonflement, d\u00e9mangeaisons ou rougeur au site d&rsquo;injection<\/li>\n<li aria-level=\"1\">Ecchymoses ou sensibilit\u00e9 mineures<\/li>\n<li aria-level=\"1\">Fermet\u00e9, grumeaux ou bosses<\/li>\n<li aria-level=\"1\">R\u00e9action allergique<\/li>\n<\/ul>\n<p>Si vous ressentez des effets secondaires, ils disparaissent g\u00e9n\u00e9ralement d&rsquo;eux-m\u00eames en une semaine ou deux.<\/p>\n\t<p>temps d&rsquo;arr\u00eat<\/p>\n\t<h2>Y a-t-il un temps d&rsquo;arr\u00eat apr\u00e8s le traitement ?<\/h2>\n\t<p>Comme beaucoup de traitements injectables, l&rsquo;un des avantages est qu&rsquo;il ne n\u00e9cessite aucun temps d&rsquo;arr\u00eat. Une fois votre traitement termin\u00e9, vous pouvez vaquer \u00e0 vos occupations sans aucune restriction.<\/p>\n\t<p>R\u00e9sultats<\/p>\n\t<h2>Quand vais-je voir les r\u00e9sultats ?<\/h2>\n\t<p>Vous pouvez vous attendre \u00e0 constater une am\u00e9lioration notable de l&rsquo;apparence de votre peau imm\u00e9diatement apr\u00e8s le traitement. \u00c0 mesure que l&rsquo;acide hyaluronique continue d&rsquo;op\u00e9rer son action, vous constaterez des am\u00e9liorations encore plus significatives. Vos r\u00e9sultats finaux, notamment une peau plus lisse et plus hydrat\u00e9e avec des rides et ridules r\u00e9duites, se d\u00e9velopperont en une \u00e0 deux semaines suivant votre traitement.<\/p>\n<p>Les r\u00e9sultats \u00e9clatants de votre traitement durent g\u00e9n\u00e9ralement jusqu&rsquo;\u00e0 six mois.<\/p>\n\t\t\t\t<img decoding=\"async\" src=\"https:\/\/medicspa-gatineau.ca\/wp-content\/uploads\/2025\/06\/SKINVIVE\u2122-by-JUVEDERM\u00ae.jpg\" alt=\"* Ces photos sont publi\u00e9es \u00e0 titre indicatif afin de fournir l'information sur la nature de l'intervention. Elles ne constituent aucunement une garantie de r\u00e9sultat.\" itemprop=\"image\" height=\"729\" width=\"800\" onerror=\"this.style.display='none'\" loading='lazy' \/>\n\t\t* Ces photos sont publi\u00e9es \u00e0 titre indicatif afin de fournir l&rsquo;information sur la nature de l&rsquo;intervention. Elles ne constituent aucunement une garantie de r\u00e9sultat.\n\t<p>MedicSpa Gatineau<\/p>\n\t<h2>Pourquoi devrais-je choisir MedicSPA Gatineau?<\/h2>\n\t<p>Chez MedicSPA Gatineau, notre \u00e9quipe de professionnels en esth\u00e9tique est dirig\u00e9e par la chirurgienne plastique Dr Patricia Berbari..<\/p>\n<p>Dr Berbari est \u00e9galement l&rsquo;ancienne pr\u00e9sident de la Soci\u00e9t\u00e9 canadienne des sp\u00e9cialistes du laser et de l&rsquo;esth\u00e9tique (C.L.A.S.S.) et membre de plusieurs soci\u00e9t\u00e9s, notamment :<\/p>\n<ul>\n<li aria-level=\"1\">Coll\u00e8ge des m\u00e9decins du Qu\u00e9bec<\/li>\n<li aria-level=\"1\">Association des sp\u00e9cialistes en chirurgie plastique et esth\u00e9tique du Qu\u00e9bec<\/li>\n<li aria-level=\"1\">Coll\u00e8ge royal des m\u00e9decins et chirurgiens du Canada<\/li>\n<li aria-level=\"1\">Soci\u00e9t\u00e9 canadienne des sp\u00e9cialistes du laser et de l&rsquo;esth\u00e9tique<\/li>\n<li aria-level=\"1\">Soci\u00e9t\u00e9 internationale de chirurgie plastique et esth\u00e9tique<\/li>\n<\/ul>\n<p>Dr Berbari est un injectrice experte poss\u00e9dant une vaste exp\u00e9rience et rencontre chaque nouveau patient lors de sa premi\u00e8re consultation, r\u00e9pondant aux questions et proposant des recommandations sur le ou les traitements qu&rsquo;ils d\u00e9sirent.<\/p>\n<p>Dr Berbari et le personnel hautement qualifi\u00e9 et exp\u00e9riment\u00e9 de MedicSPA Gatineau restent \u00e0 la fine pointe des produits et proc\u00e9dures cosm\u00e9tiques gr\u00e2ce \u00e0 une formation continue en esth\u00e9tique m\u00e9dicale. Ainsi, vous pouvez \u00eatre s\u00fbr(e) que vous recevez les traitements les plus s\u00e9curitaires et les plus efficaces disponibles.<\/p>\n\t\t\t\t<img decoding=\"async\" src=\"https:\/\/medicspa-gatineau.ca\/wp-content\/uploads\/2023\/07\/Dermal-filer-Dr-Berbari.jpg\" alt=\"Dermal-filer-Dr-Berbari\" itemprop=\"image\" title=\"Dermal-filer-Dr-Berbari\" onerror=\"this.style.display='none'\" loading='lazy' \/>\n<h2>\n\t\t\tApprenez-en davantage sur traitements injectables anti-\u00e2ge \u00e0 Gatineau, QC\t<\/h2>\n\t<p>Lorsque vous serez pr\u00eat(e) \u00e0 rajeunir votre peau par l&rsquo;int\u00e9rieur, il est temps de r\u00e9fl\u00e9chir \u00e0 ce que les traitements injectables anti-\u00e2ge peuvent faire pour vous. Pour en savoir plus \u00e0 ce sujet et sur les autres traitements offerts au MedicSPA Gatineau, appelez le <strong><a href=\"tel:+18192437667\">(819) 243-7667<\/a><\/strong>\u00a0d\u00e8s aujourd&rsquo;hui pour planifier une consultation. N&rsquo;attendez pas. Faites le premier pas vers une peau plus saine et plus jeune d\u00e8s aujourd&rsquo;hui !<\/p>\n                <form method='post' enctype='multipart\/form-data' target='gform_ajax_frame_4' id='gform_4'  action='https:\/\/medicspa-gatineau.ca\/fr\/traitements-injectables-anti-age\/?fl_builder&#038;fl_builder_ui_iframe#gf_4' data-formid='4' novalidate>\n                        <label class='gfield_label gform-field-label' for='input_4_1'>Nom(N\u00e9cessaire)<\/label><input name='input_1' id='input_4_1' type='text' value='' class='large'   tabindex='100'  aria-required=\"true\" aria-invalid=\"false\"   \/><label class='gfield_label gform-field-label' for='input_4_2'>Adresse de courriel(N\u00e9cessaire)<\/label>\n                            <input name='input_2' id='input_4_2' type='email' value='' class='large' tabindex='101'   aria-required=\"true\" aria-invalid=\"false\"  \/>\n                        <label class='gfield_label gform-field-label' for='input_4_3'>T\u00e9l\u00e9phone(N\u00e9cessaire)<\/label><input name='input_3' id='input_4_3' type='tel' value='' class='large' tabindex='102'  aria-required=\"true\" aria-invalid=\"false\"   \/><label class='gfield_label gform-field-label' for='input_4_10'>Quel traitement vous int\u00e9resse ?<\/label><input name='input_10' id='input_4_10' type='text' value='' class='large'   tabindex='103'   aria-invalid=\"false\"   \/><label class='gfield_label gform-field-label' for='input_4_4'>Message<\/label><textarea name='input_4' id='input_4_4' class='textarea medium' tabindex='104'     aria-invalid=\"false\"   rows='10' cols='50'><\/textarea>\n         <input type='submit' id='gform_submit_button_4' class='gform_button button' onclick='gform.submission.handleButtonClick(this);' data-submission-type='submit' value='Soumettre' tabindex='105' \/> <input type='hidden' name='gform_ajax' value='form_id=4&amp;title=&amp;description=&amp;tabindex=100&amp;theme=gravity-theme&amp;styles=[]&amp;hash=4b03eabb47e0d66ebce81d98355a1853' \/>\n            <input type='hidden' class='gform_hidden' name='gform_submission_method' data-js='gform_submission_method_4' value='iframe' \/>\n            <input type='hidden' class='gform_hidden' name='gform_theme' data-js='gform_theme_4' id='gform_theme_4' value='gravity-theme' \/>\n            <input type='hidden' class='gform_hidden' name='gform_style_settings' data-js='gform_style_settings_4' id='gform_style_settings_4' value='[]' \/>\n            <input type='hidden' class='gform_hidden' name='is_submit_4' value='1' \/>\n            <input type='hidden' class='gform_hidden' name='gform_submit' value='4' \/>\n            <input type='hidden' class='gform_hidden' name='gform_unique_id' value='' \/>\n            <input type='hidden' class='gform_hidden' name='state_4' value='WyJbXSIsImRjYThkYWYzOTQ3NjAxOWQ4YzdhOWRkZWZjN2ZmYzA3Il0=' \/>\n            <input type='hidden' autocomplete='off' class='gform_hidden' name='gform_target_page_number_4' id='gform_target_page_number_4' value='0' \/>\n            <input type='hidden' autocomplete='off' class='gform_hidden' name='gform_source_page_number_4' id='gform_source_page_number_4' value='1' \/>\n            <input type='hidden' name='gform_field_values' value='' \/>\n                        <label>&#916;<textarea name=\"ak_hp_textarea\" cols=\"45\" rows=\"8\" maxlength=\"100\"><\/textarea><\/label><input type=\"hidden\" id=\"ak_js_1\" name=\"ak_js\" value=\"145\"\/><\/form>\n\t\t                <iframe style='display:none;width:0px;height:0px;' src='about:blank' name='gform_ajax_frame_4' id='gform_ajax_frame_4' title='Cette iframe contient la logique n\u00e9cessaire pour manipuler Gravity Forms avec Ajax.'><\/iframe>\n\n","protected":false},"excerpt":{"rendered":"<p>Traitements injectables anti-\u00e2ge \u00e0 Gatineau, QC Chez MedicSPA Gatineau, nous sommes ravis d&rsquo;ajouter les injectables anti-\u00e2ge \u00e0 notre liste de traitements de haute qualit\u00e9 que nous offrons. Pour savoir si vous \u00eates un bon candidat pour traitements injectables anti-\u00e2ge, contactez MedicSPA Gatineau au (819) 243-7667. Contact Us Qu&rsquo;est-ce que les traitements injectables anti-\u00e2ge? Contrairement \u00e0&hellip;<\/p>\n","protected":false},"author":9,"featured_media":53324,"parent":0,"menu_order":0,"comment_status":"closed","ping_status":"closed","template":"","meta":{"_acf_changed":false,"_monsterinsights_skip_tracking":false,"_monsterinsights_sitenote_active":false,"_monsterinsights_sitenote_note":"","_monsterinsights_sitenote_category":0,"footnotes":""},"treatment_categories_pages":[33,35,27],"class_list":["post-53352","page","type-page","status-publish","has-post-thumbnail","hentry","treatment_categories_pages-acne","treatment_categories_pages-hollow-undereye","treatment_categories_pages-wrinkles"],"acf":[],"yoast_head":"<!-- This site is optimized with the Yoast SEO plugin v27.2 - https:\/\/yoast.com\/product\/yoast-seo-wordpress\/ -->\n<title>Traitement Injectables Anti-Age in Ottawa - MedicSPA Gatineau<\/title>\n<meta name=\"description\" content=\"Augmentez le volume de la peau avec des produits de comblement dermique pour obtenir des l\u00e8vres charnues, des rides r\u00e9duites et des traits du visage plus fournis. Apprendre encore plus.\" \/>\n<meta name=\"robots\" content=\"index, follow, max-snippet:-1, max-image-preview:large, max-video-preview:-1\" \/>\n<link rel=\"canonical\" href=\"https:\/\/medicspa-gatineau.ca\/fr\/traitements-injectables-anti-age\/\" \/>\n<meta property=\"og:locale\" content=\"fr_FR\" \/>\n<meta property=\"og:type\" content=\"article\" \/>\n<meta property=\"og:title\" content=\"Traitement Injectables Anti-Age in Ottawa - MedicSPA Gatineau\" \/>\n<meta property=\"og:description\" content=\"Augmentez le volume de la peau avec des produits de comblement dermique pour obtenir des l\u00e8vres charnues, des rides r\u00e9duites et des traits du visage plus fournis. Apprendre encore plus.\" \/>\n<meta property=\"og:url\" content=\"https:\/\/medicspa-gatineau.ca\/fr\/traitements-injectables-anti-age\/\" \/>\n<meta property=\"og:site_name\" content=\"MedicSPA Gatineau\" \/>\n<meta property=\"article:modified_time\" content=\"2025-08-13T22:19:43+00:00\" \/>\n<meta property=\"og:image\" content=\"https:\/\/medicspa-gatineau.ca\/wp-content\/uploads\/2024\/11\/skinvive-hero-model.jpg\" \/>\n\t<meta property=\"og:image:width\" content=\"1799\" \/>\n\t<meta property=\"og:image:height\" content=\"1200\" \/>\n\t<meta property=\"og:image:type\" content=\"image\/jpeg\" \/>\n<meta name=\"twitter:card\" content=\"summary_large_image\" \/>\n<meta name=\"twitter:label1\" content=\"Dur\u00e9e de lecture estim\u00e9e\" \/>\n\t<meta name=\"twitter:data1\" content=\"5 minutes\" \/>\n<script type=\"application\/ld+json\" class=\"yoast-schema-graph\">{\"@context\":\"https:\/\/schema.org\",\"@graph\":[{\"@type\":\"WebPage\",\"@id\":\"https:\/\/medicspa-gatineau.ca\/fr\/traitements-injectables-anti-age\/\",\"url\":\"https:\/\/medicspa-gatineau.ca\/fr\/traitements-injectables-anti-age\/\",\"name\":\"Traitement Injectables Anti-Age in Ottawa - MedicSPA Gatineau\",\"isPartOf\":{\"@id\":\"https:\/\/medicspa-gatineau.ca\/fr\/#website\"},\"primaryImageOfPage\":{\"@id\":\"https:\/\/medicspa-gatineau.ca\/fr\/traitements-injectables-anti-age\/#primaryimage\"},\"image\":{\"@id\":\"https:\/\/medicspa-gatineau.ca\/fr\/traitements-injectables-anti-age\/#primaryimage\"},\"thumbnailUrl\":\"https:\/\/medicspa-gatineau.ca\/wp-content\/uploads\/2024\/11\/skinvive-hero-model.jpg\",\"datePublished\":\"2024-11-12T22:12:04+00:00\",\"dateModified\":\"2025-08-13T22:19:43+00:00\",\"description\":\"Augmentez le volume de la peau avec des produits de comblement dermique pour obtenir des l\u00e8vres charnues, des rides r\u00e9duites et des traits du visage plus fournis. Apprendre encore plus.\",\"breadcrumb\":{\"@id\":\"https:\/\/medicspa-gatineau.ca\/fr\/traitements-injectables-anti-age\/#breadcrumb\"},\"inLanguage\":\"fr-FR\",\"potentialAction\":[{\"@type\":\"ReadAction\",\"target\":[\"https:\/\/medicspa-gatineau.ca\/fr\/traitements-injectables-anti-age\/\"]}]},{\"@type\":\"ImageObject\",\"inLanguage\":\"fr-FR\",\"@id\":\"https:\/\/medicspa-gatineau.ca\/fr\/traitements-injectables-anti-age\/#primaryimage\",\"url\":\"https:\/\/medicspa-gatineau.ca\/wp-content\/uploads\/2024\/11\/skinvive-hero-model.jpg\",\"contentUrl\":\"https:\/\/medicspa-gatineau.ca\/wp-content\/uploads\/2024\/11\/skinvive-hero-model.jpg\",\"width\":1799,\"height\":1200,\"caption\":\"W\"},{\"@type\":\"BreadcrumbList\",\"@id\":\"https:\/\/medicspa-gatineau.ca\/fr\/traitements-injectables-anti-age\/#breadcrumb\",\"itemListElement\":[{\"@type\":\"ListItem\",\"position\":1,\"name\":\"Home\",\"item\":\"https:\/\/medicspa-gatineau.ca\/fr\/\"},{\"@type\":\"ListItem\",\"position\":2,\"name\":\"Traitement Injectables Anti-Age\"}]},{\"@type\":\"WebSite\",\"@id\":\"https:\/\/medicspa-gatineau.ca\/fr\/#website\",\"url\":\"https:\/\/medicspa-gatineau.ca\/fr\/\",\"name\":\"MedicSPA Gatineau\",\"description\":\"Dr Patricia Berbari\",\"publisher\":{\"@id\":\"https:\/\/medicspa-gatineau.ca\/fr\/#organization\"},\"potentialAction\":[{\"@type\":\"SearchAction\",\"target\":{\"@type\":\"EntryPoint\",\"urlTemplate\":\"https:\/\/medicspa-gatineau.ca\/fr\/?s={search_term_string}\"},\"query-input\":{\"@type\":\"PropertyValueSpecification\",\"valueRequired\":true,\"valueName\":\"search_term_string\"}}],\"inLanguage\":\"fr-FR\"},{\"@type\":\"Organization\",\"@id\":\"https:\/\/medicspa-gatineau.ca\/fr\/#organization\",\"name\":\"MedicSPA Gatineau\",\"url\":\"https:\/\/medicspa-gatineau.ca\/fr\/\",\"logo\":{\"@type\":\"ImageObject\",\"inLanguage\":\"fr-FR\",\"@id\":\"https:\/\/medicspa-gatineau.ca\/fr\/#\/schema\/logo\/image\/\",\"url\":\"https:\/\/medicspa-gatineau.ca\/wp-content\/uploads\/2021\/10\/Medicspa-logo_v2.png\",\"contentUrl\":\"https:\/\/medicspa-gatineau.ca\/wp-content\/uploads\/2021\/10\/Medicspa-logo_v2.png\",\"width\":500,\"height\":300,\"caption\":\"MedicSPA Gatineau\"},\"image\":{\"@id\":\"https:\/\/medicspa-gatineau.ca\/fr\/#\/schema\/logo\/image\/\"}}]}<\/script>\n<!-- \/ Yoast SEO plugin. -->","yoast_head_json":{"title":"Traitement Injectables Anti-Age in Ottawa - MedicSPA Gatineau","description":"Augmentez le volume de la peau avec des produits de comblement dermique pour obtenir des l\u00e8vres charnues, des rides r\u00e9duites et des traits du visage plus fournis. Apprendre encore plus.","robots":{"index":"index","follow":"follow","max-snippet":"max-snippet:-1","max-image-preview":"max-image-preview:large","max-video-preview":"max-video-preview:-1"},"canonical":"https:\/\/medicspa-gatineau.ca\/fr\/traitements-injectables-anti-age\/","og_locale":"fr_FR","og_type":"article","og_title":"Traitement Injectables Anti-Age in Ottawa - MedicSPA Gatineau","og_description":"Augmentez le volume de la peau avec des produits de comblement dermique pour obtenir des l\u00e8vres charnues, des rides r\u00e9duites et des traits du visage plus fournis. Apprendre encore plus.","og_url":"https:\/\/medicspa-gatineau.ca\/fr\/traitements-injectables-anti-age\/","og_site_name":"MedicSPA Gatineau","article_modified_time":"2025-08-13T22:19:43+00:00","og_image":[{"width":1799,"height":1200,"url":"https:\/\/medicspa-gatineau.ca\/wp-content\/uploads\/2024\/11\/skinvive-hero-model.jpg","type":"image\/jpeg"}],"twitter_card":"summary_large_image","twitter_misc":{"Dur\u00e9e de lecture estim\u00e9e":"5 minutes"},"schema":{"@context":"https:\/\/schema.org","@graph":[{"@type":"WebPage","@id":"https:\/\/medicspa-gatineau.ca\/fr\/traitements-injectables-anti-age\/","url":"https:\/\/medicspa-gatineau.ca\/fr\/traitements-injectables-anti-age\/","name":"Traitement Injectables Anti-Age in Ottawa - MedicSPA Gatineau","isPartOf":{"@id":"https:\/\/medicspa-gatineau.ca\/fr\/#website"},"primaryImageOfPage":{"@id":"https:\/\/medicspa-gatineau.ca\/fr\/traitements-injectables-anti-age\/#primaryimage"},"image":{"@id":"https:\/\/medicspa-gatineau.ca\/fr\/traitements-injectables-anti-age\/#primaryimage"},"thumbnailUrl":"https:\/\/medicspa-gatineau.ca\/wp-content\/uploads\/2024\/11\/skinvive-hero-model.jpg","datePublished":"2024-11-12T22:12:04+00:00","dateModified":"2025-08-13T22:19:43+00:00","description":"Augmentez le volume de la peau avec des produits de comblement dermique pour obtenir des l\u00e8vres charnues, des rides r\u00e9duites et des traits du visage plus fournis. Apprendre encore plus.","breadcrumb":{"@id":"https:\/\/medicspa-gatineau.ca\/fr\/traitements-injectables-anti-age\/#breadcrumb"},"inLanguage":"fr-FR","potentialAction":[{"@type":"ReadAction","target":["https:\/\/medicspa-gatineau.ca\/fr\/traitements-injectables-anti-age\/"]}]},{"@type":"ImageObject","inLanguage":"fr-FR","@id":"https:\/\/medicspa-gatineau.ca\/fr\/traitements-injectables-anti-age\/#primaryimage","url":"https:\/\/medicspa-gatineau.ca\/wp-content\/uploads\/2024\/11\/skinvive-hero-model.jpg","contentUrl":"https:\/\/medicspa-gatineau.ca\/wp-content\/uploads\/2024\/11\/skinvive-hero-model.jpg","width":1799,"height":1200,"caption":"W"},{"@type":"BreadcrumbList","@id":"https:\/\/medicspa-gatineau.ca\/fr\/traitements-injectables-anti-age\/#breadcrumb","itemListElement":[{"@type":"ListItem","position":1,"name":"Home","item":"https:\/\/medicspa-gatineau.ca\/fr\/"},{"@type":"ListItem","position":2,"name":"Traitement Injectables Anti-Age"}]},{"@type":"WebSite","@id":"https:\/\/medicspa-gatineau.ca\/fr\/#website","url":"https:\/\/medicspa-gatineau.ca\/fr\/","name":"MedicSPA Gatineau","description":"Dr Patricia Berbari","publisher":{"@id":"https:\/\/medicspa-gatineau.ca\/fr\/#organization"},"potentialAction":[{"@type":"SearchAction","target":{"@type":"EntryPoint","urlTemplate":"https:\/\/medicspa-gatineau.ca\/fr\/?s={search_term_string}"},"query-input":{"@type":"PropertyValueSpecification","valueRequired":true,"valueName":"search_term_string"}}],"inLanguage":"fr-FR"},{"@type":"Organization","@id":"https:\/\/medicspa-gatineau.ca\/fr\/#organization","name":"MedicSPA Gatineau","url":"https:\/\/medicspa-gatineau.ca\/fr\/","logo":{"@type":"ImageObject","inLanguage":"fr-FR","@id":"https:\/\/medicspa-gatineau.ca\/fr\/#\/schema\/logo\/image\/","url":"https:\/\/medicspa-gatineau.ca\/wp-content\/uploads\/2021\/10\/Medicspa-logo_v2.png","contentUrl":"https:\/\/medicspa-gatineau.ca\/wp-content\/uploads\/2021\/10\/Medicspa-logo_v2.png","width":500,"height":300,"caption":"MedicSPA Gatineau"},"image":{"@id":"https:\/\/medicspa-gatineau.ca\/fr\/#\/schema\/logo\/image\/"}}]}},"_links":{"self":[{"href":"https:\/\/medicspa-gatineau.ca\/fr\/wp-json\/wp\/v2\/pages\/53352","targetHints":{"allow":["GET"]}}],"collection":[{"href":"https:\/\/medicspa-gatineau.ca\/fr\/wp-json\/wp\/v2\/pages"}],"about":[{"href":"https:\/\/medicspa-gatineau.ca\/fr\/wp-json\/wp\/v2\/types\/page"}],"author":[{"embeddable":true,"href":"https:\/\/medicspa-gatineau.ca\/fr\/wp-json\/wp\/v2\/users\/9"}],"replies":[{"embeddable":true,"href":"https:\/\/medicspa-gatineau.ca\/fr\/wp-json\/wp\/v2\/comments?post=53352"}],"version-history":[{"count":18,"href":"https:\/\/medicspa-gatineau.ca\/fr\/wp-json\/wp\/v2\/pages\/53352\/revisions"}],"predecessor-version":[{"id":54121,"href":"https:\/\/medicspa-gatineau.ca\/fr\/wp-json\/wp\/v2\/pages\/53352\/revisions\/54121"}],"wp:featuredmedia":[{"embeddable":true,"href":"https:\/\/medicspa-gatineau.ca\/fr\/wp-json\/wp\/v2\/media\/53324"}],"wp:attachment":[{"href":"https:\/\/medicspa-gatineau.ca\/fr\/wp-json\/wp\/v2\/media?parent=53352"}],"wp:term":[{"taxonomy":"treatment_categories_pages","embeddable":true,"href":"https:\/\/medicspa-gatineau.ca\/fr\/wp-json\/wp\/v2\/treatment_categories_pages?post=53352"}],"curies":[{"name":"wp","href":"https:\/\/api.w.org\/{rel}","templated":true}]}}