{"id":52757,"date":"2023-12-08T16:01:04","date_gmt":"2023-12-08T21:01:04","guid":{"rendered":"https:\/\/medicspa-gatineau.ca\/?page_id=52757"},"modified":"2025-08-13T18:26:17","modified_gmt":"2025-08-13T22:26:17","slug":"traitement-par-radiofrequence-non-invasif","status":"publish","type":"page","link":"https:\/\/medicspa-gatineau.ca\/fr\/traitement-par-radiofrequence-non-invasif\/","title":{"rendered":"Traitement par radiofr\u00e9quence non invasif"},"content":{"rendered":"\n\n\t\n<h1>\n\t\t\tTraitements par radiofr\u00e9quence non invasifs \u00e0 Gatineau, QC\t<\/h1>\n<h3>\n\t\t\tUne peau l\u00e2che et affaiss\u00e9e peut contribuer \u00e0 l&rsquo;apparition de rides et de ridules, de contours ind\u00e9finis et d&rsquo;une apparence globalement vieillie. \u00c0 mesure que la production de collag\u00e8ne diminue, nous constatons davantage de ces signes emb\u00eatants du vieillissement.\t<\/h3>\n\t<p>Plut\u00f4t que de subir des mesures invasives comme une chirurgie de lifting pour lutter contre cela, MedicSPA Gatineau a une option moins drastique : radiofr\u00e9quence non invasive. Utilisant une technologie de radiofr\u00e9quence r\u00e9volutionnaire pour chauffer en douceur les couches profondes de la peau, ce traitement augmente sans douleur la production de collag\u00e8ne dans la peau pour des r\u00e9sultats rajeunissants et raffermissants.<\/p>\n<p>Dr Patricia Berbari et son \u00e9quipe du MedicSPA Gatineau sont fiers d&rsquo;offrir ce traitement de raffermissement cutan\u00e9 approuv\u00e9 par la FDA et Sant\u00e9 Canada qui am\u00e9liore les rides et ridules, augmente l&rsquo;\u00e9lasticit\u00e9 de la peau et fournit une bonne dose de collag\u00e8ne pour une peau revitalis\u00e9e et plus jeune. visage, cou et m\u00e2choire.<\/p>\n<p>Contactez MedicSPA Gatineau au <strong><a href=\"tel:+18192437667\">(819) 243-7667<\/a><\/strong>\u00a0pour savoir comment les traitements radiofr\u00e9quence non invasifs peuvent vous aider \u00e0 atteindre vos objectifs esth\u00e9tiques.<\/p>\n\t\t\t<a href=\"https:\/\/medicspa-gatineau.ca\/contact\/\" target=\"_self\">\n\t\t\t\t\t\t\tContact Us\n\t\t\t\t\t<\/a>\n<h2>\n\t\t\tQu&rsquo;est-ce que la radiofr\u00e9quence non invasive ?\t<\/h2>\n\t<p>Ce traitement non invasif de raffermissement de la peau, qui cible le rel\u00e2chement cutan\u00e9 et les rides, sans aiguilles ni incisions. Utilisant la technologie des radiofr\u00e9quences (RF) pour cibler le derme et les tissus sous cutan\u00e9s, ce traitement p\u00e9n\u00e8tre sans douleur dans les couches plus profondes de la peau et des tissus, en utilisant doucement la chaleur pour favoriser la production de collag\u00e8ne.<\/p>\n<p>Le collag\u00e8ne est la prot\u00e9ine la plus abondante de la peau et du corps, et il est responsable de l&rsquo;effet rajeunissant. Mais \u00e0 mesure que nous vieillissons, notre corps commence \u00e0 produire moins de cette prot\u00e9ine essentielle. C&rsquo;est pourquoi nous commen\u00e7ons \u00e0 constater une perte de volume et d&rsquo;\u00e9lasticit\u00e9 de la peau, ainsi qu&rsquo;une augmentation des rides, des plis et du rel\u00e2chement cutan\u00e9.<\/p>\n<p>Radiofr\u00e9quence non invasive aide \u00e0 lutter contre le processus de vieillissement en augmentant la production de collag\u00e8ne. \u00c0 mesure que le collag\u00e8ne augmente, les rides et ridules deviennent moins apparentes ; la peau semble plus saine.<\/p>\n\t\t\t\t<img decoding=\"async\" src=\"https:\/\/medicspa-gatineau.ca\/wp-content\/uploads\/2024\/03\/forma.jpg\" alt=\"Forma\" itemprop=\"image\" height=\"1274\" width=\"850\" title=\"forma\" onerror=\"this.style.display='none'\" loading='lazy' \/>\n<ul>\n    <li><a href=\"#other-uses\">avantages<\/a><\/li>\n    <li>\u2022<\/li>\n     <li><a href=\"#general\">traitements<\/a><\/li>\n    <li>\u2022<\/li>\n    <li><a href=\"#risks\">Risques<\/a><\/li>\n      <li>\u2022<\/li>\n    <li><a href=\"#downtime\">Temps d&rsquo;arr\u00eat<\/a><\/li>\n    <li>\u2022<\/li>\n    <li><a href=\"#recovery\">R\u00e9sultats<\/a><\/li>\n<\/ul>\n\t<p>Avantages<\/p>\n\t<h2>Quels sont les avantages de radiofr\u00e9quence non invasive?<\/h2>\n\t<p>La radiofr\u00e9quence non invasive a la capacit\u00e9 de raffermir la peau, d&rsquo;am\u00e9liorer sa douceur et de restaurer son \u00e9lasticit\u00e9. Ce traitement r\u00e9volutionnaire donne des r\u00e9sultats sans avoir recours \u00e0 des traitements invasifs tels qu&rsquo;une chirurgie de lifting. Cela peut \u00e9galement constituer une fantastique option de pr\u00e9vention pour les patients plus jeunes qui cherchent \u00e0  maintenir leur bien-\u00eatre esth\u00e9tique.<\/p>\n<p>Les avantages incluent :<\/p>\n<ul>\n<li aria-level=\"1\">Resserre la peau l\u00e2che et affaiss\u00e9e du visage, du cou et des bajoues<\/li>\n<li aria-level=\"1\">Augmente la production de collag\u00e8ne pour un rajeunissement complet de la peau<\/li>\n<li aria-level=\"1\">Am\u00e9liore les contours creux dus \u00e0 la perte de volume<\/li>\n<li aria-level=\"1\">Lisse la peau et minimise l&rsquo;apparence des rides et ridules<\/li>\n<li aria-level=\"1\">Des s\u00e9ances confortables et sans douleur<\/li>\n<li aria-level=\"1\">Pas de temps d&rsquo;arr\u00eat ni de r\u00e9cup\u00e9ration<\/li>\n<li aria-level=\"1\">Pas d&rsquo;incisions, d&rsquo;aiguilles ou de cicatrices<\/li>\n<\/ul>\n\t<p>Le collag\u00e8ne est le facteur de gu\u00e9rison naturel du corps : en augmentant la production de cette prot\u00e9ine, non seulement les patients peuvent constater une am\u00e9lioration des effets ci-dessus, mais la peau sera en g\u00e9n\u00e9ral plus saine, ce qui se traduira par une peau plus lisse et plus \u00e9clatante.<\/p>\n\t\t\t\t<img decoding=\"async\" src=\"https:\/\/medicspa-gatineau.ca\/wp-content\/uploads\/2025\/07\/forma.jpg\" alt=\" Upper face skin lift with radio frequency\" itemprop=\"image\" height=\"960\" width=\"641\" title=\"forma\" onerror=\"this.style.display='none'\" loading='lazy' \/>\n\t<p>Raffermissement du haut du visage \u00e0 la radiofr\u00e9quence<\/p>\n\t<p>traitements<\/p>\n\t<h2>Comment se d\u00e9roulent les s\u00e9ances de radiofr\u00e9quence non invasive ?<\/h2>\n\t<p>Les s\u00e9ances peuvent durer de 15 \u00e0 40 minutes, selon la surface de la zone de traitement et selon la gravit\u00e9 des probl\u00e8mes. Apr\u00e8s votre premi\u00e8re consultation et examen de sant\u00e9, votre technicien appliquera un gel lubrifiant sur la zone \u00e0 traiter avant de passer la pi\u00e8ce \u00e0 main sur les zones souhait\u00e9es.<\/p>\n\t<p>Les traitements sont indolores et m\u00eame confortables. De nombreux patients affirment que cela ressemble \u00e0 un massage chaud. Comme l&rsquo;appareil mesure avec pr\u00e9cision la temp\u00e9rature de la zone de traitement, votre technicien dirigera la chaleur RF pour obtenir des r\u00e9sultats optimaux sans surchauffer la peau. Cette technologie de pointe garantit la temp\u00e9rature id\u00e9ale pour la stimulation du collag\u00e8ne, avec une mesure de s\u00e9curit\u00e9 int\u00e9gr\u00e9e qui \u00e9teint la machine si elle devient trop chaude.<\/p>\n\t<p>Risques<\/p>\n\t<h2>Quels sont les risques?<\/h2>\n\t<p>Ce traitement est approuv\u00e9 par la FDA  et Sant\u00e9 Canada pour traiter tous les types de peau contre le rel\u00e2chement cutan\u00e9. Comme il est enti\u00e8rement non invasif et n&rsquo;utilise ni laser ni luminoth\u00e9rapie, c&rsquo;est sans danger m\u00eame pour les peaux fonc\u00e9es.<\/p>\n\t<p>Les candidats doivent \u00e9galement \u00eatre g\u00e9n\u00e9ralement en bonne sant\u00e9, ne pas \u00eatre enceintes ni allaiter, ni porter un stimulateur cardiaque ou d&rsquo;autres implants m\u00e9dicaux. Pour savoir si vous \u00eates candidat aux traitements, appelez MedicSPA Gatineau d\u00e8s aujourd&rsquo;hui au <strong><a href=\"tel:+18192437667\">(819) 243-7667<\/a><\/strong> pour planifier une consultation.<\/p>\n\t\t\t\t<img decoding=\"async\" src=\"https:\/\/medicspa-gatineau.ca\/wp-content\/uploads\/2024\/07\/MADELEINE-FORMA.jpg\" alt=\"Madeleine\" itemprop=\"image\" height=\"1250\" width=\"1000\" title=\"MADELEINE FORMA\" onerror=\"this.style.display='none'\" loading='lazy' \/>\n\t<p>Temps d&rsquo;arr\u00eat<\/p>\n\t<h2>Y a-t-il des temps d&rsquo;arr\u00eat apr\u00e8s les traitements de radiofr\u00e9quence non invasifs ?<\/h2>\n\t<p>Il n&rsquo;y a aucun temps d&rsquo;arr\u00eat associ\u00e9 aux traitements non invasifs RF. Vous pouvez ressentir une certaine rougeur ou chaleur dans la zone \u00e0 traiter, mais cela devrait se dissiper en quelques heures.<\/p>\n<p>Assurez-vous de continuer \u00e0 prendre soin de votre peau normalement en l&rsquo;hydratant et en appliquant un SPF avant l&rsquo;exposition au soleil.<\/p>\n\t<p>R\u00e9sultats<\/p>\n\t<h2>Quand vais-je voir mes r\u00e9sultats ?<\/h2>\n\t<p>De nombreux patients peuvent voir les premiers r\u00e9sultats apr\u00e8s leur premi\u00e8re s\u00e9ance ; la peau para\u00eetra plus ferme et plus tonifi\u00e9e, avec une am\u00e9lioration continue \u00e0 mesure que le collag\u00e8ne augmente.<\/p>\n<p>Pour de meilleurs r\u00e9sultats, votre technicien cr\u00e9era un plan de traitement optimal qui r\u00e9pond \u00e0 vos objectifs sp\u00e9cifiques. Les patients peuvent s&rsquo;attendre \u00e0 des r\u00e9sultats id\u00e9aux apr\u00e8s 4 \u00e0 6 s\u00e9ances espac\u00e9es d&rsquo;une semaine.<\/p>\n<p>Une fois votre traitement termin\u00e9, votre peau devrait \u00eatre plus ferme et plus profil\u00e9e, avec une am\u00e9lioration visible des rides et des ridules, une meilleure \u00e9lasticit\u00e9 de la peau et une apparence plus radieuse et rajeunie.<\/p>\n\t\t\t\t<img decoding=\"async\" src=\"https:\/\/medicspa-gatineau.ca\/wp-content\/uploads\/2024\/07\/BEFORE-AFTER-FORMA.jpg\" alt=\"Before and after results\" itemprop=\"image\" height=\"560\" width=\"1000\" title=\"BEFORE-AFTER FORMA\" onerror=\"this.style.display='none'\" loading='lazy' \/>\n\t<p>Medicspa Gatineau<\/p>\n\t<h2>Pourquoi devrais-je choisir MedicSPA Gatineau?<\/h2>\n\t<p>MedicSPA Gatineau est un \u00e9tablissement \u00e0 la fine pointe de la technologie supervis\u00e9 par la chirurgienne plasticique certifi\u00e9e Dr Patricia Berbari. Nous promouvons d&rsquo;excellents traitements de bien-\u00eatre et cosm\u00e9tiques gr\u00e2ce \u00e0 des r\u00e8gles de s\u00e9curit\u00e9 strictes et une formation approfondie de nos professionnels de la sant\u00e9.<\/p>\n<p>MedicSPA Gatineau offre une large gamme de proc\u00e9dures cosm\u00e9tiques non invasives et mini-invasives pour vous aider \u00e0 para\u00eetre et \u00e0 vous sentir mieux. D\u00e8s votre premi\u00e8re consultation, le Dr Berbari cr\u00e9era votre plan de traitement personnalis\u00e9 pour r\u00e9pondre au mieux \u00e0 vos besoins et \u00e0 vos d\u00e9sirs esth\u00e9tiques.<\/p>\n\t<p>Dr Patricia Berbari est une chirurgienne plasticique certifi\u00e9e, ancienne pr\u00e9sidente \u00e9lue de la Soci\u00e9t\u00e9 canadienne des sp\u00e9cialistes du laser et de l&rsquo;esth\u00e9tique (CLASS) et membre de plusieurs soci\u00e9t\u00e9s, notamment :<\/p>\n<ul>\n<li aria-level=\"1\">Coll\u00e8ge des m\u00e9decins du Qu\u00e9bec<\/li>\n<li aria-level=\"1\">Association des sp\u00e9cialistes en chirurgie plastique et esth\u00e9tique du Qu\u00e9bec<\/li>\n<li aria-level=\"1\">Coll\u00e8ge royal des m\u00e9decins et chirurgiens du Canada<\/li>\n<li aria-level=\"1\">Soci\u00e9t\u00e9 canadienne des sp\u00e9cialistes du laser et de l&rsquo;esth\u00e9tique<\/li>\n<li aria-level=\"1\">Soci\u00e9t\u00e9 Internationale de Chirurgie Plastique Esth\u00e9tique<\/li>\n<\/ul>\n<h2>\n\t\t\tInt\u00e9ress\u00e9 \u00e0 en savoir plus sur les traitements par radiofr\u00e9quence non invasifs \u00e0 Gatineau, QC?\t<\/h2>\n\t<p>Pour en savoir plus sur les traitements par radiofr\u00e9quence non invasifs ou pour planifier une consultation, contactez-nous au MedicSPA Gatineau au <strong><a href=\"tel:+18192437667\">(819) 243-7667<\/a><\/strong>. Nous sommes \u00e9galement heureux de discuter d&rsquo;autres traitements raffermissants pour la peau du corps et du visage.<\/p>\n<p>Nous recevons des patients de Gatineau, d&rsquo;Ottawa et des environs.<\/p>\n                <form method='post' enctype='multipart\/form-data' target='gform_ajax_frame_4' id='gform_4'  action='https:\/\/medicspa-gatineau.ca\/fr\/traitement-par-radiofrequence-non-invasif\/?fl_builder&#038;fl_builder_ui_iframe#gf_4' data-formid='4' novalidate>\n                        <label class='gfield_label gform-field-label' for='input_4_1'>Nom(N\u00e9cessaire)<\/label><input name='input_1' id='input_4_1' type='text' value='' class='large'   tabindex='100'  aria-required=\"true\" aria-invalid=\"false\"   \/><label class='gfield_label gform-field-label' for='input_4_2'>Adresse de courriel(N\u00e9cessaire)<\/label>\n                            <input name='input_2' id='input_4_2' type='email' value='' class='large' tabindex='101'   aria-required=\"true\" aria-invalid=\"false\"  \/>\n                        <label class='gfield_label gform-field-label' for='input_4_3'>T\u00e9l\u00e9phone(N\u00e9cessaire)<\/label><input name='input_3' id='input_4_3' type='tel' value='' class='large' tabindex='102'  aria-required=\"true\" aria-invalid=\"false\"   \/><label class='gfield_label gform-field-label' for='input_4_10'>Quel traitement vous int\u00e9resse ?<\/label><input name='input_10' id='input_4_10' type='text' value='' class='large'   tabindex='103'   aria-invalid=\"false\"   \/><label class='gfield_label gform-field-label' for='input_4_4'>Message<\/label><textarea name='input_4' id='input_4_4' class='textarea medium' tabindex='104'     aria-invalid=\"false\"   rows='10' cols='50'><\/textarea>\n         <input type='submit' id='gform_submit_button_4' class='gform_button button' onclick='gform.submission.handleButtonClick(this);' data-submission-type='submit' value='Soumettre' tabindex='105' \/> <input type='hidden' name='gform_ajax' value='form_id=4&amp;title=&amp;description=&amp;tabindex=100&amp;theme=gravity-theme&amp;styles=[]&amp;hash=4b03eabb47e0d66ebce81d98355a1853' \/>\n            <input type='hidden' class='gform_hidden' name='gform_submission_method' data-js='gform_submission_method_4' value='iframe' \/>\n            <input type='hidden' class='gform_hidden' name='gform_theme' data-js='gform_theme_4' id='gform_theme_4' value='gravity-theme' \/>\n            <input type='hidden' class='gform_hidden' name='gform_style_settings' data-js='gform_style_settings_4' id='gform_style_settings_4' value='[]' \/>\n            <input type='hidden' class='gform_hidden' name='is_submit_4' value='1' \/>\n            <input type='hidden' class='gform_hidden' name='gform_submit' value='4' \/>\n            <input type='hidden' class='gform_hidden' name='gform_unique_id' value='' \/>\n            <input type='hidden' class='gform_hidden' name='state_4' value='WyJbXSIsImRjYThkYWYzOTQ3NjAxOWQ4YzdhOWRkZWZjN2ZmYzA3Il0=' \/>\n            <input type='hidden' autocomplete='off' class='gform_hidden' name='gform_target_page_number_4' id='gform_target_page_number_4' value='0' \/>\n            <input type='hidden' autocomplete='off' class='gform_hidden' name='gform_source_page_number_4' id='gform_source_page_number_4' value='1' \/>\n            <input type='hidden' name='gform_field_values' value='' \/>\n                        <label>&#916;<textarea name=\"ak_hp_textarea\" cols=\"45\" rows=\"8\" maxlength=\"100\"><\/textarea><\/label><input type=\"hidden\" id=\"ak_js_1\" name=\"ak_js\" value=\"138\"\/><\/form>\n\t\t                <iframe style='display:none;width:0px;height:0px;' src='about:blank' name='gform_ajax_frame_4' id='gform_ajax_frame_4' title='Cette iframe contient la logique n\u00e9cessaire pour manipuler Gravity Forms avec Ajax.'><\/iframe>\n\n","protected":false},"excerpt":{"rendered":"<p>Traitements par radiofr\u00e9quence non invasifs \u00e0 Gatineau, QC Une peau l\u00e2che et affaiss\u00e9e peut contribuer \u00e0 l&rsquo;apparition de rides et de ridules, de contours ind\u00e9finis et d&rsquo;une apparence globalement vieillie. \u00c0 mesure que la production de collag\u00e8ne diminue, nous constatons davantage de ces signes emb\u00eatants du vieillissement. Plut\u00f4t que de subir des mesures invasives comme&hellip;<\/p>\n","protected":false},"author":9,"featured_media":52856,"parent":0,"menu_order":0,"comment_status":"closed","ping_status":"closed","template":"","meta":{"_acf_changed":false,"_monsterinsights_skip_tracking":false,"_monsterinsights_sitenote_active":false,"_monsterinsights_sitenote_note":"","_monsterinsights_sitenote_category":0,"footnotes":""},"treatment_categories_pages":[25,26,27],"class_list":["post-52757","page","type-page","status-publish","has-post-thumbnail","hentry","treatment_categories_pages-gummy-smile","treatment_categories_pages-migraines-sweating-bruxism","treatment_categories_pages-wrinkles"],"acf":[],"yoast_head":"<!-- This site is optimized with the Yoast SEO plugin v27.2 - https:\/\/yoast.com\/product\/yoast-seo-wordpress\/ -->\n<title>Traitement par radiofr\u00e9quence non invasif in Ottawa - MedicSPA Gatineau<\/title>\n<meta name=\"description\" content=\"Forma est un traitement non invasif de raffermissement de la peau, qui cible le rel\u00e2chement cutan\u00e9 et les rides, sans aiguilles ni incisions.\" \/>\n<meta name=\"robots\" content=\"index, follow, max-snippet:-1, max-image-preview:large, max-video-preview:-1\" \/>\n<link rel=\"canonical\" href=\"https:\/\/medicspa-gatineau.ca\/fr\/traitement-par-radiofrequence-non-invasif\/\" \/>\n<meta property=\"og:locale\" content=\"fr_FR\" \/>\n<meta property=\"og:type\" content=\"article\" \/>\n<meta property=\"og:title\" content=\"Traitement par radiofr\u00e9quence non invasif in Ottawa - MedicSPA Gatineau\" \/>\n<meta property=\"og:description\" content=\"Forma est un traitement non invasif de raffermissement de la peau, qui cible le rel\u00e2chement cutan\u00e9 et les rides, sans aiguilles ni incisions.\" \/>\n<meta property=\"og:url\" content=\"https:\/\/medicspa-gatineau.ca\/fr\/traitement-par-radiofrequence-non-invasif\/\" \/>\n<meta property=\"og:site_name\" content=\"MedicSPA Gatineau\" \/>\n<meta property=\"article:modified_time\" content=\"2025-08-13T22:26:17+00:00\" \/>\n<meta property=\"og:image\" content=\"https:\/\/medicspa-gatineau.ca\/wp-content\/uploads\/2023\/12\/Forma-1.jpg\" \/>\n\t<meta property=\"og:image:width\" content=\"1200\" \/>\n\t<meta property=\"og:image:height\" content=\"1670\" \/>\n\t<meta property=\"og:image:type\" content=\"image\/jpeg\" \/>\n<meta name=\"twitter:card\" content=\"summary_large_image\" \/>\n<meta name=\"twitter:label1\" content=\"Dur\u00e9e de lecture estim\u00e9e\" \/>\n\t<meta name=\"twitter:data1\" content=\"4 minutes\" \/>\n<script type=\"application\/ld+json\" class=\"yoast-schema-graph\">{\"@context\":\"https:\/\/schema.org\",\"@graph\":[{\"@type\":\"WebPage\",\"@id\":\"https:\/\/medicspa-gatineau.ca\/fr\/traitement-par-radiofrequence-non-invasif\/\",\"url\":\"https:\/\/medicspa-gatineau.ca\/fr\/traitement-par-radiofrequence-non-invasif\/\",\"name\":\"Traitement par radiofr\u00e9quence non invasif in Ottawa - MedicSPA Gatineau\",\"isPartOf\":{\"@id\":\"https:\/\/medicspa-gatineau.ca\/fr\/#website\"},\"primaryImageOfPage\":{\"@id\":\"https:\/\/medicspa-gatineau.ca\/fr\/traitement-par-radiofrequence-non-invasif\/#primaryimage\"},\"image\":{\"@id\":\"https:\/\/medicspa-gatineau.ca\/fr\/traitement-par-radiofrequence-non-invasif\/#primaryimage\"},\"thumbnailUrl\":\"https:\/\/medicspa-gatineau.ca\/wp-content\/uploads\/2023\/12\/Forma-1.jpg\",\"datePublished\":\"2023-12-08T21:01:04+00:00\",\"dateModified\":\"2025-08-13T22:26:17+00:00\",\"description\":\"Forma est un traitement non invasif de raffermissement de la peau, qui cible le rel\u00e2chement cutan\u00e9 et les rides, sans aiguilles ni incisions.\",\"breadcrumb\":{\"@id\":\"https:\/\/medicspa-gatineau.ca\/fr\/traitement-par-radiofrequence-non-invasif\/#breadcrumb\"},\"inLanguage\":\"fr-FR\",\"potentialAction\":[{\"@type\":\"ReadAction\",\"target\":[\"https:\/\/medicspa-gatineau.ca\/fr\/traitement-par-radiofrequence-non-invasif\/\"]}]},{\"@type\":\"ImageObject\",\"inLanguage\":\"fr-FR\",\"@id\":\"https:\/\/medicspa-gatineau.ca\/fr\/traitement-par-radiofrequence-non-invasif\/#primaryimage\",\"url\":\"https:\/\/medicspa-gatineau.ca\/wp-content\/uploads\/2023\/12\/Forma-1.jpg\",\"contentUrl\":\"https:\/\/medicspa-gatineau.ca\/wp-content\/uploads\/2023\/12\/Forma-1.jpg\",\"width\":1200,\"height\":1670},{\"@type\":\"BreadcrumbList\",\"@id\":\"https:\/\/medicspa-gatineau.ca\/fr\/traitement-par-radiofrequence-non-invasif\/#breadcrumb\",\"itemListElement\":[{\"@type\":\"ListItem\",\"position\":1,\"name\":\"Home\",\"item\":\"https:\/\/medicspa-gatineau.ca\/fr\/\"},{\"@type\":\"ListItem\",\"position\":2,\"name\":\"Traitement par radiofr\u00e9quence non invasif\"}]},{\"@type\":\"WebSite\",\"@id\":\"https:\/\/medicspa-gatineau.ca\/fr\/#website\",\"url\":\"https:\/\/medicspa-gatineau.ca\/fr\/\",\"name\":\"MedicSPA Gatineau\",\"description\":\"Dr Patricia Berbari\",\"publisher\":{\"@id\":\"https:\/\/medicspa-gatineau.ca\/fr\/#organization\"},\"potentialAction\":[{\"@type\":\"SearchAction\",\"target\":{\"@type\":\"EntryPoint\",\"urlTemplate\":\"https:\/\/medicspa-gatineau.ca\/fr\/?s={search_term_string}\"},\"query-input\":{\"@type\":\"PropertyValueSpecification\",\"valueRequired\":true,\"valueName\":\"search_term_string\"}}],\"inLanguage\":\"fr-FR\"},{\"@type\":\"Organization\",\"@id\":\"https:\/\/medicspa-gatineau.ca\/fr\/#organization\",\"name\":\"MedicSPA Gatineau\",\"url\":\"https:\/\/medicspa-gatineau.ca\/fr\/\",\"logo\":{\"@type\":\"ImageObject\",\"inLanguage\":\"fr-FR\",\"@id\":\"https:\/\/medicspa-gatineau.ca\/fr\/#\/schema\/logo\/image\/\",\"url\":\"https:\/\/medicspa-gatineau.ca\/wp-content\/uploads\/2021\/10\/Medicspa-logo_v2.png\",\"contentUrl\":\"https:\/\/medicspa-gatineau.ca\/wp-content\/uploads\/2021\/10\/Medicspa-logo_v2.png\",\"width\":500,\"height\":300,\"caption\":\"MedicSPA Gatineau\"},\"image\":{\"@id\":\"https:\/\/medicspa-gatineau.ca\/fr\/#\/schema\/logo\/image\/\"}}]}<\/script>\n<!-- \/ Yoast SEO plugin. -->","yoast_head_json":{"title":"Traitement par radiofr\u00e9quence non invasif in Ottawa - MedicSPA Gatineau","description":"Forma est un traitement non invasif de raffermissement de la peau, qui cible le rel\u00e2chement cutan\u00e9 et les rides, sans aiguilles ni incisions.","robots":{"index":"index","follow":"follow","max-snippet":"max-snippet:-1","max-image-preview":"max-image-preview:large","max-video-preview":"max-video-preview:-1"},"canonical":"https:\/\/medicspa-gatineau.ca\/fr\/traitement-par-radiofrequence-non-invasif\/","og_locale":"fr_FR","og_type":"article","og_title":"Traitement par radiofr\u00e9quence non invasif in Ottawa - MedicSPA Gatineau","og_description":"Forma est un traitement non invasif de raffermissement de la peau, qui cible le rel\u00e2chement cutan\u00e9 et les rides, sans aiguilles ni incisions.","og_url":"https:\/\/medicspa-gatineau.ca\/fr\/traitement-par-radiofrequence-non-invasif\/","og_site_name":"MedicSPA Gatineau","article_modified_time":"2025-08-13T22:26:17+00:00","og_image":[{"width":1200,"height":1670,"url":"https:\/\/medicspa-gatineau.ca\/wp-content\/uploads\/2023\/12\/Forma-1.jpg","type":"image\/jpeg"}],"twitter_card":"summary_large_image","twitter_misc":{"Dur\u00e9e de lecture estim\u00e9e":"4 minutes"},"schema":{"@context":"https:\/\/schema.org","@graph":[{"@type":"WebPage","@id":"https:\/\/medicspa-gatineau.ca\/fr\/traitement-par-radiofrequence-non-invasif\/","url":"https:\/\/medicspa-gatineau.ca\/fr\/traitement-par-radiofrequence-non-invasif\/","name":"Traitement par radiofr\u00e9quence non invasif in Ottawa - MedicSPA Gatineau","isPartOf":{"@id":"https:\/\/medicspa-gatineau.ca\/fr\/#website"},"primaryImageOfPage":{"@id":"https:\/\/medicspa-gatineau.ca\/fr\/traitement-par-radiofrequence-non-invasif\/#primaryimage"},"image":{"@id":"https:\/\/medicspa-gatineau.ca\/fr\/traitement-par-radiofrequence-non-invasif\/#primaryimage"},"thumbnailUrl":"https:\/\/medicspa-gatineau.ca\/wp-content\/uploads\/2023\/12\/Forma-1.jpg","datePublished":"2023-12-08T21:01:04+00:00","dateModified":"2025-08-13T22:26:17+00:00","description":"Forma est un traitement non invasif de raffermissement de la peau, qui cible le rel\u00e2chement cutan\u00e9 et les rides, sans aiguilles ni incisions.","breadcrumb":{"@id":"https:\/\/medicspa-gatineau.ca\/fr\/traitement-par-radiofrequence-non-invasif\/#breadcrumb"},"inLanguage":"fr-FR","potentialAction":[{"@type":"ReadAction","target":["https:\/\/medicspa-gatineau.ca\/fr\/traitement-par-radiofrequence-non-invasif\/"]}]},{"@type":"ImageObject","inLanguage":"fr-FR","@id":"https:\/\/medicspa-gatineau.ca\/fr\/traitement-par-radiofrequence-non-invasif\/#primaryimage","url":"https:\/\/medicspa-gatineau.ca\/wp-content\/uploads\/2023\/12\/Forma-1.jpg","contentUrl":"https:\/\/medicspa-gatineau.ca\/wp-content\/uploads\/2023\/12\/Forma-1.jpg","width":1200,"height":1670},{"@type":"BreadcrumbList","@id":"https:\/\/medicspa-gatineau.ca\/fr\/traitement-par-radiofrequence-non-invasif\/#breadcrumb","itemListElement":[{"@type":"ListItem","position":1,"name":"Home","item":"https:\/\/medicspa-gatineau.ca\/fr\/"},{"@type":"ListItem","position":2,"name":"Traitement par radiofr\u00e9quence non invasif"}]},{"@type":"WebSite","@id":"https:\/\/medicspa-gatineau.ca\/fr\/#website","url":"https:\/\/medicspa-gatineau.ca\/fr\/","name":"MedicSPA Gatineau","description":"Dr Patricia Berbari","publisher":{"@id":"https:\/\/medicspa-gatineau.ca\/fr\/#organization"},"potentialAction":[{"@type":"SearchAction","target":{"@type":"EntryPoint","urlTemplate":"https:\/\/medicspa-gatineau.ca\/fr\/?s={search_term_string}"},"query-input":{"@type":"PropertyValueSpecification","valueRequired":true,"valueName":"search_term_string"}}],"inLanguage":"fr-FR"},{"@type":"Organization","@id":"https:\/\/medicspa-gatineau.ca\/fr\/#organization","name":"MedicSPA Gatineau","url":"https:\/\/medicspa-gatineau.ca\/fr\/","logo":{"@type":"ImageObject","inLanguage":"fr-FR","@id":"https:\/\/medicspa-gatineau.ca\/fr\/#\/schema\/logo\/image\/","url":"https:\/\/medicspa-gatineau.ca\/wp-content\/uploads\/2021\/10\/Medicspa-logo_v2.png","contentUrl":"https:\/\/medicspa-gatineau.ca\/wp-content\/uploads\/2021\/10\/Medicspa-logo_v2.png","width":500,"height":300,"caption":"MedicSPA Gatineau"},"image":{"@id":"https:\/\/medicspa-gatineau.ca\/fr\/#\/schema\/logo\/image\/"}}]}},"_links":{"self":[{"href":"https:\/\/medicspa-gatineau.ca\/fr\/wp-json\/wp\/v2\/pages\/52757","targetHints":{"allow":["GET"]}}],"collection":[{"href":"https:\/\/medicspa-gatineau.ca\/fr\/wp-json\/wp\/v2\/pages"}],"about":[{"href":"https:\/\/medicspa-gatineau.ca\/fr\/wp-json\/wp\/v2\/types\/page"}],"author":[{"embeddable":true,"href":"https:\/\/medicspa-gatineau.ca\/fr\/wp-json\/wp\/v2\/users\/9"}],"replies":[{"embeddable":true,"href":"https:\/\/medicspa-gatineau.ca\/fr\/wp-json\/wp\/v2\/comments?post=52757"}],"version-history":[{"count":24,"href":"https:\/\/medicspa-gatineau.ca\/fr\/wp-json\/wp\/v2\/pages\/52757\/revisions"}],"predecessor-version":[{"id":54126,"href":"https:\/\/medicspa-gatineau.ca\/fr\/wp-json\/wp\/v2\/pages\/52757\/revisions\/54126"}],"wp:featuredmedia":[{"embeddable":true,"href":"https:\/\/medicspa-gatineau.ca\/fr\/wp-json\/wp\/v2\/media\/52856"}],"wp:attachment":[{"href":"https:\/\/medicspa-gatineau.ca\/fr\/wp-json\/wp\/v2\/media?parent=52757"}],"wp:term":[{"taxonomy":"treatment_categories_pages","embeddable":true,"href":"https:\/\/medicspa-gatineau.ca\/fr\/wp-json\/wp\/v2\/treatment_categories_pages?post=52757"}],"curies":[{"name":"wp","href":"https:\/\/api.w.org\/{rel}","templated":true}]}}