{"id":52593,"date":"2023-09-15T16:52:45","date_gmt":"2023-09-15T20:52:45","guid":{"rendered":"https:\/\/medicspa-gatineau.ca\/?page_id=52593"},"modified":"2025-08-14T10:54:50","modified_gmt":"2025-08-14T14:54:50","slug":"remodelage-corporel-non-invasif","status":"publish","type":"page","link":"https:\/\/medicspa-gatineau.ca\/fr\/remodelage-corporel-non-invasif\/","title":{"rendered":"Remodelage Corporel Non Invasif"},"content":{"rendered":"\n\n\t\n<h1>\n\t\t\tRemodelage corporel non invasif \u00e0 Gatineau, QC\t<\/h1>\n<h3>\n\t\t\tLe rel\u00e2chement cutan\u00e9, la cellulite et le manque de d\u00e9finition musculaire sont autant de probl\u00e8mes auxquels les gens sont confront\u00e9s.\t<\/h3>\n\t<p>&nbsp;<\/p>\n<p>M\u00eame avec un r\u00e9gime strict et de l&rsquo;exercice, ces probl\u00e8mes sont parfois impossibles \u00e0 r\u00e9soudre. La pr\u00e9disposition g\u00e9n\u00e9tique, les fluctuations de poids rapides, la m\u00e9nopause et le processus naturel de vieillissement affectent le corps, entra\u00eenant souvent frustration et d\u00e9ception.<\/p>\n<p>Le remodelage corporel non invasif cible le rel\u00e2chement cutan\u00e9, les poches de graisse tenaces et la musculature ind\u00e9finie.<\/p>\n<p>Dr Patricia Berbari et son \u00e9quipe de MedicSPA Gatineau sont fi\u00e8res d&rsquo;offrir remodelage corporel non invasif, aidant les patients \u00e0 obtenir des muscles toniques, une peau plus lisse et des r\u00e9sultats durables.<\/p>\n<p>Contactez MedicSPA Gatineau au <strong><a href=\"tel:+18192437667\">(819) 243-7667<\/a><\/strong> pour en savoir plus sur la fa\u00e7on dont ces traitements peuvent vous aider \u00e0 atteindre vos objectifs esth\u00e9tiques.<\/p>\n\t\t\t<a href=\"https:\/\/medicspa-gatineau.ca\/fr\/nous-contacter\/\" target=\"_self\">\n\t\t\t\t\t\t\tContactez-nous\n\t\t\t\t\t<\/a>\n<h2>\n\t\t\tQu&rsquo;est-ce qu&rsquo;un remodelage corporel non invasif ?\t<\/h2>\n\t<p>Ce syst\u00e8me de remodelage corporel tout-en-un non invasif int\u00e9grant trois technologies con\u00e7ues pour cibler le rel\u00e2chement cutan\u00e9, les muscles affaiblis et la cellulite. Enti\u00e8rement personnalisable, le patient peut choisir pr\u00e9cis\u00e9ment o\u00f9 le traitement est appliqu\u00e9 et quelle modalit\u00e9 utiliser.<\/p>\n<p>Ce syst\u00e8me en trois parties comprend :<\/p>\n<ul>\n<li><b>Tite<\/b> (bipolaire RF) utilise l&rsquo;\u00e9nergie radiofr\u00e9quence bipolaire pour raffermir la peau. Au fur et \u00e0 mesure que les RF chauffent les tissus adipeux, les cellules graisseuses fondent et le collag\u00e8ne est stimul\u00e9, ce qui donne une peau plus ferme. Tite dispose de huit applicateurs afin que les patients puissent traiter plusieurs zones \u00e0 la fois, y compris l&rsquo;int\u00e9rieur et l&rsquo;ext\u00e9rieur des cuisses, l&rsquo;abdomen et les fesses.<\/li>\n<li><b>Tone<\/b> (EMS) \u00e9met une technologie de stimulation musculaire \u00e9lectrique pour g\u00e9n\u00e9rer les contractions musculaires involontaires afin d&rsquo;affiner et de renforcer le tonus musculaire. Comme Tone stimule le muscle \u00e0 se contracter plus rapidement qu&rsquo;il ne le pourrait par lui-m\u00eame, le muscle se r\u00e9pare et se tonifie \u00e0 un rythme beaucoup plus rapide. De plus, la graisse est br\u00fbl\u00e9e dans le processus de renforcement musculaire pour un look plus sculpt\u00e9.<\/li>\n<li><b>Transform<\/b> (bipolaire RF et EMS) combine ces technologies pour un traitement complet qui r\u00e9duit le rel\u00e2chement cutan\u00e9 et augmente simultan\u00e9ment le tonus musculaire, ce qui le rend incroyablement polyvalent pour de nombreuses zones du corps, y compris les fesses et l&rsquo;abdomen.<\/li>\n<\/ul>\n<p>Avec les applicateurs Tite, Tone et Transform, les patients peuvent concentrer leur traitement sur les zones les plus n\u00e9cessaires.<\/p>\n\t\t\t\t<img decoding=\"async\" src=\"https:\/\/medicspa-gatineau.ca\/wp-content\/uploads\/2023\/09\/LoveYourBlank_Body_Female_01.png\" alt=\"Love your body\" itemprop=\"image\" height=\"1080\" width=\"1080\" title=\"LoveYourBlank_Body_Female_01\" onerror=\"this.style.display='none'\" loading='lazy' \/>\n<ul>\n    <li><a href=\"#benefits\">Quels sont les avantages Remodelage Corporel Non Invasive ?<\/a><\/li>\n    <li>\u2022<\/li>\n    <li><a href=\"#treatments\">Comment se d\u00e9roulent les sessions Remodelage Corporel Non Invasive ?<\/a><\/li>\n    <li>\u2022<\/li>\n    <li><a href=\"#risks\">Y a-t-il des risques avec Remodelage Corporel Non Invasive ?<\/a><\/li>\n     <li>\u2022<\/li>\n    <li><a href=\"#downtime\">Y a-t-il des temps d&rsquo;arr\u00eat apr\u00e8s les traitements Remodelage Corporel Non Invasive ?<\/a><\/li>\n <li>\u2022<\/li>\n    <li><a href=\"#results\">Quand vais-je voir mes r\u00e9sultats ?<\/a><\/li>\n<\/ul>\n\t<p>avantages<\/p>\n\t<h2>Quels sont les avantages ?<\/h2>\n\t<p>Les patients peuvent cibler plusieurs zones du corps \u00e0 la fois, de sorte qu&rsquo;une transformation compl\u00e8te du corps est tout \u00e0 fait possible et facile. Les r\u00e9sultats peuvent inclure :<\/p>\n<ul>\n<li>Un ventre tonique<\/li>\n<li>Fesses lift\u00e9es et galb\u00e9es<\/li>\n<li>Cuisses liss\u00e9es et resserr\u00e9es<\/li>\n<li>Bras toniques<\/li>\n<li>Cellulite et graisse \u00e9limin\u00e9es<\/li>\n<li>Peau raffermie<\/li>\n<\/ul>\n<p>Beaucoup de ces probl\u00e8mes, comme la cellulite et la peau l\u00e2che, sont presque impossibles \u00e0 \u00e9liminer avec d&rsquo;autres traitements non invasifs.<\/p>\n\t\t\t\t<img decoding=\"async\" src=\"https:\/\/medicspa-gatineau.ca\/wp-content\/uploads\/2024\/07\/Before_after-evolvex.jpg\" alt=\"Before and after results\" itemprop=\"image\" height=\"387\" width=\"1000\" title=\"Before_after evolvex\" onerror=\"this.style.display='none'\" loading='lazy' \/>\n\t\t\t\t\t\t\t\t\t\t\t\t<img decoding=\"async\" src=\"https:\/\/medicspa-gatineau.ca\/wp-content\/uploads\/2024\/07\/Before-evolvex.jpg\" alt=\"\"\/>\n\t\t\t\t\t\t\t\t\t\t\t\t<img decoding=\"async\" src=\"https:\/\/medicspa-gatineau.ca\/wp-content\/uploads\/2024\/07\/After-evolvex.jpg\" alt=\"\"\/>\n\t<p>* Ces photos sont publi\u00e9es \u00e0 titre indicatif afin de fournir l&rsquo;information sur la nature de l&rsquo;intervention.\u00a0Elles ne constituent aucunement une garantie de r\u00e9sultat<\/p>\n\t<p>sessions<\/p>\n\t<h2>Comment se d\u00e9roulent les s\u00e9ances de remodelage corporel non invasif ?<\/h2>\n\t<p>Les traitements durent g\u00e9n\u00e9ralement de 30 \u00e0 60 minutes, selon les zones trait\u00e9es. Apr\u00e8s votre consultation initiale et votre bilan de sant\u00e9, votre technicien placera les applicateurs Tite, Tone et Transform sur la zone concern\u00e9e.<\/p>\n<p>Les traitements sont confortables. Les patients signalent une sensation de chaleur provenant des ondes RF, tandis que les traitements EMS peuvent induire des incomforts musculaires apr\u00e8s la s\u00e9ance, similaires \u00e0 ce que vous pourriez ressentir apr\u00e8s un entra\u00eenement intense.<\/p>\n<p>En raison de la facilit\u00e9 et du comfort des traitements, de nombreux patients planifient m\u00eame leurs rendez-vous autour de leurs pauses d\u00e9jeuner ou d&rsquo;autres cr\u00e9neaux horaires pratiques.<\/p>\n\t<p>risques<\/p>\n\t<h2>Y a-t-il des risques ?<\/h2>\n\t<p>Bien qu&rsquo;il s&rsquo;agisse d&rsquo;une proc\u00e9dure non invasive approuv\u00e9e par la FDA, elle ne convient pas \u00e0 tous. Les candidats doivent avoir un poids proche de leur id\u00e9al et \u00eatre en bonne sant\u00e9. Les femmes enceintes et les patients porteurs d&rsquo;un stimulateur cardiaque ne doivent pas subir ce traitement.<\/p>\n\t<p>temps d&rsquo;arr\u00eat<\/p>\n\t<h2>Y a-t-il des temps d&rsquo;arr\u00eat apr\u00e8s les traitements ?<\/h2>\n\t<p>Il n&rsquo;y a pas de temps d&rsquo;arr\u00eat associ\u00e9 \u00e0 ces traitements. Certains patients peuvent ressentir des rougeurs autour de la zone d&rsquo;application, mais cela devrait dispara\u00eetre en quelques heures.<\/p>\n\t<p>r\u00e9sultats<\/p>\n\t<h2>Quand vais-je voir mes r\u00e9sultats ?<\/h2>\n\t<p>Les r\u00e9sultats varient, mais la plupart des patients voient les premiers r\u00e9sultats d\u00e8s la premi\u00e8re s\u00e9ance. Selon l&#8217;emplacement, la gravit\u00e9 et le type de probl\u00e8me, les patients ont besoin de plusieurs s\u00e9ances de traitements pour obtenir des r\u00e9sultats optimaux.<\/p>\n<p>Pour les traitements Tone qui ciblent le rel\u00e2chement cutan\u00e9, les r\u00e9sultats peuvent prendre plus de temps car le collag\u00e8ne met du temps \u00e0 se former dans le corps. Les r\u00e9sultats optimaux sont observ\u00e9s un mois apr\u00e8s le traitement.<\/p>\n\t\t\t\t<img decoding=\"async\" src=\"https:\/\/medicspa-gatineau.ca\/wp-content\/uploads\/2023\/09\/evolve-before-after-dr-m-craig-preview-2.jpg\" alt=\"evolvex patient before and after\" itemprop=\"image\" height=\"396\" width=\"900\" title=\"evolve-before-after-dr-m-craig-preview-2\" onerror=\"this.style.display='none'\" loading='lazy' \/>\n\t<p>* Ces photos sont publi\u00e9es \u00e0 titre indicatif afin de fournir l&rsquo;information sur la nature de l&rsquo;intervention.\u00a0Elles ne constituent aucunement une garantie de r\u00e9sultat<\/p>\n\t<p>MedicSPA Gatineau<\/p>\n\t<h2>Pourquoi devrais-je choisir MedicSPA Gatineau?<\/h2>\n\t<p>MedicSPA Gatineau est un \u00e9tablissement \u00e0 la fine pointe de la technologie supervis\u00e9 par  Dr Patricia Berbari, chirurgienne plasticique certifi\u00e9e. Il est important de confier vos traitements cosm\u00e9tiques aux soins de professionnels de la sant\u00e9 hautement qualifi\u00e9s et comp\u00e9tents.<\/p>\n<p>MedicSPA Gatineau offre une vaste gamme de proc\u00e9dures cosm\u00e9tiques non invasives et peu invasives pour vous aider \u00e0 para\u00eetre et \u00e0 vous sentir mieux. D\u00e8s votre consultation initiale, Dr Berbari concevra votre plan de traitement pour vous obtenir les r\u00e9sultats souhait\u00e9s.<\/p>\n\t<p>Dr Patricia Berbari est chirurgienne plasticique certifi\u00e9e, ancienne pr\u00e9sidente d\u00e9sign\u00e9e de la Soci\u00e9t\u00e9 canadienne des sp\u00e9cialistes du laser esth\u00e9tique (C.L.A.S.S.) et membre de plusieurs soci\u00e9t\u00e9s, notamment :<\/p>\n<ul>\n<li>Coll\u00e8ge des m\u00e9decins du Qu\u00e9bec<\/li>\n<li>Association des sp\u00e9cialistes en chirurgie plastique et esth\u00e9tique du Qu\u00e9bec<\/li>\n<li>Coll\u00e8ge royal des m\u00e9decins et chirurgiens du Canada<\/li>\n<li>Soci\u00e9t\u00e9 canadienne des sp\u00e9cialistes du laser et de l&rsquo;esth\u00e9tique<\/li>\n<li>Soci\u00e9t\u00e9 Internationale de Chirurgie Plastique Esth\u00e9tique<\/li>\n<\/ul>\n<h2>\n\t\t\tVoulez vous en savoir plus sur les traitements de remodelage corporel non invasifs \u00e0 Gatineau, QC?\t<\/h2>\n\t<p>Pour en savoir plus sur les traitements de remodelage corporel non invasifs ou pour planifier une consultation, contactez-nous au MedicSPA Gatineau au <strong><a href=\"tel:+18192437667\">(819) 243-7667<\/a><\/strong>.<\/p>\n<p>Nous recevons des patients de Gatineau, d&rsquo;Ottawa et des environs.<\/p>\n<p><img loading=\"lazy\" decoding=\"async\" src=\"https:\/\/medicspa-gatineau.ca\/wp-content\/uploads\/2023\/10\/Tone_2_Model_3.jpg\" alt=\"Woman getting a procedure done\" width=\"900\" height=\"1350\" \/><\/p>\n                <form method='post' enctype='multipart\/form-data' target='gform_ajax_frame_4' id='gform_4'  action='https:\/\/medicspa-gatineau.ca\/fr\/remodelage-corporel-non-invasif\/?fl_builder&#038;fl_builder_ui_iframe#gf_4' data-formid='4' novalidate>\n                        <label class='gfield_label gform-field-label' for='input_4_1'>Nom(N\u00e9cessaire)<\/label><input name='input_1' id='input_4_1' type='text' value='' class='large'   tabindex='100'  aria-required=\"true\" aria-invalid=\"false\"   \/><label class='gfield_label gform-field-label' for='input_4_2'>Adresse de courriel(N\u00e9cessaire)<\/label>\n                            <input name='input_2' id='input_4_2' type='email' value='' class='large' tabindex='101'   aria-required=\"true\" aria-invalid=\"false\"  \/>\n                        <label class='gfield_label gform-field-label' for='input_4_3'>T\u00e9l\u00e9phone(N\u00e9cessaire)<\/label><input name='input_3' id='input_4_3' type='tel' value='' class='large' tabindex='102'  aria-required=\"true\" aria-invalid=\"false\"   \/><label class='gfield_label gform-field-label' for='input_4_10'>Quel traitement vous int\u00e9resse ?<\/label><input name='input_10' id='input_4_10' type='text' value='' class='large'   tabindex='103'   aria-invalid=\"false\"   \/><label class='gfield_label gform-field-label' for='input_4_4'>Message<\/label><textarea name='input_4' id='input_4_4' class='textarea medium' tabindex='104'     aria-invalid=\"false\"   rows='10' cols='50'><\/textarea>\n         <input type='submit' id='gform_submit_button_4' class='gform_button button' onclick='gform.submission.handleButtonClick(this);' data-submission-type='submit' value='Soumettre' tabindex='105' \/> <input type='hidden' name='gform_ajax' value='form_id=4&amp;title=&amp;description=&amp;tabindex=100&amp;theme=gravity-theme&amp;styles=[]&amp;hash=4b03eabb47e0d66ebce81d98355a1853' \/>\n            <input type='hidden' class='gform_hidden' name='gform_submission_method' data-js='gform_submission_method_4' value='iframe' \/>\n            <input type='hidden' class='gform_hidden' name='gform_theme' data-js='gform_theme_4' id='gform_theme_4' value='gravity-theme' \/>\n            <input type='hidden' class='gform_hidden' name='gform_style_settings' data-js='gform_style_settings_4' id='gform_style_settings_4' value='[]' \/>\n            <input type='hidden' class='gform_hidden' name='is_submit_4' value='1' \/>\n            <input type='hidden' class='gform_hidden' name='gform_submit' value='4' \/>\n            <input type='hidden' class='gform_hidden' name='gform_unique_id' value='' \/>\n            <input type='hidden' class='gform_hidden' name='state_4' value='WyJbXSIsImRjYThkYWYzOTQ3NjAxOWQ4YzdhOWRkZWZjN2ZmYzA3Il0=' \/>\n            <input type='hidden' autocomplete='off' class='gform_hidden' name='gform_target_page_number_4' id='gform_target_page_number_4' value='0' \/>\n            <input type='hidden' autocomplete='off' class='gform_hidden' name='gform_source_page_number_4' id='gform_source_page_number_4' value='1' \/>\n            <input type='hidden' name='gform_field_values' value='' \/>\n                        <label>&#916;<textarea name=\"ak_hp_textarea\" cols=\"45\" rows=\"8\" maxlength=\"100\"><\/textarea><\/label><input type=\"hidden\" id=\"ak_js_1\" name=\"ak_js\" value=\"129\"\/><\/form>\n\t\t                <iframe style='display:none;width:0px;height:0px;' src='about:blank' name='gform_ajax_frame_4' id='gform_ajax_frame_4' title='Cette iframe contient la logique n\u00e9cessaire pour manipuler Gravity Forms avec Ajax.'><\/iframe>\n\n","protected":false},"excerpt":{"rendered":"<p>Remodelage corporel non invasif \u00e0 Gatineau, QC Le rel\u00e2chement cutan\u00e9, la cellulite et le manque de d\u00e9finition musculaire sont autant de probl\u00e8mes auxquels les gens sont confront\u00e9s. &nbsp; M\u00eame avec un r\u00e9gime strict et de l&rsquo;exercice, ces probl\u00e8mes sont parfois impossibles \u00e0 r\u00e9soudre. La pr\u00e9disposition g\u00e9n\u00e9tique, les fluctuations de poids rapides, la m\u00e9nopause et le&hellip;<\/p>\n","protected":false},"author":9,"featured_media":52622,"parent":0,"menu_order":0,"comment_status":"closed","ping_status":"closed","template":"","meta":{"_acf_changed":false,"_monsterinsights_skip_tracking":false,"_monsterinsights_sitenote_active":false,"_monsterinsights_sitenote_note":"","_monsterinsights_sitenote_category":0,"footnotes":""},"treatment_categories_pages":[30,31],"class_list":["post-52593","page","type-page","status-publish","has-post-thumbnail","hentry","treatment_categories_pages-pigmentation","treatment_categories_pages-skin-texture"],"acf":[],"yoast_head":"<!-- This site is optimized with the Yoast SEO plugin v27.2 - https:\/\/yoast.com\/product\/yoast-seo-wordpress\/ -->\n<title>Remodelage Corporel Non Invasif in Ottawa - MedicSPA Gatineau<\/title>\n<meta name=\"description\" content=\"EvolveX est une solution de remodelage corporel non invasive qui cible le rel\u00e2chement cutan\u00e9, les muscles affaiblis et la cellulite.\" \/>\n<meta name=\"robots\" content=\"index, follow, max-snippet:-1, max-image-preview:large, max-video-preview:-1\" \/>\n<link rel=\"canonical\" href=\"https:\/\/medicspa-gatineau.ca\/fr\/remodelage-corporel-non-invasif\/\" \/>\n<meta property=\"og:locale\" content=\"fr_FR\" \/>\n<meta property=\"og:type\" content=\"article\" \/>\n<meta property=\"og:title\" content=\"Remodelage Corporel Non Invasif in Ottawa - MedicSPA Gatineau\" \/>\n<meta property=\"og:description\" content=\"EvolveX est une solution de remodelage corporel non invasive qui cible le rel\u00e2chement cutan\u00e9, les muscles affaiblis et la cellulite.\" \/>\n<meta property=\"og:url\" content=\"https:\/\/medicspa-gatineau.ca\/fr\/remodelage-corporel-non-invasif\/\" \/>\n<meta property=\"og:site_name\" content=\"MedicSPA Gatineau\" \/>\n<meta property=\"article:modified_time\" content=\"2025-08-14T14:54:50+00:00\" \/>\n<meta property=\"og:image\" content=\"https:\/\/medicspa-gatineau.ca\/wp-content\/uploads\/2023\/09\/evolvex-hero-model.jpg\" \/>\n\t<meta property=\"og:image:width\" content=\"2000\" \/>\n\t<meta property=\"og:image:height\" content=\"1200\" \/>\n\t<meta property=\"og:image:type\" content=\"image\/jpeg\" \/>\n<meta name=\"twitter:card\" content=\"summary_large_image\" \/>\n<meta name=\"twitter:label1\" content=\"Dur\u00e9e de lecture estim\u00e9e\" \/>\n\t<meta name=\"twitter:data1\" content=\"3 minutes\" \/>\n<script type=\"application\/ld+json\" class=\"yoast-schema-graph\">{\"@context\":\"https:\/\/schema.org\",\"@graph\":[{\"@type\":\"WebPage\",\"@id\":\"https:\/\/medicspa-gatineau.ca\/fr\/remodelage-corporel-non-invasif\/\",\"url\":\"https:\/\/medicspa-gatineau.ca\/fr\/remodelage-corporel-non-invasif\/\",\"name\":\"Remodelage Corporel Non Invasif in Ottawa - MedicSPA Gatineau\",\"isPartOf\":{\"@id\":\"https:\/\/medicspa-gatineau.ca\/fr\/#website\"},\"primaryImageOfPage\":{\"@id\":\"https:\/\/medicspa-gatineau.ca\/fr\/remodelage-corporel-non-invasif\/#primaryimage\"},\"image\":{\"@id\":\"https:\/\/medicspa-gatineau.ca\/fr\/remodelage-corporel-non-invasif\/#primaryimage\"},\"thumbnailUrl\":\"https:\/\/medicspa-gatineau.ca\/wp-content\/uploads\/2023\/09\/evolvex-hero-model.jpg\",\"datePublished\":\"2023-09-15T20:52:45+00:00\",\"dateModified\":\"2025-08-14T14:54:50+00:00\",\"description\":\"EvolveX est une solution de remodelage corporel non invasive qui cible le rel\u00e2chement cutan\u00e9, les muscles affaiblis et la cellulite.\",\"breadcrumb\":{\"@id\":\"https:\/\/medicspa-gatineau.ca\/fr\/remodelage-corporel-non-invasif\/#breadcrumb\"},\"inLanguage\":\"fr-FR\",\"potentialAction\":[{\"@type\":\"ReadAction\",\"target\":[\"https:\/\/medicspa-gatineau.ca\/fr\/remodelage-corporel-non-invasif\/\"]}]},{\"@type\":\"ImageObject\",\"inLanguage\":\"fr-FR\",\"@id\":\"https:\/\/medicspa-gatineau.ca\/fr\/remodelage-corporel-non-invasif\/#primaryimage\",\"url\":\"https:\/\/medicspa-gatineau.ca\/wp-content\/uploads\/2023\/09\/evolvex-hero-model.jpg\",\"contentUrl\":\"https:\/\/medicspa-gatineau.ca\/wp-content\/uploads\/2023\/09\/evolvex-hero-model.jpg\",\"width\":2000,\"height\":1200},{\"@type\":\"BreadcrumbList\",\"@id\":\"https:\/\/medicspa-gatineau.ca\/fr\/remodelage-corporel-non-invasif\/#breadcrumb\",\"itemListElement\":[{\"@type\":\"ListItem\",\"position\":1,\"name\":\"Home\",\"item\":\"https:\/\/medicspa-gatineau.ca\/fr\/\"},{\"@type\":\"ListItem\",\"position\":2,\"name\":\"Remodelage Corporel Non Invasif\"}]},{\"@type\":\"WebSite\",\"@id\":\"https:\/\/medicspa-gatineau.ca\/fr\/#website\",\"url\":\"https:\/\/medicspa-gatineau.ca\/fr\/\",\"name\":\"MedicSPA Gatineau\",\"description\":\"Dr Patricia Berbari\",\"publisher\":{\"@id\":\"https:\/\/medicspa-gatineau.ca\/fr\/#organization\"},\"potentialAction\":[{\"@type\":\"SearchAction\",\"target\":{\"@type\":\"EntryPoint\",\"urlTemplate\":\"https:\/\/medicspa-gatineau.ca\/fr\/?s={search_term_string}\"},\"query-input\":{\"@type\":\"PropertyValueSpecification\",\"valueRequired\":true,\"valueName\":\"search_term_string\"}}],\"inLanguage\":\"fr-FR\"},{\"@type\":\"Organization\",\"@id\":\"https:\/\/medicspa-gatineau.ca\/fr\/#organization\",\"name\":\"MedicSPA Gatineau\",\"url\":\"https:\/\/medicspa-gatineau.ca\/fr\/\",\"logo\":{\"@type\":\"ImageObject\",\"inLanguage\":\"fr-FR\",\"@id\":\"https:\/\/medicspa-gatineau.ca\/fr\/#\/schema\/logo\/image\/\",\"url\":\"https:\/\/medicspa-gatineau.ca\/wp-content\/uploads\/2021\/10\/Medicspa-logo_v2.png\",\"contentUrl\":\"https:\/\/medicspa-gatineau.ca\/wp-content\/uploads\/2021\/10\/Medicspa-logo_v2.png\",\"width\":500,\"height\":300,\"caption\":\"MedicSPA Gatineau\"},\"image\":{\"@id\":\"https:\/\/medicspa-gatineau.ca\/fr\/#\/schema\/logo\/image\/\"}}]}<\/script>\n<!-- \/ Yoast SEO plugin. -->","yoast_head_json":{"title":"Remodelage Corporel Non Invasif in Ottawa - MedicSPA Gatineau","description":"EvolveX est une solution de remodelage corporel non invasive qui cible le rel\u00e2chement cutan\u00e9, les muscles affaiblis et la cellulite.","robots":{"index":"index","follow":"follow","max-snippet":"max-snippet:-1","max-image-preview":"max-image-preview:large","max-video-preview":"max-video-preview:-1"},"canonical":"https:\/\/medicspa-gatineau.ca\/fr\/remodelage-corporel-non-invasif\/","og_locale":"fr_FR","og_type":"article","og_title":"Remodelage Corporel Non Invasif in Ottawa - MedicSPA Gatineau","og_description":"EvolveX est une solution de remodelage corporel non invasive qui cible le rel\u00e2chement cutan\u00e9, les muscles affaiblis et la cellulite.","og_url":"https:\/\/medicspa-gatineau.ca\/fr\/remodelage-corporel-non-invasif\/","og_site_name":"MedicSPA Gatineau","article_modified_time":"2025-08-14T14:54:50+00:00","og_image":[{"width":2000,"height":1200,"url":"https:\/\/medicspa-gatineau.ca\/wp-content\/uploads\/2023\/09\/evolvex-hero-model.jpg","type":"image\/jpeg"}],"twitter_card":"summary_large_image","twitter_misc":{"Dur\u00e9e de lecture estim\u00e9e":"3 minutes"},"schema":{"@context":"https:\/\/schema.org","@graph":[{"@type":"WebPage","@id":"https:\/\/medicspa-gatineau.ca\/fr\/remodelage-corporel-non-invasif\/","url":"https:\/\/medicspa-gatineau.ca\/fr\/remodelage-corporel-non-invasif\/","name":"Remodelage Corporel Non Invasif in Ottawa - MedicSPA Gatineau","isPartOf":{"@id":"https:\/\/medicspa-gatineau.ca\/fr\/#website"},"primaryImageOfPage":{"@id":"https:\/\/medicspa-gatineau.ca\/fr\/remodelage-corporel-non-invasif\/#primaryimage"},"image":{"@id":"https:\/\/medicspa-gatineau.ca\/fr\/remodelage-corporel-non-invasif\/#primaryimage"},"thumbnailUrl":"https:\/\/medicspa-gatineau.ca\/wp-content\/uploads\/2023\/09\/evolvex-hero-model.jpg","datePublished":"2023-09-15T20:52:45+00:00","dateModified":"2025-08-14T14:54:50+00:00","description":"EvolveX est une solution de remodelage corporel non invasive qui cible le rel\u00e2chement cutan\u00e9, les muscles affaiblis et la cellulite.","breadcrumb":{"@id":"https:\/\/medicspa-gatineau.ca\/fr\/remodelage-corporel-non-invasif\/#breadcrumb"},"inLanguage":"fr-FR","potentialAction":[{"@type":"ReadAction","target":["https:\/\/medicspa-gatineau.ca\/fr\/remodelage-corporel-non-invasif\/"]}]},{"@type":"ImageObject","inLanguage":"fr-FR","@id":"https:\/\/medicspa-gatineau.ca\/fr\/remodelage-corporel-non-invasif\/#primaryimage","url":"https:\/\/medicspa-gatineau.ca\/wp-content\/uploads\/2023\/09\/evolvex-hero-model.jpg","contentUrl":"https:\/\/medicspa-gatineau.ca\/wp-content\/uploads\/2023\/09\/evolvex-hero-model.jpg","width":2000,"height":1200},{"@type":"BreadcrumbList","@id":"https:\/\/medicspa-gatineau.ca\/fr\/remodelage-corporel-non-invasif\/#breadcrumb","itemListElement":[{"@type":"ListItem","position":1,"name":"Home","item":"https:\/\/medicspa-gatineau.ca\/fr\/"},{"@type":"ListItem","position":2,"name":"Remodelage Corporel Non Invasif"}]},{"@type":"WebSite","@id":"https:\/\/medicspa-gatineau.ca\/fr\/#website","url":"https:\/\/medicspa-gatineau.ca\/fr\/","name":"MedicSPA Gatineau","description":"Dr Patricia Berbari","publisher":{"@id":"https:\/\/medicspa-gatineau.ca\/fr\/#organization"},"potentialAction":[{"@type":"SearchAction","target":{"@type":"EntryPoint","urlTemplate":"https:\/\/medicspa-gatineau.ca\/fr\/?s={search_term_string}"},"query-input":{"@type":"PropertyValueSpecification","valueRequired":true,"valueName":"search_term_string"}}],"inLanguage":"fr-FR"},{"@type":"Organization","@id":"https:\/\/medicspa-gatineau.ca\/fr\/#organization","name":"MedicSPA Gatineau","url":"https:\/\/medicspa-gatineau.ca\/fr\/","logo":{"@type":"ImageObject","inLanguage":"fr-FR","@id":"https:\/\/medicspa-gatineau.ca\/fr\/#\/schema\/logo\/image\/","url":"https:\/\/medicspa-gatineau.ca\/wp-content\/uploads\/2021\/10\/Medicspa-logo_v2.png","contentUrl":"https:\/\/medicspa-gatineau.ca\/wp-content\/uploads\/2021\/10\/Medicspa-logo_v2.png","width":500,"height":300,"caption":"MedicSPA Gatineau"},"image":{"@id":"https:\/\/medicspa-gatineau.ca\/fr\/#\/schema\/logo\/image\/"}}]}},"_links":{"self":[{"href":"https:\/\/medicspa-gatineau.ca\/fr\/wp-json\/wp\/v2\/pages\/52593","targetHints":{"allow":["GET"]}}],"collection":[{"href":"https:\/\/medicspa-gatineau.ca\/fr\/wp-json\/wp\/v2\/pages"}],"about":[{"href":"https:\/\/medicspa-gatineau.ca\/fr\/wp-json\/wp\/v2\/types\/page"}],"author":[{"embeddable":true,"href":"https:\/\/medicspa-gatineau.ca\/fr\/wp-json\/wp\/v2\/users\/9"}],"replies":[{"embeddable":true,"href":"https:\/\/medicspa-gatineau.ca\/fr\/wp-json\/wp\/v2\/comments?post=52593"}],"version-history":[{"count":27,"href":"https:\/\/medicspa-gatineau.ca\/fr\/wp-json\/wp\/v2\/pages\/52593\/revisions"}],"predecessor-version":[{"id":54149,"href":"https:\/\/medicspa-gatineau.ca\/fr\/wp-json\/wp\/v2\/pages\/52593\/revisions\/54149"}],"wp:featuredmedia":[{"embeddable":true,"href":"https:\/\/medicspa-gatineau.ca\/fr\/wp-json\/wp\/v2\/media\/52622"}],"wp:attachment":[{"href":"https:\/\/medicspa-gatineau.ca\/fr\/wp-json\/wp\/v2\/media?parent=52593"}],"wp:term":[{"taxonomy":"treatment_categories_pages","embeddable":true,"href":"https:\/\/medicspa-gatineau.ca\/fr\/wp-json\/wp\/v2\/treatment_categories_pages?post=52593"}],"curies":[{"name":"wp","href":"https:\/\/api.w.org\/{rel}","templated":true}]}}