{"id":52587,"date":"2023-09-15T16:41:39","date_gmt":"2023-09-15T20:41:39","guid":{"rendered":"https:\/\/medicspa-gatineau.ca\/?page_id=52587"},"modified":"2025-08-26T19:39:41","modified_gmt":"2025-08-26T23:39:41","slug":"traitements-vasculaire-au-laser","status":"publish","type":"page","link":"https:\/\/medicspa-gatineau.ca\/fr\/traitements-vasculaire-au-laser\/","title":{"rendered":"Traitement Vasculaire au Laser"},"content":{"rendered":"\n\n\t\n<h1>\n\t\t\tTraitements vasculaires au laser \u00e0 Gatineau, QC\t<\/h1>\n<h3>\n\t\t\tLes l\u00e9sions vasculaires, telles que les varicosit\u00e9s, sont courantes chez les hommes et les femmes, et des facteurs tels que l&rsquo;\u00e2ge, la g\u00e9n\u00e9tique, la prise de poids, la grossesse et un mode de vie s\u00e9dentaire augmentent la probabilit\u00e9 de varicosit\u00e9s ind\u00e9sirables sur diverses parties du corps.\t<\/h3>\n\t<p>Bien que b\u00e9nins, les angiomes, les t\u00e9langiectasies et les veines des jambes peuvent amener les patients \u00e0 se sentir g\u00ean\u00e9s. Pour cette raison, de nombreux patients \u00e9vitent les situations o\u00f9 ils se sentent oblig\u00e9s de montrer les parties de leur corps affect\u00e9es par ces l\u00e9sions, et \u00e0 mesure que les zones \u00e0 probl\u00e8mes progressent potentiellement, ils se sentent encore plus limit\u00e9s dans ce qu&rsquo;ils peuvent porter et faire.<\/p>\n<p>Les traitements vasculaires au laser sont sp\u00e9cifiquement con\u00e7us pour cibler les l\u00e9sions vasculaires, am\u00e9liorant l&rsquo;apparence et la sensation de divers probl\u00e8mes de peau comme les veines fonc\u00e9es disgracieuses et les imperfections cutan\u00e9es.<\/p>\n<p>Dr Patricia Berbari et son \u00e9quipe de MedicSPA Gatineau sont fiers d&rsquo;ajouter des traitements vasculaires \u00e0 leur gamme de technologies laser, lumi\u00e8re puls\u00e9e, IPL et radiofr\u00e9quence, offrant des services esth\u00e9tiques de qualit\u00e9 m\u00e9dicale qui aident les patients \u00e0 atteindre leurs objectifs.<\/p>\n<p>Contactez MedicSPA Gatineau au <strong><a href=\"tel:+18192437667\">(819) 243-7667<\/a><\/strong> pour en savoir plus sur la fa\u00e7on dont les traitements au laser vasculaire peuvent vous aider \u00e0 obtenir une peau claire sans varicosit\u00e9s ni imperfections.<\/p>\n\t\t\t<a href=\"https:\/\/medicspa-gatineau.ca\/fr\/nous-contacter\/\" target=\"_self\">\n\t\t\t\t\t\t\tContactez-nous\n\t\t\t\t\t<\/a>\n<h2>\n\t\t\tQuels sont les traitements au laser vasculaire ?\t<\/h2>\n\t<p>Ces traitements utilisent un laser pour cibler les vaisseaux sanguins qui causent les imperfections et les l\u00e9sions. Il s&rsquo;agit d&rsquo;un traitement pr\u00e9cis et s\u00fbr pour diverses l\u00e9sions du visage et des jambes gr\u00e2ce \u00e0 l&#8217;embout sp\u00e9cialement con\u00e7u qui identifie la veine ou le r\u00e9seau veineux.<\/p>\n<p>Le laser envoie des impulsions lumineuses dans la veine, brisant le pigment et provoquant la d\u00e9coloration et la disparition des veines et des l\u00e9sions avec le temps. Les sites communs de traitement comprennent:<\/p>\n<ul>\n<li>Visage<\/li>\n<li>D\u00e9collet\u00e9<\/li>\n<li>Bras<\/li>\n<li>Haut des cuisses<\/li>\n<li>Arri\u00e8re des cuisses<\/li>\n<li>Jambes inf\u00e9rieures<\/li>\n<\/ul>\n<p>Lors de votre consultation avec  Dr Berbari, elle \u00e9valuera le type de veines ou de l\u00e9sions qui vous pr\u00e9occupent et cr\u00e9era un plan de traitement qui r\u00e9pondra le mieux aux r\u00e9sultats souhait\u00e9s.<\/p>\n\t\t\t\t<img decoding=\"async\" src=\"https:\/\/medicspa-gatineau.ca\/wp-content\/uploads\/2024\/03\/vasculaze.jpg\" alt=\"vasculaze\" itemprop=\"image\" height=\"1274\" width=\"850\" title=\"vasculaze\" onerror=\"this.style.display='none'\" loading='lazy' \/>\n<ul>\n    <li><a href=\"#benefits\">Quels sont les avantages de Vasculaze ?<\/a><\/li>\n    <li>\u2022<\/li>\n    <li><a href=\"#treatments\">Comment se d\u00e9roulent les traitements Vasculaze ?<\/a><\/li>\n    <li>\u2022<\/li>\n    <li><a href=\"#risks\">Y a-t-il des risques associ\u00e9s \u00e0 Vasculaze ?<\/a><\/li>\n     <li>\u2022<\/li>\n    <li><a href=\"#downtime\">Y a-t-il des temps d&rsquo;arr\u00eat apr\u00e8s les traitements Vasculaze ?<\/a><\/li>\n <li>\u2022<\/li>\n    <li><a href=\"#results\">Quand vais-je voir mes r\u00e9sultats ?<\/a><\/li>\n<\/ul>\n\t<p>avantages<\/p>\n\t<h2>Quels sont les avantages des traitements au laser vasculaire ?<\/h2>\n\t<p>Les l\u00e9sions visibles peuvent \u00eatre longues et bomb\u00e9es, ou elles peuvent \u00eatre petites, fines et courtes. Parfois, les l\u00e9sions apparaissent sur une ligne, s&rsquo;\u00e9tendant sur plusieurs zones du corps ; d&rsquo;autres forment un groupe dans une zone centrale.<\/p>\n<p>Les lasers vasculaires traitent les l\u00e9sions existantes en douceur et en toute s\u00e9curit\u00e9, pr\u00e9venant leur propagation ou leur aggravation. Non invasifs, s\u00fbrs et efficaces, ils offrent des r\u00e9sultats constants et durables.<\/p>\n<p>Les patients peuvent obtenir une diminution d&rsquo;apparence des veines ou leur \u00e9limination pour une peau plus claire.<\/p>\n\t\t\t\t<img decoding=\"async\" src=\"https:\/\/medicspa-gatineau.ca\/wp-content\/uploads\/2024\/07\/Before_after-vasculaze.jpg\" alt=\"vasculize esults\" itemprop=\"image\" height=\"1039\" width=\"1000\" title=\"Before_after vasculaze\" onerror=\"this.style.display='none'\" loading='lazy' \/>\n\t<p>* Ces photos sont publi\u00e9es \u00e0 titre indicatif afin de fournir l&rsquo;information sur la nature de l&rsquo;intervention.\u00a0Elles ne constituent aucunement une garantie de r\u00e9sultat<\/p>\n\t<p>traitements<\/p>\n\t<h2>Comment se d\u00e9roulent les traitements au laser vasculaire ?<\/h2>\n\t<p>La pi\u00e8ce \u00e0 main est plac\u00e9e contre votre zone de traitement et le laser \u00e9met une impulsion de lumi\u00e8re vers le vaisseau sanguin ou la l\u00e9sion cutan\u00e9e, brisant le pigment ou endommageant la veine. Dans le cas de l\u00e9sions cutan\u00e9es, le pigment est d\u00e9compos\u00e9 afin que le corps puisse l&rsquo;absorber. Une fois que les veines ont \u00e9t\u00e9 endommag\u00e9es, le sang est redirig\u00e9 vers d&rsquo;autres veines et le corps se d\u00e9barrasse du vaisseau sanguin endommag\u00e9.<\/p>\n<p>Les patients ressentent l&rsquo;\u00e9quivalent d&rsquo;un claquement d&rsquo;\u00e9lastique, causant une douleur minimale. La pi\u00e8ce \u00e0 main sp\u00e9cialis\u00e9e fournit un refroidissement par contact pour plus de confort.<\/p>\n<p>La dur\u00e9e de votre s\u00e9ance variera en fonction de la taille de la zone trait\u00e9e. Les veines individuelles, par exemple, peuvent \u00eatre trait\u00e9es en quelques secondes, tandis que les zones plus grandes prendront plus de temps.<\/p>\n\t\t\t\t<img decoding=\"async\" src=\"https:\/\/medicspa-gatineau.ca\/wp-content\/uploads\/2025\/03\/BEFORE-AFTER-1-TREATMENT-OF-VASCULAZE.png\" alt=\"Before and after results\" itemprop=\"image\" height=\"715\" width=\"900\" title=\"BEFORE-AFTER 1 TREATMENT OF VASCULAZE\" onerror=\"this.style.display='none'\" loading='lazy' \/>\n\t<p>* Ces photos sont publi\u00e9es \u00e0 titre indicatif afin de fournir l&rsquo;information sur la nature de l&rsquo;intervention.\u00a0Elles ne constituent aucunement une garantie de r\u00e9sultat<\/p>\n\t<p>risques<\/p>\n\t<h2>Y a-t-il des risques associ\u00e9s \u00e0 des traitements au laser vasculaire ?<\/h2>\n\t<p>Tous les traitements au laser comportent des risques d&rsquo;ecchymoses, de rougeurs, de cloques ou de br\u00fblures cutan\u00e9es. Cependant, ce traitement est s\u00fbr et efficace pour \u00e9liminer les varicosit\u00e9s et les l\u00e9sions cutan\u00e9es.<\/p>\n<p><strong>Le traitement au laser vasculaire n&rsquo;est pas destin\u00e9 \u00e0 traiter les varices \u00e9paisses et sur\u00e9lev\u00e9es.<\/strong><\/p>\n<p>Les patients doivent respecter les instructions de suivi telles que l&rsquo;application de SPF sur la zone touch\u00e9e apr\u00e8s le traitement et \u00e9viter les exercices intenses, car cela augmente le flot sanguin.<\/p>\n\t<p>temps d&rsquo;arr\u00eat<\/p>\n\t<h2>Y a-t-il des temps d&rsquo;arr\u00eat apr\u00e8s le traitement ?<\/h2>\n\t<p>Il n&rsquo;y a pas de temps d&rsquo;arr\u00eat associ\u00e9 \u00e0 Le traitement au laser vasculaire. Les patients peuvent reprendre leurs activit\u00e9s normales apr\u00e8s le traitement, ce qui ne prend souvent que quelques minutes.<\/p>\n\t<p>r\u00e9sultats<\/p>\n\t<h2>Quand vais-je voir mes r\u00e9sultats ?<\/h2>\n\t<p>Vous pourrez peut-\u00eatre constater une am\u00e9lioration apr\u00e8s votre premi\u00e8re s\u00e9ance. La plupart des patients ont besoin de trois \u00e0 quatre s\u00e9ances par zone pour obtenir les meilleurs r\u00e9sultats.<\/p>\n<p>Les r\u00e9sultats sont consid\u00e9r\u00e9s comme permanents, bien que des changements dans la vie, tels qu&rsquo;une prise de poids, de longues p\u00e9riodes debout ou une grossesse, puissent entra\u00eener la formation de nouvelles l\u00e9sions.<\/p>\n\t\t\t\t<img decoding=\"async\" src=\"https:\/\/medicspa-gatineau.ca\/wp-content\/uploads\/2023\/09\/vasculaze-before-after-dr-m-gold-preview-1.jpg\" alt=\"Before and after results\" itemprop=\"image\" height=\"1720\" width=\"2560\" title=\"vasculaze-before-after-dr-m-gold-preview-1\" onerror=\"this.style.display='none'\" loading='lazy' \/>\n\t<p>* Ces photos sont publi\u00e9es \u00e0 titre indicatif afin de fournir l&rsquo;information sur la nature de l&rsquo;intervention.\u00a0Elles ne constituent aucunement une garantie de r\u00e9sultat<\/p>\n\t<p>MedicSPA Gatineau<\/p>\n\t<h2>Pourquoi devrais-je choisir MedicSPA Gatineau?<\/h2>\n\t<p>Il est important de confier vos traitements au laser \u00e0 un technicien m\u00e9dical agr\u00e9\u00e9. Bien que le traitement au laser vasculaire soit consid\u00e9r\u00e9 comme s\u00fbr et efficace, il ne doit \u00eatre administr\u00e9 que par des professionnels m\u00e9dicalement supervis\u00e9s ayant une formation et une expertise ad\u00e9quates dans les traitements de la peau.<\/p>\n<p>MedicSPA Gatineau est un \u00e9tablissement \u00e0 la fine pointe de la technologie supervis\u00e9 par  Dr Patricia Berbari, chirurgienne plasticique certifi\u00e9e. Notre \u00e9tablissement propose une large gamme de proc\u00e9dures esth\u00e9tiques non invasives pour vous aider \u00e0 atteindre vos objectifs cutan\u00e9s et corporels. Vous pouvez avoir confiance dans le niveau de soins que vous recevrez au MedicSPA Gatineau, car  Dr Berbari participe \u00e0 chaque \u00e9tape de votre processus cosm\u00e9tique,  elle organise votre plan de traitement lors de la consultation pour vous assurer de recevoir des soins personnalis\u00e9s et efficaces.<\/p>\n\t<p>Dr Patricia Berbari est l&rsquo;ancienne pr\u00e9sidente d\u00e9sign\u00e9e de la Soci\u00e9t\u00e9 canadienne des sp\u00e9cialistes du laser et de l&rsquo;esth\u00e9tique (C.L.A.S.S.) et membre de plusieurs soci\u00e9t\u00e9s, notamment :<\/p>\n<ul>\n<li>Coll\u00e8ge des m\u00e9decins du Qu\u00e9bec<\/li>\n<li>Association des sp\u00e9cialistes en chirurgie plastique et esth\u00e9tique du Qu\u00e9bec<\/li>\n<li>Coll\u00e8ge royal des m\u00e9decins et chirurgiens du Canada<\/li>\n<li>Soci\u00e9t\u00e9 canadienne des sp\u00e9cialistes du laser et de l&rsquo;esth\u00e9tique<\/li>\n<li>Soci\u00e9t\u00e9 Internationale de Chirurgie Plastique Esth\u00e9tique<\/li>\n<\/ul>\n<h2>\n\t\t\tInt\u00e9ress\u00e9 \u00e0 en savoir plus sur les traitements au laser vasculaire \u00e0 Gatineau, QC?\t<\/h2>\n\t<p>Pour en savoir plus sur les traitements au laser vasculaire ou pour planifier une consultation, contactez-nous au MedicSPA Gatineau au <strong><a href=\"tel:+18192437667\">(819) 243-7667<\/a><\/strong>. Nous proposons \u00e9galement une large gamme de traitements cutan\u00e9s et de traitements au laser.<\/p>\n<p>Nous desservons Gatineau, Ottawa et les environs.<\/p>\n                <form method='post' enctype='multipart\/form-data' target='gform_ajax_frame_4' id='gform_4'  action='https:\/\/medicspa-gatineau.ca\/fr\/traitements-vasculaire-au-laser\/?fl_builder&#038;fl_builder_ui_iframe#gf_4' data-formid='4' novalidate>\n                        <label class='gfield_label gform-field-label' for='input_4_1'>Nom(N\u00e9cessaire)<\/label><input name='input_1' id='input_4_1' type='text' value='' class='large'   tabindex='100'  aria-required=\"true\" aria-invalid=\"false\"   \/><label class='gfield_label gform-field-label' for='input_4_2'>Adresse de courriel(N\u00e9cessaire)<\/label>\n                            <input name='input_2' id='input_4_2' type='email' value='' class='large' tabindex='101'   aria-required=\"true\" aria-invalid=\"false\"  \/>\n                        <label class='gfield_label gform-field-label' for='input_4_3'>T\u00e9l\u00e9phone(N\u00e9cessaire)<\/label><input name='input_3' id='input_4_3' type='tel' value='' class='large' tabindex='102'  aria-required=\"true\" aria-invalid=\"false\"   \/><label class='gfield_label gform-field-label' for='input_4_10'>Quel traitement vous int\u00e9resse ?<\/label><input name='input_10' id='input_4_10' type='text' value='' class='large'   tabindex='103'   aria-invalid=\"false\"   \/><label class='gfield_label gform-field-label' for='input_4_4'>Message<\/label><textarea name='input_4' id='input_4_4' class='textarea medium' tabindex='104'     aria-invalid=\"false\"   rows='10' cols='50'><\/textarea>\n         <input type='submit' id='gform_submit_button_4' class='gform_button button' onclick='gform.submission.handleButtonClick(this);' data-submission-type='submit' value='Soumettre' tabindex='105' \/> <input type='hidden' name='gform_ajax' value='form_id=4&amp;title=&amp;description=&amp;tabindex=100&amp;theme=gravity-theme&amp;styles=[]&amp;hash=4b03eabb47e0d66ebce81d98355a1853' \/>\n            <input type='hidden' class='gform_hidden' name='gform_submission_method' data-js='gform_submission_method_4' value='iframe' \/>\n            <input type='hidden' class='gform_hidden' name='gform_theme' data-js='gform_theme_4' id='gform_theme_4' value='gravity-theme' \/>\n            <input type='hidden' class='gform_hidden' name='gform_style_settings' data-js='gform_style_settings_4' id='gform_style_settings_4' value='[]' \/>\n            <input type='hidden' class='gform_hidden' name='is_submit_4' value='1' \/>\n            <input type='hidden' class='gform_hidden' name='gform_submit' value='4' \/>\n            <input type='hidden' class='gform_hidden' name='gform_unique_id' value='' \/>\n            <input type='hidden' class='gform_hidden' name='state_4' value='WyJbXSIsImRjYThkYWYzOTQ3NjAxOWQ4YzdhOWRkZWZjN2ZmYzA3Il0=' \/>\n            <input type='hidden' autocomplete='off' class='gform_hidden' name='gform_target_page_number_4' id='gform_target_page_number_4' value='0' \/>\n            <input type='hidden' autocomplete='off' class='gform_hidden' name='gform_source_page_number_4' id='gform_source_page_number_4' value='1' \/>\n            <input type='hidden' name='gform_field_values' value='' \/>\n                        <label>&#916;<textarea name=\"ak_hp_textarea\" cols=\"45\" rows=\"8\" maxlength=\"100\"><\/textarea><\/label><input type=\"hidden\" id=\"ak_js_1\" name=\"ak_js\" value=\"51\"\/><\/form>\n\t\t                <iframe style='display:none;width:0px;height:0px;' src='about:blank' name='gform_ajax_frame_4' id='gform_ajax_frame_4' title='Cette iframe contient la logique n\u00e9cessaire pour manipuler Gravity Forms avec Ajax.'><\/iframe>\n\n","protected":false},"excerpt":{"rendered":"<p>Traitements vasculaires au laser \u00e0 Gatineau, QC Les l\u00e9sions vasculaires, telles que les varicosit\u00e9s, sont courantes chez les hommes et les femmes, et des facteurs tels que l&rsquo;\u00e2ge, la g\u00e9n\u00e9tique, la prise de poids, la grossesse et un mode de vie s\u00e9dentaire augmentent la probabilit\u00e9 de varicosit\u00e9s ind\u00e9sirables sur diverses parties du corps. Bien que&hellip;<\/p>\n","protected":false},"author":9,"featured_media":53008,"parent":0,"menu_order":0,"comment_status":"closed","ping_status":"closed","template":"","meta":{"_acf_changed":false,"_monsterinsights_skip_tracking":false,"_monsterinsights_sitenote_active":false,"_monsterinsights_sitenote_note":"","_monsterinsights_sitenote_category":0,"footnotes":""},"treatment_categories_pages":[30,31],"class_list":["post-52587","page","type-page","status-publish","has-post-thumbnail","hentry","treatment_categories_pages-pigmentation","treatment_categories_pages-skin-texture"],"acf":[],"yoast_head":"<!-- This site is optimized with the Yoast SEO plugin v27.2 - https:\/\/yoast.com\/product\/yoast-seo-wordpress\/ -->\n<title>Traitement Vasculaire au Laser in Ottawa - MedicSPA Gatineau<\/title>\n<meta name=\"description\" content=\"Les traitements au laser Vasculaze ciblent les l\u00e9sions vasculaires pour am\u00e9liorer l&#039;apparence des varicosit\u00e9s et des imperfections cutan\u00e9es.\" \/>\n<meta name=\"robots\" content=\"index, follow, max-snippet:-1, max-image-preview:large, max-video-preview:-1\" \/>\n<link rel=\"canonical\" href=\"https:\/\/medicspa-gatineau.ca\/fr\/traitements-vasculaire-au-laser\/\" \/>\n<meta property=\"og:locale\" content=\"fr_FR\" \/>\n<meta property=\"og:type\" content=\"article\" \/>\n<meta property=\"og:title\" content=\"Traitement Vasculaire au Laser in Ottawa - MedicSPA Gatineau\" \/>\n<meta property=\"og:description\" content=\"Les traitements au laser Vasculaze ciblent les l\u00e9sions vasculaires pour am\u00e9liorer l&#039;apparence des varicosit\u00e9s et des imperfections cutan\u00e9es.\" \/>\n<meta property=\"og:url\" content=\"https:\/\/medicspa-gatineau.ca\/fr\/traitements-vasculaire-au-laser\/\" \/>\n<meta property=\"og:site_name\" content=\"MedicSPA Gatineau\" \/>\n<meta property=\"article:modified_time\" content=\"2025-08-26T23:39:41+00:00\" \/>\n<meta property=\"og:image\" content=\"https:\/\/medicspa-gatineau.ca\/wp-content\/uploads\/2024\/03\/vasculaze.jpg\" \/>\n\t<meta property=\"og:image:width\" content=\"850\" \/>\n\t<meta property=\"og:image:height\" content=\"1274\" \/>\n\t<meta property=\"og:image:type\" content=\"image\/jpeg\" \/>\n<meta name=\"twitter:card\" content=\"summary_large_image\" \/>\n<meta name=\"twitter:label1\" content=\"Dur\u00e9e de lecture estim\u00e9e\" \/>\n\t<meta name=\"twitter:data1\" content=\"3 minutes\" \/>\n<script type=\"application\/ld+json\" class=\"yoast-schema-graph\">{\"@context\":\"https:\/\/schema.org\",\"@graph\":[{\"@type\":\"WebPage\",\"@id\":\"https:\/\/medicspa-gatineau.ca\/fr\/traitements-vasculaire-au-laser\/\",\"url\":\"https:\/\/medicspa-gatineau.ca\/fr\/traitements-vasculaire-au-laser\/\",\"name\":\"Traitement Vasculaire au Laser in Ottawa - MedicSPA Gatineau\",\"isPartOf\":{\"@id\":\"https:\/\/medicspa-gatineau.ca\/fr\/#website\"},\"primaryImageOfPage\":{\"@id\":\"https:\/\/medicspa-gatineau.ca\/fr\/traitements-vasculaire-au-laser\/#primaryimage\"},\"image\":{\"@id\":\"https:\/\/medicspa-gatineau.ca\/fr\/traitements-vasculaire-au-laser\/#primaryimage\"},\"thumbnailUrl\":\"https:\/\/medicspa-gatineau.ca\/wp-content\/uploads\/2024\/03\/vasculaze.jpg\",\"datePublished\":\"2023-09-15T20:41:39+00:00\",\"dateModified\":\"2025-08-26T23:39:41+00:00\",\"description\":\"Les traitements au laser Vasculaze ciblent les l\u00e9sions vasculaires pour am\u00e9liorer l'apparence des varicosit\u00e9s et des imperfections cutan\u00e9es.\",\"breadcrumb\":{\"@id\":\"https:\/\/medicspa-gatineau.ca\/fr\/traitements-vasculaire-au-laser\/#breadcrumb\"},\"inLanguage\":\"fr-FR\",\"potentialAction\":[{\"@type\":\"ReadAction\",\"target\":[\"https:\/\/medicspa-gatineau.ca\/fr\/traitements-vasculaire-au-laser\/\"]}]},{\"@type\":\"ImageObject\",\"inLanguage\":\"fr-FR\",\"@id\":\"https:\/\/medicspa-gatineau.ca\/fr\/traitements-vasculaire-au-laser\/#primaryimage\",\"url\":\"https:\/\/medicspa-gatineau.ca\/wp-content\/uploads\/2024\/03\/vasculaze.jpg\",\"contentUrl\":\"https:\/\/medicspa-gatineau.ca\/wp-content\/uploads\/2024\/03\/vasculaze.jpg\",\"width\":850,\"height\":1274,\"caption\":\"vasculaze\"},{\"@type\":\"BreadcrumbList\",\"@id\":\"https:\/\/medicspa-gatineau.ca\/fr\/traitements-vasculaire-au-laser\/#breadcrumb\",\"itemListElement\":[{\"@type\":\"ListItem\",\"position\":1,\"name\":\"Home\",\"item\":\"https:\/\/medicspa-gatineau.ca\/fr\/\"},{\"@type\":\"ListItem\",\"position\":2,\"name\":\"Traitement Vasculaire au Laser\"}]},{\"@type\":\"WebSite\",\"@id\":\"https:\/\/medicspa-gatineau.ca\/fr\/#website\",\"url\":\"https:\/\/medicspa-gatineau.ca\/fr\/\",\"name\":\"MedicSPA Gatineau\",\"description\":\"Dr Patricia Berbari\",\"publisher\":{\"@id\":\"https:\/\/medicspa-gatineau.ca\/fr\/#organization\"},\"potentialAction\":[{\"@type\":\"SearchAction\",\"target\":{\"@type\":\"EntryPoint\",\"urlTemplate\":\"https:\/\/medicspa-gatineau.ca\/fr\/?s={search_term_string}\"},\"query-input\":{\"@type\":\"PropertyValueSpecification\",\"valueRequired\":true,\"valueName\":\"search_term_string\"}}],\"inLanguage\":\"fr-FR\"},{\"@type\":\"Organization\",\"@id\":\"https:\/\/medicspa-gatineau.ca\/fr\/#organization\",\"name\":\"MedicSPA Gatineau\",\"url\":\"https:\/\/medicspa-gatineau.ca\/fr\/\",\"logo\":{\"@type\":\"ImageObject\",\"inLanguage\":\"fr-FR\",\"@id\":\"https:\/\/medicspa-gatineau.ca\/fr\/#\/schema\/logo\/image\/\",\"url\":\"https:\/\/medicspa-gatineau.ca\/wp-content\/uploads\/2021\/10\/Medicspa-logo_v2.png\",\"contentUrl\":\"https:\/\/medicspa-gatineau.ca\/wp-content\/uploads\/2021\/10\/Medicspa-logo_v2.png\",\"width\":500,\"height\":300,\"caption\":\"MedicSPA Gatineau\"},\"image\":{\"@id\":\"https:\/\/medicspa-gatineau.ca\/fr\/#\/schema\/logo\/image\/\"}}]}<\/script>\n<!-- \/ Yoast SEO plugin. -->","yoast_head_json":{"title":"Traitement Vasculaire au Laser in Ottawa - MedicSPA Gatineau","description":"Les traitements au laser Vasculaze ciblent les l\u00e9sions vasculaires pour am\u00e9liorer l'apparence des varicosit\u00e9s et des imperfections cutan\u00e9es.","robots":{"index":"index","follow":"follow","max-snippet":"max-snippet:-1","max-image-preview":"max-image-preview:large","max-video-preview":"max-video-preview:-1"},"canonical":"https:\/\/medicspa-gatineau.ca\/fr\/traitements-vasculaire-au-laser\/","og_locale":"fr_FR","og_type":"article","og_title":"Traitement Vasculaire au Laser in Ottawa - MedicSPA Gatineau","og_description":"Les traitements au laser Vasculaze ciblent les l\u00e9sions vasculaires pour am\u00e9liorer l'apparence des varicosit\u00e9s et des imperfections cutan\u00e9es.","og_url":"https:\/\/medicspa-gatineau.ca\/fr\/traitements-vasculaire-au-laser\/","og_site_name":"MedicSPA Gatineau","article_modified_time":"2025-08-26T23:39:41+00:00","og_image":[{"width":850,"height":1274,"url":"https:\/\/medicspa-gatineau.ca\/wp-content\/uploads\/2024\/03\/vasculaze.jpg","type":"image\/jpeg"}],"twitter_card":"summary_large_image","twitter_misc":{"Dur\u00e9e de lecture estim\u00e9e":"3 minutes"},"schema":{"@context":"https:\/\/schema.org","@graph":[{"@type":"WebPage","@id":"https:\/\/medicspa-gatineau.ca\/fr\/traitements-vasculaire-au-laser\/","url":"https:\/\/medicspa-gatineau.ca\/fr\/traitements-vasculaire-au-laser\/","name":"Traitement Vasculaire au Laser in Ottawa - MedicSPA Gatineau","isPartOf":{"@id":"https:\/\/medicspa-gatineau.ca\/fr\/#website"},"primaryImageOfPage":{"@id":"https:\/\/medicspa-gatineau.ca\/fr\/traitements-vasculaire-au-laser\/#primaryimage"},"image":{"@id":"https:\/\/medicspa-gatineau.ca\/fr\/traitements-vasculaire-au-laser\/#primaryimage"},"thumbnailUrl":"https:\/\/medicspa-gatineau.ca\/wp-content\/uploads\/2024\/03\/vasculaze.jpg","datePublished":"2023-09-15T20:41:39+00:00","dateModified":"2025-08-26T23:39:41+00:00","description":"Les traitements au laser Vasculaze ciblent les l\u00e9sions vasculaires pour am\u00e9liorer l'apparence des varicosit\u00e9s et des imperfections cutan\u00e9es.","breadcrumb":{"@id":"https:\/\/medicspa-gatineau.ca\/fr\/traitements-vasculaire-au-laser\/#breadcrumb"},"inLanguage":"fr-FR","potentialAction":[{"@type":"ReadAction","target":["https:\/\/medicspa-gatineau.ca\/fr\/traitements-vasculaire-au-laser\/"]}]},{"@type":"ImageObject","inLanguage":"fr-FR","@id":"https:\/\/medicspa-gatineau.ca\/fr\/traitements-vasculaire-au-laser\/#primaryimage","url":"https:\/\/medicspa-gatineau.ca\/wp-content\/uploads\/2024\/03\/vasculaze.jpg","contentUrl":"https:\/\/medicspa-gatineau.ca\/wp-content\/uploads\/2024\/03\/vasculaze.jpg","width":850,"height":1274,"caption":"vasculaze"},{"@type":"BreadcrumbList","@id":"https:\/\/medicspa-gatineau.ca\/fr\/traitements-vasculaire-au-laser\/#breadcrumb","itemListElement":[{"@type":"ListItem","position":1,"name":"Home","item":"https:\/\/medicspa-gatineau.ca\/fr\/"},{"@type":"ListItem","position":2,"name":"Traitement Vasculaire au Laser"}]},{"@type":"WebSite","@id":"https:\/\/medicspa-gatineau.ca\/fr\/#website","url":"https:\/\/medicspa-gatineau.ca\/fr\/","name":"MedicSPA Gatineau","description":"Dr Patricia Berbari","publisher":{"@id":"https:\/\/medicspa-gatineau.ca\/fr\/#organization"},"potentialAction":[{"@type":"SearchAction","target":{"@type":"EntryPoint","urlTemplate":"https:\/\/medicspa-gatineau.ca\/fr\/?s={search_term_string}"},"query-input":{"@type":"PropertyValueSpecification","valueRequired":true,"valueName":"search_term_string"}}],"inLanguage":"fr-FR"},{"@type":"Organization","@id":"https:\/\/medicspa-gatineau.ca\/fr\/#organization","name":"MedicSPA Gatineau","url":"https:\/\/medicspa-gatineau.ca\/fr\/","logo":{"@type":"ImageObject","inLanguage":"fr-FR","@id":"https:\/\/medicspa-gatineau.ca\/fr\/#\/schema\/logo\/image\/","url":"https:\/\/medicspa-gatineau.ca\/wp-content\/uploads\/2021\/10\/Medicspa-logo_v2.png","contentUrl":"https:\/\/medicspa-gatineau.ca\/wp-content\/uploads\/2021\/10\/Medicspa-logo_v2.png","width":500,"height":300,"caption":"MedicSPA Gatineau"},"image":{"@id":"https:\/\/medicspa-gatineau.ca\/fr\/#\/schema\/logo\/image\/"}}]}},"_links":{"self":[{"href":"https:\/\/medicspa-gatineau.ca\/fr\/wp-json\/wp\/v2\/pages\/52587","targetHints":{"allow":["GET"]}}],"collection":[{"href":"https:\/\/medicspa-gatineau.ca\/fr\/wp-json\/wp\/v2\/pages"}],"about":[{"href":"https:\/\/medicspa-gatineau.ca\/fr\/wp-json\/wp\/v2\/types\/page"}],"author":[{"embeddable":true,"href":"https:\/\/medicspa-gatineau.ca\/fr\/wp-json\/wp\/v2\/users\/9"}],"replies":[{"embeddable":true,"href":"https:\/\/medicspa-gatineau.ca\/fr\/wp-json\/wp\/v2\/comments?post=52587"}],"version-history":[{"count":25,"href":"https:\/\/medicspa-gatineau.ca\/fr\/wp-json\/wp\/v2\/pages\/52587\/revisions"}],"predecessor-version":[{"id":54136,"href":"https:\/\/medicspa-gatineau.ca\/fr\/wp-json\/wp\/v2\/pages\/52587\/revisions\/54136"}],"wp:featuredmedia":[{"embeddable":true,"href":"https:\/\/medicspa-gatineau.ca\/fr\/wp-json\/wp\/v2\/media\/53008"}],"wp:attachment":[{"href":"https:\/\/medicspa-gatineau.ca\/fr\/wp-json\/wp\/v2\/media?parent=52587"}],"wp:term":[{"taxonomy":"treatment_categories_pages","embeddable":true,"href":"https:\/\/medicspa-gatineau.ca\/fr\/wp-json\/wp\/v2\/treatment_categories_pages?post=52587"}],"curies":[{"name":"wp","href":"https:\/\/api.w.org\/{rel}","templated":true}]}}