{"id":52316,"date":"2023-03-13T14:00:59","date_gmt":"2023-03-13T14:00:59","guid":{"rendered":"https:\/\/medicspa-gatineau.ca\/about-us\/"},"modified":"2025-08-27T12:46:45","modified_gmt":"2025-08-27T16:46:45","slug":"apropos","status":"publish","type":"page","link":"https:\/\/medicspa-gatineau.ca\/fr\/apropos\/","title":{"rendered":"\u00e0 propos"},"content":{"rendered":"\n\n\t\n<h1>\n\t\t\tRencontrez le personnel de MedicSPA Gatineau\t<\/h1>\n\t<p>MedicSPA Gatineau est fier d&rsquo;avoir une \u00e9quipe qualifi\u00e9e d&rsquo;esth\u00e9ticiennes m\u00e9dicales et d&rsquo;infirmi\u00e8res supervis\u00e9es par Dr Patricia Berbari.<\/p>\n<p>Que ce soit votre premi\u00e8re visite \u00e0 MedicSPA Gatineau ou que vous nous visitiez depuis des ann\u00e9es, nous voulons que vous vous sentiez \u00e0 l&rsquo;aise et confiant avec notre \u00e9quipe, et nous sommes l\u00e0 pour rendre votre exp\u00e9rience esth\u00e9tique agr\u00e9able et m\u00e9morable. Dr Berbari croit fermement \u00e0 la formation m\u00e9dicale continue, et notre personnel assiste \u00e0 des congr\u00e8s m\u00e9dico-esth\u00e9tiques annuels pour se tenir au courant des traitements et des techniques les plus r\u00e9cents et les plus avanc\u00e9s.<\/p>\n<p>Le personnel de MedicSPA Gatineau est form\u00e9 et certifi\u00e9 en r\u00e9animation de base (BLS), et nous avons un d\u00e9fibrillateur sur place.<\/p>\n<h2>\n\t\t\tNotre \u00e9quipe d\u00e9vou\u00e9e, exp\u00e9riment\u00e9e et multilingue\t<\/h2>\n<h2>\n\t\t\tMyra\t<\/h2>\n\t<p>Notre esth\u00e9ticienne, Myra, se consacre \u00e0 \u00e9duquer les patients sur leurs besoins en mati\u00e8re de soins de la peau tout en effectuant une large gamme de traitements faciaux. Parlant couramment le fran\u00e7ais et l&rsquo;anglais, Myra apporte sa personnalit\u00e9 m\u00e9ticuleuse et perfectionniste dans le traitement de tous ses patients.<\/p>\n<p>Lorsqu&rsquo;elle n&rsquo;est pas \u00e0 MedicSPA Gatineau, Myra aime participer \u00e0 des activit\u00e9s de plein air.<\/p>\n\t\t\t\t<img decoding=\"async\" src=\"https:\/\/medicspa-gatineau.ca\/wp-content\/uploads\/2025\/03\/myra.jpg\" alt=\"Myra\" itemprop=\"image\" height=\"1000\" width=\"800\" title=\"myra\" onerror=\"this.style.display='none'\" loading='lazy' \/>\n\t\t\t\t<img decoding=\"async\" src=\"https:\/\/medicspa-gatineau.ca\/wp-content\/uploads\/2025\/03\/mona.jpg\" alt=\"Mona\" itemprop=\"image\" height=\"1000\" width=\"800\" title=\"mona\" onerror=\"this.style.display='none'\" loading='lazy' \/>\n<h2>\n\t\t\tMona\t<\/h2>\n\t<p>Mona est notre infirmi\u00e8re auxiliaire enregistr\u00e9e et notre assistante de salle d&rsquo;op\u00e9ration. Lorsqu&rsquo;elle n&rsquo;assiste pas Dr Berbari, Mona effectue de nombreux traitements semi-invasifs et injectables et poss\u00e8de une exp\u00e9rience significative des traitements au laser. (Elle est \u00e9galement un officier certifi\u00e9 Laser). Mona parle fran\u00e7ais, anglais et perse.<\/p>\n<p>Lorsqu&rsquo;elle n&rsquo;aide pas dans la salle d&rsquo;op\u00e9ration ou n&rsquo;effectue pas de traitements de soins de la peau, Mona aime passer du temps avec son chiot, Diamond.<\/p>\n<h2>\n\t\t\tMallory\t<\/h2>\n\t<p>Mallory pratique l&rsquo;\u00e9quilibre parfait entre une carri\u00e8re d\u00e9vou\u00e9e en tant qu&rsquo;infirmi\u00e8re auxiliaire au bloc op\u00e9ratoire et au spa m\u00e9dical. Elle a 20 ans d&rsquo;exp\u00e9rience dans le domaine des soins de sant\u00e9. Elle a une passion pour la musique qui la conduit \u00e0 passer son temps libre \u00e0 chanter et jouer des m\u00e9lodies \u00e0 la guitare. Elle aime aussi voyager et exploser de nouveaux horizons.<\/p>\n\t\t\t\t<img decoding=\"async\" src=\"https:\/\/medicspa-gatineau.ca\/wp-content\/uploads\/2024\/06\/staff-mallory-01.webp\" alt=\"mallory\" itemprop=\"image\" height=\"1200\" width=\"1200\" title=\"staff-mallory-01\" onerror=\"this.style.display='none'\" loading='lazy' \/>\n\t\t\t\t<img decoding=\"async\" src=\"https:\/\/medicspa-gatineau.ca\/wp-content\/uploads\/2022\/01\/7bb586cb946fcc6e9efdde8d19bd794f-xlarge.jpg\" alt=\"Dr. Berbari\" itemprop=\"image\" height=\"1536\" width=\"1024\" title=\"7bb586cb946fcc6e9efdde8d19bd794f-xlarge\" onerror=\"this.style.display='none'\" loading='lazy' \/>\n<h2>\n\t\t\tSous la supervision m\u00e9dicale du Dr Patricia Berbari\t<\/h2>\n\t<p>Dr Berbari a cr\u00e9\u00e9 MedicSPA Gatineau pour offrir \u00e0 ses patients des traitements cosm\u00e9tiques avanc\u00e9s et \u00e0 la fine pointe de la technologie qui r\u00e9pondent \u00e0 leurs besoins en mati\u00e8re de soins de la peau et \/ ou compl\u00e8tent d&rsquo;autres proc\u00e9dures de chirurgie plastique.<\/p>\n<p>Dr Patricia Berbari est chirurgienne plasticique certifi\u00e9e, ancienne pr\u00e9sidente de la Soci\u00e9t\u00e9 canadienne des sp\u00e9cialistes en laser esth\u00e9tique (C.L.A.S.S.) et membre de diverses soci\u00e9t\u00e9s m\u00e9dicales, notamment :<\/p>\n<ul>\n<li>Coll\u00e8ge des m\u00e9decins du Qu\u00e9bec<\/li>\n<li>Association des sp\u00e9cialistes en chirurgie plastique et esth\u00e9tique du Qu\u00e9bec<\/li>\n<li>Coll\u00e8ge royal des m\u00e9decins et chirurgiens du Canada<\/li>\n<li>Soci\u00e9t\u00e9 canadienne des chirurgiens plasticiens esth\u00e9tiques<\/li>\n<li>Soci\u00e9t\u00e9 canadienne de sp\u00e9cialistes du laser et de l&rsquo;esth\u00e9tique<\/li>\n<li>Soci\u00e9t\u00e9 internationale de chirurgie plastique esth\u00e9tique<\/li>\n<\/ul>\n<p>Vous rencontrerez Dr Berbari pour votre consultation initiale.<\/p>\n<h2>\n\t\t\tAppelez-nous pour planifier une consultation. Nous avons h\u00e2te de vous rencontrer!\t<\/h2>\n\t<p>Nous sommes l\u00e0 pour vous aider \u00e0 obtenir la peau saine que vous voulez. Appelez MedicSPA Gatineau d\u00e8s aujourd&rsquo;hui au <strong><a href=\"tel:+18192437667\">(819) 243-7667<\/a><\/strong>\u00a0pour planifier une consultation. Nous desservons Gatineau et la grande communaut\u00e9 d&rsquo;Ottawa.<\/p>\n                <form method='post' enctype='multipart\/form-data' target='gform_ajax_frame_4' id='gform_4'  action='https:\/\/medicspa-gatineau.ca\/fr\/apropos\/?fl_builder&#038;fl_builder_ui_iframe#gf_4' data-formid='4' novalidate>\n                        <label class='gfield_label gform-field-label' for='input_4_1'>Nom(N\u00e9cessaire)<\/label><input name='input_1' id='input_4_1' type='text' value='' class='large'   tabindex='100'  aria-required=\"true\" aria-invalid=\"false\"   \/><label class='gfield_label gform-field-label' for='input_4_2'>Adresse de courriel(N\u00e9cessaire)<\/label>\n                            <input name='input_2' id='input_4_2' type='email' value='' class='large' tabindex='101'   aria-required=\"true\" aria-invalid=\"false\"  \/>\n                        <label class='gfield_label gform-field-label' for='input_4_3'>T\u00e9l\u00e9phone(N\u00e9cessaire)<\/label><input name='input_3' id='input_4_3' type='tel' value='' class='large' tabindex='102'  aria-required=\"true\" aria-invalid=\"false\"   \/><label class='gfield_label gform-field-label' for='input_4_10'>Quel traitement vous int\u00e9resse ?<\/label><input name='input_10' id='input_4_10' type='text' value='' class='large'   tabindex='103'   aria-invalid=\"false\"   \/><label class='gfield_label gform-field-label' for='input_4_4'>Message<\/label><textarea name='input_4' id='input_4_4' class='textarea medium' tabindex='104'     aria-invalid=\"false\"   rows='10' cols='50'><\/textarea>\n         <input type='submit' id='gform_submit_button_4' class='gform_button button' onclick='gform.submission.handleButtonClick(this);' data-submission-type='submit' value='Soumettre' tabindex='105' \/> <input type='hidden' name='gform_ajax' value='form_id=4&amp;title=&amp;description=&amp;tabindex=100&amp;theme=gravity-theme&amp;styles=[]&amp;hash=4b03eabb47e0d66ebce81d98355a1853' \/>\n            <input type='hidden' class='gform_hidden' name='gform_submission_method' data-js='gform_submission_method_4' value='iframe' \/>\n            <input type='hidden' class='gform_hidden' name='gform_theme' data-js='gform_theme_4' id='gform_theme_4' value='gravity-theme' \/>\n            <input type='hidden' class='gform_hidden' name='gform_style_settings' data-js='gform_style_settings_4' id='gform_style_settings_4' value='[]' \/>\n            <input type='hidden' class='gform_hidden' name='is_submit_4' value='1' \/>\n            <input type='hidden' class='gform_hidden' name='gform_submit' value='4' \/>\n            <input type='hidden' class='gform_hidden' name='gform_unique_id' value='' \/>\n            <input type='hidden' class='gform_hidden' name='state_4' value='WyJbXSIsImRjYThkYWYzOTQ3NjAxOWQ4YzdhOWRkZWZjN2ZmYzA3Il0=' \/>\n            <input type='hidden' autocomplete='off' class='gform_hidden' name='gform_target_page_number_4' id='gform_target_page_number_4' value='0' \/>\n            <input type='hidden' autocomplete='off' class='gform_hidden' name='gform_source_page_number_4' id='gform_source_page_number_4' value='1' \/>\n            <input type='hidden' name='gform_field_values' value='' \/>\n                        <label>&#916;<textarea name=\"ak_hp_textarea\" cols=\"45\" rows=\"8\" maxlength=\"100\"><\/textarea><\/label><input type=\"hidden\" id=\"ak_js_1\" name=\"ak_js\" value=\"13\"\/><\/form>\n\t\t                <iframe style='display:none;width:0px;height:0px;' src='about:blank' name='gform_ajax_frame_4' id='gform_ajax_frame_4' title='Cette iframe contient la logique n\u00e9cessaire pour manipuler Gravity Forms avec Ajax.'><\/iframe>\n\n","protected":false},"excerpt":{"rendered":"<p>Rencontrez le personnel de MedicSPA Gatineau MedicSPA Gatineau est fier d&rsquo;avoir une \u00e9quipe qualifi\u00e9e d&rsquo;esth\u00e9ticiennes m\u00e9dicales et d&rsquo;infirmi\u00e8res supervis\u00e9es par Dr Patricia Berbari. Que ce soit votre premi\u00e8re visite \u00e0 MedicSPA Gatineau ou que vous nous visitiez depuis des ann\u00e9es, nous voulons que vous vous sentiez \u00e0 l&rsquo;aise et confiant avec notre \u00e9quipe, et nous&hellip;<\/p>\n","protected":false},"author":9,"featured_media":0,"parent":0,"menu_order":0,"comment_status":"closed","ping_status":"closed","template":"","meta":{"_acf_changed":false,"_monsterinsights_skip_tracking":false,"_monsterinsights_sitenote_active":false,"_monsterinsights_sitenote_note":"","_monsterinsights_sitenote_category":0,"footnotes":""},"treatment_categories_pages":[],"class_list":["post-52316","page","type-page","status-publish","hentry"],"acf":[],"yoast_head":"<!-- This site is optimized with the Yoast SEO plugin v27.2 - https:\/\/yoast.com\/product\/yoast-seo-wordpress\/ -->\n<title>Rencontrez le personnel de MedicSPA - MedicSPA Gatineau<\/title>\n<meta name=\"description\" content=\"Chez MedicSPA Gatineau, notre \u00e9quipe d&#039;esth\u00e9ticiennes m\u00e9dicales et d&#039;infirmi\u00e8res qualifi\u00e9es travaille sous la direction de la Dre Patricia Berbari.\" \/>\n<meta name=\"robots\" content=\"index, follow, max-snippet:-1, max-image-preview:large, max-video-preview:-1\" \/>\n<link rel=\"canonical\" href=\"https:\/\/medicspa-gatineau.ca\/fr\/apropos\/\" \/>\n<meta property=\"og:locale\" content=\"fr_FR\" \/>\n<meta property=\"og:type\" content=\"article\" \/>\n<meta property=\"og:title\" content=\"Rencontrez le personnel de MedicSPA - MedicSPA Gatineau\" \/>\n<meta property=\"og:description\" content=\"Chez MedicSPA Gatineau, notre \u00e9quipe d&#039;esth\u00e9ticiennes m\u00e9dicales et d&#039;infirmi\u00e8res qualifi\u00e9es travaille sous la direction de la Dre Patricia Berbari.\" \/>\n<meta property=\"og:url\" content=\"https:\/\/medicspa-gatineau.ca\/fr\/apropos\/\" \/>\n<meta property=\"og:site_name\" content=\"MedicSPA Gatineau\" \/>\n<meta property=\"article:modified_time\" content=\"2025-08-27T16:46:45+00:00\" \/>\n<meta property=\"og:image\" content=\"https:\/\/medicspa-gatineau.ca\/wp-content\/uploads\/2025\/03\/myra.jpg\" \/>\n<meta name=\"twitter:card\" content=\"summary_large_image\" \/>\n<meta name=\"twitter:label1\" content=\"Dur\u00e9e de lecture estim\u00e9e\" \/>\n\t<meta name=\"twitter:data1\" content=\"2 minutes\" \/>\n<script type=\"application\/ld+json\" class=\"yoast-schema-graph\">{\"@context\":\"https:\/\/schema.org\",\"@graph\":[{\"@type\":\"WebPage\",\"@id\":\"https:\/\/medicspa-gatineau.ca\/fr\/apropos\/\",\"url\":\"https:\/\/medicspa-gatineau.ca\/fr\/apropos\/\",\"name\":\"Rencontrez le personnel de MedicSPA - MedicSPA Gatineau\",\"isPartOf\":{\"@id\":\"https:\/\/medicspa-gatineau.ca\/fr\/#website\"},\"primaryImageOfPage\":{\"@id\":\"https:\/\/medicspa-gatineau.ca\/fr\/apropos\/#primaryimage\"},\"image\":{\"@id\":\"https:\/\/medicspa-gatineau.ca\/fr\/apropos\/#primaryimage\"},\"thumbnailUrl\":\"https:\/\/medicspa-gatineau.ca\/wp-content\/uploads\/2025\/03\/myra.jpg\",\"datePublished\":\"2023-03-13T14:00:59+00:00\",\"dateModified\":\"2025-08-27T16:46:45+00:00\",\"description\":\"Chez MedicSPA Gatineau, notre \u00e9quipe d'esth\u00e9ticiennes m\u00e9dicales et d'infirmi\u00e8res qualifi\u00e9es travaille sous la direction de la Dre Patricia Berbari.\",\"breadcrumb\":{\"@id\":\"https:\/\/medicspa-gatineau.ca\/fr\/apropos\/#breadcrumb\"},\"inLanguage\":\"fr-FR\",\"potentialAction\":[{\"@type\":\"ReadAction\",\"target\":[\"https:\/\/medicspa-gatineau.ca\/fr\/apropos\/\"]}]},{\"@type\":\"ImageObject\",\"inLanguage\":\"fr-FR\",\"@id\":\"https:\/\/medicspa-gatineau.ca\/fr\/apropos\/#primaryimage\",\"url\":\"https:\/\/medicspa-gatineau.ca\/wp-content\/uploads\/2025\/03\/myra.jpg\",\"contentUrl\":\"https:\/\/medicspa-gatineau.ca\/wp-content\/uploads\/2025\/03\/myra.jpg\"},{\"@type\":\"BreadcrumbList\",\"@id\":\"https:\/\/medicspa-gatineau.ca\/fr\/apropos\/#breadcrumb\",\"itemListElement\":[{\"@type\":\"ListItem\",\"position\":1,\"name\":\"Home\",\"item\":\"https:\/\/medicspa-gatineau.ca\/fr\/\"},{\"@type\":\"ListItem\",\"position\":2,\"name\":\"\u00e0 propos\"}]},{\"@type\":\"WebSite\",\"@id\":\"https:\/\/medicspa-gatineau.ca\/fr\/#website\",\"url\":\"https:\/\/medicspa-gatineau.ca\/fr\/\",\"name\":\"MedicSPA Gatineau\",\"description\":\"Dr Patricia Berbari\",\"publisher\":{\"@id\":\"https:\/\/medicspa-gatineau.ca\/fr\/#organization\"},\"potentialAction\":[{\"@type\":\"SearchAction\",\"target\":{\"@type\":\"EntryPoint\",\"urlTemplate\":\"https:\/\/medicspa-gatineau.ca\/fr\/?s={search_term_string}\"},\"query-input\":{\"@type\":\"PropertyValueSpecification\",\"valueRequired\":true,\"valueName\":\"search_term_string\"}}],\"inLanguage\":\"fr-FR\"},{\"@type\":\"Organization\",\"@id\":\"https:\/\/medicspa-gatineau.ca\/fr\/#organization\",\"name\":\"MedicSPA Gatineau\",\"url\":\"https:\/\/medicspa-gatineau.ca\/fr\/\",\"logo\":{\"@type\":\"ImageObject\",\"inLanguage\":\"fr-FR\",\"@id\":\"https:\/\/medicspa-gatineau.ca\/fr\/#\/schema\/logo\/image\/\",\"url\":\"https:\/\/medicspa-gatineau.ca\/wp-content\/uploads\/2021\/10\/Medicspa-logo_v2.png\",\"contentUrl\":\"https:\/\/medicspa-gatineau.ca\/wp-content\/uploads\/2021\/10\/Medicspa-logo_v2.png\",\"width\":500,\"height\":300,\"caption\":\"MedicSPA Gatineau\"},\"image\":{\"@id\":\"https:\/\/medicspa-gatineau.ca\/fr\/#\/schema\/logo\/image\/\"}}]}<\/script>\n<!-- \/ Yoast SEO plugin. -->","yoast_head_json":{"title":"Rencontrez le personnel de MedicSPA - MedicSPA Gatineau","description":"Chez MedicSPA Gatineau, notre \u00e9quipe d'esth\u00e9ticiennes m\u00e9dicales et d'infirmi\u00e8res qualifi\u00e9es travaille sous la direction de la Dre Patricia Berbari.","robots":{"index":"index","follow":"follow","max-snippet":"max-snippet:-1","max-image-preview":"max-image-preview:large","max-video-preview":"max-video-preview:-1"},"canonical":"https:\/\/medicspa-gatineau.ca\/fr\/apropos\/","og_locale":"fr_FR","og_type":"article","og_title":"Rencontrez le personnel de MedicSPA - MedicSPA Gatineau","og_description":"Chez MedicSPA Gatineau, notre \u00e9quipe d'esth\u00e9ticiennes m\u00e9dicales et d'infirmi\u00e8res qualifi\u00e9es travaille sous la direction de la Dre Patricia Berbari.","og_url":"https:\/\/medicspa-gatineau.ca\/fr\/apropos\/","og_site_name":"MedicSPA Gatineau","article_modified_time":"2025-08-27T16:46:45+00:00","og_image":[{"url":"https:\/\/medicspa-gatineau.ca\/wp-content\/uploads\/2025\/03\/myra.jpg","type":"","width":"","height":""}],"twitter_card":"summary_large_image","twitter_misc":{"Dur\u00e9e de lecture estim\u00e9e":"2 minutes"},"schema":{"@context":"https:\/\/schema.org","@graph":[{"@type":"WebPage","@id":"https:\/\/medicspa-gatineau.ca\/fr\/apropos\/","url":"https:\/\/medicspa-gatineau.ca\/fr\/apropos\/","name":"Rencontrez le personnel de MedicSPA - MedicSPA Gatineau","isPartOf":{"@id":"https:\/\/medicspa-gatineau.ca\/fr\/#website"},"primaryImageOfPage":{"@id":"https:\/\/medicspa-gatineau.ca\/fr\/apropos\/#primaryimage"},"image":{"@id":"https:\/\/medicspa-gatineau.ca\/fr\/apropos\/#primaryimage"},"thumbnailUrl":"https:\/\/medicspa-gatineau.ca\/wp-content\/uploads\/2025\/03\/myra.jpg","datePublished":"2023-03-13T14:00:59+00:00","dateModified":"2025-08-27T16:46:45+00:00","description":"Chez MedicSPA Gatineau, notre \u00e9quipe d'esth\u00e9ticiennes m\u00e9dicales et d'infirmi\u00e8res qualifi\u00e9es travaille sous la direction de la Dre Patricia Berbari.","breadcrumb":{"@id":"https:\/\/medicspa-gatineau.ca\/fr\/apropos\/#breadcrumb"},"inLanguage":"fr-FR","potentialAction":[{"@type":"ReadAction","target":["https:\/\/medicspa-gatineau.ca\/fr\/apropos\/"]}]},{"@type":"ImageObject","inLanguage":"fr-FR","@id":"https:\/\/medicspa-gatineau.ca\/fr\/apropos\/#primaryimage","url":"https:\/\/medicspa-gatineau.ca\/wp-content\/uploads\/2025\/03\/myra.jpg","contentUrl":"https:\/\/medicspa-gatineau.ca\/wp-content\/uploads\/2025\/03\/myra.jpg"},{"@type":"BreadcrumbList","@id":"https:\/\/medicspa-gatineau.ca\/fr\/apropos\/#breadcrumb","itemListElement":[{"@type":"ListItem","position":1,"name":"Home","item":"https:\/\/medicspa-gatineau.ca\/fr\/"},{"@type":"ListItem","position":2,"name":"\u00e0 propos"}]},{"@type":"WebSite","@id":"https:\/\/medicspa-gatineau.ca\/fr\/#website","url":"https:\/\/medicspa-gatineau.ca\/fr\/","name":"MedicSPA Gatineau","description":"Dr Patricia Berbari","publisher":{"@id":"https:\/\/medicspa-gatineau.ca\/fr\/#organization"},"potentialAction":[{"@type":"SearchAction","target":{"@type":"EntryPoint","urlTemplate":"https:\/\/medicspa-gatineau.ca\/fr\/?s={search_term_string}"},"query-input":{"@type":"PropertyValueSpecification","valueRequired":true,"valueName":"search_term_string"}}],"inLanguage":"fr-FR"},{"@type":"Organization","@id":"https:\/\/medicspa-gatineau.ca\/fr\/#organization","name":"MedicSPA Gatineau","url":"https:\/\/medicspa-gatineau.ca\/fr\/","logo":{"@type":"ImageObject","inLanguage":"fr-FR","@id":"https:\/\/medicspa-gatineau.ca\/fr\/#\/schema\/logo\/image\/","url":"https:\/\/medicspa-gatineau.ca\/wp-content\/uploads\/2021\/10\/Medicspa-logo_v2.png","contentUrl":"https:\/\/medicspa-gatineau.ca\/wp-content\/uploads\/2021\/10\/Medicspa-logo_v2.png","width":500,"height":300,"caption":"MedicSPA Gatineau"},"image":{"@id":"https:\/\/medicspa-gatineau.ca\/fr\/#\/schema\/logo\/image\/"}}]}},"_links":{"self":[{"href":"https:\/\/medicspa-gatineau.ca\/fr\/wp-json\/wp\/v2\/pages\/52316","targetHints":{"allow":["GET"]}}],"collection":[{"href":"https:\/\/medicspa-gatineau.ca\/fr\/wp-json\/wp\/v2\/pages"}],"about":[{"href":"https:\/\/medicspa-gatineau.ca\/fr\/wp-json\/wp\/v2\/types\/page"}],"author":[{"embeddable":true,"href":"https:\/\/medicspa-gatineau.ca\/fr\/wp-json\/wp\/v2\/users\/9"}],"replies":[{"embeddable":true,"href":"https:\/\/medicspa-gatineau.ca\/fr\/wp-json\/wp\/v2\/comments?post=52316"}],"version-history":[{"count":12,"href":"https:\/\/medicspa-gatineau.ca\/fr\/wp-json\/wp\/v2\/pages\/52316\/revisions"}],"predecessor-version":[{"id":54116,"href":"https:\/\/medicspa-gatineau.ca\/fr\/wp-json\/wp\/v2\/pages\/52316\/revisions\/54116"}],"wp:attachment":[{"href":"https:\/\/medicspa-gatineau.ca\/fr\/wp-json\/wp\/v2\/media?parent=52316"}],"wp:term":[{"taxonomy":"treatment_categories_pages","embeddable":true,"href":"https:\/\/medicspa-gatineau.ca\/fr\/wp-json\/wp\/v2\/treatment_categories_pages?post=52316"}],"curies":[{"name":"wp","href":"https:\/\/api.w.org\/{rel}","templated":true}]}}