{"id":52258,"date":"2023-02-17T18:59:24","date_gmt":"2023-02-17T18:59:24","guid":{"rendered":"https:\/\/medicspa-gatineau.ca\/?page_id=52258"},"modified":"2023-02-17T18:59:24","modified_gmt":"2023-02-17T18:59:24","slug":"comblement-dermique-copy","status":"publish","type":"page","link":"https:\/\/medicspa-gatineau.ca\/fr\/comblement-dermique-copy\/","title":{"rendered":"Comblement dermique &#8211; BKP"},"content":{"rendered":"\n<h1>\n\t\tAgents de comblement dermique (fillers)\n\t<\/h1>\n<h3>\n\t\tRides et ridules \u2022 Cernes \u2022 Acn\u00e9\n\t<\/h3>\n<h2>\n\t\tQu&rsquo;est-ce que le comblement dermique?\n\t<\/h2>\n\t<p>Si vous d\u00e9sirez augmenter votre volume dermique \u00e0 l&rsquo;aide d&rsquo;injection d&rsquo;agents de comblement ou de graisse (Belotero, Radiesse, Revanesse, Juvederme, \u2026), la Dre Patricia Berbari peut le faire pour vous \u00e0 MedicSPA Gatineau. Ces traitements peuvent aider les personnes qui veulent obtenir des l\u00e8vres plus pulpeuses, att\u00e9nuer leurs rides statiques ou avoir un visage plus arrondi \u00e0 atteindre leur id\u00e9al esth\u00e9tique. Gr\u00e2ce \u00e0 l&rsquo;expertise de Dre Berbari, les patients peuvent transformer l&rsquo;apparence de leur peau et de leur visage et obtenir des r\u00e9sultats naturels \u00e0 l&rsquo;aide d&rsquo;agents de comblement populaires. Nous n&rsquo;utilisons que des produits injectables approuv\u00e9s par Sant\u00e9 Canada.<\/p>\n<p>Les agents de comblement et les injections de graisse sont effectu\u00e9s \u00e0 MedicSPA Gatineau par la Dre Berbari. \u00c0 son avis, tous les traitements injectables devraient \u00eatre prodigu\u00e9s par des m\u00e9decins. La Dre Berbari est elle-m\u00eame une chirurgienne plasticienne certifi\u00e9e par le Coll\u00e8ge royal des m\u00e9decins et chirurgiens du Canada, de la Soci\u00e9t\u00e9 canadienne de chirurgie plastique esth\u00e9tique, de la Soci\u00e9t\u00e9 canadienne du laser et sp\u00e9cialistes esth\u00e9tiques, et de l&rsquo;International Society of Aesthetic Plastic Surgery.<\/p>\n<p>La Dre Patricia Berbari peut satisfaire vos attentes en mati\u00e8re d&rsquo;esth\u00e9tique en sa qualit\u00e9 d&rsquo;experte canadienne chevronn\u00e9e et d&rsquo;ex-pr\u00e9sidente d\u00e9sign\u00e9e de la Soci\u00e9t\u00e9 canadienne du laser et sp\u00e9cialistes esth\u00e9tiques (C.L.A.S.S.).<\/p>\n<p>Si vous souhaitez am\u00e9liorer votre apparence par un transfert de graisse ou un agent de comblement dermique, nous vous invitons \u00e0 composer le 819-243-7677 pour obtenir de plus amples renseignements.<\/p>\n\t\t\t<a href=\"https:\/\/medicspa-gatineau.ca\/fr\/nous-contacter\/\" target=\"_self\" role=\"button\" rel=\"noopener\">\n\t\t\t\t\t\t\tContactez-nous\n\t\t\t\t\t<\/a>\n\t\t\t\t<img loading=\"lazy\" decoding=\"async\" src=\"https:\/\/medicspa-gatineau.ca\/wp-content\/uploads\/2021\/09\/Botox-procedure-01.jpg\" alt=\"Woman getting dermal filler injection under her eyes\" itemprop=\"image\" height=\"500\" width=\"800\" title=\"Botox-procedure-01\" onerror=\"this.style.display='none'\">\n\t\t\t\t<img loading=\"lazy\" decoding=\"async\" src=\"https:\/\/medicspa-gatineau.ca\/wp-content\/uploads\/2021\/09\/Botox-procedure-03.jpg\" alt=\"Woman getting dermal filler injection around mouth\" itemprop=\"image\" height=\"542\" width=\"800\" title=\"Botox-procedure-03\" onerror=\"this.style.display='none'\">\n\t\t\t\t\t\t\t\t<!-- navigation arrows -->\n\t\t\t<button aria-label=\"Previous slide\" role=\"button\" tabindex=\"0\">\n\t\t\t<\/button>\n\t\t\t<button aria-label=\"Next slide\" role=\"button\" tabindex=\"0\">\n\t\t\t<\/button>\n\t\t\t\t\t\t<!-- pagination -->\n<ul>\n    <li><a href=\"#general\">Renseignements g\u00e9n\u00e9raux<\/a><\/li>\n    <li>\u2022<\/li>\n    <li><a href=\"#advantages\">Avantages du recours aux agents de comblement<\/a><\/li>\n    <li>\u2022<\/li>\n    <li><a href=\"#risks\">Risques et complications<\/a><\/li>\n    <li>\u2022<\/li>\n    <li><a href=\"#gallery\">Galerie<\/a><\/li>\n<\/ul>\n\t<p>Renseignements g\u00e9n\u00e9raux<\/p>\n\t<h2>Les vari\u00e9t\u00e9s d&rsquo;agents de comblement peuvent diff\u00e9rer notamment sur le plan de la formule de composition, mais le principe de base demeure le m\u00eame : on les injecte sous la peau pour accro\u00eetre le volume ainsi qu&rsquo;att\u00e9nuer les rides et ridules.<\/h2>\n\t<p>Puisqu&rsquo;on peut r\u00e9aliser ces injections directement dans le confort de notre cabinet m\u00e9dical, les patients peuvent exprimer leur pr\u00e9occupation esth\u00e9tique lors de leur rendez-vous avec Dre Berbari ou un membre de son \u00e9quipe, qui saura y r\u00e9pondre aussit\u00f4t. Les agents de comblement peuvent \u00eatre employ\u00e9s de concert avec des traitements de la peau nourrissants et vivifiants pour satisfaire vos besoins esth\u00e9tiques.<\/p>\n<p>Les traitements injectables sont r\u00e9alis\u00e9s \u00e0 partir d&rsquo;acide hyaluronique ou de calcium hydroxyapatite, une substance pr\u00e9sente naturellement dans les tendons et les muscles des mammif\u00e8res. Apr\u00e8s ce type d&rsquo;injection, hommes et femmes peuvent en voir les r\u00e9sultats pendant neuf \u00e0 douze mois. Parmi les r\u00e9sultats r\u00e9alisables, notons le comblement des rides et ridules, une augmentation du volume des l\u00e8vres et l&rsquo;att\u00e9nuation des cicatrices d\u00e9prim\u00e9es.<\/p>\n\t\t\t<a href=\"https:\/\/medicspa-gatineau.ca\/fr\/nous-contacter\/\" target=\"_self\" role=\"button\" rel=\"noopener\">\n\t\t\t\t\t\t\tContactez-nous\n\t\t\t\t\t<\/a>\n\t<style>\n    .service-specs > div {\n        display:flex;\n        align-items:center;\n        padding-bottom:10px;\n    }\n    .specs-icons {\n        width:50px;\n    }\n    .service-specs svg {\n        fill:#404040; max-width:60px; max-height:30px!important;  padding-right:20px;\n    }\n<\/style>\n            <p>Zone du corps trait\u00e9e:<\/p>\n            <p>Visage, mains, autre<\/p>\n            <p>Dur\u00e9e de la proc\u00e9dure:<\/p>\n            <p>15 \u00e0 30 minutes<\/p>\n            <p>Temps de r\u00e9cup\u00e9ration:<\/p>\n            <p>Imm\u00e9diat<\/p>\n            <p>R\u00e9sultat visible:<\/p>\n            <p>Imm\u00e9diat<\/p>\n    <!--\n         -->\n            <p>Nombre de s\u00e9ances:<\/p>\n            <p>Une fois par an<\/p>\n    <!-- \n         -->\n            <p>Riques potentiels:<\/p>\n            <p>Ecchymoses, bosses, n\u00e9crose, c\u00e9cit\u00e9<\/p>\n            <p>Pour plus de d\u00e9tails, discutez avec votre m\u00e9decin. Tous les effets et complications ne sont pas r\u00e9pertori\u00e9s<\/p>\n\t<p>Avantages du recours aux agents de comblement<\/p>\n\t<ul>\n<li>La proc\u00e9dure est si courte qu&rsquo;elle peut \u00eatre effectu\u00e9e sur l&rsquo;heure du d\u00eener<\/li>\n<li>Les injections sont administr\u00e9es en peu de temps<\/li>\n<li>Aucune convalescence n&rsquo;est requise<\/li>\n<li>Le patient aura l&rsquo;air jusqu&rsquo;\u00e0 cinq ans plus jeune<\/li>\n<li>Les gens remarqueront l&rsquo;am\u00e9lioration sans toutefois deviner sa cause<\/li>\n<li>L&rsquo;apparence est rehauss\u00e9e sans changer l&rsquo;expression du visage<\/li>\n<\/ul>\n\t<p>Risques et complications<\/p>\n\t<p>M\u00eame s&rsquo;il est rare que les agents de comblement dermique entra\u00eenent des complications, il importe de conna\u00eetre les risques minimes associ\u00e9s, notamment :<\/p>\n<ul>\n<li>Saignement<\/li>\n<li>Ecchymoses<\/li>\n<li>Bosse sous la surface de la peau<\/li>\n<li>Sensibilit\u00e9<\/li>\n<li>Enflure<\/li>\n<li>Correction insuffisante ou excessive des rides<\/li>\n<li>Infection<\/li>\n<li>N\u00e9crose cutan\u00e9e<\/li>\n<li>C\u00e9cit\u00e9 (rhinoplastie non-chirurgicale)<\/li>\n<\/ul>\n\t<img decoding=\"async\" width=\"1024\" height=\"560\" src=\"https:\/\/medicspa-gatineau.ca\/wp-content\/uploads\/2021\/07\/medicspa-video-thumbnails-dermal-fillers.jpg\" alt=\"Doctor performing Dermal Fillers on female patient\" loading=\"lazy\" srcset=\"https:\/\/medicspa-gatineau.ca\/wp-content\/uploads\/2021\/07\/medicspa-video-thumbnails-dermal-fillers.jpg 1024w, https:\/\/medicspa-gatineau.ca\/wp-content\/uploads\/2021\/07\/medicspa-video-thumbnails-dermal-fillers-300x164.jpg 300w, https:\/\/medicspa-gatineau.ca\/wp-content\/uploads\/2021\/07\/medicspa-video-thumbnails-dermal-fillers-768x420.jpg 768w\" sizes=\"auto, (max-width: 1024px) 100vw, 1024px\"><meta itemprop=\"url\" content=\"https:\/\/medicspa-gatineau.ca\/wp-content\/uploads\/2021\/07\/video-fillers.mp4\"><div style=\"width: 640px;\" class=\"wp-video\"><video class=\"wp-video-shortcode\" id=\"video-52258-1\" width=\"640\" height=\"360\" poster=\"https:\/\/medicspa-gatineau.ca\/wp-content\/uploads\/2021\/07\/medicspa-video-thumbnails-dermal-fillers.jpg\" preload=\"none\" controls=\"controls\"><source type=\"video\/mp4\" src=\"https:\/\/medicspa-gatineau.ca\/wp-content\/uploads\/2021\/07\/video-fillers.mp4?_=1\" \/><a href=\"https:\/\/medicspa-gatineau.ca\/wp-content\/uploads\/2021\/07\/video-fillers.mp4\">https:\/\/medicspa-gatineau.ca\/wp-content\/uploads\/2021\/07\/video-fillers.mp4<\/a><\/video><\/div>\n\t<p>Galerie<\/p>\n\t<p>Nous avons h\u00e2te de contribuer \u00e0 votre qu\u00eate d&rsquo;une peau plus jeune et plus belle.<\/p>\n<p>Si vous souhaitez obtenir une peau d&rsquo;apparence plus jeune, les agents de comblement dermiques peuvent r\u00e9pondre \u00e0 vos besoins. La Dre Berbari n&rsquo;utilise que les agents de comblement les plus modernes et les plus s\u00e9curitaires pour lisser les ridules, att\u00e9nuer les rides profondes et redonner du volume \u00e0 la peau qui s&rsquo;affaisse.<\/p>\n<p>On dit que les mains r\u00e9v\u00e8lent l&rsquo;\u00e2ge de la personne. Gr\u00e2ce aux agents de comblement, il est possible de d\u00e9jouer le temps comme on le voit sur cette photo avant et apr\u00e8s injection de calcium hydroxyapatite. Cet agent a un autre avantage : la bio-stimulation du collag\u00e8ne. En effet il a \u00e9t\u00e9 constat\u00e9 et prouv\u00e9 dans plusieurs \u00e9tudes que l&rsquo;utilisation de ces agents de comblement de fa\u00e7on r\u00e9p\u00e9titive stimule la production de collag\u00e8ne \u00e0 long terme ce qui r\u00e9duira la fr\u00e9quence des traitements.<\/p>\n\t\t\t<a href=\"https:\/\/medicspa-gatineau.ca\/fr\/nous-contacter\/\" target=\"_self\" role=\"button\" rel=\"noopener\">\n\t\t\t\t\t\t\tContactez-nous\n\t\t\t\t\t<\/a>\n\t\t\t\t<img loading=\"lazy\" decoding=\"async\" src=\"https:\/\/medicspa-gatineau.ca\/wp-content\/uploads\/2021\/09\/Dermal-filler-lip-02.jpg\" alt=\"Dermal Filler result progress on female patient\" itemprop=\"image\" height=\"927\" width=\"800\" title=\"Dermal-filler-lip-02\" onerror=\"this.style.display='none'\">\n\t\t\t\t\t\t\t\t\t\t\t\t<img decoding=\"async\" src=\"https:\/\/medicspa-gatineau.ca\/wp-content\/uploads\/2021\/09\/Before-after-Dermal-Fill-Lip-2A.jpg\" alt=\"\">\n\t\t\t\t\t\t\t\t\t\t\t\t<img decoding=\"async\" src=\"https:\/\/medicspa-gatineau.ca\/wp-content\/uploads\/2021\/09\/Before-after-Dermal-Fill-Lip-2C.jpg\" alt=\"\">\n\t\t\t\t\t\t\t\t\t\t\t\t<img decoding=\"async\" src=\"https:\/\/medicspa-gatineau.ca\/wp-content\/uploads\/2021\/09\/Dermal-filler-hands-Before.jpg\" alt=\"\">\n\t\t\t\t\t\t\t\t\t\t\t\t<img decoding=\"async\" src=\"https:\/\/medicspa-gatineau.ca\/wp-content\/uploads\/2021\/09\/Dermal-filler-hands-After.jpg\" alt=\"\">\n<h2>\n\t\tInt\u00e9ress\u00e9 par ce service?\n\t<\/h2>\n\t<p>Pour en savoir plus sur la proc\u00e9dure ou pour planifier une consultation, contactez-nous au <strong>MedicSPA<\/strong> Gatineau de aujourd&rsquo;hui au (819)414-2259.<\/p>\n                <form method=\"post\" enctype=\"multipart\/form-data\" target=\"gform_ajax_frame_4\" id=\"gform_4\" action=\"\/fr\/?page_id=51791&amp;fl_builder#gf_4\">\n                        <label class=\"gfield_label\" for=\"input_4_1\">Nom(N\u00e9cessaire)<\/label><input name=\"input_1\" id=\"input_4_1\" type=\"text\" value=\"\" class=\"large\" tabindex=\"100\" aria-required=\"true\" aria-invalid=\"false\"> <label class=\"gfield_label\" for=\"input_4_2\">Adresse de courriel(N\u00e9cessaire)<\/label>\n                            <input name=\"input_2\" id=\"input_4_2\" type=\"text\" value=\"\" class=\"large\" tabindex=\"101\" aria-required=\"true\" aria-invalid=\"false\">\n                        <label class=\"gfield_label\" for=\"input_4_3\">T\u00e9l\u00e9phone(N\u00e9cessaire)<\/label><input name=\"input_3\" id=\"input_4_3\" type=\"text\" value=\"\" class=\"large\" tabindex=\"102\" aria-required=\"true\" aria-invalid=\"false\"><fieldset id=\"field_4_9\"><legend class=\"gfield_label gfield_label_before_complex\">Quels services vous int\u00e9ressent ?<\/legend>\n\t\t\t\t\t\t\t\t<input class=\"gfield-choice-input\" name=\"input_9.1\" type=\"checkbox\" value=\"Injections de Toxines Botuliniques\" id=\"choice_4_9_1\" tabindex=\"103\">\n\t\t\t\t\t\t\t\t<label for=\"choice_4_9_1\" id=\"label_4_9_1\">Injections de Toxines Botuliniques<\/label>\n\t\t\t\t\t\t\t\t<input class=\"gfield-choice-input\" name=\"input_9.2\" type=\"checkbox\" value=\"Comblement Dermique\" id=\"choice_4_9_2\" tabindex=\"104\">\n\t\t\t\t\t\t\t\t<label for=\"choice_4_9_2\" id=\"label_4_9_2\">Comblement Dermique<\/label>\n\t\t\t\t\t\t\t\t<input class=\"gfield-choice-input\" name=\"input_9.3\" type=\"checkbox\" value=\"Peeling Chimique\" id=\"choice_4_9_3\" tabindex=\"105\">\n\t\t\t\t\t\t\t\t<label for=\"choice_4_9_3\" id=\"label_4_9_3\">Peeling Chimique<\/label>\n\t\t\t\t\t\t\t\t<input class=\"gfield-choice-input\" name=\"input_9.4\" type=\"checkbox\" value=\"Hydrafacial\" id=\"choice_4_9_4\" tabindex=\"106\">\n\t\t\t\t\t\t\t\t<label for=\"choice_4_9_4\" id=\"label_4_9_4\">Hydrafacial<\/label>\n\t\t\t\t\t\t\t\t<input class=\"gfield-choice-input\" name=\"input_9.5\" type=\"checkbox\" value=\"Resurfa\u00e7age de la Peau (Smartskin Dot)\" id=\"choice_4_9_5\" tabindex=\"107\">\n\t\t\t\t\t\t\t\t<label for=\"choice_4_9_5\" id=\"label_4_9_5\">Resurfa\u00e7age de la Peau (Smartskin Dot)<\/label>\n\t\t\t\t\t\t\t\t<input class=\"gfield-choice-input\" name=\"input_9.6\" type=\"checkbox\" value=\"Fractora\" id=\"choice_4_9_6\" tabindex=\"108\">\n\t\t\t\t\t\t\t\t<label for=\"choice_4_9_6\" id=\"label_4_9_6\">Fractora<\/label>\n\t\t\t\t\t\t\t\t<input class=\"gfield-choice-input\" name=\"input_9.7\" type=\"checkbox\" value=\"Lumi\u00e8re Intense Puls\u00e9e - Lumecca\" id=\"choice_4_9_7\" tabindex=\"109\">\n\t\t\t\t\t\t\t\t<label for=\"choice_4_9_7\" id=\"label_4_9_7\">Lumi\u00e8re Intense Puls\u00e9e &#8211; Lumecca<\/label>\n\t\t\t\t\t\t\t\t<input class=\"gfield-choice-input\" name=\"input_9.8\" type=\"checkbox\" value=\"PRP (Vampire Facelift)\" id=\"choice_4_9_8\" tabindex=\"110\">\n\t\t\t\t\t\t\t\t<label for=\"choice_4_9_8\" id=\"label_4_9_8\">PRP (Vampire Facelift)<\/label>\n\t\t\t\t\t\t\t\t<input class=\"gfield-choice-input\" name=\"input_9.9\" type=\"checkbox\" value=\"Sculpsure\" id=\"choice_4_9_9\" tabindex=\"111\">\n\t\t\t\t\t\t\t\t<label for=\"choice_4_9_9\" id=\"label_4_9_9\">Sculpsure<\/label>\n\t\t\t\t\t\t\t<\/fieldset><label class=\"gfield_label\" for=\"input_4_4\">Message<\/label><textarea name=\"input_4\" id=\"input_4_4\" class=\"textarea medium\" tabindex=\"112\" aria-invalid=\"false\" rows=\"10\" cols=\"50\"><\/textarea>\n         <input type=\"submit\" id=\"gform_submit_button_4\" class=\"gform_button button\" value=\"Soumettre\" tabindex=\"113\" onclick=\"if(window[&quot;gf_submitting_4&quot;]){return false;}  window[&quot;gf_submitting_4&quot;]=true;  \" onkeypress=\"if( event.keyCode == 13 ){ if(window[&quot;gf_submitting_4&quot;]){return false;} window[&quot;gf_submitting_4&quot;]=true;  jQuery(&quot;#gform_4&quot;).trigger(&quot;submit&quot;,[true]); }\"> <input type=\"hidden\" name=\"gform_ajax\" value=\"form_id=4&amp;title=&amp;description=&amp;tabindex=100\">\n            <input type=\"hidden\" class=\"gform_hidden\" name=\"is_submit_4\" value=\"1\">\n            <input type=\"hidden\" class=\"gform_hidden\" name=\"gform_submit\" value=\"4\">\n            <input type=\"hidden\" class=\"gform_hidden\" name=\"gform_unique_id\" value=\"\">\n            <input type=\"hidden\" class=\"gform_hidden\" name=\"state_4\" value=\"WyJbXSIsIjcwMDk2MzIwY2IyMjA5YjIzM2U0YmRiNDNiNmQ3MjJlIl0=\">\n            <input type=\"hidden\" class=\"gform_hidden\" name=\"gform_target_page_number_4\" id=\"gform_target_page_number_4\" value=\"0\">\n            <input type=\"hidden\" class=\"gform_hidden\" name=\"gform_source_page_number_4\" id=\"gform_source_page_number_4\" value=\"1\">\n            <input type=\"hidden\" name=\"gform_field_values\" value=\"\">\n                        <\/form>\n                <iframe style=\"display:none;width:0px;height:0px;\" src=\"about:blank\" name=\"gform_ajax_frame_4\" id=\"gform_ajax_frame_4\" title=\"Cette iframe contient la logique n\u00e9cessaire pour manipuler Gravity Forms avec Ajax.\"><\/iframe>\n","protected":false},"excerpt":{"rendered":"<p>Agents de comblement dermique (fillers) Rides et ridules \u2022 Cernes \u2022 Acn\u00e9 Qu&rsquo;est-ce que le comblement dermique? Si vous d\u00e9sirez augmenter votre volume dermique \u00e0 l&rsquo;aide d&rsquo;injection d&rsquo;agents de comblement ou de graisse (Belotero, Radiesse, Revanesse, Juvederme, \u2026), la Dre Patricia Berbari peut le faire pour vous \u00e0 MedicSPA Gatineau. Ces traitements peuvent aider les&hellip;<\/p>\n","protected":false},"author":9,"featured_media":51683,"parent":0,"menu_order":0,"comment_status":"closed","ping_status":"closed","template":"","meta":{"_acf_changed":false,"_monsterinsights_skip_tracking":false,"_monsterinsights_sitenote_active":false,"_monsterinsights_sitenote_note":"","_monsterinsights_sitenote_category":0,"footnotes":""},"treatment_categories_pages":[33,35,27],"class_list":["post-52258","page","type-page","status-publish","has-post-thumbnail","hentry","treatment_categories_pages-acne","treatment_categories_pages-hollow-undereye","treatment_categories_pages-wrinkles"],"acf":[],"yoast_head":"<!-- This site is optimized with the Yoast SEO plugin v27.2 - https:\/\/yoast.com\/product\/yoast-seo-wordpress\/ -->\n<title>Comblement dermique - BKP - MedicSPA Gatineau<\/title>\n<meta name=\"robots\" content=\"index, follow, max-snippet:-1, max-image-preview:large, max-video-preview:-1\" \/>\n<link rel=\"canonical\" href=\"https:\/\/medicspa-gatineau.ca\/fr\/comblement-dermique-copy\/\" \/>\n<meta property=\"og:locale\" content=\"fr_FR\" \/>\n<meta property=\"og:type\" content=\"article\" \/>\n<meta property=\"og:title\" content=\"Comblement dermique - BKP - MedicSPA Gatineau\" \/>\n<meta property=\"og:description\" content=\"Agents de comblement dermique (fillers) Rides et ridules \u2022 Cernes \u2022 Acn\u00e9 Qu&rsquo;est-ce que le comblement dermique? Si vous d\u00e9sirez augmenter votre volume dermique \u00e0 l&rsquo;aide d&rsquo;injection d&rsquo;agents de comblement ou de graisse (Belotero, Radiesse, Revanesse, Juvederme, \u2026), la Dre Patricia Berbari peut le faire pour vous \u00e0 MedicSPA Gatineau. Ces traitements peuvent aider les&hellip;\" \/>\n<meta property=\"og:url\" content=\"https:\/\/medicspa-gatineau.ca\/fr\/comblement-dermique-copy\/\" \/>\n<meta property=\"og:site_name\" content=\"MedicSPA Gatineau\" \/>\n<meta property=\"og:image\" content=\"https:\/\/medicspa-gatineau.ca\/wp-content\/uploads\/2021\/07\/Banners-dermal-01.jpg\" \/>\n\t<meta property=\"og:image:width\" content=\"2000\" \/>\n\t<meta property=\"og:image:height\" content=\"1200\" \/>\n\t<meta property=\"og:image:type\" content=\"image\/jpeg\" \/>\n<meta name=\"twitter:card\" content=\"summary_large_image\" \/>\n<meta name=\"twitter:label1\" content=\"Dur\u00e9e de lecture estim\u00e9e\" \/>\n\t<meta name=\"twitter:data1\" content=\"6 minutes\" \/>\n<script type=\"application\/ld+json\" class=\"yoast-schema-graph\">{\"@context\":\"https:\/\/schema.org\",\"@graph\":[{\"@type\":\"WebPage\",\"@id\":\"https:\/\/medicspa-gatineau.ca\/fr\/comblement-dermique-copy\/\",\"url\":\"https:\/\/medicspa-gatineau.ca\/fr\/comblement-dermique-copy\/\",\"name\":\"Comblement dermique - BKP - MedicSPA Gatineau\",\"isPartOf\":{\"@id\":\"https:\/\/medicspa-gatineau.ca\/fr\/#website\"},\"primaryImageOfPage\":{\"@id\":\"https:\/\/medicspa-gatineau.ca\/fr\/comblement-dermique-copy\/#primaryimage\"},\"image\":{\"@id\":\"https:\/\/medicspa-gatineau.ca\/fr\/comblement-dermique-copy\/#primaryimage\"},\"thumbnailUrl\":\"https:\/\/medicspa-gatineau.ca\/wp-content\/uploads\/2021\/07\/Banners-dermal-01.jpg\",\"datePublished\":\"2023-02-17T18:59:24+00:00\",\"breadcrumb\":{\"@id\":\"https:\/\/medicspa-gatineau.ca\/fr\/comblement-dermique-copy\/#breadcrumb\"},\"inLanguage\":\"fr-FR\",\"potentialAction\":[{\"@type\":\"ReadAction\",\"target\":[\"https:\/\/medicspa-gatineau.ca\/fr\/comblement-dermique-copy\/\"]}]},{\"@type\":\"ImageObject\",\"inLanguage\":\"fr-FR\",\"@id\":\"https:\/\/medicspa-gatineau.ca\/fr\/comblement-dermique-copy\/#primaryimage\",\"url\":\"https:\/\/medicspa-gatineau.ca\/wp-content\/uploads\/2021\/07\/Banners-dermal-01.jpg\",\"contentUrl\":\"https:\/\/medicspa-gatineau.ca\/wp-content\/uploads\/2021\/07\/Banners-dermal-01.jpg\",\"width\":2000,\"height\":1200,\"caption\":\"Woman getting lip injection filler\"},{\"@type\":\"BreadcrumbList\",\"@id\":\"https:\/\/medicspa-gatineau.ca\/fr\/comblement-dermique-copy\/#breadcrumb\",\"itemListElement\":[{\"@type\":\"ListItem\",\"position\":1,\"name\":\"Home\",\"item\":\"https:\/\/medicspa-gatineau.ca\/fr\/\"},{\"@type\":\"ListItem\",\"position\":2,\"name\":\"Comblement dermique &#8211; BKP\"}]},{\"@type\":\"WebSite\",\"@id\":\"https:\/\/medicspa-gatineau.ca\/fr\/#website\",\"url\":\"https:\/\/medicspa-gatineau.ca\/fr\/\",\"name\":\"MedicSPA Gatineau\",\"description\":\"Dr Patricia Berbari\",\"publisher\":{\"@id\":\"https:\/\/medicspa-gatineau.ca\/fr\/#organization\"},\"potentialAction\":[{\"@type\":\"SearchAction\",\"target\":{\"@type\":\"EntryPoint\",\"urlTemplate\":\"https:\/\/medicspa-gatineau.ca\/fr\/?s={search_term_string}\"},\"query-input\":{\"@type\":\"PropertyValueSpecification\",\"valueRequired\":true,\"valueName\":\"search_term_string\"}}],\"inLanguage\":\"fr-FR\"},{\"@type\":\"Organization\",\"@id\":\"https:\/\/medicspa-gatineau.ca\/fr\/#organization\",\"name\":\"MedicSPA Gatineau\",\"url\":\"https:\/\/medicspa-gatineau.ca\/fr\/\",\"logo\":{\"@type\":\"ImageObject\",\"inLanguage\":\"fr-FR\",\"@id\":\"https:\/\/medicspa-gatineau.ca\/fr\/#\/schema\/logo\/image\/\",\"url\":\"https:\/\/medicspa-gatineau.ca\/wp-content\/uploads\/2021\/10\/Medicspa-logo_v2.png\",\"contentUrl\":\"https:\/\/medicspa-gatineau.ca\/wp-content\/uploads\/2021\/10\/Medicspa-logo_v2.png\",\"width\":500,\"height\":300,\"caption\":\"MedicSPA Gatineau\"},\"image\":{\"@id\":\"https:\/\/medicspa-gatineau.ca\/fr\/#\/schema\/logo\/image\/\"}}]}<\/script>\n<!-- \/ Yoast SEO plugin. -->","yoast_head_json":{"title":"Comblement dermique - BKP - MedicSPA Gatineau","robots":{"index":"index","follow":"follow","max-snippet":"max-snippet:-1","max-image-preview":"max-image-preview:large","max-video-preview":"max-video-preview:-1"},"canonical":"https:\/\/medicspa-gatineau.ca\/fr\/comblement-dermique-copy\/","og_locale":"fr_FR","og_type":"article","og_title":"Comblement dermique - BKP - MedicSPA Gatineau","og_description":"Agents de comblement dermique (fillers) Rides et ridules \u2022 Cernes \u2022 Acn\u00e9 Qu&rsquo;est-ce que le comblement dermique? Si vous d\u00e9sirez augmenter votre volume dermique \u00e0 l&rsquo;aide d&rsquo;injection d&rsquo;agents de comblement ou de graisse (Belotero, Radiesse, Revanesse, Juvederme, \u2026), la Dre Patricia Berbari peut le faire pour vous \u00e0 MedicSPA Gatineau. Ces traitements peuvent aider les&hellip;","og_url":"https:\/\/medicspa-gatineau.ca\/fr\/comblement-dermique-copy\/","og_site_name":"MedicSPA Gatineau","og_image":[{"width":2000,"height":1200,"url":"https:\/\/medicspa-gatineau.ca\/wp-content\/uploads\/2021\/07\/Banners-dermal-01.jpg","type":"image\/jpeg"}],"twitter_card":"summary_large_image","twitter_misc":{"Dur\u00e9e de lecture estim\u00e9e":"6 minutes"},"schema":{"@context":"https:\/\/schema.org","@graph":[{"@type":"WebPage","@id":"https:\/\/medicspa-gatineau.ca\/fr\/comblement-dermique-copy\/","url":"https:\/\/medicspa-gatineau.ca\/fr\/comblement-dermique-copy\/","name":"Comblement dermique - BKP - MedicSPA Gatineau","isPartOf":{"@id":"https:\/\/medicspa-gatineau.ca\/fr\/#website"},"primaryImageOfPage":{"@id":"https:\/\/medicspa-gatineau.ca\/fr\/comblement-dermique-copy\/#primaryimage"},"image":{"@id":"https:\/\/medicspa-gatineau.ca\/fr\/comblement-dermique-copy\/#primaryimage"},"thumbnailUrl":"https:\/\/medicspa-gatineau.ca\/wp-content\/uploads\/2021\/07\/Banners-dermal-01.jpg","datePublished":"2023-02-17T18:59:24+00:00","breadcrumb":{"@id":"https:\/\/medicspa-gatineau.ca\/fr\/comblement-dermique-copy\/#breadcrumb"},"inLanguage":"fr-FR","potentialAction":[{"@type":"ReadAction","target":["https:\/\/medicspa-gatineau.ca\/fr\/comblement-dermique-copy\/"]}]},{"@type":"ImageObject","inLanguage":"fr-FR","@id":"https:\/\/medicspa-gatineau.ca\/fr\/comblement-dermique-copy\/#primaryimage","url":"https:\/\/medicspa-gatineau.ca\/wp-content\/uploads\/2021\/07\/Banners-dermal-01.jpg","contentUrl":"https:\/\/medicspa-gatineau.ca\/wp-content\/uploads\/2021\/07\/Banners-dermal-01.jpg","width":2000,"height":1200,"caption":"Woman getting lip injection filler"},{"@type":"BreadcrumbList","@id":"https:\/\/medicspa-gatineau.ca\/fr\/comblement-dermique-copy\/#breadcrumb","itemListElement":[{"@type":"ListItem","position":1,"name":"Home","item":"https:\/\/medicspa-gatineau.ca\/fr\/"},{"@type":"ListItem","position":2,"name":"Comblement dermique &#8211; BKP"}]},{"@type":"WebSite","@id":"https:\/\/medicspa-gatineau.ca\/fr\/#website","url":"https:\/\/medicspa-gatineau.ca\/fr\/","name":"MedicSPA Gatineau","description":"Dr Patricia Berbari","publisher":{"@id":"https:\/\/medicspa-gatineau.ca\/fr\/#organization"},"potentialAction":[{"@type":"SearchAction","target":{"@type":"EntryPoint","urlTemplate":"https:\/\/medicspa-gatineau.ca\/fr\/?s={search_term_string}"},"query-input":{"@type":"PropertyValueSpecification","valueRequired":true,"valueName":"search_term_string"}}],"inLanguage":"fr-FR"},{"@type":"Organization","@id":"https:\/\/medicspa-gatineau.ca\/fr\/#organization","name":"MedicSPA Gatineau","url":"https:\/\/medicspa-gatineau.ca\/fr\/","logo":{"@type":"ImageObject","inLanguage":"fr-FR","@id":"https:\/\/medicspa-gatineau.ca\/fr\/#\/schema\/logo\/image\/","url":"https:\/\/medicspa-gatineau.ca\/wp-content\/uploads\/2021\/10\/Medicspa-logo_v2.png","contentUrl":"https:\/\/medicspa-gatineau.ca\/wp-content\/uploads\/2021\/10\/Medicspa-logo_v2.png","width":500,"height":300,"caption":"MedicSPA Gatineau"},"image":{"@id":"https:\/\/medicspa-gatineau.ca\/fr\/#\/schema\/logo\/image\/"}}]}},"_links":{"self":[{"href":"https:\/\/medicspa-gatineau.ca\/fr\/wp-json\/wp\/v2\/pages\/52258","targetHints":{"allow":["GET"]}}],"collection":[{"href":"https:\/\/medicspa-gatineau.ca\/fr\/wp-json\/wp\/v2\/pages"}],"about":[{"href":"https:\/\/medicspa-gatineau.ca\/fr\/wp-json\/wp\/v2\/types\/page"}],"author":[{"embeddable":true,"href":"https:\/\/medicspa-gatineau.ca\/fr\/wp-json\/wp\/v2\/users\/9"}],"replies":[{"embeddable":true,"href":"https:\/\/medicspa-gatineau.ca\/fr\/wp-json\/wp\/v2\/comments?post=52258"}],"version-history":[{"count":0,"href":"https:\/\/medicspa-gatineau.ca\/fr\/wp-json\/wp\/v2\/pages\/52258\/revisions"}],"wp:featuredmedia":[{"embeddable":true,"href":"https:\/\/medicspa-gatineau.ca\/fr\/wp-json\/wp\/v2\/media\/51683"}],"wp:attachment":[{"href":"https:\/\/medicspa-gatineau.ca\/fr\/wp-json\/wp\/v2\/media?parent=52258"}],"wp:term":[{"taxonomy":"treatment_categories_pages","embeddable":true,"href":"https:\/\/medicspa-gatineau.ca\/fr\/wp-json\/wp\/v2\/treatment_categories_pages?post=52258"}],"curies":[{"name":"wp","href":"https:\/\/api.w.org\/{rel}","templated":true}]}}