{"id":52256,"date":"2023-02-17T16:20:40","date_gmt":"2023-02-17T16:20:40","guid":{"rendered":"https:\/\/medicspa-gatineau.ca\/?page_id=52256"},"modified":"2023-02-17T16:20:41","modified_gmt":"2023-02-17T16:20:41","slug":"injections-toxines-botuliniques-copy","status":"publish","type":"page","link":"https:\/\/medicspa-gatineau.ca\/fr\/injections-toxines-botuliniques-copy\/","title":{"rendered":"Injections de Toxines Botuliniques &#8211; BKP"},"content":{"rendered":"\n<h1>\n\t\tToxines botuliniques (Botox, Xeomin, \u2026)\n\t<\/h1>\n<h3>\n\t\tRides et ridules \u2022 Sourire gingival \u2022 Migraines \u2022 Sudation \u2022 Bruxisme \u2022 Contour de la m\u00e2choire\n\t<\/h3>\n<h2>\n\t\tQu&rsquo;est-ce que les toxines botuliniques?\n\t<\/h2>\n\t<p>Vos rides et ridules portent-elles atteinte \u00e0 votre confiance en soi? Pr\u00e8s de 11 millions de femmes et d&rsquo;hommes ont choisi les injections de toxines botuliniques comme m\u00e9dicament d&rsquo;injection de pr\u00e9dilection pour r\u00e9duire les signes visibles du vieillissement.<\/p>\n<p>La Dre Patricia Berbari et son \u00e9quipe prodiguent des injections de toxines botuliniques (e.g. Botox, Xeomin, \u2026) de MedicSPA Gatineau qui souhaitent obtenir une peau d&rsquo;apparence plus jeune. Nous n&rsquo;utilisons que des produits injectables approuv\u00e9s par Sant\u00e9 Canada.<\/p>\n<p>Appelez-nous au (819) 243-7667 pour savoir si les toxines botuliniques vous conviennent.<\/p>\n\t\t\t<a href=\"https:\/\/medicspa-gatineau.ca\/fr\/nous-contacter\/\" target=\"_self\" role=\"button\" rel=\"noopener\">\n\t\t\t\t\t\t\tContactez-nous\n\t\t\t\t\t<\/a>\n\t\t\t\t<img loading=\"lazy\" decoding=\"async\" src=\"https:\/\/medicspa-gatineau.ca\/wp-content\/uploads\/2022\/01\/Toxines-botuliniques.jpg\" alt=\"Toxines-botuliniques\" itemprop=\"image\" height=\"683\" width=\"1024\" title=\"Toxines-botuliniques\" onerror=\"this.style.display='none'\">\n<ul>\n    <li><a href=\"#general\">Renseignements g\u00e9n\u00e9raux<\/a><\/li>\n    <li>\u2022<\/li>\n    <li><a href=\"#other-uses\">Autres utilisations des toxines botuliniques<\/a><\/li>\n    <li>\u2022<\/li>\n    <li><a href=\"#risks\">Risques et complications possibles<\/a><\/li>\n    <li>\u2022<\/li>\n    <li><a href=\"#recovery\">R\u00e9tablissement<\/a><\/li>\n<\/ul>\n\t<p>Renseignements g\u00e9n\u00e9raux<\/p>\n\t<h2>La Dre Berbari administre les injections de toxines botuliniques telles que le Botox, le Xeomin et autres \u00e0 <strong>MedicSPA<\/strong> Gatineau. \u00c0 son avis, tous les traitements injectables devraient \u00eatre prodigu\u00e9s par des m\u00e9decins.<\/h2>\n\t<p>a Dre Berbari est elle-m\u00eame une chirurgienne plasticienne certifi\u00e9e par le Coll\u00e8ge royal des m\u00e9decins et chirurgiens du Canada, de la Soci\u00e9t\u00e9 canadienne du laser et sp\u00e9cialistes esth\u00e9tiques, et de l&rsquo;International Society of Aesthetic Plastic Surgery.<\/p>\n<p>La Dre Patricia Berbari peut satisfaire vos attentes en mati\u00e8re d&rsquo;esth\u00e9tique en sa qualit\u00e9 d&rsquo;experte canadienne chevronn\u00e9e et d&rsquo;ex-pr\u00e9sidente d\u00e9sign\u00e9e de la Soci\u00e9t\u00e9 canadienne du laser et sp\u00e9cialistes esth\u00e9tiques (<a href=\"https:\/\/class.ca\/about-us\/presidents-message\/\">C.L.A.S.S.<\/a>).<\/p>\n<p>Les patients de plus de 18 ans peuvent se pr\u00e9valoir de ce traitement permettant d&rsquo;att\u00e9nuer temporairement les rides. Les injections de toxines botuliniques contribuent \u00e0 d\u00e9tendre les muscles du visage qui font appara\u00eetre les rides d&rsquo;expression.<\/p>\n<p>La Dre Berbari choisit soigneusement l&#8217;emplacement des injections sur votre visage de mani\u00e8re \u00e0 en lisser consid\u00e9rablement les rides et ridules. Les r\u00e9sultats seront visibles pendant au moins quatre mois, de telle sorte qu&rsquo;il est n\u00e9cessaire de refaire le traitement au moins deux fois par ann\u00e9e afin d&rsquo;atteindre et de maintenir votre id\u00e9al esth\u00e9tique.<\/p>\n<p>Si vous souhaitez arriver \u00e0 des r\u00e9sultats analogues \u00e0 ceux d&rsquo;un <strong>redrapage du visage<\/strong>, mais que vous voulez \u00e9viter de subir un traitement invasif, nous avons la solution pour vous : un \u00ab microlifting \u00bb r\u00e9alis\u00e9 \u00e0 l&rsquo;aide d&rsquo;injection de toxines botuliniques (Ex.: Botox, Xeomin, \u2026) combin\u00e9 \u00e0 un agent de comblement dermique \u00e0 base d&rsquo;acide hyaluronique. Ce type d&rsquo;agent de comblement remod\u00e8le le volume dermique; quant aux toxines botuliniques, elles rajeuniront votre visage sur le coup.<\/p>\n\t\t\t<a href=\"https:\/\/medicspa-gatineau.ca\/fr\/nous-contacter\/\" target=\"_self\" role=\"button\" rel=\"noopener\">\n\t\t\t\t\t\t\tContactez-nous\n\t\t\t\t\t<\/a>\n\t<style>\n    .service-specs > div {\n        display:flex;\n        align-items:center;\n        padding-bottom:10px;\n    }\n    .service-specs p {\n        line-height:1.4;\n    }\n    .specs-icons {\n        width:50px;\n    }\n    .service-specs svg {\n        fill:#404040; max-width:60px; min-width:50px; max-height:30px!important;  padding-right:20px;\n    }\n<\/style>\n            <p>Zone du corps trait\u00e9e:<\/p>\n            <p>Visage, aisselles, mains, autre<\/p>\n            <p>Dur\u00e9e de la proc\u00e9dure:<\/p>\n            <p>10 \u00e0 15 minutes<\/p>\n            <p>Temps de r\u00e9cup\u00e9ration:<\/p>\n            <p>Imm\u00e9diat<\/p>\n            <p>R\u00e9sultat visible:<\/p>\n            <p>4 \u00e0 10 jours<\/p>\n            <p>Nombre de s\u00e9ances:<\/p>\n            <p>Tous les 4 mois<\/p>\n            <p>Riques potentiels:<\/p>\n            <p>Ecchymoses, Asym\u00e9trie, paupi\u00e8res tombantes<\/p>\n        <p>Pour plus de d\u00e9tails, discutez avec votre m\u00e9decin. Tous les effets et complications ne sont pas r\u00e9pertori\u00e9s<\/p>\n\t<p>Autres utilisations des toxines botuliniques<\/p>\n\t<p>Un <strong>sourire dit \u00ab gingival \u00bb <\/strong> d\u00e9signe un sourire qui r\u00e9v\u00e8le une quantit\u00e9 importante de tissu gingival. Pour am\u00e9liorer l&rsquo;apparence de votre sourire, camouflez votre rebord gingival gr\u00e2ce aux injections botuliniques. Seules deux injections par la Dre Berbari suffisent pour diminuer l&rsquo;exposition de vos gencives et ainsi obtenir un sourire \u00e9blouissant.<\/p>\n<p>Certaines personnes souffrent de <strong>migraines de tension.<\/strong> Gr\u00e2ce \u00e0 l&rsquo;effet relaxant sur les muscles,  le Botox m\u00e9dical peut traiter ces maux de t\u00eate pour une p\u00e9riode de 4 mois et \u00e9viter la prise excessive de m\u00e9dicaments.<\/p>\n\t<p>De m\u00eame, les personnes qui doivent porter une plaque occlusale la nuit pour traiter le bruxisme (grin\u00e7age des dents la nuit et usure de leur surface) peuvent recevoir des injections de Botox m\u00e9dical dans le muscle de la joue (<em>masseter<\/em>) et ne plus s&rsquo;encombrer avec un appareil nocturne.<\/p>\n<p>Finalement, la <strong>sudation excessive<\/strong> au niveau des aisselles ou des mains peut devenir un handicap social. Les injections de Botox m\u00e9dical peuvent vous \u00e9viter des situations embarrassantes.<\/p>\n\t<p>Risques et complications possibles<\/p>\n\t<p>Pour veiller \u00e0 obtenir des r\u00e9sultats optimaux et naturels, il est primordial que ce soit un professionnel de la sant\u00e9 certifi\u00e9 et hautement qualifi\u00e9 qui administre les injections de toxines botuliniques et d&rsquo;agents de comblement dermique.<\/p>\n<p>Vous ne devriez pas recourir aux toxines botuliniques si vous \u00eates allergique aux produits contenant de la toxine botulinique, si vous \u00eates enceinte, si vous avez une infection au point d&rsquo;injection d\u00e9sign\u00e9 et si vous souffrez de probl\u00e8mes de sant\u00e9 graves.<\/p>\n\t<p>Bien que les toxines botuliniques telles que le Botox, le Xeomin et autres toxines permettent effectivement de retrouver une peau d&rsquo;apparence jeune et lisser les rides et ridules, le traitement pourrait entra\u00eener des effets secondaires dont le patient doit prendre connaissance avant de commencer le traitement. La Dre Berbari les d\u00e9taillera lors de votre rendez-vous de consultation.<\/p>\n\t<p>R\u00e9tablissement<\/p>\n\t<p>Le temps de r\u00e9tablissement apr\u00e8s des injections de toxines botuliniques est si court qu&rsquo;elles peuvent, comme on dit, \u00eatre r\u00e9alis\u00e9es sur l&rsquo;heure du midi. En effet, les patients peuvent vaquer \u00e0 leurs occupations habituelles imm\u00e9diatement apr\u00e8s le traitement.<\/p>\n<h2>\n\t\tInt\u00e9ress\u00e9 par ce service?\n\t<\/h2>\n\t<p>Pour en savoir plus sur la proc\u00e9dure ou pour planifier une consultation, contactez-nous au <strong>MedicSPA<\/strong> Gatineau de aujourd&rsquo;hui au (819)414-2259.<\/p>\n                <form method=\"post\" enctype=\"multipart\/form-data\" target=\"gform_ajax_frame_4\" id=\"gform_4\" action=\"\/fr\/?page_id=51789&amp;fl_builder#gf_4\">\n                        <label class=\"gfield_label\" for=\"input_4_1\">Nom(N\u00e9cessaire)<\/label><input name=\"input_1\" id=\"input_4_1\" type=\"text\" value=\"\" class=\"large\" tabindex=\"100\" aria-required=\"true\" aria-invalid=\"false\"> <label class=\"gfield_label\" for=\"input_4_2\">Adresse de courriel(N\u00e9cessaire)<\/label>\n                            <input name=\"input_2\" id=\"input_4_2\" type=\"text\" value=\"\" class=\"large\" tabindex=\"101\" aria-required=\"true\" aria-invalid=\"false\">\n                        <label class=\"gfield_label\" for=\"input_4_3\">T\u00e9l\u00e9phone(N\u00e9cessaire)<\/label><input name=\"input_3\" id=\"input_4_3\" type=\"text\" value=\"\" class=\"large\" tabindex=\"102\" aria-required=\"true\" aria-invalid=\"false\"><fieldset id=\"field_4_9\"><legend class=\"gfield_label gfield_label_before_complex\">Quels services vous int\u00e9ressent ?<\/legend>\n\t\t\t\t\t\t\t\t<input class=\"gfield-choice-input\" name=\"input_9.1\" type=\"checkbox\" value=\"Injections de Toxines Botuliniques\" id=\"choice_4_9_1\" tabindex=\"103\">\n\t\t\t\t\t\t\t\t<label for=\"choice_4_9_1\" id=\"label_4_9_1\">Injections de Toxines Botuliniques<\/label>\n\t\t\t\t\t\t\t\t<input class=\"gfield-choice-input\" name=\"input_9.2\" type=\"checkbox\" value=\"Comblement Dermique\" id=\"choice_4_9_2\" tabindex=\"104\">\n\t\t\t\t\t\t\t\t<label for=\"choice_4_9_2\" id=\"label_4_9_2\">Comblement Dermique<\/label>\n\t\t\t\t\t\t\t\t<input class=\"gfield-choice-input\" name=\"input_9.3\" type=\"checkbox\" value=\"Peeling Chimique\" id=\"choice_4_9_3\" tabindex=\"105\">\n\t\t\t\t\t\t\t\t<label for=\"choice_4_9_3\" id=\"label_4_9_3\">Peeling Chimique<\/label>\n\t\t\t\t\t\t\t\t<input class=\"gfield-choice-input\" name=\"input_9.4\" type=\"checkbox\" value=\"Hydrafacial\" id=\"choice_4_9_4\" tabindex=\"106\">\n\t\t\t\t\t\t\t\t<label for=\"choice_4_9_4\" id=\"label_4_9_4\">Hydrafacial<\/label>\n\t\t\t\t\t\t\t\t<input class=\"gfield-choice-input\" name=\"input_9.5\" type=\"checkbox\" value=\"Resurfa\u00e7age de la Peau (Smartskin Dot)\" id=\"choice_4_9_5\" tabindex=\"107\">\n\t\t\t\t\t\t\t\t<label for=\"choice_4_9_5\" id=\"label_4_9_5\">Resurfa\u00e7age de la Peau (Smartskin Dot)<\/label>\n\t\t\t\t\t\t\t\t<input class=\"gfield-choice-input\" name=\"input_9.6\" type=\"checkbox\" value=\"Fractora\" id=\"choice_4_9_6\" tabindex=\"108\">\n\t\t\t\t\t\t\t\t<label for=\"choice_4_9_6\" id=\"label_4_9_6\">Fractora<\/label>\n\t\t\t\t\t\t\t\t<input class=\"gfield-choice-input\" name=\"input_9.7\" type=\"checkbox\" value=\"Lumi\u00e8re Intense Puls\u00e9e - Lumecca\" id=\"choice_4_9_7\" tabindex=\"109\">\n\t\t\t\t\t\t\t\t<label for=\"choice_4_9_7\" id=\"label_4_9_7\">Lumi\u00e8re Intense Puls\u00e9e &#8211; Lumecca<\/label>\n\t\t\t\t\t\t\t\t<input class=\"gfield-choice-input\" name=\"input_9.8\" type=\"checkbox\" value=\"PRP (Vampire Facelift)\" id=\"choice_4_9_8\" tabindex=\"110\">\n\t\t\t\t\t\t\t\t<label for=\"choice_4_9_8\" id=\"label_4_9_8\">PRP (Vampire Facelift)<\/label>\n\t\t\t\t\t\t\t\t<input class=\"gfield-choice-input\" name=\"input_9.9\" type=\"checkbox\" value=\"Sculpsure\" id=\"choice_4_9_9\" tabindex=\"111\">\n\t\t\t\t\t\t\t\t<label for=\"choice_4_9_9\" id=\"label_4_9_9\">Sculpsure<\/label>\n\t\t\t\t\t\t\t<\/fieldset><label class=\"gfield_label\" for=\"input_4_4\">Message<\/label><textarea name=\"input_4\" id=\"input_4_4\" class=\"textarea medium\" tabindex=\"112\" aria-invalid=\"false\" rows=\"10\" cols=\"50\"><\/textarea>\n         <input type=\"submit\" id=\"gform_submit_button_4\" class=\"gform_button button\" value=\"Soumettre\" tabindex=\"113\" onclick=\"if(window[&quot;gf_submitting_4&quot;]){return false;}  window[&quot;gf_submitting_4&quot;]=true;  \" onkeypress=\"if( event.keyCode == 13 ){ if(window[&quot;gf_submitting_4&quot;]){return false;} window[&quot;gf_submitting_4&quot;]=true;  jQuery(&quot;#gform_4&quot;).trigger(&quot;submit&quot;,[true]); }\"> <input type=\"hidden\" name=\"gform_ajax\" value=\"form_id=4&amp;title=&amp;description=&amp;tabindex=100\">\n            <input type=\"hidden\" class=\"gform_hidden\" name=\"is_submit_4\" value=\"1\">\n            <input type=\"hidden\" class=\"gform_hidden\" name=\"gform_submit\" value=\"4\">\n            <input type=\"hidden\" class=\"gform_hidden\" name=\"gform_unique_id\" value=\"\">\n            <input type=\"hidden\" class=\"gform_hidden\" name=\"state_4\" value=\"WyJbXSIsIjcwMDk2MzIwY2IyMjA5YjIzM2U0YmRiNDNiNmQ3MjJlIl0=\">\n            <input type=\"hidden\" class=\"gform_hidden\" name=\"gform_target_page_number_4\" id=\"gform_target_page_number_4\" value=\"0\">\n            <input type=\"hidden\" class=\"gform_hidden\" name=\"gform_source_page_number_4\" id=\"gform_source_page_number_4\" value=\"1\">\n            <input type=\"hidden\" name=\"gform_field_values\" value=\"\">\n                        <\/form>\n                <iframe style=\"display:none;width:0px;height:0px;\" src=\"about:blank\" name=\"gform_ajax_frame_4\" id=\"gform_ajax_frame_4\" title=\"Cette iframe contient la logique n\u00e9cessaire pour manipuler Gravity Forms avec Ajax.\"><\/iframe>\n","protected":false},"excerpt":{"rendered":"<p>Toxines botuliniques (Botox, Xeomin, \u2026) Rides et ridules \u2022 Sourire gingival \u2022 Migraines \u2022 Sudation \u2022 Bruxisme \u2022 Contour de la m\u00e2choire Qu&rsquo;est-ce que les toxines botuliniques? Vos rides et ridules portent-elles atteinte \u00e0 votre confiance en soi? Pr\u00e8s de 11 millions de femmes et d&rsquo;hommes ont choisi les injections de toxines botuliniques comme m\u00e9dicament&hellip;<\/p>\n","protected":false},"author":9,"featured_media":52075,"parent":0,"menu_order":0,"comment_status":"closed","ping_status":"closed","template":"","meta":{"_acf_changed":false,"_monsterinsights_skip_tracking":false,"_monsterinsights_sitenote_active":false,"_monsterinsights_sitenote_note":"","_monsterinsights_sitenote_category":0,"footnotes":""},"treatment_categories_pages":[25,26,27],"class_list":["post-52256","page","type-page","status-publish","has-post-thumbnail","hentry","treatment_categories_pages-gummy-smile","treatment_categories_pages-migraines-sweating-bruxism","treatment_categories_pages-wrinkles"],"acf":[],"yoast_head":"<!-- This site is optimized with the Yoast SEO plugin v27.2 - https:\/\/yoast.com\/product\/yoast-seo-wordpress\/ -->\n<title>Injections de Toxines Botuliniques - BKP - MedicSPA Gatineau<\/title>\n<meta name=\"description\" content=\"Vos rides et ridules portent-elles atteinte \u00e0 votre confiance en soi? Pr\u00e8s de 11 millions de femmes et d\u2019hommes ont choisi les injections de toxines botuliniques comme injection de pr\u00e9dilection pour r\u00e9duire les signes visibles du vieillissement. Appelez-nous au (819) 243-7667 pour savoir si les toxines botuliniques vous conviennent.\" \/>\n<meta name=\"robots\" content=\"index, follow, max-snippet:-1, max-image-preview:large, max-video-preview:-1\" \/>\n<link rel=\"canonical\" href=\"https:\/\/medicspa-gatineau.ca\/fr\/injections-toxines-botuliniques-copy\/\" \/>\n<meta property=\"og:locale\" content=\"fr_FR\" \/>\n<meta property=\"og:type\" content=\"article\" \/>\n<meta property=\"og:title\" content=\"Injections de Toxines Botuliniques - BKP - MedicSPA Gatineau\" \/>\n<meta property=\"og:description\" content=\"Vos rides et ridules portent-elles atteinte \u00e0 votre confiance en soi? Pr\u00e8s de 11 millions de femmes et d\u2019hommes ont choisi les injections de toxines botuliniques comme injection de pr\u00e9dilection pour r\u00e9duire les signes visibles du vieillissement. Appelez-nous au (819) 243-7667 pour savoir si les toxines botuliniques vous conviennent.\" \/>\n<meta property=\"og:url\" content=\"https:\/\/medicspa-gatineau.ca\/fr\/injections-toxines-botuliniques-copy\/\" \/>\n<meta property=\"og:site_name\" content=\"MedicSPA Gatineau\" \/>\n<meta property=\"article:modified_time\" content=\"2023-02-17T16:20:41+00:00\" \/>\n<meta property=\"og:image\" content=\"https:\/\/medicspa-gatineau.ca\/wp-content\/uploads\/2022\/03\/Botox_Feature.jpg\" \/>\n\t<meta property=\"og:image:width\" content=\"2000\" \/>\n\t<meta property=\"og:image:height\" content=\"1333\" \/>\n\t<meta property=\"og:image:type\" content=\"image\/jpeg\" \/>\n<meta name=\"twitter:card\" content=\"summary_large_image\" \/>\n<meta name=\"twitter:label1\" content=\"Dur\u00e9e de lecture estim\u00e9e\" \/>\n\t<meta name=\"twitter:data1\" content=\"5 minutes\" \/>\n<script type=\"application\/ld+json\" class=\"yoast-schema-graph\">{\"@context\":\"https:\/\/schema.org\",\"@graph\":[{\"@type\":\"WebPage\",\"@id\":\"https:\/\/medicspa-gatineau.ca\/fr\/injections-toxines-botuliniques-copy\/\",\"url\":\"https:\/\/medicspa-gatineau.ca\/fr\/injections-toxines-botuliniques-copy\/\",\"name\":\"Injections de Toxines Botuliniques - BKP - MedicSPA Gatineau\",\"isPartOf\":{\"@id\":\"https:\/\/medicspa-gatineau.ca\/fr\/#website\"},\"primaryImageOfPage\":{\"@id\":\"https:\/\/medicspa-gatineau.ca\/fr\/injections-toxines-botuliniques-copy\/#primaryimage\"},\"image\":{\"@id\":\"https:\/\/medicspa-gatineau.ca\/fr\/injections-toxines-botuliniques-copy\/#primaryimage\"},\"thumbnailUrl\":\"https:\/\/medicspa-gatineau.ca\/wp-content\/uploads\/2022\/03\/Botox_Feature.jpg\",\"datePublished\":\"2023-02-17T16:20:40+00:00\",\"dateModified\":\"2023-02-17T16:20:41+00:00\",\"description\":\"Vos rides et ridules portent-elles atteinte \u00e0 votre confiance en soi? Pr\u00e8s de 11 millions de femmes et d\u2019hommes ont choisi les injections de toxines botuliniques comme injection de pr\u00e9dilection pour r\u00e9duire les signes visibles du vieillissement. Appelez-nous au (819) 243-7667 pour savoir si les toxines botuliniques vous conviennent.\",\"breadcrumb\":{\"@id\":\"https:\/\/medicspa-gatineau.ca\/fr\/injections-toxines-botuliniques-copy\/#breadcrumb\"},\"inLanguage\":\"fr-FR\",\"potentialAction\":[{\"@type\":\"ReadAction\",\"target\":[\"https:\/\/medicspa-gatineau.ca\/fr\/injections-toxines-botuliniques-copy\/\"]}]},{\"@type\":\"ImageObject\",\"inLanguage\":\"fr-FR\",\"@id\":\"https:\/\/medicspa-gatineau.ca\/fr\/injections-toxines-botuliniques-copy\/#primaryimage\",\"url\":\"https:\/\/medicspa-gatineau.ca\/wp-content\/uploads\/2022\/03\/Botox_Feature.jpg\",\"contentUrl\":\"https:\/\/medicspa-gatineau.ca\/wp-content\/uploads\/2022\/03\/Botox_Feature.jpg\",\"width\":2000,\"height\":1333},{\"@type\":\"BreadcrumbList\",\"@id\":\"https:\/\/medicspa-gatineau.ca\/fr\/injections-toxines-botuliniques-copy\/#breadcrumb\",\"itemListElement\":[{\"@type\":\"ListItem\",\"position\":1,\"name\":\"Home\",\"item\":\"https:\/\/medicspa-gatineau.ca\/fr\/\"},{\"@type\":\"ListItem\",\"position\":2,\"name\":\"Injections de Toxines Botuliniques &#8211; BKP\"}]},{\"@type\":\"WebSite\",\"@id\":\"https:\/\/medicspa-gatineau.ca\/fr\/#website\",\"url\":\"https:\/\/medicspa-gatineau.ca\/fr\/\",\"name\":\"MedicSPA Gatineau\",\"description\":\"Dr Patricia Berbari\",\"publisher\":{\"@id\":\"https:\/\/medicspa-gatineau.ca\/fr\/#organization\"},\"potentialAction\":[{\"@type\":\"SearchAction\",\"target\":{\"@type\":\"EntryPoint\",\"urlTemplate\":\"https:\/\/medicspa-gatineau.ca\/fr\/?s={search_term_string}\"},\"query-input\":{\"@type\":\"PropertyValueSpecification\",\"valueRequired\":true,\"valueName\":\"search_term_string\"}}],\"inLanguage\":\"fr-FR\"},{\"@type\":\"Organization\",\"@id\":\"https:\/\/medicspa-gatineau.ca\/fr\/#organization\",\"name\":\"MedicSPA Gatineau\",\"url\":\"https:\/\/medicspa-gatineau.ca\/fr\/\",\"logo\":{\"@type\":\"ImageObject\",\"inLanguage\":\"fr-FR\",\"@id\":\"https:\/\/medicspa-gatineau.ca\/fr\/#\/schema\/logo\/image\/\",\"url\":\"https:\/\/medicspa-gatineau.ca\/wp-content\/uploads\/2021\/10\/Medicspa-logo_v2.png\",\"contentUrl\":\"https:\/\/medicspa-gatineau.ca\/wp-content\/uploads\/2021\/10\/Medicspa-logo_v2.png\",\"width\":500,\"height\":300,\"caption\":\"MedicSPA Gatineau\"},\"image\":{\"@id\":\"https:\/\/medicspa-gatineau.ca\/fr\/#\/schema\/logo\/image\/\"}}]}<\/script>\n<!-- \/ Yoast SEO plugin. -->","yoast_head_json":{"title":"Injections de Toxines Botuliniques - BKP - MedicSPA Gatineau","description":"Vos rides et ridules portent-elles atteinte \u00e0 votre confiance en soi? Pr\u00e8s de 11 millions de femmes et d\u2019hommes ont choisi les injections de toxines botuliniques comme injection de pr\u00e9dilection pour r\u00e9duire les signes visibles du vieillissement. Appelez-nous au (819) 243-7667 pour savoir si les toxines botuliniques vous conviennent.","robots":{"index":"index","follow":"follow","max-snippet":"max-snippet:-1","max-image-preview":"max-image-preview:large","max-video-preview":"max-video-preview:-1"},"canonical":"https:\/\/medicspa-gatineau.ca\/fr\/injections-toxines-botuliniques-copy\/","og_locale":"fr_FR","og_type":"article","og_title":"Injections de Toxines Botuliniques - BKP - MedicSPA Gatineau","og_description":"Vos rides et ridules portent-elles atteinte \u00e0 votre confiance en soi? Pr\u00e8s de 11 millions de femmes et d\u2019hommes ont choisi les injections de toxines botuliniques comme injection de pr\u00e9dilection pour r\u00e9duire les signes visibles du vieillissement. Appelez-nous au (819) 243-7667 pour savoir si les toxines botuliniques vous conviennent.","og_url":"https:\/\/medicspa-gatineau.ca\/fr\/injections-toxines-botuliniques-copy\/","og_site_name":"MedicSPA Gatineau","article_modified_time":"2023-02-17T16:20:41+00:00","og_image":[{"width":2000,"height":1333,"url":"https:\/\/medicspa-gatineau.ca\/wp-content\/uploads\/2022\/03\/Botox_Feature.jpg","type":"image\/jpeg"}],"twitter_card":"summary_large_image","twitter_misc":{"Dur\u00e9e de lecture estim\u00e9e":"5 minutes"},"schema":{"@context":"https:\/\/schema.org","@graph":[{"@type":"WebPage","@id":"https:\/\/medicspa-gatineau.ca\/fr\/injections-toxines-botuliniques-copy\/","url":"https:\/\/medicspa-gatineau.ca\/fr\/injections-toxines-botuliniques-copy\/","name":"Injections de Toxines Botuliniques - BKP - MedicSPA Gatineau","isPartOf":{"@id":"https:\/\/medicspa-gatineau.ca\/fr\/#website"},"primaryImageOfPage":{"@id":"https:\/\/medicspa-gatineau.ca\/fr\/injections-toxines-botuliniques-copy\/#primaryimage"},"image":{"@id":"https:\/\/medicspa-gatineau.ca\/fr\/injections-toxines-botuliniques-copy\/#primaryimage"},"thumbnailUrl":"https:\/\/medicspa-gatineau.ca\/wp-content\/uploads\/2022\/03\/Botox_Feature.jpg","datePublished":"2023-02-17T16:20:40+00:00","dateModified":"2023-02-17T16:20:41+00:00","description":"Vos rides et ridules portent-elles atteinte \u00e0 votre confiance en soi? Pr\u00e8s de 11 millions de femmes et d\u2019hommes ont choisi les injections de toxines botuliniques comme injection de pr\u00e9dilection pour r\u00e9duire les signes visibles du vieillissement. Appelez-nous au (819) 243-7667 pour savoir si les toxines botuliniques vous conviennent.","breadcrumb":{"@id":"https:\/\/medicspa-gatineau.ca\/fr\/injections-toxines-botuliniques-copy\/#breadcrumb"},"inLanguage":"fr-FR","potentialAction":[{"@type":"ReadAction","target":["https:\/\/medicspa-gatineau.ca\/fr\/injections-toxines-botuliniques-copy\/"]}]},{"@type":"ImageObject","inLanguage":"fr-FR","@id":"https:\/\/medicspa-gatineau.ca\/fr\/injections-toxines-botuliniques-copy\/#primaryimage","url":"https:\/\/medicspa-gatineau.ca\/wp-content\/uploads\/2022\/03\/Botox_Feature.jpg","contentUrl":"https:\/\/medicspa-gatineau.ca\/wp-content\/uploads\/2022\/03\/Botox_Feature.jpg","width":2000,"height":1333},{"@type":"BreadcrumbList","@id":"https:\/\/medicspa-gatineau.ca\/fr\/injections-toxines-botuliniques-copy\/#breadcrumb","itemListElement":[{"@type":"ListItem","position":1,"name":"Home","item":"https:\/\/medicspa-gatineau.ca\/fr\/"},{"@type":"ListItem","position":2,"name":"Injections de Toxines Botuliniques &#8211; BKP"}]},{"@type":"WebSite","@id":"https:\/\/medicspa-gatineau.ca\/fr\/#website","url":"https:\/\/medicspa-gatineau.ca\/fr\/","name":"MedicSPA Gatineau","description":"Dr Patricia Berbari","publisher":{"@id":"https:\/\/medicspa-gatineau.ca\/fr\/#organization"},"potentialAction":[{"@type":"SearchAction","target":{"@type":"EntryPoint","urlTemplate":"https:\/\/medicspa-gatineau.ca\/fr\/?s={search_term_string}"},"query-input":{"@type":"PropertyValueSpecification","valueRequired":true,"valueName":"search_term_string"}}],"inLanguage":"fr-FR"},{"@type":"Organization","@id":"https:\/\/medicspa-gatineau.ca\/fr\/#organization","name":"MedicSPA Gatineau","url":"https:\/\/medicspa-gatineau.ca\/fr\/","logo":{"@type":"ImageObject","inLanguage":"fr-FR","@id":"https:\/\/medicspa-gatineau.ca\/fr\/#\/schema\/logo\/image\/","url":"https:\/\/medicspa-gatineau.ca\/wp-content\/uploads\/2021\/10\/Medicspa-logo_v2.png","contentUrl":"https:\/\/medicspa-gatineau.ca\/wp-content\/uploads\/2021\/10\/Medicspa-logo_v2.png","width":500,"height":300,"caption":"MedicSPA Gatineau"},"image":{"@id":"https:\/\/medicspa-gatineau.ca\/fr\/#\/schema\/logo\/image\/"}}]}},"_links":{"self":[{"href":"https:\/\/medicspa-gatineau.ca\/fr\/wp-json\/wp\/v2\/pages\/52256","targetHints":{"allow":["GET"]}}],"collection":[{"href":"https:\/\/medicspa-gatineau.ca\/fr\/wp-json\/wp\/v2\/pages"}],"about":[{"href":"https:\/\/medicspa-gatineau.ca\/fr\/wp-json\/wp\/v2\/types\/page"}],"author":[{"embeddable":true,"href":"https:\/\/medicspa-gatineau.ca\/fr\/wp-json\/wp\/v2\/users\/9"}],"replies":[{"embeddable":true,"href":"https:\/\/medicspa-gatineau.ca\/fr\/wp-json\/wp\/v2\/comments?post=52256"}],"version-history":[{"count":0,"href":"https:\/\/medicspa-gatineau.ca\/fr\/wp-json\/wp\/v2\/pages\/52256\/revisions"}],"wp:featuredmedia":[{"embeddable":true,"href":"https:\/\/medicspa-gatineau.ca\/fr\/wp-json\/wp\/v2\/media\/52075"}],"wp:attachment":[{"href":"https:\/\/medicspa-gatineau.ca\/fr\/wp-json\/wp\/v2\/media?parent=52256"}],"wp:term":[{"taxonomy":"treatment_categories_pages","embeddable":true,"href":"https:\/\/medicspa-gatineau.ca\/fr\/wp-json\/wp\/v2\/treatment_categories_pages?post=52256"}],"curies":[{"name":"wp","href":"https:\/\/api.w.org\/{rel}","templated":true}]}}