{"id":52253,"date":"2023-02-17T16:08:16","date_gmt":"2023-02-17T16:08:16","guid":{"rendered":"https:\/\/medicspa-gatineau.ca\/?page_id=52253"},"modified":"2023-02-17T16:08:18","modified_gmt":"2023-02-17T16:08:18","slug":"morpheus8-copy","status":"publish","type":"page","link":"https:\/\/medicspa-gatineau.ca\/fr\/morpheus8-copy\/","title":{"rendered":"MORPHEUS8 &#8211; BKP"},"content":{"rendered":"\n<h1>\n\t\tMORPHEUS8\n\t<\/h1>\n<h3>\n\t\tVisage  \u2022  Cou\n\t<\/h3>\n<h2>\n\t\tQu&rsquo;est-ce que MORPHEUS8?\n\t<\/h2>\n\t<p>Le MORPHEUS8 est un traitement cutan\u00e9 qui utilise la radiofr\u00e9quence et les micro aiguiles pour stimuler la production du collag\u00e8ne et relisser la peau. Son action \u00e0 plusieurs niveaux des couches de la peau lui permet d&rsquo;accomplir des r\u00e9sultats combin\u00e9s.<\/p>\n<p>Appelez-nous au (819) 243-7667 pour savoir si le MORPHEUS8 vous conviennent.<\/p>\n\t\t\t<a href=\"#contact\" target=\"_self\" role=\"button\" rel=\"noopener\">\n\t\t\t\t\t\t\tContactez-nous\n\t\t\t\t\t<\/a>\n\t\t\t\t<img loading=\"lazy\" decoding=\"async\" src=\"https:\/\/medicspa-gatineau.ca\/wp-content\/uploads\/2022\/05\/Morpheus8-800.jpg\" alt=\"Morpheus8-800\" itemprop=\"image\" height=\"534\" width=\"800\" title=\"Morpheus8-800\" onerror=\"this.style.display='none'\">\n<ul>\n    <li><a href=\"#general\">RENSEIGNEMENTS G\u00c9N\u00c9RAUX<\/a><\/li>\n    <li>\u2022<\/li>\n    <li><a href=\"#other-uses\">Avantages et bienfaits<\/a><\/li>\n    <li>\u2022<\/li>\n    <li><a href=\"#risks\">Inconv\u00e9nients<\/a><\/li>\n<\/ul>\n\t<p>RENSEIGNEMENTS G\u00c9N\u00c9RAUX<\/p>\n\t<p>Le remodelage cutan\u00e9 micro invasif des tissus sous dermiques aide \u00e0 la contraction de la peau. Les micro aiguilles sont regroup\u00e9es dans un embout \u00e0 usage unique en 12 ou 24 \u00e9l\u00e9ments qui p\u00e9n\u00e8trent de 0,5 \u00e0 8 mm de profondeur. Ceci permet un traitement personnalis\u00e9 selon les besoins de chacun. Les tissus sont cibl\u00e9s sur un ou plusieurs niveaux en une s\u00e9quence rapide ce qui raccourci la dur\u00e9e du traitement compar\u00e9 aux autres th\u00e9rapies de micro aiguilles.<\/p>\n<p>Le traitement est s\u00e9curitaire pour tous les types de peau. Il y a remodelage du collag\u00e8ne et coagulation des tissus profonds. La radiofr\u00e9quence est fractionn\u00e9e, et contrairement aux lasers, l&rsquo;\u00e9nergie est diffus\u00e9e uniform\u00e9ment au-del\u00e0 du site d&rsquo;application. La chaleur g\u00e9n\u00e9r\u00e9e modifie la physiologie des tissus pour effectuer la contraction cutan\u00e9e.<\/p>\n\t\t\t<a href=\"#contact\" target=\"_self\" role=\"button\" rel=\"noopener\">\n\t\t\t\t\t\t\tContactez-nous\n\t\t\t\t\t<\/a>\n\t<style>\n    .service-specs > div {\n        display:flex;\n        align-items:center;\n        padding-bottom:10px;\n    }\n    .specs-icons {\n        width:50px;\n    }\n    .service-specs svg {\n        fill:#404040; max-width:60px; max-height:30px!important;  padding-right:20px;\n    }\n<\/style>\n            <p>Zone du corps trait\u00e9e:<\/p>\n            <p>Visage, cou<\/p>\n            <p>Dur\u00e9e de la proc\u00e9dure:<\/p>\n            <p>15m<\/p>\n            <p>Temps de r\u00e9cup\u00e9ration:<\/p>\n            <p>1h<\/p>\n            <p>R\u00e9sultat visible:<\/p>\n            <p>Entre 3 semaines et 3 mois<\/p>\n    <!--\n         -->\n            <p>Nombre de s\u00e9ances:<\/p>\n            <p>3 s\u00e9ances espac\u00e9es de 4 semaines<\/p>\n    <!-- \n         -->\n        <!-- \n            <p>Potential risks:<\/p>\n            <p>Bruising, Asymetry, droopy eyelids<\/p>\n         -->\n        <p>Pour plus de d\u00e9tails, discutez avec votre m\u00e9decin. Tous les effets et complications ne sont pas r\u00e9pertori\u00e9s<\/p>\n\t<p>Avantages et bienfaits<\/p>\n\t<p>La radiofr\u00e9quence est une m\u00e9thode scientifiquement \u00e9prouv\u00e9e pour remodeler et reconstituer le collag\u00e8ne. Ce traitement peut \u00eatre combin\u00e9 \u00e0 d&rsquo;autres interventions m\u00e9dicales ou chirurgicales. Lors d&rsquo;une chirurgie de liposuction du cou, en m\u00eame temps qu&rsquo;un facelift, lors d&rsquo;injections d&rsquo;agents de comblement, d&rsquo;injection de plasma PRP ou de neurotoxine botulinique. Il peut aussi contribuer au traitement de FACE<em>tite<\/em><\/p>\n\t<img decoding=\"async\" width=\"2560\" height=\"1362\" src=\"https:\/\/medicspa-gatineau.ca\/wp-content\/uploads\/2022\/05\/MORPHEUS8-thumbnail-scaled.jpg\" alt=\"\" loading=\"lazy\" srcset=\"https:\/\/medicspa-gatineau.ca\/wp-content\/uploads\/2022\/05\/MORPHEUS8-thumbnail-scaled.jpg 2560w, https:\/\/medicspa-gatineau.ca\/wp-content\/uploads\/2022\/05\/MORPHEUS8-thumbnail-300x160.jpg 300w, https:\/\/medicspa-gatineau.ca\/wp-content\/uploads\/2022\/05\/MORPHEUS8-thumbnail-1024x545.jpg 1024w, https:\/\/medicspa-gatineau.ca\/wp-content\/uploads\/2022\/05\/MORPHEUS8-thumbnail-768x409.jpg 768w, https:\/\/medicspa-gatineau.ca\/wp-content\/uploads\/2022\/05\/MORPHEUS8-thumbnail-1536x817.jpg 1536w, https:\/\/medicspa-gatineau.ca\/wp-content\/uploads\/2022\/05\/MORPHEUS8-thumbnail-2048x1090.jpg 2048w\" sizes=\"auto, (max-width: 2560px) 100vw, 2560px\"><meta itemprop=\"url\" content=\"https:\/\/medicspa-gatineau.ca\/wp-content\/uploads\/2022\/05\/Morpheus8-graphics.mp4\"><div style=\"width: 640px;\" class=\"wp-video\"><video class=\"wp-video-shortcode\" id=\"video-52253-1\" width=\"640\" height=\"360\" poster=\"https:\/\/medicspa-gatineau.ca\/wp-content\/uploads\/2022\/05\/MORPHEUS8-thumbnail-scaled.jpg\" preload=\"none\" controls=\"controls\"><source type=\"video\/mp4\" src=\"https:\/\/medicspa-gatineau.ca\/wp-content\/uploads\/2022\/05\/Morpheus8-graphics.mp4?_=1\" \/><a href=\"https:\/\/medicspa-gatineau.ca\/wp-content\/uploads\/2022\/05\/Morpheus8-graphics.mp4\">https:\/\/medicspa-gatineau.ca\/wp-content\/uploads\/2022\/05\/Morpheus8-graphics.mp4<\/a><\/video><\/div>\n\t<p>Inconv\u00e9nients <\/p>\n\t<p>Certaines personnes sont plus sensibles que d&rsquo;autres. L&rsquo;inconfort caus\u00e9 par les microaiguilles et la pression se tol\u00e8rent bien gr\u00e2ce \u00e0 la cr\u00e8me analg\u00e9sique appliqu\u00e9e 45 min avant le traitement. Pour les personnes anxieuses nous leur offrons le gaz hilarant (Protoxyde d&rsquo;Azote : Pronox) \u00e0 inhaler, ce qui rend la proc\u00e9dure tr\u00e8s supportable pour les 15 min  requises.  <\/p>\n<h2>\n\t\tInt\u00e9ress\u00e9 par ce service?\n\t<\/h2>\n\t<p>Pour en savoir plus sur la proc\u00e9dure ou pour planifier une consultation, contactez-nous au <strong>MedicSPA<\/strong> Gatineau de aujourd&rsquo;hui au (819) 243-7667.<\/p>\n                <form method=\"post\" enctype=\"multipart\/form-data\" target=\"gform_ajax_frame_4\" id=\"gform_4\" action=\"\/fr\/?page_id=52149&amp;fl_builder#gf_4\">\n                        <label class=\"gfield_label\" for=\"input_4_1\">Nom(N\u00e9cessaire)<\/label><input name=\"input_1\" id=\"input_4_1\" type=\"text\" value=\"\" class=\"large\" tabindex=\"100\" aria-required=\"true\" aria-invalid=\"false\"> <label class=\"gfield_label\" for=\"input_4_2\">Adresse de courriel(N\u00e9cessaire)<\/label>\n                            <input name=\"input_2\" id=\"input_4_2\" type=\"text\" value=\"\" class=\"large\" tabindex=\"101\" aria-required=\"true\" aria-invalid=\"false\">\n                        <label class=\"gfield_label\" for=\"input_4_3\">T\u00e9l\u00e9phone(N\u00e9cessaire)<\/label><input name=\"input_3\" id=\"input_4_3\" type=\"text\" value=\"\" class=\"large\" tabindex=\"102\" aria-required=\"true\" aria-invalid=\"false\"><fieldset id=\"field_4_9\" data-js-reload=\"field_4_9\"><legend class=\"gfield_label gfield_label_before_complex\">Quels services vous int\u00e9ressent ?<\/legend>\n\t\t\t\t\t\t\t\t<input class=\"gfield-choice-input\" name=\"input_9.1\" type=\"checkbox\" value=\"Injections de Toxines Botuliniques\" id=\"choice_4_9_1\" tabindex=\"103\">\n\t\t\t\t\t\t\t\t<label for=\"choice_4_9_1\" id=\"label_4_9_1\">Injections de Toxines Botuliniques<\/label>\n\t\t\t\t\t\t\t\t<input class=\"gfield-choice-input\" name=\"input_9.2\" type=\"checkbox\" value=\"Comblement Dermique\" id=\"choice_4_9_2\" tabindex=\"104\">\n\t\t\t\t\t\t\t\t<label for=\"choice_4_9_2\" id=\"label_4_9_2\">Comblement Dermique<\/label>\n\t\t\t\t\t\t\t\t<input class=\"gfield-choice-input\" name=\"input_9.3\" type=\"checkbox\" value=\"Peeling Chimique\" id=\"choice_4_9_3\" tabindex=\"105\">\n\t\t\t\t\t\t\t\t<label for=\"choice_4_9_3\" id=\"label_4_9_3\">Peeling Chimique<\/label>\n\t\t\t\t\t\t\t\t<input class=\"gfield-choice-input\" name=\"input_9.4\" type=\"checkbox\" value=\"Hydrafacial\" id=\"choice_4_9_4\" tabindex=\"106\">\n\t\t\t\t\t\t\t\t<label for=\"choice_4_9_4\" id=\"label_4_9_4\">Hydrafacial<\/label>\n\t\t\t\t\t\t\t\t<input class=\"gfield-choice-input\" name=\"input_9.5\" type=\"checkbox\" value=\"Resurfa\u00e7age de la Peau (Smartskin Dot)\" id=\"choice_4_9_5\" tabindex=\"107\">\n\t\t\t\t\t\t\t\t<label for=\"choice_4_9_5\" id=\"label_4_9_5\">Resurfa\u00e7age de la Peau (Smartskin Dot)<\/label>\n\t\t\t\t\t\t\t\t<input class=\"gfield-choice-input\" name=\"input_9.6\" type=\"checkbox\" value=\"Fractora\" id=\"choice_4_9_6\" tabindex=\"108\">\n\t\t\t\t\t\t\t\t<label for=\"choice_4_9_6\" id=\"label_4_9_6\">Fractora<\/label>\n\t\t\t\t\t\t\t\t<input class=\"gfield-choice-input\" name=\"input_9.7\" type=\"checkbox\" value=\"Lumi\u00e8re Intense Puls\u00e9e - Lumecca\" id=\"choice_4_9_7\" tabindex=\"109\">\n\t\t\t\t\t\t\t\t<label for=\"choice_4_9_7\" id=\"label_4_9_7\">Lumi\u00e8re Intense Puls\u00e9e &#8211; Lumecca<\/label>\n\t\t\t\t\t\t\t\t<input class=\"gfield-choice-input\" name=\"input_9.8\" type=\"checkbox\" value=\"PRP (Vampire Facelift)\" id=\"choice_4_9_8\" tabindex=\"110\">\n\t\t\t\t\t\t\t\t<label for=\"choice_4_9_8\" id=\"label_4_9_8\">PRP (Vampire Facelift)<\/label>\n\t\t\t\t\t\t\t\t<input class=\"gfield-choice-input\" name=\"input_9.9\" type=\"checkbox\" value=\"Sculpsure\" id=\"choice_4_9_9\" tabindex=\"111\">\n\t\t\t\t\t\t\t\t<label for=\"choice_4_9_9\" id=\"label_4_9_9\">Sculpsure<\/label>\n\t\t\t\t\t\t\t<\/fieldset><label class=\"gfield_label\" for=\"input_4_4\">Message<\/label><textarea name=\"input_4\" id=\"input_4_4\" class=\"textarea medium\" tabindex=\"112\" aria-invalid=\"false\" rows=\"10\" cols=\"50\"><\/textarea>\n         <input type=\"submit\" id=\"gform_submit_button_4\" class=\"gform_button button\" value=\"Soumettre\" tabindex=\"113\" onclick=\"if(window[&quot;gf_submitting_4&quot;]){return false;}  window[&quot;gf_submitting_4&quot;]=true;  \" onkeypress=\"if( event.keyCode == 13 ){ if(window[&quot;gf_submitting_4&quot;]){return false;} window[&quot;gf_submitting_4&quot;]=true;  jQuery(&quot;#gform_4&quot;).trigger(&quot;submit&quot;,[true]); }\"> <input type=\"hidden\" name=\"gform_ajax\" value=\"form_id=4&amp;title=&amp;description=&amp;tabindex=100\">\n            <input type=\"hidden\" class=\"gform_hidden\" name=\"is_submit_4\" value=\"1\">\n            <input type=\"hidden\" class=\"gform_hidden\" name=\"gform_submit\" value=\"4\">\n            <input type=\"hidden\" class=\"gform_hidden\" name=\"gform_unique_id\" value=\"\">\n            <input type=\"hidden\" class=\"gform_hidden\" name=\"state_4\" value=\"WyJbXSIsIjcwMDk2MzIwY2IyMjA5YjIzM2U0YmRiNDNiNmQ3MjJlIl0=\">\n            <input type=\"hidden\" class=\"gform_hidden\" name=\"gform_target_page_number_4\" id=\"gform_target_page_number_4\" value=\"0\">\n            <input type=\"hidden\" class=\"gform_hidden\" name=\"gform_source_page_number_4\" id=\"gform_source_page_number_4\" value=\"1\">\n            <input type=\"hidden\" name=\"gform_field_values\" value=\"\">\n                        <\/form>\n                <iframe style=\"display:none;width:0px;height:0px;\" src=\"about:blank\" name=\"gform_ajax_frame_4\" id=\"gform_ajax_frame_4\" title=\"Cette iframe contient la logique n\u00e9cessaire pour manipuler Gravity Forms avec Ajax.\"><\/iframe>\n","protected":false},"excerpt":{"rendered":"<p>MORPHEUS8 Visage \u2022 Cou Qu&rsquo;est-ce que MORPHEUS8? Le MORPHEUS8 est un traitement cutan\u00e9 qui utilise la radiofr\u00e9quence et les micro aiguiles pour stimuler la production du collag\u00e8ne et relisser la peau. Son action \u00e0 plusieurs niveaux des couches de la peau lui permet d&rsquo;accomplir des r\u00e9sultats combin\u00e9s. Appelez-nous au (819) 243-7667 pour savoir si le&hellip;<\/p>\n","protected":false},"author":9,"featured_media":52128,"parent":0,"menu_order":0,"comment_status":"closed","ping_status":"closed","template":"","meta":{"_acf_changed":false,"_monsterinsights_skip_tracking":false,"_monsterinsights_sitenote_active":false,"_monsterinsights_sitenote_note":"","_monsterinsights_sitenote_category":0,"footnotes":""},"treatment_categories_pages":[25,26,27],"class_list":["post-52253","page","type-page","status-publish","has-post-thumbnail","hentry","treatment_categories_pages-gummy-smile","treatment_categories_pages-migraines-sweating-bruxism","treatment_categories_pages-wrinkles"],"acf":[],"yoast_head":"<!-- This site is optimized with the Yoast SEO plugin v27.2 - https:\/\/yoast.com\/product\/yoast-seo-wordpress\/ -->\n<title>MORPHEUS8 - BKP - MedicSPA Gatineau<\/title>\n<meta name=\"description\" content=\"Botulinum toxin injections has been chosen by over 11 million people as the top injection to reduce the signs of aging. Contact MedicSPA.\" \/>\n<meta name=\"robots\" content=\"index, follow, max-snippet:-1, max-image-preview:large, max-video-preview:-1\" \/>\n<link rel=\"canonical\" href=\"https:\/\/medicspa-gatineau.ca\/fr\/morpheus8-copy\/\" \/>\n<meta property=\"og:locale\" content=\"fr_FR\" \/>\n<meta property=\"og:type\" content=\"article\" \/>\n<meta property=\"og:title\" content=\"MORPHEUS8 - BKP - MedicSPA Gatineau\" \/>\n<meta property=\"og:description\" content=\"Botulinum toxin injections has been chosen by over 11 million people as the top injection to reduce the signs of aging. Contact MedicSPA.\" \/>\n<meta property=\"og:url\" content=\"https:\/\/medicspa-gatineau.ca\/fr\/morpheus8-copy\/\" \/>\n<meta property=\"og:site_name\" content=\"MedicSPA Gatineau\" \/>\n<meta property=\"article:modified_time\" content=\"2023-02-17T16:08:18+00:00\" \/>\n<meta property=\"og:image\" content=\"https:\/\/medicspa-gatineau.ca\/wp-content\/uploads\/2022\/05\/Morpheus8-banner-2.jpg\" \/>\n\t<meta property=\"og:image:width\" content=\"2000\" \/>\n\t<meta property=\"og:image:height\" content=\"1050\" \/>\n\t<meta property=\"og:image:type\" content=\"image\/jpeg\" \/>\n<meta name=\"twitter:card\" content=\"summary_large_image\" \/>\n<meta name=\"twitter:label1\" content=\"Dur\u00e9e de lecture estim\u00e9e\" \/>\n\t<meta name=\"twitter:data1\" content=\"3 minutes\" \/>\n<script type=\"application\/ld+json\" class=\"yoast-schema-graph\">{\"@context\":\"https:\/\/schema.org\",\"@graph\":[{\"@type\":\"WebPage\",\"@id\":\"https:\/\/medicspa-gatineau.ca\/fr\/morpheus8-copy\/\",\"url\":\"https:\/\/medicspa-gatineau.ca\/fr\/morpheus8-copy\/\",\"name\":\"MORPHEUS8 - BKP - MedicSPA Gatineau\",\"isPartOf\":{\"@id\":\"https:\/\/medicspa-gatineau.ca\/fr\/#website\"},\"primaryImageOfPage\":{\"@id\":\"https:\/\/medicspa-gatineau.ca\/fr\/morpheus8-copy\/#primaryimage\"},\"image\":{\"@id\":\"https:\/\/medicspa-gatineau.ca\/fr\/morpheus8-copy\/#primaryimage\"},\"thumbnailUrl\":\"https:\/\/medicspa-gatineau.ca\/wp-content\/uploads\/2022\/05\/Morpheus8-banner-2.jpg\",\"datePublished\":\"2023-02-17T16:08:16+00:00\",\"dateModified\":\"2023-02-17T16:08:18+00:00\",\"description\":\"Botulinum toxin injections has been chosen by over 11 million people as the top injection to reduce the signs of aging. Contact MedicSPA.\",\"breadcrumb\":{\"@id\":\"https:\/\/medicspa-gatineau.ca\/fr\/morpheus8-copy\/#breadcrumb\"},\"inLanguage\":\"fr-FR\",\"potentialAction\":[{\"@type\":\"ReadAction\",\"target\":[\"https:\/\/medicspa-gatineau.ca\/fr\/morpheus8-copy\/\"]}]},{\"@type\":\"ImageObject\",\"inLanguage\":\"fr-FR\",\"@id\":\"https:\/\/medicspa-gatineau.ca\/fr\/morpheus8-copy\/#primaryimage\",\"url\":\"https:\/\/medicspa-gatineau.ca\/wp-content\/uploads\/2022\/05\/Morpheus8-banner-2.jpg\",\"contentUrl\":\"https:\/\/medicspa-gatineau.ca\/wp-content\/uploads\/2022\/05\/Morpheus8-banner-2.jpg\",\"width\":2000,\"height\":1050},{\"@type\":\"BreadcrumbList\",\"@id\":\"https:\/\/medicspa-gatineau.ca\/fr\/morpheus8-copy\/#breadcrumb\",\"itemListElement\":[{\"@type\":\"ListItem\",\"position\":1,\"name\":\"Home\",\"item\":\"https:\/\/medicspa-gatineau.ca\/fr\/\"},{\"@type\":\"ListItem\",\"position\":2,\"name\":\"MORPHEUS8 &#8211; BKP\"}]},{\"@type\":\"WebSite\",\"@id\":\"https:\/\/medicspa-gatineau.ca\/fr\/#website\",\"url\":\"https:\/\/medicspa-gatineau.ca\/fr\/\",\"name\":\"MedicSPA Gatineau\",\"description\":\"Dr Patricia Berbari\",\"publisher\":{\"@id\":\"https:\/\/medicspa-gatineau.ca\/fr\/#organization\"},\"potentialAction\":[{\"@type\":\"SearchAction\",\"target\":{\"@type\":\"EntryPoint\",\"urlTemplate\":\"https:\/\/medicspa-gatineau.ca\/fr\/?s={search_term_string}\"},\"query-input\":{\"@type\":\"PropertyValueSpecification\",\"valueRequired\":true,\"valueName\":\"search_term_string\"}}],\"inLanguage\":\"fr-FR\"},{\"@type\":\"Organization\",\"@id\":\"https:\/\/medicspa-gatineau.ca\/fr\/#organization\",\"name\":\"MedicSPA Gatineau\",\"url\":\"https:\/\/medicspa-gatineau.ca\/fr\/\",\"logo\":{\"@type\":\"ImageObject\",\"inLanguage\":\"fr-FR\",\"@id\":\"https:\/\/medicspa-gatineau.ca\/fr\/#\/schema\/logo\/image\/\",\"url\":\"https:\/\/medicspa-gatineau.ca\/wp-content\/uploads\/2021\/10\/Medicspa-logo_v2.png\",\"contentUrl\":\"https:\/\/medicspa-gatineau.ca\/wp-content\/uploads\/2021\/10\/Medicspa-logo_v2.png\",\"width\":500,\"height\":300,\"caption\":\"MedicSPA Gatineau\"},\"image\":{\"@id\":\"https:\/\/medicspa-gatineau.ca\/fr\/#\/schema\/logo\/image\/\"}}]}<\/script>\n<!-- \/ Yoast SEO plugin. -->","yoast_head_json":{"title":"MORPHEUS8 - BKP - MedicSPA Gatineau","description":"Botulinum toxin injections has been chosen by over 11 million people as the top injection to reduce the signs of aging. Contact MedicSPA.","robots":{"index":"index","follow":"follow","max-snippet":"max-snippet:-1","max-image-preview":"max-image-preview:large","max-video-preview":"max-video-preview:-1"},"canonical":"https:\/\/medicspa-gatineau.ca\/fr\/morpheus8-copy\/","og_locale":"fr_FR","og_type":"article","og_title":"MORPHEUS8 - BKP - MedicSPA Gatineau","og_description":"Botulinum toxin injections has been chosen by over 11 million people as the top injection to reduce the signs of aging. Contact MedicSPA.","og_url":"https:\/\/medicspa-gatineau.ca\/fr\/morpheus8-copy\/","og_site_name":"MedicSPA Gatineau","article_modified_time":"2023-02-17T16:08:18+00:00","og_image":[{"width":2000,"height":1050,"url":"https:\/\/medicspa-gatineau.ca\/wp-content\/uploads\/2022\/05\/Morpheus8-banner-2.jpg","type":"image\/jpeg"}],"twitter_card":"summary_large_image","twitter_misc":{"Dur\u00e9e de lecture estim\u00e9e":"3 minutes"},"schema":{"@context":"https:\/\/schema.org","@graph":[{"@type":"WebPage","@id":"https:\/\/medicspa-gatineau.ca\/fr\/morpheus8-copy\/","url":"https:\/\/medicspa-gatineau.ca\/fr\/morpheus8-copy\/","name":"MORPHEUS8 - BKP - MedicSPA Gatineau","isPartOf":{"@id":"https:\/\/medicspa-gatineau.ca\/fr\/#website"},"primaryImageOfPage":{"@id":"https:\/\/medicspa-gatineau.ca\/fr\/morpheus8-copy\/#primaryimage"},"image":{"@id":"https:\/\/medicspa-gatineau.ca\/fr\/morpheus8-copy\/#primaryimage"},"thumbnailUrl":"https:\/\/medicspa-gatineau.ca\/wp-content\/uploads\/2022\/05\/Morpheus8-banner-2.jpg","datePublished":"2023-02-17T16:08:16+00:00","dateModified":"2023-02-17T16:08:18+00:00","description":"Botulinum toxin injections has been chosen by over 11 million people as the top injection to reduce the signs of aging. Contact MedicSPA.","breadcrumb":{"@id":"https:\/\/medicspa-gatineau.ca\/fr\/morpheus8-copy\/#breadcrumb"},"inLanguage":"fr-FR","potentialAction":[{"@type":"ReadAction","target":["https:\/\/medicspa-gatineau.ca\/fr\/morpheus8-copy\/"]}]},{"@type":"ImageObject","inLanguage":"fr-FR","@id":"https:\/\/medicspa-gatineau.ca\/fr\/morpheus8-copy\/#primaryimage","url":"https:\/\/medicspa-gatineau.ca\/wp-content\/uploads\/2022\/05\/Morpheus8-banner-2.jpg","contentUrl":"https:\/\/medicspa-gatineau.ca\/wp-content\/uploads\/2022\/05\/Morpheus8-banner-2.jpg","width":2000,"height":1050},{"@type":"BreadcrumbList","@id":"https:\/\/medicspa-gatineau.ca\/fr\/morpheus8-copy\/#breadcrumb","itemListElement":[{"@type":"ListItem","position":1,"name":"Home","item":"https:\/\/medicspa-gatineau.ca\/fr\/"},{"@type":"ListItem","position":2,"name":"MORPHEUS8 &#8211; BKP"}]},{"@type":"WebSite","@id":"https:\/\/medicspa-gatineau.ca\/fr\/#website","url":"https:\/\/medicspa-gatineau.ca\/fr\/","name":"MedicSPA Gatineau","description":"Dr Patricia Berbari","publisher":{"@id":"https:\/\/medicspa-gatineau.ca\/fr\/#organization"},"potentialAction":[{"@type":"SearchAction","target":{"@type":"EntryPoint","urlTemplate":"https:\/\/medicspa-gatineau.ca\/fr\/?s={search_term_string}"},"query-input":{"@type":"PropertyValueSpecification","valueRequired":true,"valueName":"search_term_string"}}],"inLanguage":"fr-FR"},{"@type":"Organization","@id":"https:\/\/medicspa-gatineau.ca\/fr\/#organization","name":"MedicSPA Gatineau","url":"https:\/\/medicspa-gatineau.ca\/fr\/","logo":{"@type":"ImageObject","inLanguage":"fr-FR","@id":"https:\/\/medicspa-gatineau.ca\/fr\/#\/schema\/logo\/image\/","url":"https:\/\/medicspa-gatineau.ca\/wp-content\/uploads\/2021\/10\/Medicspa-logo_v2.png","contentUrl":"https:\/\/medicspa-gatineau.ca\/wp-content\/uploads\/2021\/10\/Medicspa-logo_v2.png","width":500,"height":300,"caption":"MedicSPA Gatineau"},"image":{"@id":"https:\/\/medicspa-gatineau.ca\/fr\/#\/schema\/logo\/image\/"}}]}},"_links":{"self":[{"href":"https:\/\/medicspa-gatineau.ca\/fr\/wp-json\/wp\/v2\/pages\/52253","targetHints":{"allow":["GET"]}}],"collection":[{"href":"https:\/\/medicspa-gatineau.ca\/fr\/wp-json\/wp\/v2\/pages"}],"about":[{"href":"https:\/\/medicspa-gatineau.ca\/fr\/wp-json\/wp\/v2\/types\/page"}],"author":[{"embeddable":true,"href":"https:\/\/medicspa-gatineau.ca\/fr\/wp-json\/wp\/v2\/users\/9"}],"replies":[{"embeddable":true,"href":"https:\/\/medicspa-gatineau.ca\/fr\/wp-json\/wp\/v2\/comments?post=52253"}],"version-history":[{"count":0,"href":"https:\/\/medicspa-gatineau.ca\/fr\/wp-json\/wp\/v2\/pages\/52253\/revisions"}],"wp:featuredmedia":[{"embeddable":true,"href":"https:\/\/medicspa-gatineau.ca\/fr\/wp-json\/wp\/v2\/media\/52128"}],"wp:attachment":[{"href":"https:\/\/medicspa-gatineau.ca\/fr\/wp-json\/wp\/v2\/media?parent=52253"}],"wp:term":[{"taxonomy":"treatment_categories_pages","embeddable":true,"href":"https:\/\/medicspa-gatineau.ca\/fr\/wp-json\/wp\/v2\/treatment_categories_pages?post=52253"}],"curies":[{"name":"wp","href":"https:\/\/api.w.org\/{rel}","templated":true}]}}