{"id":52114,"date":"2022-05-25T14:42:02","date_gmt":"2022-05-25T14:42:02","guid":{"rendered":"https:\/\/medicspa-gatineau.ca\/facetite\/"},"modified":"2025-08-26T20:00:36","modified_gmt":"2025-08-27T00:00:36","slug":"radiofrequence-semi-invasive","status":"publish","type":"page","link":"https:\/\/medicspa-gatineau.ca\/fr\/radiofrequence-semi-invasive\/","title":{"rendered":"Radiofr\u00e9quence Semi Invasif"},"content":{"rendered":"\n\n\t\n<h1>\n\t\tRadiofr\u00e9quence Semi Invasive\n\t<\/h1>\n<h3>\n\t\tdouble menton  \u2022  bajoues  \u2022  sillons nasog\u00e9niens\n\t<\/h3>\n<h2>\n\t\tQu&rsquo;est-ce que le Radiofr\u00e9quence Semi Invasive?\n\t<\/h2>\n\t<p>Le Radiofr\u00e9quence Semi Invasive est utilis\u00e9 comme alternative au facelift, redrapage du visage et du cou, en terme de remodelage facial avec contraction cutan\u00e9e. Il aide \u00e0 tonifier la peau<\/p>\n\t\t\t<a href=\"https:\/\/medicspa-gatineau.ca\/fr\/nous-contacter\/\" target=\"_self\">\n\t\t\t\t\t\t\tContactez-nous\n\t\t\t\t\t<\/a>\n<ul>\n    <li><a href=\"#general\">Renseignements g\u00e9n\u00e9raux<\/a><\/li>\n    <li>\u2022<\/li>\n    <li><a href=\"#other-uses\">Avantages et bienfaits<\/a><\/li>\n    <li>\u2022<\/li>\n    <li><a href=\"#risks\">Inconv\u00e9nients<\/a><\/li>\n<\/ul>\n\t<p>Renseignements g\u00e9n\u00e9raux<\/p>\n\t<p>Gr\u00e2ce \u00e0 la technologie de Radiofr\u00e9quence bipolaire, il est maintenant possible d&rsquo;obtenir des r\u00e9sultats proches \u00e0 ceux d&rsquo;une chirurgie sous anesth\u00e9sie locale de mani\u00e8re moins invasive. La technologie de radiofr\u00e9quence date depuis plus de 100 ans gr\u00e2ce aux d\u00e9couvertes de Nikola Tesla. Depuis 20 ans cette technique a \u00e9volu\u00e9 dans la m\u00e9decine esth\u00e9tique pour le rajeunissement du visage et du corps.<\/p>\n\t\t\t<a href=\"https:\/\/medicspa-gatineau.ca\/fr\/nous-contacter\/\" target=\"_self\">\n\t\t\t\t\t\t\tContactez-nous\n\t\t\t\t\t<\/a>\n\t<style>\n    .service-specs > div {\n        display:flex;\n        align-items:center;\n        padding-bottom:10px;\n    }\n    .specs-icons {\n        width:50px;\n    }\n    .service-specs svg {\n        fill:#404040; max-width:60px; max-height:30px!important;  padding-right:20px;\n    }\n<\/style>\n            <p>Zone du corps trait\u00e9e:<\/p>\n            <p>Plusieurs zones peuvent \u00eatre trait\u00e9es en m\u00eame temps<\/p>\n            <p>Dur\u00e9e de la proc\u00e9dure:<\/p>\n            <p>15 &#8211; 30m par zone selon son \u00e9tendue<\/p>\n            <p>Temps de r\u00e9cup\u00e9ration:<\/p>\n            <p>1 &#8211; 10 jours selon la zone<\/p>\n            <p>R\u00e9sultat visible:<\/p>\n            <p>imm\u00e9diatement apr\u00e8s le traitement, mais surtout apr\u00e8s 6 semaines, et les r\u00e9sultats seront plus perceptibles apr\u00e8s 12 mois<\/p>\n    <!--\n         -->\n            <p>Nombre de s\u00e9ances:<\/p>\n            <p>Une seule<\/p>\n    <!-- \n         -->\n        <!-- \n            <p>Potential risks:<\/p>\n            <p>Bruising, Asymetry, droopy eyelids<\/p>\n         -->\n        <p>Pour plus de d\u00e9tails, discutez avec votre m\u00e9decin. Tous les effets et complications ne sont pas r\u00e9pertori\u00e9s<\/p>\n\t<p>Avantages et bienfaits<\/p>\n\t<ul>\n<li>R\u00e9sultats uniformes gr\u00e2ce au contr\u00f4le de la temp\u00e9rature<\/li>\n<li>Pas ou tr\u00e8s peu de douleur apr\u00e8s le traitement<\/li>\n<li>Retour aux activit\u00e9s normales le lendemain<\/li>\n<li>Pas de cicatrices<\/li>\n<li>Anesth\u00e9sie locale ou s\u00e9dation l\u00e9g\u00e8re, orale ou intra veineuse<\/li>\n<\/ul>\n\t<p>Inconv\u00e9nients<\/p>\n\t<ul>\n<li>Il faut porter un v\u00eatement compressif, mentonni\u00e8re pour le cou pour 2 semaines apr\u00e8s l&rsquo;intervention.<\/li>\n<li>L\u00e9ger inconfort dans les r\u00e9gions trait\u00e9es pour 24h.<\/li>\n<li>Suivre es consignes de base pour \u00e9viter les ecchymoses\u00a0: cesser les m\u00e9dicaments succeptibles de faire saigner (Anti-inflamatoires), l&rsquo;alcool, l&rsquo;ail et le gingembre une semaine autour de la proc\u00e9dure.<\/li>\n<\/ul>\n\t\t\t\t\t\t\t\t\t<img loading=\"lazy\" decoding=\"async\" src=\"https:\/\/medicspa-gatineau.ca\/wp-content\/uploads\/2023\/10\/embracerf-before-after-dr-e-dayan-dr-j-burns-preview-1.jpg\" alt=\"Actual patient results\" itemprop=\"image\" height=\"632\" width=\"900\" srcset=\"https:\/\/medicspa-gatineau.ca\/wp-content\/uploads\/2023\/10\/embracerf-before-after-dr-e-dayan-dr-j-burns-preview-1.jpg 900w, https:\/\/medicspa-gatineau.ca\/wp-content\/uploads\/2023\/10\/embracerf-before-after-dr-e-dayan-dr-j-burns-preview-1-300x211.jpg 300w, https:\/\/medicspa-gatineau.ca\/wp-content\/uploads\/2023\/10\/embracerf-before-after-dr-e-dayan-dr-j-burns-preview-1-768x539.jpg 768w\" sizes=\"auto, (max-width: 900px) 100vw, 900px\" title=\"embracerf-before-after-dr-e-dayan-dr-j-burns-preview-1\" onerror=\"this.style.display='none'\"  \/>\n\t<p>* Ces photos sont publi\u00e9es \u00e0 titre indicatif afin de fournir l&rsquo;information sur la nature de l&rsquo;intervention. Elles ne constituent aucunement une garantie de r\u00e9sultat.<\/p>\n<h2>\n\t\tInt\u00e9ress\u00e9 par ce service?\n\t<\/h2>\n\t<p>Pour en savoir plus sur la proc\u00e9dure ou pour planifier une consultation, contactez-nous au <strong>MedicSPA<\/strong> Gatineau de aujourd&rsquo;hui au (819) 243-7667.<\/p>\n<p><img loading=\"lazy\" decoding=\"async\" src=\"https:\/\/medicspa-gatineau.ca\/wp-content\/uploads\/2023\/10\/facetite-hp-side-preview-1.jpg\" alt=\"facetite machine\" width=\"1707\" height=\"2560\" \/><\/p>\n                <form method='post' enctype='multipart\/form-data' target='gform_ajax_frame_4' id='gform_4'  action='https:\/\/medicspa-gatineau.ca\/fr\/radiofrequence-semi-invasive\/?fl_builder&#038;fl_builder_ui_iframe#gf_4' data-formid='4' novalidate>\n                        <label class='gfield_label gform-field-label' for='input_4_1'>Nom(N\u00e9cessaire)<\/label><input name='input_1' id='input_4_1' type='text' value='' class='large'   tabindex='100'  aria-required=\"true\" aria-invalid=\"false\"   \/><label class='gfield_label gform-field-label' for='input_4_2'>Adresse de courriel(N\u00e9cessaire)<\/label>\n                            <input name='input_2' id='input_4_2' type='email' value='' class='large' tabindex='101'   aria-required=\"true\" aria-invalid=\"false\"  \/>\n                        <label class='gfield_label gform-field-label' for='input_4_3'>T\u00e9l\u00e9phone(N\u00e9cessaire)<\/label><input name='input_3' id='input_4_3' type='tel' value='' class='large' tabindex='102'  aria-required=\"true\" aria-invalid=\"false\"   \/><fieldset id=\"field_4_9\"><legend class='gfield_label gform-field-label gfield_label_before_complex'>Quels services vous int\u00e9ressent ?<\/legend>\n\t\t\t\t\t\t\t\t<input class='gfield-choice-input' name='input_9.1' type='checkbox'  value='Botulinum Toxins Injections'  id='choice_4_9_1' tabindex='103'  \/>\n\t\t\t\t\t\t\t\t<label for='choice_4_9_1' id='label_4_9_1' class='gform-field-label gform-field-label--type-inline'>Botulinum Toxins Injections<\/label>\n\t\t\t\t\t\t\t\t<input class='gfield-choice-input' name='input_9.2' type='checkbox'  value='Comblement Dermique'  id='choice_4_9_2' tabindex='104'  \/>\n\t\t\t\t\t\t\t\t<label for='choice_4_9_2' id='label_4_9_2' class='gform-field-label gform-field-label--type-inline'>Comblement Dermique<\/label>\n\t\t\t\t\t\t\t\t<input class='gfield-choice-input' name='input_9.3' type='checkbox'  value='Chemical Peels'  id='choice_4_9_3' tabindex='105'  \/>\n\t\t\t\t\t\t\t\t<label for='choice_4_9_3' id='label_4_9_3' class='gform-field-label gform-field-label--type-inline'>Chemical Peels<\/label>\n\t\t\t\t\t\t\t\t<input class='gfield-choice-input' name='input_9.4' type='checkbox'  value='Facials'  id='choice_4_9_4' tabindex='106'  \/>\n\t\t\t\t\t\t\t\t<label for='choice_4_9_4' id='label_4_9_4' class='gform-field-label gform-field-label--type-inline'>Facials<\/label>\n\t\t\t\t\t\t\t\t<input class='gfield-choice-input' name='input_9.5' type='checkbox'  value='CO2 Laser Therapy'  id='choice_4_9_5' tabindex='107'  \/>\n\t\t\t\t\t\t\t\t<label for='choice_4_9_5' id='label_4_9_5' class='gform-field-label gform-field-label--type-inline'>CO2 Laser Therapy<\/label>\n\t\t\t\t\t\t\t\t<input class='gfield-choice-input' name='input_9.6' type='checkbox'  value='Skin Resurfacing'  id='choice_4_9_6' tabindex='108'  \/>\n\t\t\t\t\t\t\t\t<label for='choice_4_9_6' id='label_4_9_6' class='gform-field-label gform-field-label--type-inline'>Skin Resurfacing<\/label>\n\t\t\t\t\t\t\t\t<input class='gfield-choice-input' name='input_9.7' type='checkbox'  value='IPL Laser Treatments'  id='choice_4_9_7' tabindex='109'  \/>\n\t\t\t\t\t\t\t\t<label for='choice_4_9_7' id='label_4_9_7' class='gform-field-label gform-field-label--type-inline'>IPL Laser Treatments<\/label>\n\t\t\t\t\t\t\t\t<input class='gfield-choice-input' name='input_9.8' type='checkbox'  value='PRP or Platelet Rich Plasma (Vampire Facelift)'  id='choice_4_9_8' tabindex='110'  \/>\n\t\t\t\t\t\t\t\t<label for='choice_4_9_8' id='label_4_9_8' class='gform-field-label gform-field-label--type-inline'>PRP or Platelet Rich Plasma (Vampire Facelift)<\/label>\n\t\t\t\t\t\t\t\t<input class='gfield-choice-input' name='input_9.9' type='checkbox'  value='Non Invasive Percutaneous Laser Lipolysis'  id='choice_4_9_9' tabindex='111'  \/>\n\t\t\t\t\t\t\t\t<label for='choice_4_9_9' id='label_4_9_9' class='gform-field-label gform-field-label--type-inline'>Non Invasive Percutaneous Laser Lipolysis<\/label>\n\t\t\t\t\t\t\t\t<input class='gfield-choice-input' name='input_9.11' type='checkbox'  value='Microneedling and Radiofrequency'  id='choice_4_9_11' tabindex='112'  \/>\n\t\t\t\t\t\t\t\t<label for='choice_4_9_11' id='label_4_9_11' class='gform-field-label gform-field-label--type-inline'>Microneedling and Radiofrequency<\/label>\n\t\t\t\t\t\t\t\t<input class='gfield-choice-input' name='input_9.12' type='checkbox'  value='Semi Invasive Bipolar radiofrequency'  id='choice_4_9_12' tabindex='113'  \/>\n\t\t\t\t\t\t\t\t<label for='choice_4_9_12' id='label_4_9_12' class='gform-field-label gform-field-label--type-inline'>Semi Invasive Bipolar radiofrequency<\/label>\n\t\t\t\t\t\t\t\t<input class='gfield-choice-input' name='input_9.13' type='checkbox'  value='Non Invasive Radiofrequency'  id='choice_4_9_13' tabindex='114'  \/>\n\t\t\t\t\t\t\t\t<label for='choice_4_9_13' id='label_4_9_13' class='gform-field-label gform-field-label--type-inline'>Non Invasive Radiofrequency<\/label>\n\t\t\t\t\t\t\t\t<input class='gfield-choice-input' name='input_9.14' type='checkbox'  value='Non Invasive Body Contouring'  id='choice_4_9_14' tabindex='115'  \/>\n\t\t\t\t\t\t\t\t<label for='choice_4_9_14' id='label_4_9_14' class='gform-field-label gform-field-label--type-inline'>Non Invasive Body Contouring<\/label>\n\t\t\t\t\t\t\t\t<input class='gfield-choice-input' name='input_9.15' type='checkbox'  value='Vascular Treatments'  id='choice_4_9_15' tabindex='116'  \/>\n\t\t\t\t\t\t\t\t<label for='choice_4_9_15' id='label_4_9_15' class='gform-field-label gform-field-label--type-inline'>Vascular Treatments<\/label>\n\t\t\t\t\t\t\t<\/fieldset><label class='gfield_label gform-field-label' for='input_4_4'>Message<\/label><textarea name='input_4' id='input_4_4' class='textarea medium' tabindex='117'     aria-invalid=\"false\"   rows='10' cols='50'><\/textarea><label class='gfield_label gform-field-label' for='input_4_10'>Phone<\/label><input name='input_10' id='input_4_10' type='text' value='' autocomplete='new-password'\/>Ce champ n&rsquo;est utilis\u00e9 qu&rsquo;\u00e0 des fins de validation et devrait rester inchang\u00e9.\n         <input type='submit' id='gform_submit_button_4' class='gform_button button' onclick='gform.submission.handleButtonClick(this);' data-submission-type='submit' value='Soumettre' tabindex='118' \/> <input type='hidden' name='gform_ajax' value='form_id=4&amp;title=&amp;description=&amp;tabindex=100&amp;theme=gravity-theme&amp;styles=[]&amp;hash=4b03eabb47e0d66ebce81d98355a1853' \/>\n            <input type='hidden' class='gform_hidden' name='gform_submission_method' data-js='gform_submission_method_4' value='iframe' \/>\n            <input type='hidden' class='gform_hidden' name='gform_theme' data-js='gform_theme_4' id='gform_theme_4' value='gravity-theme' \/>\n            <input type='hidden' class='gform_hidden' name='gform_style_settings' data-js='gform_style_settings_4' id='gform_style_settings_4' value='[]' \/>\n            <input type='hidden' class='gform_hidden' name='is_submit_4' value='1' \/>\n            <input type='hidden' class='gform_hidden' name='gform_submit' value='4' \/>\n            <input type='hidden' class='gform_hidden' name='gform_unique_id' value='' \/>\n            <input type='hidden' class='gform_hidden' name='state_4' value='WyJbXSIsImRjYThkYWYzOTQ3NjAxOWQ4YzdhOWRkZWZjN2ZmYzA3Il0=' \/>\n            <input type='hidden' autocomplete='off' class='gform_hidden' name='gform_target_page_number_4' id='gform_target_page_number_4' value='0' \/>\n            <input type='hidden' autocomplete='off' class='gform_hidden' name='gform_source_page_number_4' id='gform_source_page_number_4' value='1' \/>\n            <input type='hidden' name='gform_field_values' value='' \/>\n                        <label>&#916;<textarea name=\"ak_hp_textarea\" cols=\"45\" rows=\"8\" maxlength=\"100\"><\/textarea><\/label><input type=\"hidden\" id=\"ak_js_1\" name=\"ak_js\" value=\"110\"\/><\/form>\n\t\t                <iframe style='display:none;width:0px;height:0px;' src='about:blank' name='gform_ajax_frame_4' id='gform_ajax_frame_4' title='Cette iframe contient la logique n\u00e9cessaire pour manipuler Gravity Forms avec Ajax.'><\/iframe>\n\n","protected":false},"excerpt":{"rendered":"<p>Radiofr\u00e9quence Semi Invasive double menton \u2022 bajoues \u2022 sillons nasog\u00e9niens Qu&rsquo;est-ce que le Radiofr\u00e9quence Semi Invasive? Le Radiofr\u00e9quence Semi Invasive est utilis\u00e9 comme alternative au facelift, redrapage du visage et du cou, en terme de remodelage facial avec contraction cutan\u00e9e. Il aide \u00e0 tonifier la peau Contactez-nous Renseignements g\u00e9n\u00e9raux \u2022 Avantages et bienfaits \u2022 Inconv\u00e9nients&hellip;<\/p>\n","protected":false},"author":9,"featured_media":52145,"parent":0,"menu_order":0,"comment_status":"closed","ping_status":"closed","template":"","meta":{"_acf_changed":false,"_monsterinsights_skip_tracking":false,"_monsterinsights_sitenote_active":false,"_monsterinsights_sitenote_note":"","_monsterinsights_sitenote_category":0,"footnotes":""},"treatment_categories_pages":[25,26,27],"class_list":["post-52114","page","type-page","status-publish","has-post-thumbnail","hentry","treatment_categories_pages-gummy-smile","treatment_categories_pages-migraines-sweating-bruxism","treatment_categories_pages-wrinkles"],"acf":[],"yoast_head":"<!-- This site is optimized with the Yoast SEO plugin v27.2 - https:\/\/yoast.com\/product\/yoast-seo-wordpress\/ -->\n<title>Radiofr\u00e9quence Semi Invasif en Ottawa - MedicSPA Gatineau<\/title>\n<meta name=\"description\" content=\"Botulinum toxin injections has been chosen by over 11 million people as the top injection to reduce the signs of aging. Contact MedicSPA.\" \/>\n<meta name=\"robots\" content=\"index, follow, max-snippet:-1, max-image-preview:large, max-video-preview:-1\" \/>\n<link rel=\"canonical\" href=\"https:\/\/medicspa-gatineau.ca\/fr\/radiofrequence-semi-invasive\/\" \/>\n<meta property=\"og:locale\" content=\"fr_FR\" \/>\n<meta property=\"og:type\" content=\"article\" \/>\n<meta property=\"og:title\" content=\"Radiofr\u00e9quence Semi Invasif en Ottawa - MedicSPA Gatineau\" \/>\n<meta property=\"og:description\" content=\"Botulinum toxin injections has been chosen by over 11 million people as the top injection to reduce the signs of aging. Contact MedicSPA.\" \/>\n<meta property=\"og:url\" content=\"https:\/\/medicspa-gatineau.ca\/fr\/radiofrequence-semi-invasive\/\" \/>\n<meta property=\"og:site_name\" content=\"MedicSPA Gatineau\" \/>\n<meta property=\"article:modified_time\" content=\"2025-08-27T00:00:36+00:00\" \/>\n<meta property=\"og:image\" content=\"https:\/\/medicspa-gatineau.ca\/wp-content\/uploads\/2022\/05\/Facetite-banner.jpg\" \/>\n\t<meta property=\"og:image:width\" content=\"2000\" \/>\n\t<meta property=\"og:image:height\" content=\"1162\" \/>\n\t<meta property=\"og:image:type\" content=\"image\/jpeg\" \/>\n<meta name=\"twitter:card\" content=\"summary_large_image\" \/>\n<meta name=\"twitter:label1\" content=\"Dur\u00e9e de lecture estim\u00e9e\" \/>\n\t<meta name=\"twitter:data1\" content=\"2 minutes\" \/>\n<script type=\"application\/ld+json\" class=\"yoast-schema-graph\">{\"@context\":\"https:\/\/schema.org\",\"@graph\":[{\"@type\":\"WebPage\",\"@id\":\"https:\/\/medicspa-gatineau.ca\/fr\/radiofrequence-semi-invasive\/\",\"url\":\"https:\/\/medicspa-gatineau.ca\/fr\/radiofrequence-semi-invasive\/\",\"name\":\"Radiofr\u00e9quence Semi Invasif en Ottawa - MedicSPA Gatineau\",\"isPartOf\":{\"@id\":\"https:\/\/medicspa-gatineau.ca\/fr\/#website\"},\"primaryImageOfPage\":{\"@id\":\"https:\/\/medicspa-gatineau.ca\/fr\/radiofrequence-semi-invasive\/#primaryimage\"},\"image\":{\"@id\":\"https:\/\/medicspa-gatineau.ca\/fr\/radiofrequence-semi-invasive\/#primaryimage\"},\"thumbnailUrl\":\"https:\/\/medicspa-gatineau.ca\/wp-content\/uploads\/2022\/05\/Facetite-banner.jpg\",\"datePublished\":\"2022-05-25T14:42:02+00:00\",\"dateModified\":\"2025-08-27T00:00:36+00:00\",\"description\":\"Botulinum toxin injections has been chosen by over 11 million people as the top injection to reduce the signs of aging. Contact MedicSPA.\",\"breadcrumb\":{\"@id\":\"https:\/\/medicspa-gatineau.ca\/fr\/radiofrequence-semi-invasive\/#breadcrumb\"},\"inLanguage\":\"fr-FR\",\"potentialAction\":[{\"@type\":\"ReadAction\",\"target\":[\"https:\/\/medicspa-gatineau.ca\/fr\/radiofrequence-semi-invasive\/\"]}]},{\"@type\":\"ImageObject\",\"inLanguage\":\"fr-FR\",\"@id\":\"https:\/\/medicspa-gatineau.ca\/fr\/radiofrequence-semi-invasive\/#primaryimage\",\"url\":\"https:\/\/medicspa-gatineau.ca\/wp-content\/uploads\/2022\/05\/Facetite-banner.jpg\",\"contentUrl\":\"https:\/\/medicspa-gatineau.ca\/wp-content\/uploads\/2022\/05\/Facetite-banner.jpg\",\"width\":2000,\"height\":1162},{\"@type\":\"BreadcrumbList\",\"@id\":\"https:\/\/medicspa-gatineau.ca\/fr\/radiofrequence-semi-invasive\/#breadcrumb\",\"itemListElement\":[{\"@type\":\"ListItem\",\"position\":1,\"name\":\"Home\",\"item\":\"https:\/\/medicspa-gatineau.ca\/fr\/\"},{\"@type\":\"ListItem\",\"position\":2,\"name\":\"Radiofr\u00e9quence Semi Invasif\"}]},{\"@type\":\"WebSite\",\"@id\":\"https:\/\/medicspa-gatineau.ca\/fr\/#website\",\"url\":\"https:\/\/medicspa-gatineau.ca\/fr\/\",\"name\":\"MedicSPA Gatineau\",\"description\":\"Dr Patricia Berbari\",\"publisher\":{\"@id\":\"https:\/\/medicspa-gatineau.ca\/fr\/#organization\"},\"potentialAction\":[{\"@type\":\"SearchAction\",\"target\":{\"@type\":\"EntryPoint\",\"urlTemplate\":\"https:\/\/medicspa-gatineau.ca\/fr\/?s={search_term_string}\"},\"query-input\":{\"@type\":\"PropertyValueSpecification\",\"valueRequired\":true,\"valueName\":\"search_term_string\"}}],\"inLanguage\":\"fr-FR\"},{\"@type\":\"Organization\",\"@id\":\"https:\/\/medicspa-gatineau.ca\/fr\/#organization\",\"name\":\"MedicSPA Gatineau\",\"url\":\"https:\/\/medicspa-gatineau.ca\/fr\/\",\"logo\":{\"@type\":\"ImageObject\",\"inLanguage\":\"fr-FR\",\"@id\":\"https:\/\/medicspa-gatineau.ca\/fr\/#\/schema\/logo\/image\/\",\"url\":\"https:\/\/medicspa-gatineau.ca\/wp-content\/uploads\/2021\/10\/Medicspa-logo_v2.png\",\"contentUrl\":\"https:\/\/medicspa-gatineau.ca\/wp-content\/uploads\/2021\/10\/Medicspa-logo_v2.png\",\"width\":500,\"height\":300,\"caption\":\"MedicSPA Gatineau\"},\"image\":{\"@id\":\"https:\/\/medicspa-gatineau.ca\/fr\/#\/schema\/logo\/image\/\"}}]}<\/script>\n<!-- \/ Yoast SEO plugin. -->","yoast_head_json":{"title":"Radiofr\u00e9quence Semi Invasif en Ottawa - MedicSPA Gatineau","description":"Botulinum toxin injections has been chosen by over 11 million people as the top injection to reduce the signs of aging. Contact MedicSPA.","robots":{"index":"index","follow":"follow","max-snippet":"max-snippet:-1","max-image-preview":"max-image-preview:large","max-video-preview":"max-video-preview:-1"},"canonical":"https:\/\/medicspa-gatineau.ca\/fr\/radiofrequence-semi-invasive\/","og_locale":"fr_FR","og_type":"article","og_title":"Radiofr\u00e9quence Semi Invasif en Ottawa - MedicSPA Gatineau","og_description":"Botulinum toxin injections has been chosen by over 11 million people as the top injection to reduce the signs of aging. Contact MedicSPA.","og_url":"https:\/\/medicspa-gatineau.ca\/fr\/radiofrequence-semi-invasive\/","og_site_name":"MedicSPA Gatineau","article_modified_time":"2025-08-27T00:00:36+00:00","og_image":[{"width":2000,"height":1162,"url":"https:\/\/medicspa-gatineau.ca\/wp-content\/uploads\/2022\/05\/Facetite-banner.jpg","type":"image\/jpeg"}],"twitter_card":"summary_large_image","twitter_misc":{"Dur\u00e9e de lecture estim\u00e9e":"2 minutes"},"schema":{"@context":"https:\/\/schema.org","@graph":[{"@type":"WebPage","@id":"https:\/\/medicspa-gatineau.ca\/fr\/radiofrequence-semi-invasive\/","url":"https:\/\/medicspa-gatineau.ca\/fr\/radiofrequence-semi-invasive\/","name":"Radiofr\u00e9quence Semi Invasif en Ottawa - MedicSPA Gatineau","isPartOf":{"@id":"https:\/\/medicspa-gatineau.ca\/fr\/#website"},"primaryImageOfPage":{"@id":"https:\/\/medicspa-gatineau.ca\/fr\/radiofrequence-semi-invasive\/#primaryimage"},"image":{"@id":"https:\/\/medicspa-gatineau.ca\/fr\/radiofrequence-semi-invasive\/#primaryimage"},"thumbnailUrl":"https:\/\/medicspa-gatineau.ca\/wp-content\/uploads\/2022\/05\/Facetite-banner.jpg","datePublished":"2022-05-25T14:42:02+00:00","dateModified":"2025-08-27T00:00:36+00:00","description":"Botulinum toxin injections has been chosen by over 11 million people as the top injection to reduce the signs of aging. Contact MedicSPA.","breadcrumb":{"@id":"https:\/\/medicspa-gatineau.ca\/fr\/radiofrequence-semi-invasive\/#breadcrumb"},"inLanguage":"fr-FR","potentialAction":[{"@type":"ReadAction","target":["https:\/\/medicspa-gatineau.ca\/fr\/radiofrequence-semi-invasive\/"]}]},{"@type":"ImageObject","inLanguage":"fr-FR","@id":"https:\/\/medicspa-gatineau.ca\/fr\/radiofrequence-semi-invasive\/#primaryimage","url":"https:\/\/medicspa-gatineau.ca\/wp-content\/uploads\/2022\/05\/Facetite-banner.jpg","contentUrl":"https:\/\/medicspa-gatineau.ca\/wp-content\/uploads\/2022\/05\/Facetite-banner.jpg","width":2000,"height":1162},{"@type":"BreadcrumbList","@id":"https:\/\/medicspa-gatineau.ca\/fr\/radiofrequence-semi-invasive\/#breadcrumb","itemListElement":[{"@type":"ListItem","position":1,"name":"Home","item":"https:\/\/medicspa-gatineau.ca\/fr\/"},{"@type":"ListItem","position":2,"name":"Radiofr\u00e9quence Semi Invasif"}]},{"@type":"WebSite","@id":"https:\/\/medicspa-gatineau.ca\/fr\/#website","url":"https:\/\/medicspa-gatineau.ca\/fr\/","name":"MedicSPA Gatineau","description":"Dr Patricia Berbari","publisher":{"@id":"https:\/\/medicspa-gatineau.ca\/fr\/#organization"},"potentialAction":[{"@type":"SearchAction","target":{"@type":"EntryPoint","urlTemplate":"https:\/\/medicspa-gatineau.ca\/fr\/?s={search_term_string}"},"query-input":{"@type":"PropertyValueSpecification","valueRequired":true,"valueName":"search_term_string"}}],"inLanguage":"fr-FR"},{"@type":"Organization","@id":"https:\/\/medicspa-gatineau.ca\/fr\/#organization","name":"MedicSPA Gatineau","url":"https:\/\/medicspa-gatineau.ca\/fr\/","logo":{"@type":"ImageObject","inLanguage":"fr-FR","@id":"https:\/\/medicspa-gatineau.ca\/fr\/#\/schema\/logo\/image\/","url":"https:\/\/medicspa-gatineau.ca\/wp-content\/uploads\/2021\/10\/Medicspa-logo_v2.png","contentUrl":"https:\/\/medicspa-gatineau.ca\/wp-content\/uploads\/2021\/10\/Medicspa-logo_v2.png","width":500,"height":300,"caption":"MedicSPA Gatineau"},"image":{"@id":"https:\/\/medicspa-gatineau.ca\/fr\/#\/schema\/logo\/image\/"}}]}},"_links":{"self":[{"href":"https:\/\/medicspa-gatineau.ca\/fr\/wp-json\/wp\/v2\/pages\/52114","targetHints":{"allow":["GET"]}}],"collection":[{"href":"https:\/\/medicspa-gatineau.ca\/fr\/wp-json\/wp\/v2\/pages"}],"about":[{"href":"https:\/\/medicspa-gatineau.ca\/fr\/wp-json\/wp\/v2\/types\/page"}],"author":[{"embeddable":true,"href":"https:\/\/medicspa-gatineau.ca\/fr\/wp-json\/wp\/v2\/users\/9"}],"replies":[{"embeddable":true,"href":"https:\/\/medicspa-gatineau.ca\/fr\/wp-json\/wp\/v2\/comments?post=52114"}],"version-history":[{"count":9,"href":"https:\/\/medicspa-gatineau.ca\/fr\/wp-json\/wp\/v2\/pages\/52114\/revisions"}],"predecessor-version":[{"id":54073,"href":"https:\/\/medicspa-gatineau.ca\/fr\/wp-json\/wp\/v2\/pages\/52114\/revisions\/54073"}],"wp:featuredmedia":[{"embeddable":true,"href":"https:\/\/medicspa-gatineau.ca\/fr\/wp-json\/wp\/v2\/media\/52145"}],"wp:attachment":[{"href":"https:\/\/medicspa-gatineau.ca\/fr\/wp-json\/wp\/v2\/media?parent=52114"}],"wp:term":[{"taxonomy":"treatment_categories_pages","embeddable":true,"href":"https:\/\/medicspa-gatineau.ca\/fr\/wp-json\/wp\/v2\/treatment_categories_pages?post=52114"}],"curies":[{"name":"wp","href":"https:\/\/api.w.org\/{rel}","templated":true}]}}