{"id":52063,"date":"2022-02-08T16:42:54","date_gmt":"2022-02-08T16:42:54","guid":{"rendered":"https:\/\/medicspa-gatineau.ca\/home\/"},"modified":"2023-02-17T16:02:55","modified_gmt":"2023-02-17T16:02:55","slug":"home","status":"publish","type":"page","link":"https:\/\/medicspa-gatineau.ca\/fr\/home\/","title":{"rendered":"Home"},"content":{"rendered":"\n\n\t\n<h1>\n\t\tProc\u00e9dures non-chirurgicales\n\t<\/h1>\n<h3>\n\t\tPar Dre. Patricia Berbari\n\t<\/h3>\n\t<h4>La chirurgie plastique permet d&rsquo;obtenir des r\u00e9sultats spectaculaires. Si vous d\u00e9sirez un changement plus subtil, une am\u00e9lioration de vos r\u00e9sultats chirurgicaux ou une minimisation de votre temps de r\u00e9cup\u00e9ration, envisagez nos nombreuses interventions non-chirurgicales s\u00fbres et efficaces.<\/h4>\n\t<meta itemscope itemprop=\"mainEntityOfPage\" itemtype=\"https:\/\/schema.org\/WebPage\" itemid=\"https:\/\/medicspa-gatineau.ca\/fr\/lumiere-intense-pulsee-lumecca\/\" content=\"Lumi\u00e8re Intense Puls\u00e9e &#8211; Lumecca\" \/><meta itemprop=\"datePublished\" content=\"2023-02-16\" \/><meta itemprop=\"dateModified\" content=\"2023-02-17\" \/><meta itemprop=\"name\" content=\"MedicSPA Gatineau\"\/><meta itemprop=\"url\" content=\"https:\/\/medicspa-gatineau.ca\/fr\/author\/imajery\/\" \/><meta itemprop=\"name\" content=\"Imajery Inc.\" \/><meta itemprop=\"url\" content=\"https:\/\/medicspa-gatineau.ca\/wp-content\/uploads\/2021\/06\/Photos-round-2-05.jpg\" \/><meta itemprop=\"width\" content=\"2000\" \/><meta itemprop=\"height\" content=\"1200\" \/><meta itemprop=\"interactionType\" content=\"https:\/\/schema.org\/CommentAction\" \/><meta itemprop=\"userInteractionCount\" content=\"0\" \/><a href=\"https:\/\/medicspa-gatineau.ca\/fr\/lumiere-intense-pulsee-lumecca\/\">\n            <h3>Lumi\u00e8re Intense Puls\u00e9e &#8211; Lumecca<\/h3>\n        \t<p>IPL is an efficient way to eliminate facial discoloration from aging, acne and more. Enhance your skin&rsquo;s complexion with just a few treatments.<\/p>\n    \t\t<p><b>En Savoir Plus><\/b><\/p>\n<\/a>\n\t<meta itemscope itemprop=\"mainEntityOfPage\" itemtype=\"https:\/\/schema.org\/WebPage\" itemid=\"https:\/\/medicspa-gatineau.ca\/fr\/morpheus8\/\" content=\"MORPHEUS8\" \/><meta itemprop=\"datePublished\" content=\"2022-05-25\" \/><meta itemprop=\"dateModified\" content=\"2022-05-30\" \/><meta itemprop=\"name\" content=\"MedicSPA Gatineau\"\/><meta itemprop=\"url\" content=\"https:\/\/medicspa-gatineau.ca\/fr\/author\/imajery\/\" \/><meta itemprop=\"name\" content=\"Imajery Inc.\" \/><meta itemprop=\"url\" content=\"https:\/\/medicspa-gatineau.ca\/wp-content\/uploads\/2022\/05\/Morpheus8-banner-2.jpg\" \/><meta itemprop=\"width\" content=\"2000\" \/><meta itemprop=\"height\" content=\"1050\" \/><meta itemprop=\"interactionType\" content=\"https:\/\/schema.org\/CommentAction\" \/><meta itemprop=\"userInteractionCount\" content=\"0\" \/><a href=\"https:\/\/medicspa-gatineau.ca\/fr\/morpheus8\/\">\n        NOUVEAU! \n            <h3>MORPHEUS8<\/h3>\n        \t<p>Le MORPHEUS8 est un traitement cutan\u00e9 qui utilise la radiofr\u00e9quence et les micro aiguiles pour stimuler la production du collag\u00e8ne et relisser la peau.<\/p>\n    \t\t<p><b>En Savoir Plus><\/b><\/p>\n<\/a>\n\t<meta itemscope itemprop=\"mainEntityOfPage\" itemtype=\"https:\/\/schema.org\/WebPage\" itemid=\"https:\/\/medicspa-gatineau.ca\/fr\/bodytite\/\" content=\"BODYtite\" \/><meta itemprop=\"datePublished\" content=\"2022-05-25\" \/><meta itemprop=\"dateModified\" content=\"2023-01-10\" \/><meta itemprop=\"name\" content=\"MedicSPA Gatineau\"\/><meta itemprop=\"url\" content=\"https:\/\/medicspa-gatineau.ca\/fr\/author\/imajery\/\" \/><meta itemprop=\"name\" content=\"Imajery Inc.\" \/><meta itemprop=\"url\" content=\"https:\/\/medicspa-gatineau.ca\/wp-content\/uploads\/2022\/05\/Bodytite-banner.jpg\" \/><meta itemprop=\"width\" content=\"2000\" \/><meta itemprop=\"height\" content=\"1050\" \/><meta itemprop=\"interactionType\" content=\"https:\/\/schema.org\/CommentAction\" \/><meta itemprop=\"userInteractionCount\" content=\"0\" \/><a href=\"https:\/\/medicspa-gatineau.ca\/fr\/bodytite\/\">\n        NOUVEAU! \n            <h3>BODY<i>tite<\/i><\/h3>\n        \t<p>Le BODYtite est une intervention micro-invasive pour le remodelage corporel qui effectue une fonte de gras sans rel\u00e2chement cutan\u00e9 subs\u00e9quent.<\/p>\n    \t\t<p><b>En Savoir Plus><\/b><\/p>\n<\/a>\n\t<meta itemscope itemprop=\"mainEntityOfPage\" itemtype=\"https:\/\/schema.org\/WebPage\" itemid=\"https:\/\/medicspa-gatineau.ca\/fr\/facetite\/\" content=\"FACEtite\" \/><meta itemprop=\"datePublished\" content=\"2022-05-25\" \/><meta itemprop=\"dateModified\" content=\"2023-01-10\" \/><meta itemprop=\"name\" content=\"MedicSPA Gatineau\"\/><meta itemprop=\"url\" content=\"https:\/\/medicspa-gatineau.ca\/fr\/author\/imajery\/\" \/><meta itemprop=\"name\" content=\"Imajery Inc.\" \/><meta itemprop=\"url\" content=\"https:\/\/medicspa-gatineau.ca\/wp-content\/uploads\/2022\/05\/Facetite-banner.jpg\" \/><meta itemprop=\"width\" content=\"2000\" \/><meta itemprop=\"height\" content=\"1162\" \/><meta itemprop=\"interactionType\" content=\"https:\/\/schema.org\/CommentAction\" \/><meta itemprop=\"userInteractionCount\" content=\"0\" \/><a href=\"https:\/\/medicspa-gatineau.ca\/fr\/facetite\/\">\n        NOUVEAU! \n            <h3>FACE<i>tite<\/i><\/h3>\n        \t<p>Le FACEtite est utilis\u00e9 comme alternative au facelift, redrapage du visage et du cou, en terme de remodelage facial avec contraction cutan\u00e9e.<\/p>\n    \t\t<p><b>En Savoir Plus><\/b><\/p>\n<\/a>\n\t<meta itemscope itemprop=\"mainEntityOfPage\" itemtype=\"https:\/\/schema.org\/WebPage\" itemid=\"https:\/\/medicspa-gatineau.ca\/fr\/hydrafacial\/\" content=\"Hydrafacial\" \/><meta itemprop=\"datePublished\" content=\"2021-12-15\" \/><meta itemprop=\"dateModified\" content=\"2022-03-14\" \/><meta itemprop=\"name\" content=\"MedicSPA Gatineau\"\/><meta itemprop=\"url\" content=\"https:\/\/medicspa-gatineau.ca\/fr\/author\/imajery\/\" \/><meta itemprop=\"name\" content=\"Imajery Inc.\" \/><meta itemprop=\"url\" content=\"https:\/\/medicspa-gatineau.ca\/wp-content\/uploads\/2022\/03\/Hydrafacial-Feature-1-1.jpg\" \/><meta itemprop=\"width\" content=\"2000\" \/><meta itemprop=\"height\" content=\"1333\" \/><meta itemprop=\"interactionType\" content=\"https:\/\/schema.org\/CommentAction\" \/><meta itemprop=\"userInteractionCount\" content=\"0\" \/><a href=\"https:\/\/medicspa-gatineau.ca\/fr\/hydrafacial\/\">\n            <h3>Hydrafacial<\/h3>\n        \t<p>Am\u00e9liorez votre peau en 30 minutes seulement: Hydrafacial combine les derni\u00e8res technologies pour nourrir votre peau tout en cr\u00e9ant un \u00e9clat instantan\u00e9.<\/p>\n    \t\t<p><b>En Savoir Plus><\/b><\/p>\n<\/a>\n\t<meta itemscope itemprop=\"mainEntityOfPage\" itemtype=\"https:\/\/schema.org\/WebPage\" itemid=\"https:\/\/medicspa-gatineau.ca\/fr\/injections-toxines-botuliniques\/\" content=\"Injections de Toxines Botuliniques\" \/><meta itemprop=\"datePublished\" content=\"2021-07-13\" \/><meta itemprop=\"dateModified\" content=\"2022-03-16\" \/><meta itemprop=\"name\" content=\"MedicSPA Gatineau\"\/><meta itemprop=\"url\" content=\"https:\/\/medicspa-gatineau.ca\/fr\/author\/imajery\/\" \/><meta itemprop=\"name\" content=\"Imajery Inc.\" \/><meta itemprop=\"url\" content=\"https:\/\/medicspa-gatineau.ca\/wp-content\/uploads\/2022\/03\/Botox_Feature.jpg\" \/><meta itemprop=\"width\" content=\"2000\" \/><meta itemprop=\"height\" content=\"1333\" \/><meta itemprop=\"interactionType\" content=\"https:\/\/schema.org\/CommentAction\" \/><meta itemprop=\"userInteractionCount\" content=\"0\" \/><a href=\"https:\/\/medicspa-gatineau.ca\/fr\/injections-toxines-botuliniques\/\">\n            <h3>Injections de Toxines Botuliniques<\/h3>\n        \t<p>Les injections de toxine botulique ont \u00e9t\u00e9 choisies par plus de 11 millions de femmes et d&rsquo;hommes comme la solution pr\u00e9f\u00e9r\u00e9e pour r\u00e9duire les signes du vieillissement.<\/p>\n    \t\t<p><b>En Savoir Plus><\/b><\/p>\n<\/a>\n\t<meta itemscope itemprop=\"mainEntityOfPage\" itemtype=\"https:\/\/schema.org\/WebPage\" itemid=\"https:\/\/medicspa-gatineau.ca\/fr\/comblement-dermique\/\" content=\"Comblement dermique\" \/><meta itemprop=\"datePublished\" content=\"2021-07-05\" \/><meta itemprop=\"dateModified\" content=\"2022-03-15\" \/><meta itemprop=\"name\" content=\"MedicSPA Gatineau\"\/><meta itemprop=\"url\" content=\"https:\/\/medicspa-gatineau.ca\/fr\/author\/imajery\/\" \/><meta itemprop=\"name\" content=\"Imajery Inc.\" \/><meta itemprop=\"url\" content=\"https:\/\/medicspa-gatineau.ca\/wp-content\/uploads\/2021\/07\/Banners-dermal-01.jpg\" \/><meta itemprop=\"width\" content=\"2000\" \/><meta itemprop=\"height\" content=\"1200\" \/><meta itemprop=\"interactionType\" content=\"https:\/\/schema.org\/CommentAction\" \/><meta itemprop=\"userInteractionCount\" content=\"0\" \/><a href=\"https:\/\/medicspa-gatineau.ca\/fr\/comblement-dermique\/\">\n            <h3>Comblement dermique<\/h3>\n        \t<p>Corrigez et am\u00e9liorez la forme et le volume de vos l\u00e8vres sans aucune intervention chirurgicale.<\/p>\n    \t\t<p><b>En Savoir Plus><\/b><\/p>\n<\/a>\n\t<meta itemscope itemprop=\"mainEntityOfPage\" itemtype=\"https:\/\/schema.org\/WebPage\" itemid=\"https:\/\/medicspa-gatineau.ca\/fr\/prp-vampire-facelift\/\" content=\"PRP (Vampire Facelift)\" \/><meta itemprop=\"datePublished\" content=\"2021-07-05\" \/><meta itemprop=\"dateModified\" content=\"2022-03-14\" \/><meta itemprop=\"name\" content=\"MedicSPA Gatineau\"\/><meta itemprop=\"url\" content=\"https:\/\/medicspa-gatineau.ca\/fr\/author\/imajery\/\" \/><meta itemprop=\"name\" content=\"Imajery Inc.\" \/><meta itemprop=\"url\" content=\"https:\/\/medicspa-gatineau.ca\/wp-content\/uploads\/2021\/07\/PRP-Banner.jpg\" \/><meta itemprop=\"width\" content=\"2000\" \/><meta itemprop=\"height\" content=\"992\" \/><meta itemprop=\"interactionType\" content=\"https:\/\/schema.org\/CommentAction\" \/><meta itemprop=\"userInteractionCount\" content=\"0\" \/><a href=\"https:\/\/medicspa-gatineau.ca\/fr\/prp-vampire-facelift\/\">\n            <h3>PRP (Vampire Facelift)<\/h3>\n        \t<p>Que vous cherchiez \u00e0 restaurer votre peau ou vos cheveux, les traitements PRP renouvelleront vos cellules avec votre propre plasma.<\/p>\n    \t\t<p><b>En Savoir Plus><\/b><\/p>\n<\/a>\n\t<meta itemscope itemprop=\"mainEntityOfPage\" itemtype=\"https:\/\/schema.org\/WebPage\" itemid=\"https:\/\/medicspa-gatineau.ca\/fr\/peeling-chimique\/\" content=\"Peeling Chimique\" \/><meta itemprop=\"datePublished\" content=\"2021-07-05\" \/><meta itemprop=\"dateModified\" content=\"2022-03-14\" \/><meta itemprop=\"name\" content=\"MedicSPA Gatineau\"\/><meta itemprop=\"url\" content=\"https:\/\/medicspa-gatineau.ca\/fr\/author\/imajery\/\" \/><meta itemprop=\"name\" content=\"Imajery Inc.\" \/><meta itemprop=\"url\" content=\"https:\/\/medicspa-gatineau.ca\/wp-content\/uploads\/2021\/07\/Chemical-peel-01.jpg\" \/><meta itemprop=\"width\" content=\"2000\" \/><meta itemprop=\"height\" content=\"1335\" \/><meta itemprop=\"interactionType\" content=\"https:\/\/schema.org\/CommentAction\" \/><meta itemprop=\"userInteractionCount\" content=\"0\" \/><a href=\"https:\/\/medicspa-gatineau.ca\/fr\/peeling-chimique\/\">\n            <h3>Peeling Chimique<\/h3>\n        \t<p>Rajeunissez votre peau, am\u00e9liorez votre teint g\u00e9n\u00e9ral et l&rsquo;apparence de vos probl\u00e8mes de peau sp\u00e9cifiques: pores dilat\u00e9s, taches de vieillesse, dommages du soleil, rides et ridules.<\/p>\n    \t\t<p><b>En Savoir Plus><\/b><\/p>\n<\/a>\n\t<meta itemscope itemprop=\"mainEntityOfPage\" itemtype=\"https:\/\/schema.org\/WebPage\" itemid=\"https:\/\/medicspa-gatineau.ca\/fr\/resurfacage-de-la-peau-smartskin-dot\/\" content=\"Resurfa\u00e7age de la Peau (Smartskin Dot)\" \/><meta itemprop=\"datePublished\" content=\"2021-07-05\" \/><meta itemprop=\"dateModified\" content=\"2022-03-14\" \/><meta itemprop=\"name\" content=\"MedicSPA Gatineau\"\/><meta itemprop=\"url\" content=\"https:\/\/medicspa-gatineau.ca\/fr\/author\/imajery\/\" \/><meta itemprop=\"name\" content=\"Imajery Inc.\" \/><meta itemprop=\"url\" content=\"https:\/\/medicspa-gatineau.ca\/wp-content\/uploads\/2021\/07\/Smartskin-banner-2.jpg\" \/><meta itemprop=\"width\" content=\"2000\" \/><meta itemprop=\"height\" content=\"1112\" \/><meta itemprop=\"interactionType\" content=\"https:\/\/schema.org\/CommentAction\" \/><meta itemprop=\"userInteractionCount\" content=\"0\" \/><a href=\"https:\/\/medicspa-gatineau.ca\/fr\/resurfacage-de-la-peau-smartskin-dot\/\">\n            <h3>Resurfa\u00e7age de la Peau (Smartskin Dot)<\/h3>\n        \t<p>Le resurfa\u00e7age de la peau au laser avec CO2 corrige les ridules et les rides que les injectables et la chirurgie plastique ne peuvent pas corriger.<\/p>\n    \t\t<p><b>En Savoir Plus><\/b><\/p>\n<\/a>\n\t<meta itemscope itemprop=\"mainEntityOfPage\" itemtype=\"https:\/\/schema.org\/WebPage\" itemid=\"https:\/\/medicspa-gatineau.ca\/fr\/fractora\/\" content=\"Fractora\" \/><meta itemprop=\"datePublished\" content=\"2021-07-05\" \/><meta itemprop=\"dateModified\" content=\"2022-03-14\" \/><meta itemprop=\"name\" content=\"MedicSPA Gatineau\"\/><meta itemprop=\"url\" content=\"https:\/\/medicspa-gatineau.ca\/fr\/author\/imajery\/\" \/><meta itemprop=\"name\" content=\"Imajery Inc.\" \/><meta itemprop=\"url\" content=\"https:\/\/medicspa-gatineau.ca\/wp-content\/uploads\/2021\/09\/Banners-Fractora-01.jpg\" \/><meta itemprop=\"width\" content=\"2000\" \/><meta itemprop=\"height\" content=\"1200\" \/><meta itemprop=\"interactionType\" content=\"https:\/\/schema.org\/CommentAction\" \/><meta itemprop=\"userInteractionCount\" content=\"0\" \/><a href=\"https:\/\/medicspa-gatineau.ca\/fr\/fractora\/\">\n            <h3>Fractora<\/h3>\n        \t<p>Pr\u00e9venez les premiers signes du vieillissement avec ce traitement combin\u00e9 de micro-aiguillage et de radiofr\u00e9quence.<\/p>\n    \t\t<p><b>En Savoir Plus><\/b><\/p>\n<\/a>\n\t<meta itemscope itemprop=\"mainEntityOfPage\" itemtype=\"https:\/\/schema.org\/WebPage\" itemid=\"https:\/\/medicspa-gatineau.ca\/fr\/sculpsure\/\" content=\"Sculpsure\" \/><meta itemprop=\"datePublished\" content=\"2021-07-05\" \/><meta itemprop=\"dateModified\" content=\"2022-03-14\" \/><meta itemprop=\"name\" content=\"MedicSPA Gatineau\"\/><meta itemprop=\"url\" content=\"https:\/\/medicspa-gatineau.ca\/fr\/author\/imajery\/\" \/><meta itemprop=\"name\" content=\"Imajery Inc.\" \/><meta itemprop=\"url\" content=\"https:\/\/medicspa-gatineau.ca\/wp-content\/uploads\/2022\/03\/Sculpsure_Feature-1.jpg\" \/><meta itemprop=\"width\" content=\"2000\" \/><meta itemprop=\"height\" content=\"1334\" \/><meta itemprop=\"interactionType\" content=\"https:\/\/schema.org\/CommentAction\" \/><meta itemprop=\"userInteractionCount\" content=\"0\" \/><a href=\"https:\/\/medicspa-gatineau.ca\/fr\/sculpsure\/\">\n            <h3>Sculpsure<\/h3>\n        \t<p>\u00c9liminez les graisses ind\u00e9sirables en seulement 25 minutes avec SculpSure: traitement de remodelage du corps non chirurgical et non invasif.<\/p>\n    \t\t<p><b>En Savoir Plus><\/b><\/p>\n<\/a>\n<h2>\n\t\t Pr\u00e9cautions\n\t<\/h2>\n\t<ul>\n<li>Une fois arriv\u00e9 dans le stationnement de la clinique, veuillez signaler votre arriv\u00e9e par t\u00e9l\u00e9phone (819-414-2238).<\/li>\n<li>Un membre de notre \u00e9quipe vous accueillera dans l&rsquo;entr\u00e9e pour une \u00e9valuation (questionnaire, prise de temp\u00e9rature, remise de masque, gel hydro-alcoolique).<\/li>\n<li>Seuls les patients auront acc\u00e8s \u00e0 la clinique, les accompagnateurs devront rester dans le stationnement.<\/li>\n<\/ul>\n<p><strong>N.B.: Les salles sont d\u00e9sinfect\u00e9es entre chaque patient.<\/strong><\/p>\n\t\t\t<a href=\"https:\/\/medicspa-gatineau.ca\/fr\/nous-contacter\/\" target=\"_self\" role=\"button\" rel=\"noopener\">\n\t\t\t\t\t\t\tContactez-nous\n\t\t\t\t\t<\/a>\n\t\t\t\t<img loading=\"lazy\" decoding=\"async\" src=\"https:\/\/medicspa-gatineau.ca\/wp-content\/uploads\/2021\/06\/Photos-round-2-04.jpg\" alt=\"Dr. Berbari in scrubs performing procedure\" itemprop=\"image\" height=\"1200\" width=\"2000\" title=\"Photos-round-2-04\" onerror=\"this.style.display='none'\"  \/>\n\t\t\t\t<img loading=\"lazy\" decoding=\"async\" src=\"https:\/\/medicspa-gatineau.ca\/wp-content\/uploads\/2022\/01\/Dr-Berbari_Headshot-3.jpg\" alt=\"Dr-Berbari_Headshot-3\" itemprop=\"image\" height=\"2000\" width=\"2000\" title=\"Dr-Berbari_Headshot-3\" onerror=\"this.style.display='none'\"  \/>\n<h2>\n\t\tDre. Berbari, des ann\u00e9es d&rsquo;exp\u00e9riences\n\t<\/h2>\n\t<p>Patricia Berbari, MD, M.Sc., FRCS (C), est une chirurgienne plastique dipl\u00f4m\u00e9e de l&rsquo;Universit\u00e9 de Montr\u00e9al ayant \u00e0 son actif plusieurs ann\u00e9es d&rsquo;exp\u00e9rience dans le domaine de la chirurgie et des soins esth\u00e9tiques.<\/p>\n<p>Elle d\u00e9tient \u00e9galement une ma\u00eetrise en sciences biom\u00e9dicales et elle a poursuivi des \u00e9tudes sup\u00e9rieures en chirurgie plastique p\u00e9diatrique et chirurgie esth\u00e9tique \u00e0 l&rsquo;Universit\u00e9 de Toronto.<\/p>\n\t\t\t<a href=\"https:\/\/medicspa-gatineau.ca\/fr\/nous-contacter\/\" target=\"_self\" role=\"button\" rel=\"noopener\">\n\t\t\t\t\t\t\tContactez-nous\n\t\t\t\t\t<\/a>\n\n","protected":false},"excerpt":{"rendered":"<p>Proc\u00e9dures non-chirurgicales Par Dre. Patricia Berbari La chirurgie plastique permet d&rsquo;obtenir des r\u00e9sultats spectaculaires. Si vous d\u00e9sirez un changement plus subtil, une am\u00e9lioration de vos r\u00e9sultats chirurgicaux ou une minimisation de votre temps de r\u00e9cup\u00e9ration, envisagez nos nombreuses interventions non-chirurgicales s\u00fbres et efficaces. Lumi\u00e8re Intense Puls\u00e9e &#8211; Lumecca IPL is an efficient way to eliminate&hellip;<\/p>\n","protected":false},"author":9,"featured_media":0,"parent":0,"menu_order":0,"comment_status":"closed","ping_status":"closed","template":"","meta":{"_acf_changed":false,"_monsterinsights_skip_tracking":false,"_monsterinsights_sitenote_active":false,"_monsterinsights_sitenote_note":"","_monsterinsights_sitenote_category":0,"footnotes":""},"treatment_categories_pages":[],"class_list":["post-52063","page","type-page","status-publish","hentry"],"acf":[],"yoast_head":"<!-- This site is optimized with the Yoast SEO plugin v27.2 - https:\/\/yoast.com\/product\/yoast-seo-wordpress\/ -->\n<title>MedicSPA Gatineau | Non-Surgical Cosmetic Procedures<\/title>\n<meta name=\"description\" content=\"To enhance your surgical results, or minimize your recovery time, contact MedicSPA for safe and effective non-surgical procedures.\" \/>\n<meta name=\"robots\" content=\"index, follow, max-snippet:-1, max-image-preview:large, max-video-preview:-1\" \/>\n<link rel=\"canonical\" href=\"https:\/\/medicspa-gatineau.ca\/fr\/home\/\" \/>\n<meta property=\"og:locale\" content=\"fr_FR\" \/>\n<meta property=\"og:type\" content=\"article\" \/>\n<meta property=\"og:title\" content=\"MedicSPA Gatineau | Non-Surgical Cosmetic Procedures\" \/>\n<meta property=\"og:description\" content=\"To enhance your surgical results, or minimize your recovery time, contact MedicSPA for safe and effective non-surgical procedures.\" \/>\n<meta property=\"og:url\" content=\"https:\/\/medicspa-gatineau.ca\/fr\/home\/\" \/>\n<meta property=\"og:site_name\" content=\"MedicSPA Gatineau\" \/>\n<meta property=\"article:modified_time\" content=\"2023-02-17T16:02:55+00:00\" \/>\n<meta property=\"og:image\" content=\"https:\/\/medicspa-gatineau.ca\/wp-content\/uploads\/2021\/06\/Photos-round-2-04.jpg\" \/>\n<meta name=\"twitter:card\" content=\"summary_large_image\" \/>\n<meta name=\"twitter:label1\" content=\"Dur\u00e9e de lecture estim\u00e9e\" \/>\n\t<meta name=\"twitter:data1\" content=\"3 minutes\" \/>\n<script type=\"application\/ld+json\" class=\"yoast-schema-graph\">{\"@context\":\"https:\/\/schema.org\",\"@graph\":[{\"@type\":\"WebPage\",\"@id\":\"https:\/\/medicspa-gatineau.ca\/fr\/home\/\",\"url\":\"https:\/\/medicspa-gatineau.ca\/fr\/home\/\",\"name\":\"MedicSPA Gatineau | Non-Surgical Cosmetic Procedures\",\"isPartOf\":{\"@id\":\"https:\/\/medicspa-gatineau.ca\/fr\/#website\"},\"primaryImageOfPage\":{\"@id\":\"https:\/\/medicspa-gatineau.ca\/fr\/home\/#primaryimage\"},\"image\":{\"@id\":\"https:\/\/medicspa-gatineau.ca\/fr\/home\/#primaryimage\"},\"thumbnailUrl\":\"https:\/\/medicspa-gatineau.ca\/wp-content\/uploads\/2021\/06\/Photos-round-2-04.jpg\",\"datePublished\":\"2022-02-08T16:42:54+00:00\",\"dateModified\":\"2023-02-17T16:02:55+00:00\",\"description\":\"To enhance your surgical results, or minimize your recovery time, contact MedicSPA for safe and effective non-surgical procedures.\",\"breadcrumb\":{\"@id\":\"https:\/\/medicspa-gatineau.ca\/fr\/home\/#breadcrumb\"},\"inLanguage\":\"fr-FR\",\"potentialAction\":[{\"@type\":\"ReadAction\",\"target\":[\"https:\/\/medicspa-gatineau.ca\/fr\/home\/\"]}]},{\"@type\":\"ImageObject\",\"inLanguage\":\"fr-FR\",\"@id\":\"https:\/\/medicspa-gatineau.ca\/fr\/home\/#primaryimage\",\"url\":\"https:\/\/medicspa-gatineau.ca\/wp-content\/uploads\/2021\/06\/Photos-round-2-04.jpg\",\"contentUrl\":\"https:\/\/medicspa-gatineau.ca\/wp-content\/uploads\/2021\/06\/Photos-round-2-04.jpg\"},{\"@type\":\"BreadcrumbList\",\"@id\":\"https:\/\/medicspa-gatineau.ca\/fr\/home\/#breadcrumb\",\"itemListElement\":[{\"@type\":\"ListItem\",\"position\":1,\"name\":\"Home\",\"item\":\"https:\/\/medicspa-gatineau.ca\/fr\/\"},{\"@type\":\"ListItem\",\"position\":2,\"name\":\"Home\"}]},{\"@type\":\"WebSite\",\"@id\":\"https:\/\/medicspa-gatineau.ca\/fr\/#website\",\"url\":\"https:\/\/medicspa-gatineau.ca\/fr\/\",\"name\":\"MedicSPA Gatineau\",\"description\":\"Dr Patricia Berbari\",\"publisher\":{\"@id\":\"https:\/\/medicspa-gatineau.ca\/fr\/#organization\"},\"potentialAction\":[{\"@type\":\"SearchAction\",\"target\":{\"@type\":\"EntryPoint\",\"urlTemplate\":\"https:\/\/medicspa-gatineau.ca\/fr\/?s={search_term_string}\"},\"query-input\":{\"@type\":\"PropertyValueSpecification\",\"valueRequired\":true,\"valueName\":\"search_term_string\"}}],\"inLanguage\":\"fr-FR\"},{\"@type\":\"Organization\",\"@id\":\"https:\/\/medicspa-gatineau.ca\/fr\/#organization\",\"name\":\"MedicSPA Gatineau\",\"url\":\"https:\/\/medicspa-gatineau.ca\/fr\/\",\"logo\":{\"@type\":\"ImageObject\",\"inLanguage\":\"fr-FR\",\"@id\":\"https:\/\/medicspa-gatineau.ca\/fr\/#\/schema\/logo\/image\/\",\"url\":\"https:\/\/medicspa-gatineau.ca\/wp-content\/uploads\/2021\/10\/Medicspa-logo_v2.png\",\"contentUrl\":\"https:\/\/medicspa-gatineau.ca\/wp-content\/uploads\/2021\/10\/Medicspa-logo_v2.png\",\"width\":500,\"height\":300,\"caption\":\"MedicSPA Gatineau\"},\"image\":{\"@id\":\"https:\/\/medicspa-gatineau.ca\/fr\/#\/schema\/logo\/image\/\"}}]}<\/script>\n<!-- \/ Yoast SEO plugin. -->","yoast_head_json":{"title":"MedicSPA Gatineau | Non-Surgical Cosmetic Procedures","description":"To enhance your surgical results, or minimize your recovery time, contact MedicSPA for safe and effective non-surgical procedures.","robots":{"index":"index","follow":"follow","max-snippet":"max-snippet:-1","max-image-preview":"max-image-preview:large","max-video-preview":"max-video-preview:-1"},"canonical":"https:\/\/medicspa-gatineau.ca\/fr\/home\/","og_locale":"fr_FR","og_type":"article","og_title":"MedicSPA Gatineau | Non-Surgical Cosmetic Procedures","og_description":"To enhance your surgical results, or minimize your recovery time, contact MedicSPA for safe and effective non-surgical procedures.","og_url":"https:\/\/medicspa-gatineau.ca\/fr\/home\/","og_site_name":"MedicSPA Gatineau","article_modified_time":"2023-02-17T16:02:55+00:00","og_image":[{"url":"https:\/\/medicspa-gatineau.ca\/wp-content\/uploads\/2021\/06\/Photos-round-2-04.jpg","type":"","width":"","height":""}],"twitter_card":"summary_large_image","twitter_misc":{"Dur\u00e9e de lecture estim\u00e9e":"3 minutes"},"schema":{"@context":"https:\/\/schema.org","@graph":[{"@type":"WebPage","@id":"https:\/\/medicspa-gatineau.ca\/fr\/home\/","url":"https:\/\/medicspa-gatineau.ca\/fr\/home\/","name":"MedicSPA Gatineau | Non-Surgical Cosmetic Procedures","isPartOf":{"@id":"https:\/\/medicspa-gatineau.ca\/fr\/#website"},"primaryImageOfPage":{"@id":"https:\/\/medicspa-gatineau.ca\/fr\/home\/#primaryimage"},"image":{"@id":"https:\/\/medicspa-gatineau.ca\/fr\/home\/#primaryimage"},"thumbnailUrl":"https:\/\/medicspa-gatineau.ca\/wp-content\/uploads\/2021\/06\/Photos-round-2-04.jpg","datePublished":"2022-02-08T16:42:54+00:00","dateModified":"2023-02-17T16:02:55+00:00","description":"To enhance your surgical results, or minimize your recovery time, contact MedicSPA for safe and effective non-surgical procedures.","breadcrumb":{"@id":"https:\/\/medicspa-gatineau.ca\/fr\/home\/#breadcrumb"},"inLanguage":"fr-FR","potentialAction":[{"@type":"ReadAction","target":["https:\/\/medicspa-gatineau.ca\/fr\/home\/"]}]},{"@type":"ImageObject","inLanguage":"fr-FR","@id":"https:\/\/medicspa-gatineau.ca\/fr\/home\/#primaryimage","url":"https:\/\/medicspa-gatineau.ca\/wp-content\/uploads\/2021\/06\/Photos-round-2-04.jpg","contentUrl":"https:\/\/medicspa-gatineau.ca\/wp-content\/uploads\/2021\/06\/Photos-round-2-04.jpg"},{"@type":"BreadcrumbList","@id":"https:\/\/medicspa-gatineau.ca\/fr\/home\/#breadcrumb","itemListElement":[{"@type":"ListItem","position":1,"name":"Home","item":"https:\/\/medicspa-gatineau.ca\/fr\/"},{"@type":"ListItem","position":2,"name":"Home"}]},{"@type":"WebSite","@id":"https:\/\/medicspa-gatineau.ca\/fr\/#website","url":"https:\/\/medicspa-gatineau.ca\/fr\/","name":"MedicSPA Gatineau","description":"Dr Patricia Berbari","publisher":{"@id":"https:\/\/medicspa-gatineau.ca\/fr\/#organization"},"potentialAction":[{"@type":"SearchAction","target":{"@type":"EntryPoint","urlTemplate":"https:\/\/medicspa-gatineau.ca\/fr\/?s={search_term_string}"},"query-input":{"@type":"PropertyValueSpecification","valueRequired":true,"valueName":"search_term_string"}}],"inLanguage":"fr-FR"},{"@type":"Organization","@id":"https:\/\/medicspa-gatineau.ca\/fr\/#organization","name":"MedicSPA Gatineau","url":"https:\/\/medicspa-gatineau.ca\/fr\/","logo":{"@type":"ImageObject","inLanguage":"fr-FR","@id":"https:\/\/medicspa-gatineau.ca\/fr\/#\/schema\/logo\/image\/","url":"https:\/\/medicspa-gatineau.ca\/wp-content\/uploads\/2021\/10\/Medicspa-logo_v2.png","contentUrl":"https:\/\/medicspa-gatineau.ca\/wp-content\/uploads\/2021\/10\/Medicspa-logo_v2.png","width":500,"height":300,"caption":"MedicSPA Gatineau"},"image":{"@id":"https:\/\/medicspa-gatineau.ca\/fr\/#\/schema\/logo\/image\/"}}]}},"_links":{"self":[{"href":"https:\/\/medicspa-gatineau.ca\/fr\/wp-json\/wp\/v2\/pages\/52063","targetHints":{"allow":["GET"]}}],"collection":[{"href":"https:\/\/medicspa-gatineau.ca\/fr\/wp-json\/wp\/v2\/pages"}],"about":[{"href":"https:\/\/medicspa-gatineau.ca\/fr\/wp-json\/wp\/v2\/types\/page"}],"author":[{"embeddable":true,"href":"https:\/\/medicspa-gatineau.ca\/fr\/wp-json\/wp\/v2\/users\/9"}],"replies":[{"embeddable":true,"href":"https:\/\/medicspa-gatineau.ca\/fr\/wp-json\/wp\/v2\/comments?post=52063"}],"version-history":[{"count":0,"href":"https:\/\/medicspa-gatineau.ca\/fr\/wp-json\/wp\/v2\/pages\/52063\/revisions"}],"wp:attachment":[{"href":"https:\/\/medicspa-gatineau.ca\/fr\/wp-json\/wp\/v2\/media?parent=52063"}],"wp:term":[{"taxonomy":"treatment_categories_pages","embeddable":true,"href":"https:\/\/medicspa-gatineau.ca\/fr\/wp-json\/wp\/v2\/treatment_categories_pages?post=52063"}],"curies":[{"name":"wp","href":"https:\/\/api.w.org\/{rel}","templated":true}]}}