{"id":51962,"date":"2022-01-27T20:04:14","date_gmt":"2022-01-27T20:04:14","guid":{"rendered":"https:\/\/medicspa-gatineau.ca\/forma-radiofrequency-skin-tightening\/"},"modified":"2022-01-28T16:49:19","modified_gmt":"2022-01-28T16:49:19","slug":"forma-radiofrequency-skin-tightening","status":"publish","type":"page","link":"https:\/\/medicspa-gatineau.ca\/fr\/forma-radiofrequency-skin-tightening\/","title":{"rendered":"Forma Radiofrequency Skin Tightening"},"content":{"rendered":"\n\n\t\n<h1>\n\t\tRaffermissement de la peau avec les radiofr\u00e9quences Forma\n\t<\/h1>\n<h3>\n\t\tLaxit\u00e9 cutan\u00e9e\n\t<\/h3>\n<h2>\n\t\tPourquoi choisir la Dre Patricia Berbari de MedicSPA Gatineau?\n\t<\/h2>\n\t<p>Sp\u00e9cialis\u00e9e en chirurgie cosm\u00e9tique, Dre Berbari est \u00e0 l&rsquo;avant-garde de la m\u00e9decine esth\u00e9tique : elle s&rsquo;attache \u00e0 produire des r\u00e9sultats naturels et harmonieux tout en veillant \u00e0 la s\u00e9curit\u00e9 du patient.<\/p>\n<p>La Dre Berbari est une chirurgienne plasticienne certifi\u00e9e par le Coll\u00e8ge royal des m\u00e9decins et chirurgiens du Canada et elle est membre de la Soci\u00e9t\u00e9 canadienne du laser et sp\u00e9cialistes esth\u00e9tiques, et de l&rsquo;International Society of Aesthetic Plastic Surgery.<\/p>\n<p>\u00c0 titre d&rsquo;ex-pr\u00e9sidente d\u00e9sign\u00e9e de la Soci\u00e9t\u00e9 canadienne du laser et sp\u00e9cialistes esth\u00e9tiques (C.L.A.S.S.), la Dre Patricia Berbari peut satisfaire vos attentes en mati\u00e8re d&rsquo;esth\u00e9tique.<\/p>\n<p>Elle utilise les derni\u00e8res technologies au laser, \u00e0 la lumi\u00e8re et \u00e0 la radiofr\u00e9quence sur le march\u00e9 pour obtenir un r\u00e9sultat sup\u00e9rieur pour tous les probl\u00e8mes de peau.<\/p>\n<p>La Dre Berbari et son \u00e9quipe cr\u00e9ent des plans de traitement personnalis\u00e9s.<\/p>\n<p>Chaque consultation comprend une \u00e9valuation compl\u00e8te de la peau et un plan de traitement adapt\u00e9 \u00e0 vos besoins en mati\u00e8re de soins de la peau.<\/p>\n\t\t\t<a href=\"https:\/\/medicspa-gatineau.ca\/fr\/nous-contacter\/\" target=\"_self\" role=\"button\" rel=\"noopener\">\n\t\t\t\t\t\t\tContactez-nous\n\t\t\t\t\t<\/a>\n\t\t\t\t<img loading=\"lazy\" decoding=\"async\" src=\"https:\/\/medicspa-gatineau.ca\/wp-content\/uploads\/2021\/06\/placeholder-landscape.jpg\" alt=\"placeholder-landscape\" itemprop=\"image\" height=\"1200\" width=\"2000\" title=\"placeholder-landscape\" onerror=\"this.style.display='none'\"  \/>\n\t\t\t\t\t\t\t\t<!-- navigation arrows -->\n\t\t\t<button aria-label=\"Previous slide\" role=\"button\" tabindex=\"0\">\n\t\t\t<\/button>\n\t\t\t<button aria-label=\"Next slide\" role=\"button\" tabindex=\"0\">\n\t\t\t<\/button>\n\t\t\t\t\t\t<!-- pagination -->\n<ul>\n    <li><a href=\"#general\">RENSEIGNEMENTS G\u00c9N\u00c9RAUX<\/a><\/li>\n    <li>\u2022<\/li>\n    <li><a href=\"#advantages\">QUELS SONT LES BIENFAITS DE FORMA<\/a><\/li>\n    <li>\u2022<\/li>\n    <li><a href=\"#recovery\">R\u00c9TABLISSEMENT<\/a><\/li>\n<\/ul>\n\t<p>RENSEIGNEMENTS G\u00c9N\u00c9RAUX<\/p>\n\t<h2>Proc\u00e9dure non chirurgicale et \u00e0 temps de r\u00e9tablissement rapide, Le raffermissement temporaire (1 an) de la peau rel\u00e2ch\u00e9e avec les radiofr\u00e9quences Forma permet d&rsquo;estomper les rides.<\/h2>\n\t<p>Comment le traitement par radiofr\u00e9quences Forma agit-il? Approuv\u00e9 par Sant\u00e9 Canada, les radiofr\u00e9quences Forma est un traitement thermique de la peau qui stimule les tissus profonds par le biais de la radiofr\u00e9quence. Cette m\u00e9thode de traitement stimule activement la formation de nouveau collag\u00e8ne et d&rsquo;\u00e9lastine, permettant ainsi d&rsquo;am\u00e9liorer l&rsquo;\u00e9lasticit\u00e9 de la peau. \u00c0 l&rsquo;instar des interventions traditionnelles de rajeunissement de la peau comme le redrapage, les radiofr\u00e9quences Forma offre un certain nombre d&rsquo;avantages, notamment :<\/p>\n<ul>\n<li>\n<ul>\n<li>Pr\u00e9cision : La temp\u00e9rature de la peau peut \u00eatre lue en temps r\u00e9el gr\u00e2ce au capteur de temp\u00e9rature int\u00e9gr\u00e9 \u00e0 l&rsquo;appareil \u00e0 main. Cet appareil r\u00e9volutionnaire peut lire des temp\u00e9ratures sur la surface de la peau jusqu&rsquo;\u00e0 1\u2009000 fois par seconde.<\/li>\n<li>Commande : Lorsque l&rsquo;appareil portatif d\u00e9tecte que la temp\u00e9rature de la peau a atteint le degr\u00e9 requis, un algorithme logiciel r\u00e9duit automatiquement les radiofr\u00e9quences (RF).<\/li>\n<li>S\u00e9curit\u00e9 : Des \u00e9tudes cliniques montrent qu&rsquo;une exposition prolong\u00e9e \u00e0 des temp\u00e9ratures \u00e9lev\u00e9es contribue \u00e0 obtenir des r\u00e9sultats optimaux. Le traitement de raffermissement de la peau avec les radiofr\u00e9quences Forma tire parti d&rsquo;une technologie de pointe qui permet d&rsquo;appliquer des temp\u00e9ratures th\u00e9rapeutiques \u00e0 la peau d&rsquo;une mani\u00e8re s\u00e9curitaire et pr\u00e9cise.<\/li>\n<\/ul>\n<\/li>\n<\/ul>\n<p>Les radiofr\u00e9quences Forma est un outil tr\u00e8s polyvalent qui peut \u00eatre utilis\u00e9 autant pour le visage que pour le corps. Parmi les r\u00e9gions probl\u00e9matiques les plus fr\u00e9quemment trait\u00e9es.<\/p>\n\t<style>\n    .service-specs > div {\n        display:flex;\n        align-items:center;\n        padding-bottom:10px;\n    }\n    .specs-icons {\n        width:50px;\n    }\n    .service-specs svg {\n        fill:#404040; max-width:60px; max-height:30px!important;  padding-right:20px;\n    }\n<\/style>\n            <p>Body area treated:<\/p>\n            <p>Face, eyelids, lips, scalp<\/p>\n            <p>Procedure length:<\/p>\n            <p>45 minutes &#8211; 1h30<\/p>\n            <p>Recovery time:<\/p>\n            <p>Immediate<\/p>\n            <p>Visible results:<\/p>\n            <p>Immediate<\/p>\n    <!--\n         -->\n        <!--\n            <p>Number of sessions:<\/p>\n            <p>Every 4 months<\/p>\n     -->\n    <!-- \n         -->\n            <p>Potential risks:<\/p>\n            <p>Redness<\/p>\n            <p>For more details discuss with the doctor, not all effects and complications are listed<\/p>\n\t<p>QUELS SONT LES BIENFAITS DE FORMA<\/p>\n\t<p>Le traitement par radiofr\u00e9quences Forma est-il fait pour moi? Le raffermissement de la peau par radiofr\u00e9quences Forma ne convient pas \u00e0 tout le monde. Par exemple, les personnes qui ont des pr\u00e9occupations esth\u00e9tiques plus s\u00e9v\u00e8res que des rides, comme un exc\u00e9dent de peau ayant perdu son \u00e9lasticit\u00e9, devraient plut\u00f4t se tourner vers des interventions de chirurgie plastique. Lors de votre premi\u00e8re consultation, Dre Patricia Berbari d\u00e9terminera la proc\u00e9dure qui r\u00e9pondra le mieux \u00e0 vos besoins. Pour les personnes ayant des grandes r\u00e9gions cutan\u00e9es \u00e0 probl\u00e8me, comme le dos ou les bras, Forma Plus pourrait mieux leur convenir.<\/p>\n\t\t\t\t<img loading=\"lazy\" decoding=\"async\" src=\"https:\/\/medicspa-gatineau.ca\/wp-content\/uploads\/2021\/06\/placeholder-landscape.jpg\" alt=\"placeholder-landscape\" itemprop=\"image\" height=\"1200\" width=\"2000\" title=\"placeholder-landscape\" onerror=\"this.style.display='none'\"  \/>\n\t<p>R\u00e9tablissement<\/p>\n\t<p>Puisque le raffermissement de la peau avec les radiofr\u00e9quences Forma est une proc\u00e9dure non chirurgicale qui utilise une technologie pr\u00e9cise, il ne cause que peu ou pas d&rsquo;inconfort. L&rsquo;ensemble du traitement peut \u00eatre effectu\u00e9 en moins d&rsquo;une heure dans nos locaux. Apr\u00e8s celui-ci, la r\u00e9gion cibl\u00e9e pourrait pr\u00e9senter une l\u00e9g\u00e8re rougeur qui s&rsquo;att\u00e9nuera durant les premi\u00e8res heures.<\/p>\n<p>Comme beaucoup d&rsquo;autres traitements non chirurgicaux de rajeunissement du visage, plus d&rsquo;une s\u00e9ance est n\u00e9cessaire. Le nombre de s\u00e9ances d\u00e9pendra des besoins propres au patient et de la gravit\u00e9 de l&rsquo;affection cutan\u00e9e. Cependant, la plupart des patients constatent des r\u00e9sultats visibles apr\u00e8s un seul traitement.<\/p>\n\t\t\t\t\t\t\t\t\t\t\t\t<img decoding=\"async\" src=\"https:\/\/medicspa-gatineau.ca\/wp-content\/uploads\/2022\/01\/Forma_Before.jpg\" alt=\"\"\/>\n\t\t\t\t\t\t\t\t\t\t\t\t<img decoding=\"async\" src=\"https:\/\/medicspa-gatineau.ca\/wp-content\/uploads\/2022\/01\/Forma_After.jpg\" alt=\"\"\/>\n<h2>\n\t\t Int\u00e9ress\u00e9 par ce service?\n\t<\/h2>\n\t<p>Pour en savoir plus sur la proc\u00e9dure ou pour planifier une consultation, contactez-nous au <strong>MedicSPA<\/strong> Gatineau des aujourd&rsquo;hui au (819) 243-7667.<\/p>\n\t\t\t<a href=\"https:\/\/medicspa-gatineau.ca\/fr\/nous-contacter\/\" target=\"_self\" role=\"button\" rel=\"noopener\">\n\t\t\t\t\t\t\tContactez-nous\n\t\t\t\t\t<\/a>\n\n","protected":false},"excerpt":{"rendered":"<p>Raffermissement de la peau avec les radiofr\u00e9quences Forma Laxit\u00e9 cutan\u00e9e Pourquoi choisir la Dre Patricia Berbari de MedicSPA Gatineau? Sp\u00e9cialis\u00e9e en chirurgie cosm\u00e9tique, Dre Berbari est \u00e0 l&rsquo;avant-garde de la m\u00e9decine esth\u00e9tique : elle s&rsquo;attache \u00e0 produire des r\u00e9sultats naturels et harmonieux tout en veillant \u00e0 la s\u00e9curit\u00e9 du patient. La Dre Berbari est une&hellip;<\/p>\n","protected":false},"author":9,"featured_media":51921,"parent":0,"menu_order":0,"comment_status":"closed","ping_status":"closed","template":"","meta":{"_acf_changed":false,"_monsterinsights_skip_tracking":false,"_monsterinsights_sitenote_active":false,"_monsterinsights_sitenote_note":"","_monsterinsights_sitenote_category":0,"footnotes":""},"treatment_categories_pages":[31],"class_list":["post-51962","page","type-page","status-publish","has-post-thumbnail","hentry","treatment_categories_pages-skin-texture"],"acf":[],"yoast_head":"<!-- This site is optimized with the Yoast SEO plugin v27.2 - https:\/\/yoast.com\/product\/yoast-seo-wordpress\/ -->\n<title>Forma Radiofrequency Skin Tightening - MedicSPA Gatineau<\/title>\n<meta name=\"robots\" content=\"index, follow, max-snippet:-1, max-image-preview:large, max-video-preview:-1\" \/>\n<link rel=\"canonical\" href=\"https:\/\/medicspa-gatineau.ca\/fr\/forma-radiofrequency-skin-tightening\/\" \/>\n<meta property=\"og:locale\" content=\"fr_FR\" \/>\n<meta property=\"og:type\" content=\"article\" \/>\n<meta property=\"og:title\" content=\"Forma Radiofrequency Skin Tightening - MedicSPA Gatineau\" \/>\n<meta property=\"og:description\" content=\"Raffermissement de la peau avec les radiofr\u00e9quences Forma Laxit\u00e9 cutan\u00e9e Pourquoi choisir la Dre Patricia Berbari de MedicSPA Gatineau? Sp\u00e9cialis\u00e9e en chirurgie cosm\u00e9tique, Dre Berbari est \u00e0 l&rsquo;avant-garde de la m\u00e9decine esth\u00e9tique : elle s&rsquo;attache \u00e0 produire des r\u00e9sultats naturels et harmonieux tout en veillant \u00e0 la s\u00e9curit\u00e9 du patient. La Dre Berbari est une&hellip;\" \/>\n<meta property=\"og:url\" content=\"https:\/\/medicspa-gatineau.ca\/fr\/forma-radiofrequency-skin-tightening\/\" \/>\n<meta property=\"og:site_name\" content=\"MedicSPA Gatineau\" \/>\n<meta property=\"article:modified_time\" content=\"2022-01-28T16:49:19+00:00\" \/>\n<meta property=\"og:image\" content=\"https:\/\/medicspa-gatineau.ca\/wp-content\/uploads\/2021\/12\/IMG_3787-1.jpg\" \/>\n\t<meta property=\"og:image:width\" content=\"2000\" \/>\n\t<meta property=\"og:image:height\" content=\"1500\" \/>\n\t<meta property=\"og:image:type\" content=\"image\/jpeg\" \/>\n<meta name=\"twitter:card\" content=\"summary_large_image\" \/>\n<meta name=\"twitter:label1\" content=\"Dur\u00e9e de lecture estim\u00e9e\" \/>\n\t<meta name=\"twitter:data1\" content=\"4 minutes\" \/>\n<script type=\"application\/ld+json\" class=\"yoast-schema-graph\">{\"@context\":\"https:\/\/schema.org\",\"@graph\":[{\"@type\":\"WebPage\",\"@id\":\"https:\/\/medicspa-gatineau.ca\/fr\/forma-radiofrequency-skin-tightening\/\",\"url\":\"https:\/\/medicspa-gatineau.ca\/fr\/forma-radiofrequency-skin-tightening\/\",\"name\":\"Forma Radiofrequency Skin Tightening - MedicSPA Gatineau\",\"isPartOf\":{\"@id\":\"https:\/\/medicspa-gatineau.ca\/fr\/#website\"},\"primaryImageOfPage\":{\"@id\":\"https:\/\/medicspa-gatineau.ca\/fr\/forma-radiofrequency-skin-tightening\/#primaryimage\"},\"image\":{\"@id\":\"https:\/\/medicspa-gatineau.ca\/fr\/forma-radiofrequency-skin-tightening\/#primaryimage\"},\"thumbnailUrl\":\"https:\/\/medicspa-gatineau.ca\/wp-content\/uploads\/2021\/12\/IMG_3787-1.jpg\",\"datePublished\":\"2022-01-27T20:04:14+00:00\",\"dateModified\":\"2022-01-28T16:49:19+00:00\",\"breadcrumb\":{\"@id\":\"https:\/\/medicspa-gatineau.ca\/fr\/forma-radiofrequency-skin-tightening\/#breadcrumb\"},\"inLanguage\":\"fr-FR\",\"potentialAction\":[{\"@type\":\"ReadAction\",\"target\":[\"https:\/\/medicspa-gatineau.ca\/fr\/forma-radiofrequency-skin-tightening\/\"]}]},{\"@type\":\"ImageObject\",\"inLanguage\":\"fr-FR\",\"@id\":\"https:\/\/medicspa-gatineau.ca\/fr\/forma-radiofrequency-skin-tightening\/#primaryimage\",\"url\":\"https:\/\/medicspa-gatineau.ca\/wp-content\/uploads\/2021\/12\/IMG_3787-1.jpg\",\"contentUrl\":\"https:\/\/medicspa-gatineau.ca\/wp-content\/uploads\/2021\/12\/IMG_3787-1.jpg\",\"width\":2000,\"height\":1500},{\"@type\":\"BreadcrumbList\",\"@id\":\"https:\/\/medicspa-gatineau.ca\/fr\/forma-radiofrequency-skin-tightening\/#breadcrumb\",\"itemListElement\":[{\"@type\":\"ListItem\",\"position\":1,\"name\":\"Home\",\"item\":\"https:\/\/medicspa-gatineau.ca\/fr\/\"},{\"@type\":\"ListItem\",\"position\":2,\"name\":\"Forma Radiofrequency Skin Tightening\"}]},{\"@type\":\"WebSite\",\"@id\":\"https:\/\/medicspa-gatineau.ca\/fr\/#website\",\"url\":\"https:\/\/medicspa-gatineau.ca\/fr\/\",\"name\":\"MedicSPA Gatineau\",\"description\":\"Dr Patricia Berbari\",\"publisher\":{\"@id\":\"https:\/\/medicspa-gatineau.ca\/fr\/#organization\"},\"potentialAction\":[{\"@type\":\"SearchAction\",\"target\":{\"@type\":\"EntryPoint\",\"urlTemplate\":\"https:\/\/medicspa-gatineau.ca\/fr\/?s={search_term_string}\"},\"query-input\":{\"@type\":\"PropertyValueSpecification\",\"valueRequired\":true,\"valueName\":\"search_term_string\"}}],\"inLanguage\":\"fr-FR\"},{\"@type\":\"Organization\",\"@id\":\"https:\/\/medicspa-gatineau.ca\/fr\/#organization\",\"name\":\"MedicSPA Gatineau\",\"url\":\"https:\/\/medicspa-gatineau.ca\/fr\/\",\"logo\":{\"@type\":\"ImageObject\",\"inLanguage\":\"fr-FR\",\"@id\":\"https:\/\/medicspa-gatineau.ca\/fr\/#\/schema\/logo\/image\/\",\"url\":\"https:\/\/medicspa-gatineau.ca\/wp-content\/uploads\/2021\/10\/Medicspa-logo_v2.png\",\"contentUrl\":\"https:\/\/medicspa-gatineau.ca\/wp-content\/uploads\/2021\/10\/Medicspa-logo_v2.png\",\"width\":500,\"height\":300,\"caption\":\"MedicSPA Gatineau\"},\"image\":{\"@id\":\"https:\/\/medicspa-gatineau.ca\/fr\/#\/schema\/logo\/image\/\"}}]}<\/script>\n<!-- \/ Yoast SEO plugin. -->","yoast_head_json":{"title":"Forma Radiofrequency Skin Tightening - MedicSPA Gatineau","robots":{"index":"index","follow":"follow","max-snippet":"max-snippet:-1","max-image-preview":"max-image-preview:large","max-video-preview":"max-video-preview:-1"},"canonical":"https:\/\/medicspa-gatineau.ca\/fr\/forma-radiofrequency-skin-tightening\/","og_locale":"fr_FR","og_type":"article","og_title":"Forma Radiofrequency Skin Tightening - MedicSPA Gatineau","og_description":"Raffermissement de la peau avec les radiofr\u00e9quences Forma Laxit\u00e9 cutan\u00e9e Pourquoi choisir la Dre Patricia Berbari de MedicSPA Gatineau? Sp\u00e9cialis\u00e9e en chirurgie cosm\u00e9tique, Dre Berbari est \u00e0 l&rsquo;avant-garde de la m\u00e9decine esth\u00e9tique : elle s&rsquo;attache \u00e0 produire des r\u00e9sultats naturels et harmonieux tout en veillant \u00e0 la s\u00e9curit\u00e9 du patient. La Dre Berbari est une&hellip;","og_url":"https:\/\/medicspa-gatineau.ca\/fr\/forma-radiofrequency-skin-tightening\/","og_site_name":"MedicSPA Gatineau","article_modified_time":"2022-01-28T16:49:19+00:00","og_image":[{"width":2000,"height":1500,"url":"https:\/\/medicspa-gatineau.ca\/wp-content\/uploads\/2021\/12\/IMG_3787-1.jpg","type":"image\/jpeg"}],"twitter_card":"summary_large_image","twitter_misc":{"Dur\u00e9e de lecture estim\u00e9e":"4 minutes"},"schema":{"@context":"https:\/\/schema.org","@graph":[{"@type":"WebPage","@id":"https:\/\/medicspa-gatineau.ca\/fr\/forma-radiofrequency-skin-tightening\/","url":"https:\/\/medicspa-gatineau.ca\/fr\/forma-radiofrequency-skin-tightening\/","name":"Forma Radiofrequency Skin Tightening - MedicSPA Gatineau","isPartOf":{"@id":"https:\/\/medicspa-gatineau.ca\/fr\/#website"},"primaryImageOfPage":{"@id":"https:\/\/medicspa-gatineau.ca\/fr\/forma-radiofrequency-skin-tightening\/#primaryimage"},"image":{"@id":"https:\/\/medicspa-gatineau.ca\/fr\/forma-radiofrequency-skin-tightening\/#primaryimage"},"thumbnailUrl":"https:\/\/medicspa-gatineau.ca\/wp-content\/uploads\/2021\/12\/IMG_3787-1.jpg","datePublished":"2022-01-27T20:04:14+00:00","dateModified":"2022-01-28T16:49:19+00:00","breadcrumb":{"@id":"https:\/\/medicspa-gatineau.ca\/fr\/forma-radiofrequency-skin-tightening\/#breadcrumb"},"inLanguage":"fr-FR","potentialAction":[{"@type":"ReadAction","target":["https:\/\/medicspa-gatineau.ca\/fr\/forma-radiofrequency-skin-tightening\/"]}]},{"@type":"ImageObject","inLanguage":"fr-FR","@id":"https:\/\/medicspa-gatineau.ca\/fr\/forma-radiofrequency-skin-tightening\/#primaryimage","url":"https:\/\/medicspa-gatineau.ca\/wp-content\/uploads\/2021\/12\/IMG_3787-1.jpg","contentUrl":"https:\/\/medicspa-gatineau.ca\/wp-content\/uploads\/2021\/12\/IMG_3787-1.jpg","width":2000,"height":1500},{"@type":"BreadcrumbList","@id":"https:\/\/medicspa-gatineau.ca\/fr\/forma-radiofrequency-skin-tightening\/#breadcrumb","itemListElement":[{"@type":"ListItem","position":1,"name":"Home","item":"https:\/\/medicspa-gatineau.ca\/fr\/"},{"@type":"ListItem","position":2,"name":"Forma Radiofrequency Skin Tightening"}]},{"@type":"WebSite","@id":"https:\/\/medicspa-gatineau.ca\/fr\/#website","url":"https:\/\/medicspa-gatineau.ca\/fr\/","name":"MedicSPA Gatineau","description":"Dr Patricia Berbari","publisher":{"@id":"https:\/\/medicspa-gatineau.ca\/fr\/#organization"},"potentialAction":[{"@type":"SearchAction","target":{"@type":"EntryPoint","urlTemplate":"https:\/\/medicspa-gatineau.ca\/fr\/?s={search_term_string}"},"query-input":{"@type":"PropertyValueSpecification","valueRequired":true,"valueName":"search_term_string"}}],"inLanguage":"fr-FR"},{"@type":"Organization","@id":"https:\/\/medicspa-gatineau.ca\/fr\/#organization","name":"MedicSPA Gatineau","url":"https:\/\/medicspa-gatineau.ca\/fr\/","logo":{"@type":"ImageObject","inLanguage":"fr-FR","@id":"https:\/\/medicspa-gatineau.ca\/fr\/#\/schema\/logo\/image\/","url":"https:\/\/medicspa-gatineau.ca\/wp-content\/uploads\/2021\/10\/Medicspa-logo_v2.png","contentUrl":"https:\/\/medicspa-gatineau.ca\/wp-content\/uploads\/2021\/10\/Medicspa-logo_v2.png","width":500,"height":300,"caption":"MedicSPA Gatineau"},"image":{"@id":"https:\/\/medicspa-gatineau.ca\/fr\/#\/schema\/logo\/image\/"}}]}},"_links":{"self":[{"href":"https:\/\/medicspa-gatineau.ca\/fr\/wp-json\/wp\/v2\/pages\/51962","targetHints":{"allow":["GET"]}}],"collection":[{"href":"https:\/\/medicspa-gatineau.ca\/fr\/wp-json\/wp\/v2\/pages"}],"about":[{"href":"https:\/\/medicspa-gatineau.ca\/fr\/wp-json\/wp\/v2\/types\/page"}],"author":[{"embeddable":true,"href":"https:\/\/medicspa-gatineau.ca\/fr\/wp-json\/wp\/v2\/users\/9"}],"replies":[{"embeddable":true,"href":"https:\/\/medicspa-gatineau.ca\/fr\/wp-json\/wp\/v2\/comments?post=51962"}],"version-history":[{"count":0,"href":"https:\/\/medicspa-gatineau.ca\/fr\/wp-json\/wp\/v2\/pages\/51962\/revisions"}],"wp:featuredmedia":[{"embeddable":true,"href":"https:\/\/medicspa-gatineau.ca\/fr\/wp-json\/wp\/v2\/media\/51921"}],"wp:attachment":[{"href":"https:\/\/medicspa-gatineau.ca\/fr\/wp-json\/wp\/v2\/media?parent=51962"}],"wp:term":[{"taxonomy":"treatment_categories_pages","embeddable":true,"href":"https:\/\/medicspa-gatineau.ca\/fr\/wp-json\/wp\/v2\/treatment_categories_pages?post=51962"}],"curies":[{"name":"wp","href":"https:\/\/api.w.org\/{rel}","templated":true}]}}