{"id":51814,"date":"2021-06-18T00:50:00","date_gmt":"2021-06-18T00:50:00","guid":{"rendered":"https:\/\/medicspa-gatineau.ca\/contact\/"},"modified":"2026-01-20T14:03:41","modified_gmt":"2026-01-20T19:03:41","slug":"nous-contacter","status":"publish","type":"page","link":"https:\/\/medicspa-gatineau.ca\/fr\/nous-contacter\/","title":{"rendered":"Nous Contacter"},"content":{"rendered":"\n\n\t\n<h1>\n\t\tNous Contacter\n\t<\/h1>\n<h3>\n\t\tRendez-vous \u2022 Consultation \u2022 Questions\n\t<\/h3>\n\t<h3>Heures d&rsquo;ouverture<\/h3>\nLundi: 9h-17h<br \/>\nMardi: 9h-17h<br \/>\nMecredi: 9h-17h<br \/>\nJeudi: 9h-17h<br \/>\nVendredi: 9h-17h<br \/>\nSamedi-Dimanche: Ferm\u00e9\n\t<h3>Pour nous contacter<\/h3>\n<h4><a href=\"tel:+18192437667\">(819) 243-7667<\/a><\/h4>\n<h5><strong>MedicSPA Gatineau<\/strong><br \/>\n<strong>555 Boulevard de la Gappe<\/strong><br \/>\n<strong>Gatineau, QC, J8T 8N7<\/strong><\/h5>\n<p>info@medicspa-gatineau.ca<\/p>\n\t\t\t\t<img decoding=\"async\" src=\"https:\/\/medicspa-gatineau.ca\/wp-content\/uploads\/2022\/01\/7bb586cb946fcc6e9efdde8d19bd794f-xlarge.jpg\" alt=\"7bb586cb946fcc6e9efdde8d19bd794f-xlarge\" itemprop=\"image\" title=\"7bb586cb946fcc6e9efdde8d19bd794f-xlarge\" onerror=\"this.style.display='none'\"  \/>\n                <form method='post' enctype='multipart\/form-data' target='gform_ajax_frame_4' id='gform_4'  action='\/fr\/?page_id=51814&#038;fl_builder#gf_4' data-formid='4' novalidate>\n                        <label class='gfield_label gform-field-label' for='input_4_1'>Nom(N\u00e9cessaire)<\/label><input name='input_1' id='input_4_1' type='text' value='' class='large'   tabindex='100'  aria-required=\"true\" aria-invalid=\"false\"   \/> <label class='gfield_label gform-field-label' for='input_4_2'>Adresse de courriel(N\u00e9cessaire)<\/label>\n                            <input name='input_2' id='input_4_2' type='email' value='' class='large' tabindex='101'   aria-required=\"true\" aria-invalid=\"false\"  \/>\n                        <label class='gfield_label gform-field-label' for='input_4_3'>T\u00e9l\u00e9phone(N\u00e9cessaire)<\/label><input name='input_3' id='input_4_3' type='tel' value='' class='large' tabindex='102'  aria-required=\"true\" aria-invalid=\"false\"   \/><fieldset id=\"field_4_9\"  data-js-reload=\"field_4_9\"><legend class='gfield_label gform-field-label gfield_label_before_complex'>Quels services vous int\u00e9ressent ?<\/legend>\n\t\t\t\t\t\t\t\t<input class='gfield-choice-input' name='input_9.1' type='checkbox'  value='Injections de Toxines Botuliniques'  id='choice_4_9_1' tabindex='103'  \/>\n\t\t\t\t\t\t\t\t<label for='choice_4_9_1' id='label_4_9_1' class='gform-field-label gform-field-label--type-inline'>Injections de Toxines Botuliniques<\/label>\n\t\t\t\t\t\t\t\t<input class='gfield-choice-input' name='input_9.2' type='checkbox'  value='Comblement Dermique'  id='choice_4_9_2' tabindex='104'  \/>\n\t\t\t\t\t\t\t\t<label for='choice_4_9_2' id='label_4_9_2' class='gform-field-label gform-field-label--type-inline'>Comblement Dermique<\/label>\n\t\t\t\t\t\t\t\t<input class='gfield-choice-input' name='input_9.3' type='checkbox'  value='Peeling Chimique'  id='choice_4_9_3' tabindex='105'  \/>\n\t\t\t\t\t\t\t\t<label for='choice_4_9_3' id='label_4_9_3' class='gform-field-label gform-field-label--type-inline'>Peeling Chimique<\/label>\n\t\t\t\t\t\t\t\t<input class='gfield-choice-input' name='input_9.4' type='checkbox'  value='Hydrafacial'  id='choice_4_9_4' tabindex='106'  \/>\n\t\t\t\t\t\t\t\t<label for='choice_4_9_4' id='label_4_9_4' class='gform-field-label gform-field-label--type-inline'>Hydrafacial<\/label>\n\t\t\t\t\t\t\t\t<input class='gfield-choice-input' name='input_9.5' type='checkbox'  value='Resurfa\u00e7age de la Peau (Smartskin Dot)'  id='choice_4_9_5' tabindex='107'  \/>\n\t\t\t\t\t\t\t\t<label for='choice_4_9_5' id='label_4_9_5' class='gform-field-label gform-field-label--type-inline'>Resurfa\u00e7age de la Peau (Smartskin Dot)<\/label>\n\t\t\t\t\t\t\t\t<input class='gfield-choice-input' name='input_9.6' type='checkbox'  value='Fractora'  id='choice_4_9_6' tabindex='108'  \/>\n\t\t\t\t\t\t\t\t<label for='choice_4_9_6' id='label_4_9_6' class='gform-field-label gform-field-label--type-inline'>Fractora<\/label>\n\t\t\t\t\t\t\t\t<input class='gfield-choice-input' name='input_9.7' type='checkbox'  value='Lumi\u00e8re Intense Puls\u00e9e - Lumecca'  id='choice_4_9_7' tabindex='109'  \/>\n\t\t\t\t\t\t\t\t<label for='choice_4_9_7' id='label_4_9_7' class='gform-field-label gform-field-label--type-inline'>Lumi\u00e8re Intense Puls\u00e9e &#8211; Lumecca<\/label>\n\t\t\t\t\t\t\t\t<input class='gfield-choice-input' name='input_9.8' type='checkbox'  value='PRP (Vampire Facelift)'  id='choice_4_9_8' tabindex='110'  \/>\n\t\t\t\t\t\t\t\t<label for='choice_4_9_8' id='label_4_9_8' class='gform-field-label gform-field-label--type-inline'>PRP (Vampire Facelift)<\/label>\n\t\t\t\t\t\t\t\t<input class='gfield-choice-input' name='input_9.9' type='checkbox'  value='SculpSure\u00ae'  id='choice_4_9_9' tabindex='111'  \/>\n\t\t\t\t\t\t\t\t<label for='choice_4_9_9' id='label_4_9_9' class='gform-field-label gform-field-label--type-inline'>SculpSure\u00ae<\/label>\n\t\t\t\t\t\t\t\t<input class='gfield-choice-input' name='input_9.11' type='checkbox'  value='MORPHEUS8'  id='choice_4_9_11' tabindex='112'  \/>\n\t\t\t\t\t\t\t\t<label for='choice_4_9_11' id='label_4_9_11' class='gform-field-label gform-field-label--type-inline'>MORPHEUS8<\/label>\n\t\t\t\t\t\t\t\t<input class='gfield-choice-input' name='input_9.12' type='checkbox'  value='BODYtite'  id='choice_4_9_12' tabindex='113'  \/>\n\t\t\t\t\t\t\t\t<label for='choice_4_9_12' id='label_4_9_12' class='gform-field-label gform-field-label--type-inline'>BODYtite<\/label>\n\t\t\t\t\t\t\t\t<input class='gfield-choice-input' name='input_9.13' type='checkbox'  value='FACEtite'  id='choice_4_9_13' tabindex='114'  \/>\n\t\t\t\t\t\t\t\t<label for='choice_4_9_13' id='label_4_9_13' class='gform-field-label gform-field-label--type-inline'>FACEtite<\/label>\n\t\t\t\t\t\t\t\t<input class='gfield-choice-input' name='input_9.14' type='checkbox'  value='Keravive (bient\u00f4t disponible)'  id='choice_4_9_14' tabindex='115'  \/>\n\t\t\t\t\t\t\t\t<label for='choice_4_9_14' id='label_4_9_14' class='gform-field-label gform-field-label--type-inline'>Keravive (bient\u00f4t disponible)<\/label>\n\t\t\t\t\t\t\t\t<input class='gfield-choice-input' name='input_9.15' type='checkbox'  value='Mesotherapy'  id='choice_4_9_15' tabindex='116'  \/>\n\t\t\t\t\t\t\t\t<label for='choice_4_9_15' id='label_4_9_15' class='gform-field-label gform-field-label--type-inline'>Mesotherapy<\/label>\n\t\t\t\t\t\t\t\t<input class='gfield-choice-input' name='input_9.16' type='checkbox'  value='Forma (bient\u00f4t disponible)'  id='choice_4_9_16' tabindex='117'  \/>\n\t\t\t\t\t\t\t\t<label for='choice_4_9_16' id='label_4_9_16' class='gform-field-label gform-field-label--type-inline'>Forma (bient\u00f4t disponible)<\/label>\n\t\t\t\t\t\t\t\t<input class='gfield-choice-input' name='input_9.17' type='checkbox'  value='EvolveX'  id='choice_4_9_17' tabindex='118'  \/>\n\t\t\t\t\t\t\t\t<label for='choice_4_9_17' id='label_4_9_17' class='gform-field-label gform-field-label--type-inline'>EvolveX<\/label>\n\t\t\t\t\t\t\t\t<input class='gfield-choice-input' name='input_9.18' type='checkbox'  value='Vasculaze'  id='choice_4_9_18' tabindex='119'  \/>\n\t\t\t\t\t\t\t\t<label for='choice_4_9_18' id='label_4_9_18' class='gform-field-label gform-field-label--type-inline'>Vasculaze<\/label>\n\t\t\t\t\t\t\t<\/fieldset><label class='gfield_label gform-field-label' for='input_4_4'>Message<\/label><textarea name='input_4' id='input_4_4' class='textarea medium' tabindex='120'     aria-invalid=\"false\"   rows='10' cols='50'><\/textarea><label class='gfield_label gform-field-label' for='input_4_10'>Comments<\/label><input name='input_10' id='input_4_10' type='text' value='' autocomplete='new-password'\/>Ce champ n&rsquo;est utilis\u00e9 qu&rsquo;\u00e0 des fins de validation et devrait rester inchang\u00e9.\n         <input type='submit' id='gform_submit_button_4' class='gform_button button' value='Soumettre' tabindex='121' onclick='if(window[\"gf_submitting_4\"]){return false;}  if( !jQuery(\"#gform_4\")[0].checkValidity || jQuery(\"#gform_4\")[0].checkValidity()){window[\"gf_submitting_4\"]=true;}  ' onkeypress='if( event.keyCode == 13 ){ if(window[\"gf_submitting_4\"]){return false;} if( !jQuery(\"#gform_4\")[0].checkValidity || jQuery(\"#gform_4\")[0].checkValidity()){window[\"gf_submitting_4\"]=true;}  jQuery(\"#gform_4\").trigger(\"submit\",[true]); }' \/> <input type='hidden' name='gform_ajax' value='form_id=4&amp;title=&amp;description=&amp;tabindex=100&amp;theme=gravity-theme' \/>\n            <input type='hidden' class='gform_hidden' name='is_submit_4' value='1' \/>\n            <input type='hidden' class='gform_hidden' name='gform_submit' value='4' \/>\n            <input type='hidden' class='gform_hidden' name='gform_unique_id' value='' \/>\n            <input type='hidden' class='gform_hidden' name='state_4' value='WyJbXSIsImRjYThkYWYzOTQ3NjAxOWQ4YzdhOWRkZWZjN2ZmYzA3Il0=' \/>\n            <input type='hidden' class='gform_hidden' name='gform_target_page_number_4' id='gform_target_page_number_4' value='0' \/>\n            <input type='hidden' class='gform_hidden' name='gform_source_page_number_4' id='gform_source_page_number_4' value='1' \/>\n            <input type='hidden' name='gform_field_values' value='' \/>\n                        <label>&#916;<textarea name=\"ak_hp_textarea\" cols=\"45\" rows=\"8\" maxlength=\"100\"><\/textarea><\/label><input type=\"hidden\" id=\"ak_js_1\" name=\"ak_js\" value=\"134\"\/><\/form>\n\t\t                <iframe style='display:none;width:0px;height:0px;' src='about:blank' name='gform_ajax_frame_4' id='gform_ajax_frame_4' title='Cette iframe contient la logique n\u00e9cessaire pour manipuler Gravity Forms avec Ajax.'><\/iframe>\n\n","protected":false},"excerpt":{"rendered":"<p>Nous Contacter Rendez-vous \u2022 Consultation \u2022 Questions Heures d&rsquo;ouverture Lundi: 9h-17h Mardi: 9h-17h Mecredi: 9h-17h Jeudi: 9h-17h Vendredi: 9h-17h Samedi-Dimanche: Ferm\u00e9 Pour nous contacter (819) 243-7667 MedicSPA Gatineau 555 Boulevard de la Gappe Gatineau, QC, J8T 8N7 info@medicspa-gatineau.ca Nom(N\u00e9cessaire) Adresse de courriel(N\u00e9cessaire) T\u00e9l\u00e9phone(N\u00e9cessaire) Quels services vous int\u00e9ressent ? Injections de Toxines Botuliniques Comblement Dermique Peeling&hellip;<\/p>\n","protected":false},"author":9,"featured_media":51679,"parent":0,"menu_order":0,"comment_status":"closed","ping_status":"closed","template":"","meta":{"_acf_changed":false,"_monsterinsights_skip_tracking":false,"_monsterinsights_sitenote_active":false,"_monsterinsights_sitenote_note":"","_monsterinsights_sitenote_category":0,"footnotes":""},"treatment_categories_pages":[],"class_list":["post-51814","page","type-page","status-publish","has-post-thumbnail","hentry"],"acf":[],"yoast_head":"<!-- This site is optimized with the Yoast SEO plugin v27.2 - https:\/\/yoast.com\/product\/yoast-seo-wordpress\/ -->\n<title>Nous Contacter - MedicSPA Gatineau<\/title>\n<meta name=\"description\" content=\"Contactez notre bureau pour en savoir plus sur la gamme de traitements que nous proposons et planifiez votre consultation avec notre \u00e9quipe d&#039;experts.\" \/>\n<meta name=\"robots\" content=\"index, follow, max-snippet:-1, max-image-preview:large, max-video-preview:-1\" \/>\n<link rel=\"canonical\" href=\"https:\/\/medicspa-gatineau.ca\/fr\/nous-contacter\/\" \/>\n<meta property=\"og:locale\" content=\"fr_FR\" \/>\n<meta property=\"og:type\" content=\"article\" \/>\n<meta property=\"og:title\" content=\"Nous Contacter - MedicSPA Gatineau\" \/>\n<meta property=\"og:description\" content=\"Contactez notre bureau pour en savoir plus sur la gamme de traitements que nous proposons et planifiez votre consultation avec notre \u00e9quipe d&#039;experts.\" \/>\n<meta property=\"og:url\" content=\"https:\/\/medicspa-gatineau.ca\/fr\/nous-contacter\/\" \/>\n<meta property=\"og:site_name\" content=\"MedicSPA Gatineau\" \/>\n<meta property=\"article:modified_time\" content=\"2026-01-20T19:03:41+00:00\" \/>\n<meta property=\"og:image\" content=\"https:\/\/medicspa-gatineau.ca\/wp-content\/uploads\/2021\/06\/Photos-round-2-05.jpg\" \/>\n\t<meta property=\"og:image:width\" content=\"2000\" \/>\n\t<meta property=\"og:image:height\" content=\"1200\" \/>\n\t<meta property=\"og:image:type\" content=\"image\/jpeg\" \/>\n<meta name=\"twitter:card\" content=\"summary_large_image\" \/>\n<meta name=\"twitter:label1\" content=\"Dur\u00e9e de lecture estim\u00e9e\" \/>\n\t<meta name=\"twitter:data1\" content=\"1 minute\" \/>\n<script type=\"application\/ld+json\" class=\"yoast-schema-graph\">{\"@context\":\"https:\/\/schema.org\",\"@graph\":[{\"@type\":\"WebPage\",\"@id\":\"https:\/\/medicspa-gatineau.ca\/fr\/nous-contacter\/\",\"url\":\"https:\/\/medicspa-gatineau.ca\/fr\/nous-contacter\/\",\"name\":\"Nous Contacter - MedicSPA Gatineau\",\"isPartOf\":{\"@id\":\"https:\/\/medicspa-gatineau.ca\/fr\/#website\"},\"primaryImageOfPage\":{\"@id\":\"https:\/\/medicspa-gatineau.ca\/fr\/nous-contacter\/#primaryimage\"},\"image\":{\"@id\":\"https:\/\/medicspa-gatineau.ca\/fr\/nous-contacter\/#primaryimage\"},\"thumbnailUrl\":\"https:\/\/medicspa-gatineau.ca\/wp-content\/uploads\/2021\/06\/Photos-round-2-05.jpg\",\"datePublished\":\"2021-06-18T00:50:00+00:00\",\"dateModified\":\"2026-01-20T19:03:41+00:00\",\"description\":\"Contactez notre bureau pour en savoir plus sur la gamme de traitements que nous proposons et planifiez votre consultation avec notre \u00e9quipe d'experts.\",\"breadcrumb\":{\"@id\":\"https:\/\/medicspa-gatineau.ca\/fr\/nous-contacter\/#breadcrumb\"},\"inLanguage\":\"fr-FR\",\"potentialAction\":[{\"@type\":\"ReadAction\",\"target\":[\"https:\/\/medicspa-gatineau.ca\/fr\/nous-contacter\/\"]}]},{\"@type\":\"ImageObject\",\"inLanguage\":\"fr-FR\",\"@id\":\"https:\/\/medicspa-gatineau.ca\/fr\/nous-contacter\/#primaryimage\",\"url\":\"https:\/\/medicspa-gatineau.ca\/wp-content\/uploads\/2021\/06\/Photos-round-2-05.jpg\",\"contentUrl\":\"https:\/\/medicspa-gatineau.ca\/wp-content\/uploads\/2021\/06\/Photos-round-2-05.jpg\",\"width\":2000,\"height\":1200,\"caption\":\"Female patient receiving IPL lumecca treatment on face\"},{\"@type\":\"BreadcrumbList\",\"@id\":\"https:\/\/medicspa-gatineau.ca\/fr\/nous-contacter\/#breadcrumb\",\"itemListElement\":[{\"@type\":\"ListItem\",\"position\":1,\"name\":\"Home\",\"item\":\"https:\/\/medicspa-gatineau.ca\/fr\/\"},{\"@type\":\"ListItem\",\"position\":2,\"name\":\"Nous Contacter\"}]},{\"@type\":\"WebSite\",\"@id\":\"https:\/\/medicspa-gatineau.ca\/fr\/#website\",\"url\":\"https:\/\/medicspa-gatineau.ca\/fr\/\",\"name\":\"MedicSPA Gatineau\",\"description\":\"Dr Patricia Berbari\",\"publisher\":{\"@id\":\"https:\/\/medicspa-gatineau.ca\/fr\/#organization\"},\"potentialAction\":[{\"@type\":\"SearchAction\",\"target\":{\"@type\":\"EntryPoint\",\"urlTemplate\":\"https:\/\/medicspa-gatineau.ca\/fr\/?s={search_term_string}\"},\"query-input\":{\"@type\":\"PropertyValueSpecification\",\"valueRequired\":true,\"valueName\":\"search_term_string\"}}],\"inLanguage\":\"fr-FR\"},{\"@type\":\"Organization\",\"@id\":\"https:\/\/medicspa-gatineau.ca\/fr\/#organization\",\"name\":\"MedicSPA Gatineau\",\"url\":\"https:\/\/medicspa-gatineau.ca\/fr\/\",\"logo\":{\"@type\":\"ImageObject\",\"inLanguage\":\"fr-FR\",\"@id\":\"https:\/\/medicspa-gatineau.ca\/fr\/#\/schema\/logo\/image\/\",\"url\":\"https:\/\/medicspa-gatineau.ca\/wp-content\/uploads\/2021\/10\/Medicspa-logo_v2.png\",\"contentUrl\":\"https:\/\/medicspa-gatineau.ca\/wp-content\/uploads\/2021\/10\/Medicspa-logo_v2.png\",\"width\":500,\"height\":300,\"caption\":\"MedicSPA Gatineau\"},\"image\":{\"@id\":\"https:\/\/medicspa-gatineau.ca\/fr\/#\/schema\/logo\/image\/\"}}]}<\/script>\n<!-- \/ Yoast SEO plugin. -->","yoast_head_json":{"title":"Nous Contacter - MedicSPA Gatineau","description":"Contactez notre bureau pour en savoir plus sur la gamme de traitements que nous proposons et planifiez votre consultation avec notre \u00e9quipe d'experts.","robots":{"index":"index","follow":"follow","max-snippet":"max-snippet:-1","max-image-preview":"max-image-preview:large","max-video-preview":"max-video-preview:-1"},"canonical":"https:\/\/medicspa-gatineau.ca\/fr\/nous-contacter\/","og_locale":"fr_FR","og_type":"article","og_title":"Nous Contacter - MedicSPA Gatineau","og_description":"Contactez notre bureau pour en savoir plus sur la gamme de traitements que nous proposons et planifiez votre consultation avec notre \u00e9quipe d'experts.","og_url":"https:\/\/medicspa-gatineau.ca\/fr\/nous-contacter\/","og_site_name":"MedicSPA Gatineau","article_modified_time":"2026-01-20T19:03:41+00:00","og_image":[{"width":2000,"height":1200,"url":"https:\/\/medicspa-gatineau.ca\/wp-content\/uploads\/2021\/06\/Photos-round-2-05.jpg","type":"image\/jpeg"}],"twitter_card":"summary_large_image","twitter_misc":{"Dur\u00e9e de lecture estim\u00e9e":"1 minute"},"schema":{"@context":"https:\/\/schema.org","@graph":[{"@type":"WebPage","@id":"https:\/\/medicspa-gatineau.ca\/fr\/nous-contacter\/","url":"https:\/\/medicspa-gatineau.ca\/fr\/nous-contacter\/","name":"Nous Contacter - MedicSPA Gatineau","isPartOf":{"@id":"https:\/\/medicspa-gatineau.ca\/fr\/#website"},"primaryImageOfPage":{"@id":"https:\/\/medicspa-gatineau.ca\/fr\/nous-contacter\/#primaryimage"},"image":{"@id":"https:\/\/medicspa-gatineau.ca\/fr\/nous-contacter\/#primaryimage"},"thumbnailUrl":"https:\/\/medicspa-gatineau.ca\/wp-content\/uploads\/2021\/06\/Photos-round-2-05.jpg","datePublished":"2021-06-18T00:50:00+00:00","dateModified":"2026-01-20T19:03:41+00:00","description":"Contactez notre bureau pour en savoir plus sur la gamme de traitements que nous proposons et planifiez votre consultation avec notre \u00e9quipe d'experts.","breadcrumb":{"@id":"https:\/\/medicspa-gatineau.ca\/fr\/nous-contacter\/#breadcrumb"},"inLanguage":"fr-FR","potentialAction":[{"@type":"ReadAction","target":["https:\/\/medicspa-gatineau.ca\/fr\/nous-contacter\/"]}]},{"@type":"ImageObject","inLanguage":"fr-FR","@id":"https:\/\/medicspa-gatineau.ca\/fr\/nous-contacter\/#primaryimage","url":"https:\/\/medicspa-gatineau.ca\/wp-content\/uploads\/2021\/06\/Photos-round-2-05.jpg","contentUrl":"https:\/\/medicspa-gatineau.ca\/wp-content\/uploads\/2021\/06\/Photos-round-2-05.jpg","width":2000,"height":1200,"caption":"Female patient receiving IPL lumecca treatment on face"},{"@type":"BreadcrumbList","@id":"https:\/\/medicspa-gatineau.ca\/fr\/nous-contacter\/#breadcrumb","itemListElement":[{"@type":"ListItem","position":1,"name":"Home","item":"https:\/\/medicspa-gatineau.ca\/fr\/"},{"@type":"ListItem","position":2,"name":"Nous Contacter"}]},{"@type":"WebSite","@id":"https:\/\/medicspa-gatineau.ca\/fr\/#website","url":"https:\/\/medicspa-gatineau.ca\/fr\/","name":"MedicSPA Gatineau","description":"Dr Patricia Berbari","publisher":{"@id":"https:\/\/medicspa-gatineau.ca\/fr\/#organization"},"potentialAction":[{"@type":"SearchAction","target":{"@type":"EntryPoint","urlTemplate":"https:\/\/medicspa-gatineau.ca\/fr\/?s={search_term_string}"},"query-input":{"@type":"PropertyValueSpecification","valueRequired":true,"valueName":"search_term_string"}}],"inLanguage":"fr-FR"},{"@type":"Organization","@id":"https:\/\/medicspa-gatineau.ca\/fr\/#organization","name":"MedicSPA Gatineau","url":"https:\/\/medicspa-gatineau.ca\/fr\/","logo":{"@type":"ImageObject","inLanguage":"fr-FR","@id":"https:\/\/medicspa-gatineau.ca\/fr\/#\/schema\/logo\/image\/","url":"https:\/\/medicspa-gatineau.ca\/wp-content\/uploads\/2021\/10\/Medicspa-logo_v2.png","contentUrl":"https:\/\/medicspa-gatineau.ca\/wp-content\/uploads\/2021\/10\/Medicspa-logo_v2.png","width":500,"height":300,"caption":"MedicSPA Gatineau"},"image":{"@id":"https:\/\/medicspa-gatineau.ca\/fr\/#\/schema\/logo\/image\/"}}]}},"_links":{"self":[{"href":"https:\/\/medicspa-gatineau.ca\/fr\/wp-json\/wp\/v2\/pages\/51814","targetHints":{"allow":["GET"]}}],"collection":[{"href":"https:\/\/medicspa-gatineau.ca\/fr\/wp-json\/wp\/v2\/pages"}],"about":[{"href":"https:\/\/medicspa-gatineau.ca\/fr\/wp-json\/wp\/v2\/types\/page"}],"author":[{"embeddable":true,"href":"https:\/\/medicspa-gatineau.ca\/fr\/wp-json\/wp\/v2\/users\/9"}],"replies":[{"embeddable":true,"href":"https:\/\/medicspa-gatineau.ca\/fr\/wp-json\/wp\/v2\/comments?post=51814"}],"version-history":[{"count":2,"href":"https:\/\/medicspa-gatineau.ca\/fr\/wp-json\/wp\/v2\/pages\/51814\/revisions"}],"predecessor-version":[{"id":53032,"href":"https:\/\/medicspa-gatineau.ca\/fr\/wp-json\/wp\/v2\/pages\/51814\/revisions\/53032"}],"wp:featuredmedia":[{"embeddable":true,"href":"https:\/\/medicspa-gatineau.ca\/fr\/wp-json\/wp\/v2\/media\/51679"}],"wp:attachment":[{"href":"https:\/\/medicspa-gatineau.ca\/fr\/wp-json\/wp\/v2\/media?parent=51814"}],"wp:term":[{"taxonomy":"treatment_categories_pages","embeddable":true,"href":"https:\/\/medicspa-gatineau.ca\/fr\/wp-json\/wp\/v2\/treatment_categories_pages?post=51814"}],"curies":[{"name":"wp","href":"https:\/\/api.w.org\/{rel}","templated":true}]}}