{"id":51803,"date":"2021-07-05T20:40:50","date_gmt":"2021-07-05T20:40:50","guid":{"rendered":"https:\/\/medicspa-gatineau.ca\/lumecca-ipl\/"},"modified":"2026-01-20T15:44:29","modified_gmt":"2026-01-20T20:44:29","slug":"lumiere-intense-pulsee-lumecca-bkp","status":"publish","type":"page","link":"https:\/\/medicspa-gatineau.ca\/fr\/lumiere-intense-pulsee-lumecca-bkp\/","title":{"rendered":"Lumi\u00e8re Intense Puls\u00e9e &#8211; Lumecca &#8211; BKP"},"content":{"rendered":"\n\n\t\n<h1>\n\t\tTraitement avanc\u00e9 \u00e0 la lumi\u00e8re intense puls\u00e9e\n\t<\/h1>\n<h3>\n\t\tTexture de peau \u2022 Taches pigmentaires\n\t<\/h3>\n<h2>\n\t\tQu&rsquo;est-ce que Lumecca? \n\t<\/h2>\n\t<p>Les personnes pr\u00e9sentant des l\u00e9sions pigment\u00e9es ou vasculaires peuvent se sentir g\u00ean\u00e9es par l&rsquo;apparence de leur peau. L&rsquo;\u00e9quipe de la Dre Patricia Berbari sp\u00e9cialis\u00e9e en m\u00e9decine esth\u00e9tique traite les irr\u00e9gularit\u00e9s du teint, la rosac\u00e9e et les dommages caus\u00e9s par le soleil gr\u00e2ce au syst\u00e8me IPL de Lumecca. Ce traitement r\u00e9alis\u00e9 en moins d&rsquo;une heure. Chevronn\u00e9e en chirurgie esth\u00e9tique, Dre Berbari et son \u00e9quipe saura vous aider \u00e0 atteindre votre id\u00e9al esth\u00e9tique.<\/p>\n\t\t\t<a href=\"https:\/\/medicspa-gatineau.ca\/fr\/nous-contacter\/\" target=\"_self\" role=\"button\" rel=\"noopener\">\n\t\t\t\t\t\t\tContactez-nous\n\t\t\t\t\t<\/a>\n\t\t\t\t<img loading=\"lazy\" decoding=\"async\" src=\"https:\/\/medicspa-gatineau.ca\/wp-content\/uploads\/2021\/07\/Lumecca_HR_Applicator-square.jpg\" alt=\"Lumecca HR Applicator\" itemprop=\"image\" height=\"976\" width=\"1024\" title=\"Lumecca_HR_Applicator-square\" onerror=\"this.style.display='none'\"  \/>\n<ul>\n    <li><a href=\"#general\">Qu&rsquo;est-ce que Lumecca?<\/a><\/li>\n    <li>\u2022<\/li>\n    <li><a href=\"#what-to-expect\">\u00c0 quoi s&rsquo;attendre pendant le traitement<\/a><\/li>\n    <li>\u2022<\/li>\n    <li><a href=\"#recovery\">R\u00e9tablissement<\/a><\/li>\n<\/ul>\n\t<p>General information<\/p>\n\t<h2>LumeccaMD peut traiter un grand nombre de probl\u00e8mes de peau sur toutes les parties du corps.<\/h2>\n\t<p>Lumecca* peut traiter un grand nombre de probl\u00e8mes de peau sur toutes les parties du corps. Le traitement permet de corriger :<\/p>\n<ul>\n<li>Le teint in\u00e9gal<\/li>\n<li>La peau endommag\u00e9e par le soleil<\/li>\n<li>Les l\u00e9sions vasculaires<\/li>\n<li>La rosac\u00e9e<\/li>\n<li>Les taches de rousseur<\/li>\n<li>Les rides<\/li>\n<\/ul>\n<p>Si vous ne savez pas si l&rsquo;IPL r\u00e9pond \u00e0 vos objectifs cosm\u00e9tiques, la Dre Berbari peut les \u00e9valuer lors d&rsquo;une consultation.<\/p>\n\t<style>\n    .service-specs > div {\n        display:flex;\n        align-items:center;\n        padding-bottom:10px;\n    }\n    .specs-icons {\n        width:50px;\n    }\n    .service-specs svg {\n        fill:#404040; max-width:60px; max-height:30px!important;  padding-right:20px;\n    }\n<\/style>\n            <p>Zone du corps trait\u00e9e:<\/p>\n            <p>Visage, corps<\/p>\n            <p>Dur\u00e9e de la proc\u00e9dure:<\/p>\n            <p>30 minutes \u00e0 1 heure<\/p>\n            <p>Temps de r\u00e9cup\u00e9ration:<\/p>\n            <p>Imm\u00e9diat<\/p>\n            <p>R\u00e9sultat visible:<\/p>\n            <p>3 mois<\/p>\n    <!--\n         -->\n            <p>Nombre de s\u00e9ances:<\/p>\n            <p>3 s\u00e9ances \u00e0 3 semaines d&rsquo;intervalle<\/p>\n    <!-- \n         -->\n            <p>Riques potentiels:<\/p>\n            <p>Rougeur<\/p>\n            <p>Pour plus de d\u00e9tails, discutez avec votre m\u00e9decin. Tous les effets et complications ne sont pas r\u00e9pertori\u00e9s<\/p>\n\t<p>\u00c0 quoi s&rsquo;attendre pendant le traitement<\/p>\n\t<p>Le traitement Lumecca* peut \u00eatre r\u00e9alis\u00e9 en moins de 45 minutes \u00e0 MedicSPA Gatineau. Au d\u00e9but de celui-ci, on vous fournira des lunettes de protection qui vous prot\u00e9geront des \u00e9clairs lumineux. Ensuite, on appliquera un gel froid sur la r\u00e9gion \u00e0 traiter afin de fournir une lubrification et garder la peau au frais pendant la proc\u00e9dure.<\/p>\n<p>L&rsquo;appareil \u00e9mettra de br\u00e8ves impulsions de lumi\u00e8re sur la peau. Au cours de cette \u00e9tape, les patients ressentent une sensation de chaleur qui causera un l\u00e9ger inconfort, semblable au claquement d&rsquo;un \u00e9lastique sur la peau. Plus la r\u00e9gion trait\u00e9e est grande, plus il y aura d&rsquo;impulsions. Une fois l&rsquo;intervention termin\u00e9e, on apposera de la glace sur la zone trait\u00e9e pour apaiser la peau.<\/p>\n\t<p>R\u00c9TABLISSEMENT<\/p>\n\t<p>Le r\u00e9tablissement \u00e0 la suite d&rsquo;un traitement d&rsquo;IPL avec Lumecca* est g\u00e9n\u00e9ralement de courte dur\u00e9e. En ce qui a trait aux effets secondaires, les patients peuvent remarquer des rougeurs et des taches brunes sur la peau, qui dispara\u00eetront habituellement en l&rsquo;espace d&rsquo;une semaine. Dans certains cas, la peau peut m\u00eame redevenir normale en quelques heures. Les r\u00e9sultats finaux sont g\u00e9n\u00e9ralement visibles quelques jours seulement apr\u00e8s la premi\u00e8re s\u00e9ance. Apr\u00e8s le traitement, il est essentiel que les patients prot\u00e8gent leur peau en appliquant de la cr\u00e8me solaire et en \u00e9vitant une exposition excessive au soleil. <\/p>\n\t\t\t\t\t\t\t\t\t\t\t\t<img decoding=\"async\" src=\"https:\/\/medicspa-gatineau.ca\/wp-content\/uploads\/2021\/07\/IPL-avant-2.png\" alt=\"\"\/>\n\t\t\t\t\t\t\t\t\t\t\t\t<img decoding=\"async\" src=\"https:\/\/medicspa-gatineau.ca\/wp-content\/uploads\/2021\/07\/ipl-apres-2.png\" alt=\"\"\/>\n<h2>\n\t\tInt\u00e9ress\u00e9 par ce service?\n\t<\/h2>\n\t<p>Pour en savoir plus sur la proc\u00e9dure ou pour planifier une consultation, contactez-nous au <strong>MedicSPA<\/strong> Gatineau de aujourd&rsquo;hui au (819)414-2259.<\/p>\n                <form method='post' enctype='multipart\/form-data' target='gform_ajax_frame_4' id='gform_4'  action='\/fr\/?page_id=51803&#038;fl_builder#gf_4'>\n                        <label class='gfield_label' for='input_4_1'>Name(N\u00e9cessaire)<\/label><input name='input_1' id='input_4_1' type='text' value='' class='large'   tabindex='100'  aria-required=\"true\" aria-invalid=\"false\"   \/> <label class='gfield_label' for='input_4_2'>Email(N\u00e9cessaire)<\/label>\n                            <input name='input_2' id='input_4_2' type='text' value='' class='large' tabindex='101'   aria-required=\"true\" aria-invalid=\"false\"  \/>\n                        <label class='gfield_label' for='input_4_3'>Phone(N\u00e9cessaire)<\/label><input name='input_3' id='input_4_3' type='text' value='' class='large' tabindex='102'  aria-required=\"true\" aria-invalid=\"false\"   \/><fieldset id=\"field_4_9\"><legend class='gfield_label gfield_label_before_complex'>Which servies are you interested in?<\/legend>\n\t\t\t\t\t\t\t\t<input class='gfield-choice-input' name='input_9.1' type='checkbox'  value='Botulinum Toxins Injections'  id='choice_4_9_1' tabindex='103'  \/>\n\t\t\t\t\t\t\t\t<label for='choice_4_9_1' id='label_4_9_1'>Botulinum Toxins Injections<\/label>\n\t\t\t\t\t\t\t\t<input class='gfield-choice-input' name='input_9.2' type='checkbox'  value='Dermal Fillers'  id='choice_4_9_2' tabindex='104'  \/>\n\t\t\t\t\t\t\t\t<label for='choice_4_9_2' id='label_4_9_2'>Dermal Fillers<\/label>\n\t\t\t\t\t\t\t\t<input class='gfield-choice-input' name='input_9.3' type='checkbox'  value='Chemical Peel'  id='choice_4_9_3' tabindex='105'  \/>\n\t\t\t\t\t\t\t\t<label for='choice_4_9_3' id='label_4_9_3'>Chemical Peel<\/label>\n\t\t\t\t\t\t\t\t<input class='gfield-choice-input' name='input_9.4' type='checkbox'  value='Hydrafacial'  id='choice_4_9_4' tabindex='106'  \/>\n\t\t\t\t\t\t\t\t<label for='choice_4_9_4' id='label_4_9_4'>Hydrafacial<\/label>\n\t\t\t\t\t\t\t\t<input class='gfield-choice-input' name='input_9.5' type='checkbox'  value='Smartskin Dot CO2 Laser Therapy'  id='choice_4_9_5' tabindex='107'  \/>\n\t\t\t\t\t\t\t\t<label for='choice_4_9_5' id='label_4_9_5'>Smartskin Dot CO2 Laser Therapy<\/label>\n\t\t\t\t\t\t\t\t<input class='gfield-choice-input' name='input_9.6' type='checkbox'  value='Fractora'  id='choice_4_9_6' tabindex='108'  \/>\n\t\t\t\t\t\t\t\t<label for='choice_4_9_6' id='label_4_9_6'>Fractora<\/label>\n\t\t\t\t\t\t\t\t<input class='gfield-choice-input' name='input_9.7' type='checkbox'  value='Lumecca IPL'  id='choice_4_9_7' tabindex='109'  \/>\n\t\t\t\t\t\t\t\t<label for='choice_4_9_7' id='label_4_9_7'>Lumecca IPL<\/label>\n\t\t\t\t\t\t\t\t<input class='gfield-choice-input' name='input_9.8' type='checkbox'  value='PRP or Platelet Rich Plasma (Vampire Facelift)'  id='choice_4_9_8' tabindex='110'  \/>\n\t\t\t\t\t\t\t\t<label for='choice_4_9_8' id='label_4_9_8'>PRP or Platelet Rich Plasma (Vampire Facelift)<\/label>\n\t\t\t\t\t\t\t\t<input class='gfield-choice-input' name='input_9.9' type='checkbox'  value='Sculpsure'  id='choice_4_9_9' tabindex='111'  \/>\n\t\t\t\t\t\t\t\t<label for='choice_4_9_9' id='label_4_9_9'>Sculpsure<\/label>\n\t\t\t\t\t\t\t<\/fieldset><label class='gfield_label' for='input_4_4'>Message<\/label><textarea name='input_4' id='input_4_4' class='textarea medium' tabindex='112'     aria-invalid=\"false\"   rows='10' cols='50'><\/textarea>\n         <input type='submit' id='gform_submit_button_4' class='gform_button button' value='Submit' tabindex='113' onclick='if(window[\"gf_submitting_4\"]){return false;}  window[\"gf_submitting_4\"]=true;  ' onkeypress='if( event.keyCode == 13 ){ if(window[\"gf_submitting_4\"]){return false;} window[\"gf_submitting_4\"]=true;  jQuery(\"#gform_4\").trigger(\"submit\",[true]); }' \/> <input type='hidden' name='gform_ajax' value='form_id=4&amp;title=&amp;description=&amp;tabindex=100' \/>\n            <input type='hidden' class='gform_hidden' name='is_submit_4' value='1' \/>\n            <input type='hidden' class='gform_hidden' name='gform_submit' value='4' \/>\n            <input type='hidden' class='gform_hidden' name='gform_unique_id' value='' \/>\n            <input type='hidden' class='gform_hidden' name='state_4' value='WyJbXSIsIjcwMDk2MzIwY2IyMjA5YjIzM2U0YmRiNDNiNmQ3MjJlIl0=' \/>\n            <input type='hidden' class='gform_hidden' name='gform_target_page_number_4' id='gform_target_page_number_4' value='0' \/>\n            <input type='hidden' class='gform_hidden' name='gform_source_page_number_4' id='gform_source_page_number_4' value='1' \/>\n            <input type='hidden' name='gform_field_values' value='' \/>\n                        <\/form>\n                <iframe style='display:none;width:0px;height:0px;' src='about:blank' name='gform_ajax_frame_4' id='gform_ajax_frame_4' title='Cette iframe contient la logique n\u00e9cessaire pour manipuler Gravity Forms avec Ajax.'><\/iframe>\n\n","protected":false},"excerpt":{"rendered":"<p>Traitement avanc\u00e9 \u00e0 la lumi\u00e8re intense puls\u00e9e Texture de peau \u2022 Taches pigmentaires Qu&rsquo;est-ce que Lumecca? Les personnes pr\u00e9sentant des l\u00e9sions pigment\u00e9es ou vasculaires peuvent se sentir g\u00ean\u00e9es par l&rsquo;apparence de leur peau. L&rsquo;\u00e9quipe de la Dre Patricia Berbari sp\u00e9cialis\u00e9e en m\u00e9decine esth\u00e9tique traite les irr\u00e9gularit\u00e9s du teint, la rosac\u00e9e et les dommages caus\u00e9s par&hellip;<\/p>\n","protected":false},"author":9,"featured_media":51679,"parent":0,"menu_order":0,"comment_status":"closed","ping_status":"closed","template":"","meta":{"_acf_changed":false,"_monsterinsights_skip_tracking":false,"_monsterinsights_sitenote_active":false,"_monsterinsights_sitenote_note":"","_monsterinsights_sitenote_category":0,"footnotes":""},"treatment_categories_pages":[30,31],"class_list":["post-51803","page","type-page","status-publish","has-post-thumbnail","hentry","treatment_categories_pages-pigmentation","treatment_categories_pages-skin-texture"],"acf":[],"yoast_head":"<!-- This site is optimized with the Yoast SEO plugin v27.2 - https:\/\/yoast.com\/product\/yoast-seo-wordpress\/ -->\n<title>Lumi\u00e8re Intense Puls\u00e9e - Lumecca - BKP - MedicSPA Gatineau<\/title>\n<meta name=\"description\" content=\"La lumi\u00e8re puls\u00e9e intense r\u00e9duit les taches pigmentaires du visage dues au vieillissement, \u00e0 l&#039;acn\u00e9 et \u00e0 d&#039;autres facteurs, en seulement quelques s\u00e9ances.\" \/>\n<meta name=\"robots\" content=\"index, follow, max-snippet:-1, max-image-preview:large, max-video-preview:-1\" \/>\n<link rel=\"canonical\" href=\"https:\/\/medicspa-gatineau.ca\/fr\/lumiere-intense-pulsee-lumecca-bkp\/\" \/>\n<meta property=\"og:locale\" content=\"fr_FR\" \/>\n<meta property=\"og:type\" content=\"article\" \/>\n<meta property=\"og:title\" content=\"Lumi\u00e8re Intense Puls\u00e9e - Lumecca - BKP - MedicSPA Gatineau\" \/>\n<meta property=\"og:description\" content=\"La lumi\u00e8re puls\u00e9e intense r\u00e9duit les taches pigmentaires du visage dues au vieillissement, \u00e0 l&#039;acn\u00e9 et \u00e0 d&#039;autres facteurs, en seulement quelques s\u00e9ances.\" \/>\n<meta property=\"og:url\" content=\"https:\/\/medicspa-gatineau.ca\/fr\/lumiere-intense-pulsee-lumecca-bkp\/\" \/>\n<meta property=\"og:site_name\" content=\"MedicSPA Gatineau\" \/>\n<meta property=\"article:modified_time\" content=\"2026-01-20T20:44:29+00:00\" \/>\n<meta property=\"og:image\" content=\"https:\/\/medicspa-gatineau.ca\/wp-content\/uploads\/2021\/06\/Photos-round-2-05.jpg\" \/>\n\t<meta property=\"og:image:width\" content=\"2000\" \/>\n\t<meta property=\"og:image:height\" content=\"1200\" \/>\n\t<meta property=\"og:image:type\" content=\"image\/jpeg\" \/>\n<meta name=\"twitter:card\" content=\"summary_large_image\" \/>\n<meta name=\"twitter:label1\" content=\"Dur\u00e9e de lecture estim\u00e9e\" \/>\n\t<meta name=\"twitter:data1\" content=\"3 minutes\" \/>\n<script type=\"application\/ld+json\" class=\"yoast-schema-graph\">{\"@context\":\"https:\/\/schema.org\",\"@graph\":[{\"@type\":\"WebPage\",\"@id\":\"https:\/\/medicspa-gatineau.ca\/fr\/lumiere-intense-pulsee-lumecca-bkp\/\",\"url\":\"https:\/\/medicspa-gatineau.ca\/fr\/lumiere-intense-pulsee-lumecca-bkp\/\",\"name\":\"Lumi\u00e8re Intense Puls\u00e9e - Lumecca - BKP - MedicSPA Gatineau\",\"isPartOf\":{\"@id\":\"https:\/\/medicspa-gatineau.ca\/fr\/#website\"},\"primaryImageOfPage\":{\"@id\":\"https:\/\/medicspa-gatineau.ca\/fr\/lumiere-intense-pulsee-lumecca-bkp\/#primaryimage\"},\"image\":{\"@id\":\"https:\/\/medicspa-gatineau.ca\/fr\/lumiere-intense-pulsee-lumecca-bkp\/#primaryimage\"},\"thumbnailUrl\":\"https:\/\/medicspa-gatineau.ca\/wp-content\/uploads\/2021\/06\/Photos-round-2-05.jpg\",\"datePublished\":\"2021-07-05T20:40:50+00:00\",\"dateModified\":\"2026-01-20T20:44:29+00:00\",\"description\":\"La lumi\u00e8re puls\u00e9e intense r\u00e9duit les taches pigmentaires du visage dues au vieillissement, \u00e0 l'acn\u00e9 et \u00e0 d'autres facteurs, en seulement quelques s\u00e9ances.\",\"breadcrumb\":{\"@id\":\"https:\/\/medicspa-gatineau.ca\/fr\/lumiere-intense-pulsee-lumecca-bkp\/#breadcrumb\"},\"inLanguage\":\"fr-FR\",\"potentialAction\":[{\"@type\":\"ReadAction\",\"target\":[\"https:\/\/medicspa-gatineau.ca\/fr\/lumiere-intense-pulsee-lumecca-bkp\/\"]}]},{\"@type\":\"ImageObject\",\"inLanguage\":\"fr-FR\",\"@id\":\"https:\/\/medicspa-gatineau.ca\/fr\/lumiere-intense-pulsee-lumecca-bkp\/#primaryimage\",\"url\":\"https:\/\/medicspa-gatineau.ca\/wp-content\/uploads\/2021\/06\/Photos-round-2-05.jpg\",\"contentUrl\":\"https:\/\/medicspa-gatineau.ca\/wp-content\/uploads\/2021\/06\/Photos-round-2-05.jpg\",\"width\":2000,\"height\":1200,\"caption\":\"Female patient receiving IPL lumecca treatment on face\"},{\"@type\":\"BreadcrumbList\",\"@id\":\"https:\/\/medicspa-gatineau.ca\/fr\/lumiere-intense-pulsee-lumecca-bkp\/#breadcrumb\",\"itemListElement\":[{\"@type\":\"ListItem\",\"position\":1,\"name\":\"Home\",\"item\":\"https:\/\/medicspa-gatineau.ca\/fr\/\"},{\"@type\":\"ListItem\",\"position\":2,\"name\":\"Lumi\u00e8re Intense Puls\u00e9e &#8211; Lumecca &#8211; BKP\"}]},{\"@type\":\"WebSite\",\"@id\":\"https:\/\/medicspa-gatineau.ca\/fr\/#website\",\"url\":\"https:\/\/medicspa-gatineau.ca\/fr\/\",\"name\":\"MedicSPA Gatineau\",\"description\":\"Dr Patricia Berbari\",\"publisher\":{\"@id\":\"https:\/\/medicspa-gatineau.ca\/fr\/#organization\"},\"potentialAction\":[{\"@type\":\"SearchAction\",\"target\":{\"@type\":\"EntryPoint\",\"urlTemplate\":\"https:\/\/medicspa-gatineau.ca\/fr\/?s={search_term_string}\"},\"query-input\":{\"@type\":\"PropertyValueSpecification\",\"valueRequired\":true,\"valueName\":\"search_term_string\"}}],\"inLanguage\":\"fr-FR\"},{\"@type\":\"Organization\",\"@id\":\"https:\/\/medicspa-gatineau.ca\/fr\/#organization\",\"name\":\"MedicSPA Gatineau\",\"url\":\"https:\/\/medicspa-gatineau.ca\/fr\/\",\"logo\":{\"@type\":\"ImageObject\",\"inLanguage\":\"fr-FR\",\"@id\":\"https:\/\/medicspa-gatineau.ca\/fr\/#\/schema\/logo\/image\/\",\"url\":\"https:\/\/medicspa-gatineau.ca\/wp-content\/uploads\/2021\/10\/Medicspa-logo_v2.png\",\"contentUrl\":\"https:\/\/medicspa-gatineau.ca\/wp-content\/uploads\/2021\/10\/Medicspa-logo_v2.png\",\"width\":500,\"height\":300,\"caption\":\"MedicSPA Gatineau\"},\"image\":{\"@id\":\"https:\/\/medicspa-gatineau.ca\/fr\/#\/schema\/logo\/image\/\"}}]}<\/script>\n<!-- \/ Yoast SEO plugin. -->","yoast_head_json":{"title":"Lumi\u00e8re Intense Puls\u00e9e - Lumecca - BKP - MedicSPA Gatineau","description":"La lumi\u00e8re puls\u00e9e intense r\u00e9duit les taches pigmentaires du visage dues au vieillissement, \u00e0 l'acn\u00e9 et \u00e0 d'autres facteurs, en seulement quelques s\u00e9ances.","robots":{"index":"index","follow":"follow","max-snippet":"max-snippet:-1","max-image-preview":"max-image-preview:large","max-video-preview":"max-video-preview:-1"},"canonical":"https:\/\/medicspa-gatineau.ca\/fr\/lumiere-intense-pulsee-lumecca-bkp\/","og_locale":"fr_FR","og_type":"article","og_title":"Lumi\u00e8re Intense Puls\u00e9e - Lumecca - BKP - MedicSPA Gatineau","og_description":"La lumi\u00e8re puls\u00e9e intense r\u00e9duit les taches pigmentaires du visage dues au vieillissement, \u00e0 l'acn\u00e9 et \u00e0 d'autres facteurs, en seulement quelques s\u00e9ances.","og_url":"https:\/\/medicspa-gatineau.ca\/fr\/lumiere-intense-pulsee-lumecca-bkp\/","og_site_name":"MedicSPA Gatineau","article_modified_time":"2026-01-20T20:44:29+00:00","og_image":[{"width":2000,"height":1200,"url":"https:\/\/medicspa-gatineau.ca\/wp-content\/uploads\/2021\/06\/Photos-round-2-05.jpg","type":"image\/jpeg"}],"twitter_card":"summary_large_image","twitter_misc":{"Dur\u00e9e de lecture estim\u00e9e":"3 minutes"},"schema":{"@context":"https:\/\/schema.org","@graph":[{"@type":"WebPage","@id":"https:\/\/medicspa-gatineau.ca\/fr\/lumiere-intense-pulsee-lumecca-bkp\/","url":"https:\/\/medicspa-gatineau.ca\/fr\/lumiere-intense-pulsee-lumecca-bkp\/","name":"Lumi\u00e8re Intense Puls\u00e9e - Lumecca - BKP - MedicSPA Gatineau","isPartOf":{"@id":"https:\/\/medicspa-gatineau.ca\/fr\/#website"},"primaryImageOfPage":{"@id":"https:\/\/medicspa-gatineau.ca\/fr\/lumiere-intense-pulsee-lumecca-bkp\/#primaryimage"},"image":{"@id":"https:\/\/medicspa-gatineau.ca\/fr\/lumiere-intense-pulsee-lumecca-bkp\/#primaryimage"},"thumbnailUrl":"https:\/\/medicspa-gatineau.ca\/wp-content\/uploads\/2021\/06\/Photos-round-2-05.jpg","datePublished":"2021-07-05T20:40:50+00:00","dateModified":"2026-01-20T20:44:29+00:00","description":"La lumi\u00e8re puls\u00e9e intense r\u00e9duit les taches pigmentaires du visage dues au vieillissement, \u00e0 l'acn\u00e9 et \u00e0 d'autres facteurs, en seulement quelques s\u00e9ances.","breadcrumb":{"@id":"https:\/\/medicspa-gatineau.ca\/fr\/lumiere-intense-pulsee-lumecca-bkp\/#breadcrumb"},"inLanguage":"fr-FR","potentialAction":[{"@type":"ReadAction","target":["https:\/\/medicspa-gatineau.ca\/fr\/lumiere-intense-pulsee-lumecca-bkp\/"]}]},{"@type":"ImageObject","inLanguage":"fr-FR","@id":"https:\/\/medicspa-gatineau.ca\/fr\/lumiere-intense-pulsee-lumecca-bkp\/#primaryimage","url":"https:\/\/medicspa-gatineau.ca\/wp-content\/uploads\/2021\/06\/Photos-round-2-05.jpg","contentUrl":"https:\/\/medicspa-gatineau.ca\/wp-content\/uploads\/2021\/06\/Photos-round-2-05.jpg","width":2000,"height":1200,"caption":"Female patient receiving IPL lumecca treatment on face"},{"@type":"BreadcrumbList","@id":"https:\/\/medicspa-gatineau.ca\/fr\/lumiere-intense-pulsee-lumecca-bkp\/#breadcrumb","itemListElement":[{"@type":"ListItem","position":1,"name":"Home","item":"https:\/\/medicspa-gatineau.ca\/fr\/"},{"@type":"ListItem","position":2,"name":"Lumi\u00e8re Intense Puls\u00e9e &#8211; Lumecca &#8211; BKP"}]},{"@type":"WebSite","@id":"https:\/\/medicspa-gatineau.ca\/fr\/#website","url":"https:\/\/medicspa-gatineau.ca\/fr\/","name":"MedicSPA Gatineau","description":"Dr Patricia Berbari","publisher":{"@id":"https:\/\/medicspa-gatineau.ca\/fr\/#organization"},"potentialAction":[{"@type":"SearchAction","target":{"@type":"EntryPoint","urlTemplate":"https:\/\/medicspa-gatineau.ca\/fr\/?s={search_term_string}"},"query-input":{"@type":"PropertyValueSpecification","valueRequired":true,"valueName":"search_term_string"}}],"inLanguage":"fr-FR"},{"@type":"Organization","@id":"https:\/\/medicspa-gatineau.ca\/fr\/#organization","name":"MedicSPA Gatineau","url":"https:\/\/medicspa-gatineau.ca\/fr\/","logo":{"@type":"ImageObject","inLanguage":"fr-FR","@id":"https:\/\/medicspa-gatineau.ca\/fr\/#\/schema\/logo\/image\/","url":"https:\/\/medicspa-gatineau.ca\/wp-content\/uploads\/2021\/10\/Medicspa-logo_v2.png","contentUrl":"https:\/\/medicspa-gatineau.ca\/wp-content\/uploads\/2021\/10\/Medicspa-logo_v2.png","width":500,"height":300,"caption":"MedicSPA Gatineau"},"image":{"@id":"https:\/\/medicspa-gatineau.ca\/fr\/#\/schema\/logo\/image\/"}}]}},"_links":{"self":[{"href":"https:\/\/medicspa-gatineau.ca\/fr\/wp-json\/wp\/v2\/pages\/51803","targetHints":{"allow":["GET"]}}],"collection":[{"href":"https:\/\/medicspa-gatineau.ca\/fr\/wp-json\/wp\/v2\/pages"}],"about":[{"href":"https:\/\/medicspa-gatineau.ca\/fr\/wp-json\/wp\/v2\/types\/page"}],"author":[{"embeddable":true,"href":"https:\/\/medicspa-gatineau.ca\/fr\/wp-json\/wp\/v2\/users\/9"}],"replies":[{"embeddable":true,"href":"https:\/\/medicspa-gatineau.ca\/fr\/wp-json\/wp\/v2\/comments?post=51803"}],"version-history":[{"count":1,"href":"https:\/\/medicspa-gatineau.ca\/fr\/wp-json\/wp\/v2\/pages\/51803\/revisions"}],"predecessor-version":[{"id":54321,"href":"https:\/\/medicspa-gatineau.ca\/fr\/wp-json\/wp\/v2\/pages\/51803\/revisions\/54321"}],"wp:featuredmedia":[{"embeddable":true,"href":"https:\/\/medicspa-gatineau.ca\/fr\/wp-json\/wp\/v2\/media\/51679"}],"wp:attachment":[{"href":"https:\/\/medicspa-gatineau.ca\/fr\/wp-json\/wp\/v2\/media?parent=51803"}],"wp:term":[{"taxonomy":"treatment_categories_pages","embeddable":true,"href":"https:\/\/medicspa-gatineau.ca\/fr\/wp-json\/wp\/v2\/treatment_categories_pages?post=51803"}],"curies":[{"name":"wp","href":"https:\/\/api.w.org\/{rel}","templated":true}]}}