{"id":51787,"date":"2021-06-17T19:27:04","date_gmt":"2021-06-17T19:27:04","guid":{"rendered":"https:\/\/medicspa-gatineau.ca\/home-v6-slider-2\/"},"modified":"2022-01-10T22:20:57","modified_gmt":"2022-01-10T22:20:57","slug":"accueil","status":"publish","type":"page","link":"https:\/\/medicspa-gatineau.ca\/fr\/accueil\/","title":{"rendered":"Home"},"content":{"rendered":"\n<h1>\n\t\tProc\u00e9dures non-chirurgicales\n\t<\/h1>\n<h3>\n\t\tPar Dre. Patricia Berbari\n\t<\/h3>\n<h2>\n\t\tProc\u00e9dures non-chirurgicales\n\t<\/h2>\n\t<p>La chirurgie plastique permet d&rsquo;obtenir des r\u00e9sultats spectaculaires. Si vous d\u00e9sirez un changement plus subtil, une am\u00e9lioration de vos r\u00e9sultats chirurgicaux ou une minimisation de votre temps de r\u00e9cup\u00e9ration, envisagez nos nombreuses interventions non-chirurgicales s\u00fbres et efficaces.<\/p>\n\t\t\t<a href=\"https:\/\/medicspa-gatineau.ca\/fr\/nous-contacter\/\" target=\"_self\" role=\"button\" rel=\"noopener\">\n\t\t\t\t\t\t\tContactez-nous\n\t\t\t\t\t<\/a>\n\t\t\t\t<img loading=\"lazy\" decoding=\"async\" src=\"https:\/\/medicspa-gatineau.ca\/wp-content\/uploads\/2021\/06\/Photos-round-2-03.jpg\" alt=\"Male patient receiving sculpsure treatment\" itemprop=\"image\" height=\"1200\" width=\"2000\" title=\"Photos-round-2-03\" onerror=\"this.style.display='none'\">\n\t\t\t\t<img loading=\"lazy\" decoding=\"async\" src=\"https:\/\/medicspa-gatineau.ca\/wp-content\/uploads\/2022\/01\/Dr-Berbari_Headshot-3.jpg\" alt=\"Dr-Berbari_Headshot-3\" itemprop=\"image\" height=\"2000\" width=\"2000\" title=\"Dr-Berbari_Headshot-3\" onerror=\"this.style.display='none'\">\n<h2>\n\t\tDre. Berbari, des ann\u00e9es d&rsquo;exp\u00e9riences\n\t<\/h2>\n\t<p>Patricia Berbari, MD, M.Sc., FRCS (C), est une chirurgienne plastique dipl\u00f4m\u00e9e de l&rsquo;Universit\u00e9 de Montr\u00e9al ayant \u00e0 son actif plusieurs ann\u00e9es d&rsquo;exp\u00e9rience dans le domaine de la chirurgie et des soins esth\u00e9tiques.<\/p>\n<p>Elle d\u00e9tient \u00e9galement une ma\u00eetrise en sciences biom\u00e9dicales et elle a poursuivi des \u00e9tudes sup\u00e9rieures en chirurgie plastique p\u00e9diatrique et chirurgie esth\u00e9tique \u00e0 l&rsquo;Universit\u00e9 de Toronto.<\/p>\n\t\t\t<a href=\"https:\/\/medicspa-gatineau.ca\/fr\/nous-contacter\/\" target=\"_self\" role=\"button\" rel=\"noopener\">\n\t\t\t\t\t\t\tContactez-nous\n\t\t\t\t\t<\/a>\n<h2>\n\t\tPr\u00e9cautions\n\t<\/h2>\n\t<ul>\n<li>Une fois arriv\u00e9 dans le stationnement de la clinique, veuillez signaler votre arriv\u00e9e par t\u00e9l\u00e9phone (819-243-7667).<\/li>\n<li>Un membre de notre \u00e9quipe vous accueillera dans l&rsquo;entr\u00e9e pour une \u00e9valuation (questionnaire, prise de temp\u00e9rature, remise de masque, gel hydro-alcoolique).<\/li>\n<li>Seuls les patients auront acc\u00e8s \u00e0 la clinique, les accompagnateurs devront rester dans le stationnement.<\/li>\n<\/ul>\n<p><strong>N.B.: Les salles sont d\u00e9sinfect\u00e9es entre chaque patient.<\/strong><\/p>\n\t\t\t<a href=\"https:\/\/medicspa-gatineau.ca\/fr\/nous-contacter\/\" target=\"_self\" role=\"button\" rel=\"noopener\">\n\t\t\t\t\t\t\tContactez-nous\n\t\t\t\t\t<\/a>\n\t\t\t\t<img loading=\"lazy\" decoding=\"async\" src=\"https:\/\/medicspa-gatineau.ca\/wp-content\/uploads\/2021\/06\/Photos-round-2-04.jpg\" alt=\"Dr. Berbari in scrubs performing procedure\" itemprop=\"image\" height=\"1200\" width=\"2000\" title=\"Photos-round-2-04\" onerror=\"this.style.display='none'\">\n<h2>\n\t\tListe compl\u00e8te des services\n\t<\/h2>\n    <ul>\n        <li>\n            <a href=\"https:\/\/medicspa-gatineau.ca\/fr\/toxines-botuliniques\/\">\n            Toxines Botuliniques\n            <\/a>\n        <\/li>\n        <li>\n            <a href=\"https:\/\/medicspa-gatineau.ca\/fr\/comblement-dermique\/\">\n            Comblement Dermique\n            <\/a>\n        <\/li>\n        <li>\n            <a href=\"https:\/\/medicspa-gatineau.ca\/fr\/peeling-chimique\/\">\n                Peeling Chimique\n            <\/a>\n        <\/li>\n        <li>\n            <a href=\"https:\/\/medicspa-gatineau.ca\/fr\/boutique-medicspa\/\">\n                Boutique MedicSPA\n            <\/a>\n        <\/li>\n    <\/ul>\n    <ul>\n        <li>\n            <a href=\"https:\/\/medicspa-gatineau.ca\/fr\/resurfacage-de-la-peau-smartskin-dot\/\">\n                Resurfacage de la peau (smartskin dot)\n            <\/a>\n        <\/li>\n        <li>\n            <a href=\"https:\/\/medicspa-gatineau.ca\/fr\/fractora\/\">\n                Fractora \n            <\/a>\n        <\/li>\n        <li>\n            <a href=\"https:\/\/medicspa-gatineau.ca\/fr\/lumiere-intense-pulsee-lumecca\/\">\n                Lumiere Intense Pulsee &#8211; Lumecca\n            <\/a>\n        <\/li>\n    <\/ul>\n    <ul>\n          <li>\n            <a href=\"https:\/\/medicspa-gatineau.ca\/fr\/prp-vampire-facelift\/\">\n               PRP (Vampire Facelift)\n            <\/a>\n        <\/li>\n        <li>\n            <a href=\"https:\/\/medicspa-gatineau.ca\/fr\/prp-vampire-facelift\/\">\n                Traitement des Cheveux PRP\n            <\/a>\n        <\/li>\n        <li>\n            <a href=\"https:\/\/medicspa-gatineau.ca\/fr\/sculpsure\/\">\n                Sculpsure\n            <\/a>\n        <\/li>\n    <\/ul>\n\t<h2>\n   Toutes les pr\u00e9occupations sont <em>valables<\/em>.<\/h2>\n\t<h2>Choisissez votre pr\u00e9occupation dans la liste ci-dessous et voyez les traitements recommand\u00e9s que nous offrons.<\/h2>\n    Par quel souci \u00eates-vous pr\u00e9occup\u00e9 ?\n    Rides &amp; ridules\n    Texture de la peau\n    Pigmentation\n    Laxit\u00e9 de la peau\n    Perte de cheveux\n    Creux sous les yeux et cernes\n    Acn\u00e9\n    Sourire gommeux\n    Vergetures et cicatrices\n    Perte de gras\n    Migraines, sueurs, bruxisme\n","protected":false},"excerpt":{"rendered":"<p>Proc\u00e9dures non-chirurgicales Par Dre. Patricia Berbari Proc\u00e9dures non-chirurgicales La chirurgie plastique permet d&rsquo;obtenir des r\u00e9sultats spectaculaires. Si vous d\u00e9sirez un changement plus subtil, une am\u00e9lioration de vos r\u00e9sultats chirurgicaux ou une minimisation de votre temps de r\u00e9cup\u00e9ration, envisagez nos nombreuses interventions non-chirurgicales s\u00fbres et efficaces. Contactez-nous Dre. Berbari, des ann\u00e9es d&rsquo;exp\u00e9riences Patricia Berbari, MD, M.Sc.,&hellip;<\/p>\n","protected":false},"author":9,"featured_media":0,"parent":0,"menu_order":0,"comment_status":"closed","ping_status":"closed","template":"","meta":{"_acf_changed":false,"_monsterinsights_skip_tracking":false,"_monsterinsights_sitenote_active":false,"_monsterinsights_sitenote_note":"","_monsterinsights_sitenote_category":0,"footnotes":""},"treatment_categories_pages":[],"class_list":["post-51787","page","type-page","status-publish","hentry"],"acf":[],"yoast_head":"<!-- This site is optimized with the Yoast SEO plugin v27.2 - https:\/\/yoast.com\/product\/yoast-seo-wordpress\/ -->\n<title>MedicSPA Gatineau | Spa m\u00e9dical | Traitements Non-Chirurgicaux<\/title>\n<meta name=\"description\" content=\"Pour am\u00e9liorer vos r\u00e9sultats chirurgicaux ou minimiser votre temps de r\u00e9cup\u00e9ration, contactez MedicSPA pour des proc\u00e9dures non chirurgicales.\" \/>\n<meta name=\"robots\" content=\"index, follow, max-snippet:-1, max-image-preview:large, max-video-preview:-1\" \/>\n<link rel=\"canonical\" href=\"https:\/\/medicspa-gatineau.ca\/fr\/accueil\/\" \/>\n<meta property=\"og:locale\" content=\"fr_FR\" \/>\n<meta property=\"og:type\" content=\"article\" \/>\n<meta property=\"og:title\" content=\"MedicSPA Gatineau | Spa m\u00e9dical | Traitements Non-Chirurgicaux\" \/>\n<meta property=\"og:description\" content=\"Pour am\u00e9liorer vos r\u00e9sultats chirurgicaux ou minimiser votre temps de r\u00e9cup\u00e9ration, contactez MedicSPA pour des proc\u00e9dures non chirurgicales.\" \/>\n<meta property=\"og:url\" content=\"https:\/\/medicspa-gatineau.ca\/fr\/accueil\/\" \/>\n<meta property=\"og:site_name\" content=\"MedicSPA Gatineau\" \/>\n<meta property=\"article:modified_time\" content=\"2022-01-10T22:20:57+00:00\" \/>\n<meta property=\"og:image\" content=\"https:\/\/medicspa-gatineau.ca\/wp-content\/uploads\/2021\/06\/Photos-round-2-03.jpg\" \/>\n<meta name=\"twitter:card\" content=\"summary_large_image\" \/>\n<meta name=\"twitter:label1\" content=\"Dur\u00e9e de lecture estim\u00e9e\" \/>\n\t<meta name=\"twitter:data1\" content=\"2 minutes\" \/>\n<script type=\"application\/ld+json\" class=\"yoast-schema-graph\">{\"@context\":\"https:\/\/schema.org\",\"@graph\":[{\"@type\":\"WebPage\",\"@id\":\"https:\/\/medicspa-gatineau.ca\/fr\/accueil\/\",\"url\":\"https:\/\/medicspa-gatineau.ca\/fr\/accueil\/\",\"name\":\"MedicSPA Gatineau | Spa m\u00e9dical | Traitements Non-Chirurgicaux\",\"isPartOf\":{\"@id\":\"https:\/\/medicspa-gatineau.ca\/fr\/#website\"},\"primaryImageOfPage\":{\"@id\":\"https:\/\/medicspa-gatineau.ca\/fr\/accueil\/#primaryimage\"},\"image\":{\"@id\":\"https:\/\/medicspa-gatineau.ca\/fr\/accueil\/#primaryimage\"},\"thumbnailUrl\":\"https:\/\/medicspa-gatineau.ca\/wp-content\/uploads\/2021\/06\/Photos-round-2-03.jpg\",\"datePublished\":\"2021-06-17T19:27:04+00:00\",\"dateModified\":\"2022-01-10T22:20:57+00:00\",\"description\":\"Pour am\u00e9liorer vos r\u00e9sultats chirurgicaux ou minimiser votre temps de r\u00e9cup\u00e9ration, contactez MedicSPA pour des proc\u00e9dures non chirurgicales.\",\"breadcrumb\":{\"@id\":\"https:\/\/medicspa-gatineau.ca\/fr\/accueil\/#breadcrumb\"},\"inLanguage\":\"fr-FR\",\"potentialAction\":[{\"@type\":\"ReadAction\",\"target\":[\"https:\/\/medicspa-gatineau.ca\/fr\/accueil\/\"]}]},{\"@type\":\"ImageObject\",\"inLanguage\":\"fr-FR\",\"@id\":\"https:\/\/medicspa-gatineau.ca\/fr\/accueil\/#primaryimage\",\"url\":\"https:\/\/medicspa-gatineau.ca\/wp-content\/uploads\/2021\/06\/Photos-round-2-03.jpg\",\"contentUrl\":\"https:\/\/medicspa-gatineau.ca\/wp-content\/uploads\/2021\/06\/Photos-round-2-03.jpg\"},{\"@type\":\"BreadcrumbList\",\"@id\":\"https:\/\/medicspa-gatineau.ca\/fr\/accueil\/#breadcrumb\",\"itemListElement\":[{\"@type\":\"ListItem\",\"position\":1,\"name\":\"Home\",\"item\":\"https:\/\/medicspa-gatineau.ca\/fr\/\"},{\"@type\":\"ListItem\",\"position\":2,\"name\":\"Home\"}]},{\"@type\":\"WebSite\",\"@id\":\"https:\/\/medicspa-gatineau.ca\/fr\/#website\",\"url\":\"https:\/\/medicspa-gatineau.ca\/fr\/\",\"name\":\"MedicSPA Gatineau\",\"description\":\"Dr Patricia Berbari\",\"publisher\":{\"@id\":\"https:\/\/medicspa-gatineau.ca\/fr\/#organization\"},\"potentialAction\":[{\"@type\":\"SearchAction\",\"target\":{\"@type\":\"EntryPoint\",\"urlTemplate\":\"https:\/\/medicspa-gatineau.ca\/fr\/?s={search_term_string}\"},\"query-input\":{\"@type\":\"PropertyValueSpecification\",\"valueRequired\":true,\"valueName\":\"search_term_string\"}}],\"inLanguage\":\"fr-FR\"},{\"@type\":\"Organization\",\"@id\":\"https:\/\/medicspa-gatineau.ca\/fr\/#organization\",\"name\":\"MedicSPA Gatineau\",\"url\":\"https:\/\/medicspa-gatineau.ca\/fr\/\",\"logo\":{\"@type\":\"ImageObject\",\"inLanguage\":\"fr-FR\",\"@id\":\"https:\/\/medicspa-gatineau.ca\/fr\/#\/schema\/logo\/image\/\",\"url\":\"https:\/\/medicspa-gatineau.ca\/wp-content\/uploads\/2021\/10\/Medicspa-logo_v2.png\",\"contentUrl\":\"https:\/\/medicspa-gatineau.ca\/wp-content\/uploads\/2021\/10\/Medicspa-logo_v2.png\",\"width\":500,\"height\":300,\"caption\":\"MedicSPA Gatineau\"},\"image\":{\"@id\":\"https:\/\/medicspa-gatineau.ca\/fr\/#\/schema\/logo\/image\/\"}}]}<\/script>\n<!-- \/ Yoast SEO plugin. -->","yoast_head_json":{"title":"MedicSPA Gatineau | Spa m\u00e9dical | Traitements Non-Chirurgicaux","description":"Pour am\u00e9liorer vos r\u00e9sultats chirurgicaux ou minimiser votre temps de r\u00e9cup\u00e9ration, contactez MedicSPA pour des proc\u00e9dures non chirurgicales.","robots":{"index":"index","follow":"follow","max-snippet":"max-snippet:-1","max-image-preview":"max-image-preview:large","max-video-preview":"max-video-preview:-1"},"canonical":"https:\/\/medicspa-gatineau.ca\/fr\/accueil\/","og_locale":"fr_FR","og_type":"article","og_title":"MedicSPA Gatineau | Spa m\u00e9dical | Traitements Non-Chirurgicaux","og_description":"Pour am\u00e9liorer vos r\u00e9sultats chirurgicaux ou minimiser votre temps de r\u00e9cup\u00e9ration, contactez MedicSPA pour des proc\u00e9dures non chirurgicales.","og_url":"https:\/\/medicspa-gatineau.ca\/fr\/accueil\/","og_site_name":"MedicSPA Gatineau","article_modified_time":"2022-01-10T22:20:57+00:00","og_image":[{"url":"https:\/\/medicspa-gatineau.ca\/wp-content\/uploads\/2021\/06\/Photos-round-2-03.jpg","type":"","width":"","height":""}],"twitter_card":"summary_large_image","twitter_misc":{"Dur\u00e9e de lecture estim\u00e9e":"2 minutes"},"schema":{"@context":"https:\/\/schema.org","@graph":[{"@type":"WebPage","@id":"https:\/\/medicspa-gatineau.ca\/fr\/accueil\/","url":"https:\/\/medicspa-gatineau.ca\/fr\/accueil\/","name":"MedicSPA Gatineau | Spa m\u00e9dical | Traitements Non-Chirurgicaux","isPartOf":{"@id":"https:\/\/medicspa-gatineau.ca\/fr\/#website"},"primaryImageOfPage":{"@id":"https:\/\/medicspa-gatineau.ca\/fr\/accueil\/#primaryimage"},"image":{"@id":"https:\/\/medicspa-gatineau.ca\/fr\/accueil\/#primaryimage"},"thumbnailUrl":"https:\/\/medicspa-gatineau.ca\/wp-content\/uploads\/2021\/06\/Photos-round-2-03.jpg","datePublished":"2021-06-17T19:27:04+00:00","dateModified":"2022-01-10T22:20:57+00:00","description":"Pour am\u00e9liorer vos r\u00e9sultats chirurgicaux ou minimiser votre temps de r\u00e9cup\u00e9ration, contactez MedicSPA pour des proc\u00e9dures non chirurgicales.","breadcrumb":{"@id":"https:\/\/medicspa-gatineau.ca\/fr\/accueil\/#breadcrumb"},"inLanguage":"fr-FR","potentialAction":[{"@type":"ReadAction","target":["https:\/\/medicspa-gatineau.ca\/fr\/accueil\/"]}]},{"@type":"ImageObject","inLanguage":"fr-FR","@id":"https:\/\/medicspa-gatineau.ca\/fr\/accueil\/#primaryimage","url":"https:\/\/medicspa-gatineau.ca\/wp-content\/uploads\/2021\/06\/Photos-round-2-03.jpg","contentUrl":"https:\/\/medicspa-gatineau.ca\/wp-content\/uploads\/2021\/06\/Photos-round-2-03.jpg"},{"@type":"BreadcrumbList","@id":"https:\/\/medicspa-gatineau.ca\/fr\/accueil\/#breadcrumb","itemListElement":[{"@type":"ListItem","position":1,"name":"Home","item":"https:\/\/medicspa-gatineau.ca\/fr\/"},{"@type":"ListItem","position":2,"name":"Home"}]},{"@type":"WebSite","@id":"https:\/\/medicspa-gatineau.ca\/fr\/#website","url":"https:\/\/medicspa-gatineau.ca\/fr\/","name":"MedicSPA Gatineau","description":"Dr Patricia Berbari","publisher":{"@id":"https:\/\/medicspa-gatineau.ca\/fr\/#organization"},"potentialAction":[{"@type":"SearchAction","target":{"@type":"EntryPoint","urlTemplate":"https:\/\/medicspa-gatineau.ca\/fr\/?s={search_term_string}"},"query-input":{"@type":"PropertyValueSpecification","valueRequired":true,"valueName":"search_term_string"}}],"inLanguage":"fr-FR"},{"@type":"Organization","@id":"https:\/\/medicspa-gatineau.ca\/fr\/#organization","name":"MedicSPA Gatineau","url":"https:\/\/medicspa-gatineau.ca\/fr\/","logo":{"@type":"ImageObject","inLanguage":"fr-FR","@id":"https:\/\/medicspa-gatineau.ca\/fr\/#\/schema\/logo\/image\/","url":"https:\/\/medicspa-gatineau.ca\/wp-content\/uploads\/2021\/10\/Medicspa-logo_v2.png","contentUrl":"https:\/\/medicspa-gatineau.ca\/wp-content\/uploads\/2021\/10\/Medicspa-logo_v2.png","width":500,"height":300,"caption":"MedicSPA Gatineau"},"image":{"@id":"https:\/\/medicspa-gatineau.ca\/fr\/#\/schema\/logo\/image\/"}}]}},"_links":{"self":[{"href":"https:\/\/medicspa-gatineau.ca\/fr\/wp-json\/wp\/v2\/pages\/51787","targetHints":{"allow":["GET"]}}],"collection":[{"href":"https:\/\/medicspa-gatineau.ca\/fr\/wp-json\/wp\/v2\/pages"}],"about":[{"href":"https:\/\/medicspa-gatineau.ca\/fr\/wp-json\/wp\/v2\/types\/page"}],"author":[{"embeddable":true,"href":"https:\/\/medicspa-gatineau.ca\/fr\/wp-json\/wp\/v2\/users\/9"}],"replies":[{"embeddable":true,"href":"https:\/\/medicspa-gatineau.ca\/fr\/wp-json\/wp\/v2\/comments?post=51787"}],"version-history":[{"count":0,"href":"https:\/\/medicspa-gatineau.ca\/fr\/wp-json\/wp\/v2\/pages\/51787\/revisions"}],"wp:attachment":[{"href":"https:\/\/medicspa-gatineau.ca\/fr\/wp-json\/wp\/v2\/media?parent=51787"}],"wp:term":[{"taxonomy":"treatment_categories_pages","embeddable":true,"href":"https:\/\/medicspa-gatineau.ca\/fr\/wp-json\/wp\/v2\/treatment_categories_pages?post=51787"}],"curies":[{"name":"wp","href":"https:\/\/api.w.org\/{rel}","templated":true}]}}